{"id":2326,"date":"2011-08-22T00:08:24","date_gmt":"2011-08-21T22:08:24","guid":{"rendered":"http:\/\/museumek.eu\/?page_id=2326"},"modified":"2012-01-10T23:39:20","modified_gmt":"2012-01-10T22:39:20","slug":"fv3","status":"publish","type":"page","link":"https:\/\/museumek.eu\/?page_id=2326","title":{"rendered":"F\/V\/3"},"content":{"rendered":"<p><strong>Abteilung Frankreich, Keramik 1860 \u2013 1960, Inventarnummer F\/V\/3<\/strong><\/p>\n<p>Manufaktur Massier, Frankreich, Vallauris, vor 1900, Vase mit Drachen und Chim\u00e4re, K\u00fcnstler J\u00e9rome Massier, Werks.-Nr. ohne, Exemplar Nr. ohne, gemarkt J. Massier sowie Vallauris gepresst, signiert J. Massier auf der Vase geritzt, Literatur: Dieter Z\u00fchlsdorf, Keramik-Marken-Lexikon, Nr. 1303, H\u00f6he 22 cm, Breite 18 cm<\/p>\n<p><a href=\"http:\/\/museumek.eu\/wp-content\/uploads\/2011\/08\/Vase-Massier.jpg\"><img loading=\"lazy\" src=\"http:\/\/museumek.eu\/wp-content\/uploads\/2011\/08\/Vase-Massier-274x300.jpg\" alt=\"\" title=\"Vase Massier\" width=\"274\" height=\"300\" class=\"alignnone size-medium wp-image-2327\" srcset=\"https:\/\/museumek.eu\/wp-content\/uploads\/2011\/08\/Vase-Massier-274x300.jpg 274w, https:\/\/museumek.eu\/wp-content\/uploads\/2011\/08\/Vase-Massier.jpg 277w\" sizes=\"(max-width: 274px) 100vw, 274px\" \/><\/a><\/p>\n<p><a href=\"http:\/\/museumek.eu\/wp-content\/uploads\/2011\/08\/Vase-Massier-1.jpg\"><img loading=\"lazy\" src=\"http:\/\/museumek.eu\/wp-content\/uploads\/2011\/08\/Vase-Massier-1-277x300.jpg\" alt=\"\" title=\"Vase Massier 1\" width=\"277\" height=\"300\" class=\"alignnone size-medium wp-image-2328\" srcset=\"https:\/\/museumek.eu\/wp-content\/uploads\/2011\/08\/Vase-Massier-1-277x300.jpg 277w, https:\/\/museumek.eu\/wp-content\/uploads\/2011\/08\/Vase-Massier-1.jpg 285w\" sizes=\"(max-width: 277px) 100vw, 277px\" \/><\/a><\/p>\n<p><a href=\"http:\/\/museumek.eu\/wp-content\/uploads\/2011\/08\/Vase-Massier-2.jpg\"><img loading=\"lazy\" src=\"http:\/\/museumek.eu\/wp-content\/uploads\/2011\/08\/Vase-Massier-2.jpg\" alt=\"\" title=\"Vase Massier 2\" width=\"180\" height=\"153\" class=\"alignnone size-full wp-image-2329\" \/><\/a><\/p>\n<p><a href=\"http:\/\/museumek.eu\/wp-content\/uploads\/2011\/08\/Vase-Massier-3.jpg\"><img loading=\"lazy\" src=\"http:\/\/museumek.eu\/wp-content\/uploads\/2011\/08\/Vase-Massier-3-300x139.jpg\" alt=\"\" title=\"Vase Massier 3\" width=\"300\" height=\"139\" class=\"alignnone size-medium wp-image-2330\" srcset=\"https:\/\/museumek.eu\/wp-content\/uploads\/2011\/08\/Vase-Massier-3-300x139.jpg 300w, https:\/\/museumek.eu\/wp-content\/uploads\/2011\/08\/Vase-Massier-3.jpg 365w\" sizes=\"(max-width: 300px) 100vw, 300px\" \/><\/a><\/p>\n","protected":false},"excerpt":{"rendered":"<p>Abteilung Frankreich, Keramik 1860 \u2013 1960, Inventarnummer F\/V\/3 Manufaktur Massier, Frankreich, Vallauris, vor 1900, Vase mit Drachen und Chim\u00e4re, K\u00fcnstler J\u00e9rome Massier, Werks.-Nr. ohne, Exemplar Nr. ohne, gemarkt J. Massier sowie Vallauris gepresst, signiert J. Massier auf der Vase geritzt, &hellip; <a href=\"https:\/\/museumek.eu\/?page_id=2326\">Weiterlesen <span class=\"meta-nav\">&rarr;<\/span><\/a><\/p>\n","protected":false},"author":1,"featured_media":0,"parent":2309,"menu_order":3,"comment_status":"closed","ping_status":"closed","template":"","meta":[],"_links":{"self":[{"href":"https:\/\/museumek.eu\/index.php?rest_route=\/wp\/v2\/pages\/2326"}],"collection":[{"href":"https:\/\/museumek.eu\/index.php?rest_route=\/wp\/v2\/pages"}],"about":[{"href":"https:\/\/museumek.eu\/index.php?rest_route=\/wp\/v2\/types\/page"}],"author":[{"embeddable":true,"href":"https:\/\/museumek.eu\/index.php?rest_route=\/wp\/v2\/users\/1"}],"replies":[{"embeddable":true,"href":"https:\/\/museumek.eu\/index.php?rest_route=%2Fwp%2Fv2%2Fcomments&post=2326"}],"version-history":[{"count":5,"href":"https:\/\/museumek.eu\/index.php?rest_route=\/wp\/v2\/pages\/2326\/revisions"}],"predecessor-version":[{"id":7538,"href":"https:\/\/museumek.eu\/index.php?rest_route=\/wp\/v2\/pages\/2326\/revisions\/7538"}],"up":[{"embeddable":true,"href":"https:\/\/museumek.eu\/index.php?rest_route=\/wp\/v2\/pages\/2309"}],"wp:attachment":[{"href":"https:\/\/museumek.eu\/index.php?rest_route=%2Fwp%2Fv2%2Fmedia&parent=2326"}],"curies":[{"name":"wp","href":"https:\/\/api.w.org\/{rel}","templated":true}]}}