{"id":23358,"date":"2013-06-09T14:08:49","date_gmt":"2013-06-09T12:08:49","guid":{"rendered":"http:\/\/museumek.eu\/?page_id=23358"},"modified":"2013-07-27T18:15:04","modified_gmt":"2013-07-27T16:15:04","slug":"dlxxxv1","status":"publish","type":"page","link":"https:\/\/museumek.eu\/?page_id=23358","title":{"rendered":"D\/LXXXV\/1"},"content":{"rendered":"<p><strong>Abteilung Deutschland, Keramik 1860 \u2013 1960, Inventarnummer D\/LXXXV\/\/1<\/strong><\/p>\n<p>Keramische Werke C. &#038; E. Carstens, Elmshorner Steingutfabrik, Deutschland, Elmshorn, um 1910, K\u00e4nnchen, K\u00fcnstler unbekannt, Werks.-Nr. ohne, Exemplar Nr. ohne, gemarkt Firmenmarke mit stilisierter Krone, darunter Wappenschild mit Wellen, Krug und Schale, darunter Elmshorn gr\u00fcner Stempel unter Glasur sowie Handmalerei gr\u00fcn gemalt, nicht signiert, der Ursprung der insgesamt 15 Carstens Fabriken bis ca. Ende WK II mit ca. 4.000 Mitarbeitern (Neuhaldensleben 1900 \u2013 1948, Elmshorn 1905 \u2013 1938, Sorau 1918 \u2013 1945, Hirschau 1918 \u2013 1945, Gr\u00e4fenroda um 1918 \u2013 1948, Zeven 1924 \u2013 1927, Georgenthal 1919 \u2013 1948, Rheinsberg 1901 \u2013 1948, Wallhausen 1912 \u2013 heute, Reichenbach 1918 \u2013 1948, Rathenow 1919 \u2013 1929, Neuhaldensleben ehemals Uffrecht 1924 \u2013 1948, Blankenhain 1933 \u2013 1945, Greu\u00dfen und L\u00fcbeck) geht zur\u00fcck auf den Porzellan-, Keramik- und Glasgrossh\u00e4ndler Christian Hinrich Carstens der seine Firma 1878 gr\u00fcndete, die S\u00f6hne Christian und Ernst kauften um 1900 bis 1924 o. g. Fabriken auf, Eigent\u00fcmer war jeweils entweder Ernst oder Christian, wohl jeweils mit einer eigenen KG f\u00fcr jede Fabrik, interessant ist die wohl nach dem WK II entstandene T\u00f6pferei T\u00f6nnieshof, Eigent\u00fcmer Ernst Carstens, die sp\u00e4ter Goldscheider Entw\u00fcrfe und als Goldscheider Weltmarke der Keramik auch eigene Entw\u00fcrfe produzierte, die Elmshorner Fabrik geh\u00f6rte Ernst Carstens, dessen Erben sie nach dem Tode von Ernst Carstens mit dem Zusatz Ernst Carstens Erben weiterf\u00fchrten, das MEK fasst die Carstens Fabriken als Keramische Werke C. &#038; E. Carstens als Oberbegriff zusammen und benennt dann im weiteren die einzelne Fabrik, ob und f\u00fcr welchen Zeitraum das richtig ist, l\u00e4\u00dft sich nur schwer eruieren, da das gesamte keramische Schaffen der Carstens in der Literatur nur unzureichend aufgearbeitet ist, der Oberbegriff findet sich auch aber eben unbestimmt, H\u00f6he 6,8 cm, Breite 9 cm<\/p>\n<p><a href=\"http:\/\/museumek.eu\/?attachment_id=23359\" rel=\"attachment wp-att-23359\"><img loading=\"lazy\" src=\"http:\/\/museumek.eu\/wp-content\/uploads\/2013\/06\/Museum-Europ\u00e4ischer-Keramikkunst-2953-291x300.jpg\" alt=\"\" title=\"Museum Europ\u00e4ischer Keramikkunst 2953\" width=\"291\" height=\"300\" class=\"alignnone size-medium wp-image-23359\" srcset=\"https:\/\/museumek.eu\/wp-content\/uploads\/2013\/06\/Museum-Europ\u00e4ischer-Keramikkunst-2953-291x300.jpg 291w, https:\/\/museumek.eu\/wp-content\/uploads\/2013\/06\/Museum-Europ\u00e4ischer-Keramikkunst-2953-145x150.jpg 145w, https:\/\/museumek.eu\/wp-content\/uploads\/2013\/06\/Museum-Europ\u00e4ischer-Keramikkunst-2953.jpg 555w\" sizes=\"(max-width: 291px) 100vw, 291px\" \/><\/a><\/p>\n<p><a href=\"http:\/\/museumek.eu\/?attachment_id=23360\" rel=\"attachment wp-att-23360\"><img loading=\"lazy\" src=\"http:\/\/museumek.eu\/wp-content\/uploads\/2013\/06\/Museum-Europ\u00e4ischer-Keramikkunst-2952-300x280.jpg\" alt=\"\" title=\"Museum Europ\u00e4ischer Keramikkunst 2952\" width=\"300\" height=\"280\" class=\"alignnone size-medium wp-image-23360\" srcset=\"https:\/\/museumek.eu\/wp-content\/uploads\/2013\/06\/Museum-Europ\u00e4ischer-Keramikkunst-2952-300x280.jpg 300w, https:\/\/museumek.eu\/wp-content\/uploads\/2013\/06\/Museum-Europ\u00e4ischer-Keramikkunst-2952-150x140.jpg 150w, https:\/\/museumek.eu\/wp-content\/uploads\/2013\/06\/Museum-Europ\u00e4ischer-Keramikkunst-2952-320x300.jpg 320w, https:\/\/museumek.eu\/wp-content\/uploads\/2013\/06\/Museum-Europ\u00e4ischer-Keramikkunst-2952.jpg 631w\" sizes=\"(max-width: 300px) 100vw, 300px\" \/><\/a><\/p>\n<p><a href=\"http:\/\/museumek.eu\/?attachment_id=23361\" rel=\"attachment wp-att-23361\"><img loading=\"lazy\" src=\"http:\/\/museumek.eu\/wp-content\/uploads\/2013\/06\/Museum-Europ\u00e4ischer-Keramikkunst-2954-286x300.jpg\" alt=\"\" title=\"Museum Europ\u00e4ischer Keramikkunst 2954\" width=\"286\" height=\"300\" class=\"alignnone size-medium wp-image-23361\" srcset=\"https:\/\/museumek.eu\/wp-content\/uploads\/2013\/06\/Museum-Europ\u00e4ischer-Keramikkunst-2954-286x300.jpg 286w, https:\/\/museumek.eu\/wp-content\/uploads\/2013\/06\/Museum-Europ\u00e4ischer-Keramikkunst-2954-143x150.jpg 143w, https:\/\/museumek.eu\/wp-content\/uploads\/2013\/06\/Museum-Europ\u00e4ischer-Keramikkunst-2954.jpg 296w\" sizes=\"(max-width: 286px) 100vw, 286px\" \/><\/a><\/p>\n","protected":false},"excerpt":{"rendered":"<p>Abteilung Deutschland, Keramik 1860 \u2013 1960, Inventarnummer D\/LXXXV\/\/1 Keramische Werke C. &#038; E. Carstens, Elmshorner Steingutfabrik, Deutschland, Elmshorn, um 1910, K\u00e4nnchen, K\u00fcnstler unbekannt, Werks.-Nr. ohne, Exemplar Nr. ohne, gemarkt Firmenmarke mit stilisierter Krone, darunter Wappenschild mit Wellen, Krug und Schale, &hellip; <a href=\"https:\/\/museumek.eu\/?page_id=23358\">Weiterlesen <span class=\"meta-nav\">&rarr;<\/span><\/a><\/p>\n","protected":false},"author":1,"featured_media":0,"parent":23355,"menu_order":1,"comment_status":"closed","ping_status":"open","template":"","meta":[],"_links":{"self":[{"href":"https:\/\/museumek.eu\/index.php?rest_route=\/wp\/v2\/pages\/23358"}],"collection":[{"href":"https:\/\/museumek.eu\/index.php?rest_route=\/wp\/v2\/pages"}],"about":[{"href":"https:\/\/museumek.eu\/index.php?rest_route=\/wp\/v2\/types\/page"}],"author":[{"embeddable":true,"href":"https:\/\/museumek.eu\/index.php?rest_route=\/wp\/v2\/users\/1"}],"replies":[{"embeddable":true,"href":"https:\/\/museumek.eu\/index.php?rest_route=%2Fwp%2Fv2%2Fcomments&post=23358"}],"version-history":[{"count":10,"href":"https:\/\/museumek.eu\/index.php?rest_route=\/wp\/v2\/pages\/23358\/revisions"}],"predecessor-version":[{"id":25748,"href":"https:\/\/museumek.eu\/index.php?rest_route=\/wp\/v2\/pages\/23358\/revisions\/25748"}],"up":[{"embeddable":true,"href":"https:\/\/museumek.eu\/index.php?rest_route=\/wp\/v2\/pages\/23355"}],"wp:attachment":[{"href":"https:\/\/museumek.eu\/index.php?rest_route=%2Fwp%2Fv2%2Fmedia&parent=23358"}],"curies":[{"name":"wp","href":"https:\/\/api.w.org\/{rel}","templated":true}]}}