{"id":23835,"date":"2013-06-20T22:24:02","date_gmt":"2013-06-20T20:24:02","guid":{"rendered":"http:\/\/museumek.eu\/?page_id=23835"},"modified":"2015-08-22T23:00:13","modified_gmt":"2015-08-22T21:00:13","slug":"dlxxxix2","status":"publish","type":"page","link":"https:\/\/museumek.eu\/?page_id=23835","title":{"rendered":"D\/LXXXIX\/2"},"content":{"rendered":"<p><strong>Abteilung Deutschland, Keramik 1860 \u2013 1960, Inventarnummer D\/LXXXIX\/2<\/strong><\/p>\n<p>Porzellanfabrik Marktredewitz Thomas &#038; Ens und Nachfolger Philipp Rosenthal &#038; Co. AG, Zweigwerk Porzellanfabrik F. Thomas, Deutschland, Marktredewitz, um 1930, Moccatasse, K\u00fcnstler unbekannt (Dekor nach Kazimir S. Malevich, Suprematismus), Werks.-Nr. ohne, Exemplar Nr. ohne, gemarkt Firmenmarke mit Thomas und zwei gr\u00fcnen Punkten (wohl f\u00fcr die zeitliche Einordnung) gr\u00fcner Stempel unter Glasur, dar\u00fcber Thomas, darunter Bavaria gr\u00fcne Stempel unter Glasur, nicht signiert, Literatur: Otto Pelka, Keramik der Neuzeit, Markentafel V, Markenkasten 86 identische Marke, Seite 211, Herstellerverzeichnis, Marktredewitz, Porzellanfabrik Fritz Thomas, Inh. Ph. Rosenthal &#038; Co. Nr. 86 sowie Seite 221, Namenverzeichnis, Thomas Fritz, M 86, weitere Literatur: J. G. Th. Graesse und E. Jaenicke, F\u00fchrer f\u00fcr Sammler von Porzellan und Fayence, Steinzeug, Steingut usw., Seite 513, Marke Nr. 21 identisch, weitere Literatur: Emanuel Poche, Porzellanmarken aus aller Welt, Marke Nr. 1604 identisch, weitere Literatur: Gustav Wei\u00df, Ullstein Porzellanbuch, Seite 278, Marke Nr. 13 identisch, 1903 gr\u00fcndete der ehemalige Mitinhaber der Porzellanfabrik J\u00e4ger, Thomas &#038; Co., Fritz Thomas sowie der ehemalige leitender Angestellte der Porzellanfabrik J\u00e4ger, Thomas &#038; Co., Paul Ens, die Porzellanfabrik Marktredewitz Thomas &#038; Ens, Ens schied 1907 aus, die Fabrik wurde 1908 an die Philipp Rosenthal &#038; Co. AG verkauft und firmierte als Philipp Rosenthal &#038; Co. AG, Zweigfabrik Porzellanfabrik F. Thomas, wobei Fritz Thomas noch bis 1915 die Leitung inne hatte, in o. g. Literatur wird die Thomas Firmenmarke unterschiedlichen Zeitr\u00e4umen zugeordnet, von 1903 bis 1939, richtig aber ist, dass die \u00e4ltere Firmenmarke der Zeit von 1903 bis 1908 die Buchstaben Th (f\u00fcr Thomas), E (f\u00fcr Ens) sowie MR (f\u00fcr Marktredewitz) beinhaltet, insofern lassen sich alle Firmenmarken ohne diese Buchstaben eindeutig zeitlich zuordnen und zwar ab 1909 zur Philipp Rosenthal &#038; Co. AG, Zweigfabrik Porzellanfabrik F. Thomas, Rosenthal verwendete f\u00fcr die Datierung seiner Fabrikate ein Punktesystem, verschiedene Punkte wurden um oder innerhalb der Marke angeordnet, dass gleiche System wurde sp\u00e4ter auch f\u00fcr die Zweigfabrik angewendet, deshalb finden sich Thomas Firmenmarken mit Punkten um und in der Marke, au\u00dferdem oft der Schtiftzug Bavaria, das MEK konnte das Punktesystem der Thomas Firmenmarke noch nicht aufl\u00f6sen, H\u00f6he 4,1 cm, Breite 8 cm<\/p>\n<p><a href=\"http:\/\/museumek.eu\/?attachment_id=23836\" rel=\"attachment wp-att-23836\"><img loading=\"lazy\" src=\"http:\/\/museumek.eu\/wp-content\/uploads\/2013\/06\/Museum-Europ\u00e4ischer-Keramikkunst-4121-300x209.jpg\" alt=\"\" title=\"Museum Europ\u00e4ischer Keramikkunst 4121\" width=\"300\" height=\"209\" class=\"alignnone size-medium wp-image-23836\" srcset=\"https:\/\/museumek.eu\/wp-content\/uploads\/2013\/06\/Museum-Europ\u00e4ischer-Keramikkunst-4121-300x209.jpg 300w, https:\/\/museumek.eu\/wp-content\/uploads\/2013\/06\/Museum-Europ\u00e4ischer-Keramikkunst-4121-150x104.jpg 150w, https:\/\/museumek.eu\/wp-content\/uploads\/2013\/06\/Museum-Europ\u00e4ischer-Keramikkunst-4121-428x300.jpg 428w, https:\/\/museumek.eu\/wp-content\/uploads\/2013\/06\/Museum-Europ\u00e4ischer-Keramikkunst-4121.jpg 642w\" sizes=\"(max-width: 300px) 100vw, 300px\" \/><\/a><\/p>\n<p><a href=\"http:\/\/museumek.eu\/?attachment_id=23837\" rel=\"attachment wp-att-23837\"><img loading=\"lazy\" src=\"http:\/\/museumek.eu\/wp-content\/uploads\/2013\/06\/Museum-Europ\u00e4ischer-Keramikkunst-4122-300x214.jpg\" alt=\"\" title=\"Museum Europ\u00e4ischer Keramikkunst 4122\" width=\"300\" height=\"214\" class=\"alignnone size-medium wp-image-23837\" srcset=\"https:\/\/museumek.eu\/wp-content\/uploads\/2013\/06\/Museum-Europ\u00e4ischer-Keramikkunst-4122-300x214.jpg 300w, https:\/\/museumek.eu\/wp-content\/uploads\/2013\/06\/Museum-Europ\u00e4ischer-Keramikkunst-4122-150x107.jpg 150w, https:\/\/museumek.eu\/wp-content\/uploads\/2013\/06\/Museum-Europ\u00e4ischer-Keramikkunst-4122-419x300.jpg 419w, https:\/\/museumek.eu\/wp-content\/uploads\/2013\/06\/Museum-Europ\u00e4ischer-Keramikkunst-4122.jpg 619w\" sizes=\"(max-width: 300px) 100vw, 300px\" \/><\/a><\/p>\n<p><a href=\"http:\/\/museumek.eu\/?attachment_id=23843\" rel=\"attachment wp-att-23843\"><img loading=\"lazy\" src=\"http:\/\/museumek.eu\/wp-content\/uploads\/2013\/06\/Museum-Europ\u00e4ischer-Keramikkunst-41251-300x221.jpg\" alt=\"\" title=\"Museum Europ\u00e4ischer Keramikkunst 4125\" width=\"300\" height=\"221\" class=\"alignnone size-medium wp-image-23843\" srcset=\"https:\/\/museumek.eu\/wp-content\/uploads\/2013\/06\/Museum-Europ\u00e4ischer-Keramikkunst-41251-300x221.jpg 300w, https:\/\/museumek.eu\/wp-content\/uploads\/2013\/06\/Museum-Europ\u00e4ischer-Keramikkunst-41251-150x110.jpg 150w, https:\/\/museumek.eu\/wp-content\/uploads\/2013\/06\/Museum-Europ\u00e4ischer-Keramikkunst-41251-407x300.jpg 407w, https:\/\/museumek.eu\/wp-content\/uploads\/2013\/06\/Museum-Europ\u00e4ischer-Keramikkunst-41251.jpg 756w\" sizes=\"(max-width: 300px) 100vw, 300px\" \/><\/a><\/p>\n<p><a href=\"http:\/\/museumek.eu\/?attachment_id=23844\" rel=\"attachment wp-att-23844\"><img loading=\"lazy\" src=\"http:\/\/museumek.eu\/wp-content\/uploads\/2013\/06\/Museum-Europ\u00e4ischer-Keramikkunst-4126-300x288.jpg\" alt=\"\" title=\"Museum Europ\u00e4ischer Keramikkunst 4126\" width=\"300\" height=\"288\" class=\"alignnone size-medium wp-image-23844\" srcset=\"https:\/\/museumek.eu\/wp-content\/uploads\/2013\/06\/Museum-Europ\u00e4ischer-Keramikkunst-4126-300x288.jpg 300w, https:\/\/museumek.eu\/wp-content\/uploads\/2013\/06\/Museum-Europ\u00e4ischer-Keramikkunst-4126-150x144.jpg 150w, https:\/\/museumek.eu\/wp-content\/uploads\/2013\/06\/Museum-Europ\u00e4ischer-Keramikkunst-4126-312x300.jpg 312w, https:\/\/museumek.eu\/wp-content\/uploads\/2013\/06\/Museum-Europ\u00e4ischer-Keramikkunst-4126.jpg 603w\" sizes=\"(max-width: 300px) 100vw, 300px\" \/><\/a><\/p>\n<p><a href=\"http:\/\/museumek.eu\/?attachment_id=23846\" rel=\"attachment wp-att-23846\"><img loading=\"lazy\" src=\"http:\/\/museumek.eu\/wp-content\/uploads\/2013\/06\/Museum-Europ\u00e4ischer-Keramikkunst-4124-255x300.jpg\" alt=\"\" title=\"Museum Europ\u00e4ischer Keramikkunst 4124\" width=\"255\" height=\"300\" class=\"alignnone size-medium wp-image-23846\" srcset=\"https:\/\/museumek.eu\/wp-content\/uploads\/2013\/06\/Museum-Europ\u00e4ischer-Keramikkunst-4124-255x300.jpg 255w, https:\/\/museumek.eu\/wp-content\/uploads\/2013\/06\/Museum-Europ\u00e4ischer-Keramikkunst-4124-127x150.jpg 127w, https:\/\/museumek.eu\/wp-content\/uploads\/2013\/06\/Museum-Europ\u00e4ischer-Keramikkunst-4124.jpg 371w\" sizes=\"(max-width: 255px) 100vw, 255px\" \/><\/a><\/p>\n","protected":false},"excerpt":{"rendered":"<p>Abteilung Deutschland, Keramik 1860 \u2013 1960, Inventarnummer D\/LXXXIX\/2 Porzellanfabrik Marktredewitz Thomas &#038; Ens und Nachfolger Philipp Rosenthal &#038; Co. AG, Zweigwerk Porzellanfabrik F. Thomas, Deutschland, Marktredewitz, um 1930, Moccatasse, K\u00fcnstler unbekannt (Dekor nach Kazimir S. Malevich, Suprematismus), Werks.-Nr. ohne, Exemplar &hellip; <a href=\"https:\/\/museumek.eu\/?page_id=23835\">Weiterlesen <span class=\"meta-nav\">&rarr;<\/span><\/a><\/p>\n","protected":false},"author":1,"featured_media":0,"parent":23785,"menu_order":2,"comment_status":"closed","ping_status":"open","template":"","meta":[],"_links":{"self":[{"href":"https:\/\/museumek.eu\/index.php?rest_route=\/wp\/v2\/pages\/23835"}],"collection":[{"href":"https:\/\/museumek.eu\/index.php?rest_route=\/wp\/v2\/pages"}],"about":[{"href":"https:\/\/museumek.eu\/index.php?rest_route=\/wp\/v2\/types\/page"}],"author":[{"embeddable":true,"href":"https:\/\/museumek.eu\/index.php?rest_route=\/wp\/v2\/users\/1"}],"replies":[{"embeddable":true,"href":"https:\/\/museumek.eu\/index.php?rest_route=%2Fwp%2Fv2%2Fcomments&post=23835"}],"version-history":[{"count":13,"href":"https:\/\/museumek.eu\/index.php?rest_route=\/wp\/v2\/pages\/23835\/revisions"}],"predecessor-version":[{"id":44375,"href":"https:\/\/museumek.eu\/index.php?rest_route=\/wp\/v2\/pages\/23835\/revisions\/44375"}],"up":[{"embeddable":true,"href":"https:\/\/museumek.eu\/index.php?rest_route=\/wp\/v2\/pages\/23785"}],"wp:attachment":[{"href":"https:\/\/museumek.eu\/index.php?rest_route=%2Fwp%2Fv2%2Fmedia&parent=23835"}],"curies":[{"name":"wp","href":"https:\/\/api.w.org\/{rel}","templated":true}]}}