{"id":23867,"date":"2013-06-21T16:42:56","date_gmt":"2013-06-21T14:42:56","guid":{"rendered":"http:\/\/museumek.eu\/?page_id=23867"},"modified":"2021-06-06T19:54:32","modified_gmt":"2021-06-06T17:54:32","slug":"dxc1","status":"publish","type":"page","link":"https:\/\/museumek.eu\/?page_id=23867","title":{"rendered":"D\/XC\/1"},"content":{"rendered":"<p><strong>Abteilung Deutschland, Keramik 1860 \u2013 1960, Inventarnummer D\/XC\/1<\/strong><\/p>\n<p>Porzellanfabrik Marktredewitz J\u00e4ger &#038; Co., vormals Porzellanfabrik Marktredewitz J\u00e4ger, Thomas &#038; Co., Deutschland, Marktredewitz, um 1920, Zuckerdose, K\u00fcnstler unbekannt, Werks.-Nr. ohne, Exemplar Nr. ohne, gemarkt Firmenmarke zwei gekreuzte Blumen sowie J &#038; C (f\u00fcr J\u00e4ger &#038; Co.) gr\u00fcner Stempel unter Glasur, darunter \u201eGretel\u201c (Dekorname) gr\u00fcner Stempel unter Glasur, 2 gepresst, x blau unter Glasur gemalt, 1663 sowie 37 rotviolett auf Glasur gemalt, nicht signiert, Literatur: Otto Pelka, Keramik der Neuzeit, Markentafel VI, Markenkasten 88 identische Marke, Seite 211, Herstellerverzeichnis, Marktredewitz, Porzellanfabrik Marktredewitz J\u00e4ger &#038; Co. Nr. 88 sowie Seite 219, Namenverzeichnis, J\u00e4ger &#038; Co., Marktredewitz M 88, weitere Literatur: Emanuel Poche, Porzellanmarken aus aller Welt, Marke Nr. 66 identisch, weitere Literatur: Gustav Wei\u00df, Ullstein Porzellanbuch, Seite 278, Marke Nr. 12 identisch, Literatur: Robert E. R\u00f6ntgen, Deutsche Porzellanmarken von 1710 bis heute (Ausgabe Jahr 2000), Seite 199, kurze unvollst\u00e4ndige Beschreibung der Fabrik sowie Marke 1520 identisch (dort f\u00fcr die Zeit 1902- 1908), weitere Literatur: Ludwig Danckert, Handbuch des Europ\u00e4ischen Porzellans, 7. Auflage, Seite 420\/421, kurze unvollst\u00e4ndige Beschreibung der Fabrik sowie Seite 421, Marke 90 identisch, weitere Literatur: Dieter Z\u00fchlsdorff, Markenlexikon, Porzellan und Keramik Report 1885 &#8211; 1935, Band 1, Seite 325, Werk-Teil 1., Gruppennummer des Werkteils 12., laufende Nummer innerhalb der Gruppe 26 identische Marke (dort f\u00fcr die Zeit 1902 &#8211; vor 1925) sowie Seite 558, Werk-Teil 3., laufende Nummer des Werkteils 807, dort kurze unvollst\u00e4ndige Beschreibung der Fabrik, 1898 gr\u00fcndeten die Br\u00fcder Christoph und Wilhelm J\u00e4ger sowie Friedrich (Fritz) Thomas die Porzellanfabrik J\u00e4ger, Thomas &#038; Co., Baubeginn ab 1897 unter Leitung von Fritz Thomas (geb. 28.05.1965, gest. 12.10.1940), Anm. MEK: es gibt Darstellungen, dass die Fabrik bereits 1872 gegr\u00fcndet worden sein soll und Thomas bereits vor 1998 ausgeschieden ist, da Thomas im Jahre 1872 erst sieben Jahre alt war, ist diese Fabrikdarstellung falsch, m\u00f6glich ist, dass die Fabrik auf einem Gel\u00e4nde und unter evtl. Mitnutzung bereits vorhandener Geb\u00e4ude einer kleineren Porzellandekorations Firma gegr\u00fcndet worden ist, unter Leitung des fachkundigen Thomas, wurden nachweislich neue Fabrikgeb\u00e4ude und Brenn\u00f6fen gebaut und Maschinen angeschafft, die Fabrik war ebenso nachweislich die erste Porzellanfabrik in Marktredewitz, 1902 schied Fritz Thomas aus und gr\u00fcndete mit Karl Ens in Martkredewitz eine Porzellanfabrik (siehe dort), die Br\u00fcder J\u00e4ger f\u00fchrten die Fabrik weiter, sie \u00e4nderten die Firmierung in Porzellanfabrik Marktredewitz J\u00e4ger &#038; Co., in der Zeit von 1905 bis 1936 leitete Friedrich (Fritz) J\u00e4ger, Sohn von Wilhelm J\u00e4ger die Fabrik, ab 1936 leitete der Sohn von Fritz J\u00e4ger, Heinz J\u00e4ger die Fabrik, dieser fiel 1944 an der Ostfront und seine Witwe Gerda J\u00e4ger \u00fcbernahm die Leitung der Fabrik, Anfang der 1920\u2018 Jahre er\u00f6ffnete die Fabrik in M\u00fcnchen-Nymphenburg ein k\u00fcnstlerisch betriebenes Atelier, in M\u00fcnchen lebten viele hervorragende Porzellanmaler und viele namhafte K\u00fcnstler, die M\u00fcnchner Dependance bestand bis ca. 1930, dort wurden auch die ber\u00fchmten Moccatassen dekoriert, einerseits mit herausragender Malerei andererseits nach Entw\u00fcrfen ber\u00fchmter K\u00fcnstler der Zeit, die Weissware kam stets vom Stammwerk in Marktredewitz, evtl. wurde ein Teil der Weissware auch in der Nymphenburger Porzellanmanufaktur dekoriert, die Fabrik wurde 1986 geschlossen,<br \/>\nH\u00f6he 11 cm, Breite 14,5 cm<\/p>\n<p><a href=\"http:\/\/museumek.eu\/?attachment_id=23868\" rel=\"attachment wp-att-23868\"><img loading=\"lazy\" src=\"http:\/\/museumek.eu\/wp-content\/uploads\/2013\/06\/Museum-Europ\u00e4ischer-Keramikkunst-2468-300x287.jpg\" alt=\"\" title=\"Museum Europ\u00e4ischer Keramikkunst 2468\" width=\"300\" height=\"287\" class=\"alignnone size-medium wp-image-23868\" srcset=\"https:\/\/museumek.eu\/wp-content\/uploads\/2013\/06\/Museum-Europ\u00e4ischer-Keramikkunst-2468-300x287.jpg 300w, https:\/\/museumek.eu\/wp-content\/uploads\/2013\/06\/Museum-Europ\u00e4ischer-Keramikkunst-2468-150x143.jpg 150w, https:\/\/museumek.eu\/wp-content\/uploads\/2013\/06\/Museum-Europ\u00e4ischer-Keramikkunst-2468-313x300.jpg 313w, https:\/\/museumek.eu\/wp-content\/uploads\/2013\/06\/Museum-Europ\u00e4ischer-Keramikkunst-2468.jpg 653w\" sizes=\"(max-width: 300px) 100vw, 300px\" \/><\/a><\/p>\n<p><a href=\"http:\/\/museumek.eu\/?attachment_id=43131\" rel=\"attachment wp-att-43131\"><img loading=\"lazy\" src=\"http:\/\/museumek.eu\/wp-content\/uploads\/2013\/06\/4427-252x300.jpg\" alt=\"\" title=\"4427\" width=\"252\" height=\"300\" class=\"alignnone size-medium wp-image-43131\" srcset=\"https:\/\/museumek.eu\/wp-content\/uploads\/2013\/06\/4427-252x300.jpg 252w, https:\/\/museumek.eu\/wp-content\/uploads\/2013\/06\/4427-126x150.jpg 126w, https:\/\/museumek.eu\/wp-content\/uploads\/2013\/06\/4427.jpg 600w\" sizes=\"(max-width: 252px) 100vw, 252px\" \/><\/a><\/p>\n<p><a href=\"http:\/\/museumek.eu\/?attachment_id=43132\" rel=\"attachment wp-att-43132\"><img loading=\"lazy\" src=\"http:\/\/museumek.eu\/wp-content\/uploads\/2013\/06\/4428-241x300.jpg\" alt=\"\" title=\"4428\" width=\"241\" height=\"300\" class=\"alignnone size-medium wp-image-43132\" srcset=\"https:\/\/museumek.eu\/wp-content\/uploads\/2013\/06\/4428-241x300.jpg 241w, https:\/\/museumek.eu\/wp-content\/uploads\/2013\/06\/4428-120x150.jpg 120w, https:\/\/museumek.eu\/wp-content\/uploads\/2013\/06\/4428.jpg 600w\" sizes=\"(max-width: 241px) 100vw, 241px\" \/><\/a><\/p>\n<p><a href=\"http:\/\/museumek.eu\/?attachment_id=43133\" rel=\"attachment wp-att-43133\"><img loading=\"lazy\" src=\"http:\/\/museumek.eu\/wp-content\/uploads\/2013\/06\/4429-210x300.jpg\" alt=\"\" title=\"4429\" width=\"210\" height=\"300\" class=\"alignnone size-medium wp-image-43133\" srcset=\"https:\/\/museumek.eu\/wp-content\/uploads\/2013\/06\/4429-210x300.jpg 210w, https:\/\/museumek.eu\/wp-content\/uploads\/2013\/06\/4429-105x150.jpg 105w, https:\/\/museumek.eu\/wp-content\/uploads\/2013\/06\/4429.jpg 562w\" sizes=\"(max-width: 210px) 100vw, 210px\" \/><\/a><\/p>\n<p><a href=\"http:\/\/museumek.eu\/?attachment_id=23869\" rel=\"attachment wp-att-23869\"><img loading=\"lazy\" src=\"http:\/\/museumek.eu\/wp-content\/uploads\/2013\/06\/Museum-Europ\u00e4ischer-Keramikkunst-2469-300x238.jpg\" alt=\"\" title=\"Museum Europ\u00e4ischer Keramikkunst 2469\" width=\"300\" height=\"238\" class=\"alignnone size-medium wp-image-23869\" srcset=\"https:\/\/museumek.eu\/wp-content\/uploads\/2013\/06\/Museum-Europ\u00e4ischer-Keramikkunst-2469-300x238.jpg 300w, https:\/\/museumek.eu\/wp-content\/uploads\/2013\/06\/Museum-Europ\u00e4ischer-Keramikkunst-2469-150x119.jpg 150w, https:\/\/museumek.eu\/wp-content\/uploads\/2013\/06\/Museum-Europ\u00e4ischer-Keramikkunst-2469-376x300.jpg 376w, https:\/\/museumek.eu\/wp-content\/uploads\/2013\/06\/Museum-Europ\u00e4ischer-Keramikkunst-2469.jpg 427w\" sizes=\"(max-width: 300px) 100vw, 300px\" \/><\/a><\/p>\n<p><a href=\"http:\/\/museumek.eu\/?attachment_id=23875\" rel=\"attachment wp-att-23875\"><img loading=\"lazy\" src=\"http:\/\/museumek.eu\/wp-content\/uploads\/2013\/06\/Museum-Europ\u00e4ischer-Keramikkunst-24711-238x300.jpg\" alt=\"\" title=\"Museum Europ\u00e4ischer Keramikkunst 2471\" width=\"238\" height=\"300\" class=\"alignnone size-medium wp-image-23875\" srcset=\"https:\/\/museumek.eu\/wp-content\/uploads\/2013\/06\/Museum-Europ\u00e4ischer-Keramikkunst-24711-238x300.jpg 238w, https:\/\/museumek.eu\/wp-content\/uploads\/2013\/06\/Museum-Europ\u00e4ischer-Keramikkunst-24711-119x150.jpg 119w, https:\/\/museumek.eu\/wp-content\/uploads\/2013\/06\/Museum-Europ\u00e4ischer-Keramikkunst-24711.jpg 360w\" sizes=\"(max-width: 238px) 100vw, 238px\" \/><\/a><\/p>\n","protected":false},"excerpt":{"rendered":"<p>Abteilung Deutschland, Keramik 1860 \u2013 1960, Inventarnummer D\/XC\/1 Porzellanfabrik Marktredewitz J\u00e4ger &#038; Co., vormals Porzellanfabrik Marktredewitz J\u00e4ger, Thomas &#038; Co., Deutschland, Marktredewitz, um 1920, Zuckerdose, K\u00fcnstler unbekannt, Werks.-Nr. ohne, Exemplar Nr. ohne, gemarkt Firmenmarke zwei gekreuzte Blumen sowie J &#038; &hellip; <a href=\"https:\/\/museumek.eu\/?page_id=23867\">Weiterlesen <span class=\"meta-nav\">&rarr;<\/span><\/a><\/p>\n","protected":false},"author":1,"featured_media":0,"parent":23864,"menu_order":1,"comment_status":"closed","ping_status":"open","template":"","meta":[],"_links":{"self":[{"href":"https:\/\/museumek.eu\/index.php?rest_route=\/wp\/v2\/pages\/23867"}],"collection":[{"href":"https:\/\/museumek.eu\/index.php?rest_route=\/wp\/v2\/pages"}],"about":[{"href":"https:\/\/museumek.eu\/index.php?rest_route=\/wp\/v2\/types\/page"}],"author":[{"embeddable":true,"href":"https:\/\/museumek.eu\/index.php?rest_route=\/wp\/v2\/users\/1"}],"replies":[{"embeddable":true,"href":"https:\/\/museumek.eu\/index.php?rest_route=%2Fwp%2Fv2%2Fcomments&post=23867"}],"version-history":[{"count":13,"href":"https:\/\/museumek.eu\/index.php?rest_route=\/wp\/v2\/pages\/23867\/revisions"}],"predecessor-version":[{"id":57787,"href":"https:\/\/museumek.eu\/index.php?rest_route=\/wp\/v2\/pages\/23867\/revisions\/57787"}],"up":[{"embeddable":true,"href":"https:\/\/museumek.eu\/index.php?rest_route=\/wp\/v2\/pages\/23864"}],"wp:attachment":[{"href":"https:\/\/museumek.eu\/index.php?rest_route=%2Fwp%2Fv2%2Fmedia&parent=23867"}],"curies":[{"name":"wp","href":"https:\/\/api.w.org\/{rel}","templated":true}]}}