{"id":23986,"date":"2013-06-22T20:42:53","date_gmt":"2013-06-22T18:42:53","guid":{"rendered":"http:\/\/museumek.eu\/?page_id=23986"},"modified":"2013-06-22T20:42:54","modified_gmt":"2013-06-22T18:42:54","slug":"fotos-und-beschreibung","status":"publish","type":"page","link":"https:\/\/museumek.eu\/?page_id=23986","title":{"rendered":"Fotos und Beschreibung"},"content":{"rendered":"<p><strong>Abteilung Deutschland, Keramik 1860 \u2013 1960, Inventarnummer D\/XCI\/1<\/strong><\/p>\n<p>Porzellanfabrik E. &#038; A. M\u00fcller, Deutschland, Sch\u00f6nwald, um 1910, Souciere, K\u00fcnstler unbekannt, Werks.-Nr. 583\/29, Exemplar Nr. ohne, gemarkt Firmenmarke M\u00fchle (als Synonym f\u00fcr den Namen der Inhaber) mit MS (f\u00fcr M\u00fcller in Sch\u00f6nwald) schwarzer Stempel unter Glasur, Gesetzlich Gesch\u00fctzt schwarz unter Glasur gemalt, 583\/29 in Gold auf Glasur gemalt, nicht signiert, 1905 bauten die S\u00f6hne des Porzellanfabrikanten Johannes Nikolaus M\u00fcller, Begr\u00fcnder der Porzellanfabrik Sch\u00f6nwald AG, Albert und Eduard M\u00fcller eine Ihnen geh\u00f6rende Malzfabrik in eine Porzellanfabrik um, die Porzellanproduktion startete wohl 1907, die Fabrik firmierte als Porzellanfabrik E. &#038; A. M\u00fcller, 1927 erfolgte die Eingliederung in die Porzellanfabrik Sch\u00f6nwald AG, welche im gleichen Jahr von der Porzellanfabrik Kahla \u00fcbernommen<br \/>\nwurde, H\u00f6he 10 cm, Breite 22,5 cm<\/p>\n<p><a href=\"http:\/\/museumek.eu\/?attachment_id=23971\" rel=\"attachment wp-att-23971\"><img loading=\"lazy\" src=\"http:\/\/museumek.eu\/wp-content\/uploads\/2013\/06\/Museum-Europ\u00e4ischer-Keramikkunst-3194-300x196.jpg\" alt=\"\" title=\"Museum Europ\u00e4ischer Keramikkunst 3194\" width=\"300\" height=\"196\" class=\"alignnone size-medium wp-image-23971\" srcset=\"https:\/\/museumek.eu\/wp-content\/uploads\/2013\/06\/Museum-Europ\u00e4ischer-Keramikkunst-3194-300x196.jpg 300w, https:\/\/museumek.eu\/wp-content\/uploads\/2013\/06\/Museum-Europ\u00e4ischer-Keramikkunst-3194-150x98.jpg 150w, https:\/\/museumek.eu\/wp-content\/uploads\/2013\/06\/Museum-Europ\u00e4ischer-Keramikkunst-3194-458x300.jpg 458w, https:\/\/museumek.eu\/wp-content\/uploads\/2013\/06\/Museum-Europ\u00e4ischer-Keramikkunst-3194.jpg 881w\" sizes=\"(max-width: 300px) 100vw, 300px\" \/><\/a><\/p>\n<p><a href=\"http:\/\/museumek.eu\/?attachment_id=23972\" rel=\"attachment wp-att-23972\"><img loading=\"lazy\" src=\"http:\/\/museumek.eu\/wp-content\/uploads\/2013\/06\/Museum-Europ\u00e4ischer-Keramikkunst-3195-300x218.jpg\" alt=\"\" title=\"Museum Europ\u00e4ischer Keramikkunst 3195\" width=\"300\" height=\"218\" class=\"alignnone size-medium wp-image-23972\" srcset=\"https:\/\/museumek.eu\/wp-content\/uploads\/2013\/06\/Museum-Europ\u00e4ischer-Keramikkunst-3195-300x218.jpg 300w, https:\/\/museumek.eu\/wp-content\/uploads\/2013\/06\/Museum-Europ\u00e4ischer-Keramikkunst-3195-150x109.jpg 150w, https:\/\/museumek.eu\/wp-content\/uploads\/2013\/06\/Museum-Europ\u00e4ischer-Keramikkunst-3195-411x300.jpg 411w, https:\/\/museumek.eu\/wp-content\/uploads\/2013\/06\/Museum-Europ\u00e4ischer-Keramikkunst-3195.jpg 465w\" sizes=\"(max-width: 300px) 100vw, 300px\" \/><\/a><\/p>\n<p><a href=\"http:\/\/museumek.eu\/?attachment_id=23973\" rel=\"attachment wp-att-23973\"><img loading=\"lazy\" src=\"http:\/\/museumek.eu\/wp-content\/uploads\/2013\/06\/Museum-Europ\u00e4ischer-Keramikkunst-3196-300x203.jpg\" alt=\"\" title=\"Museum Europ\u00e4ischer Keramikkunst 3196\" width=\"300\" height=\"203\" class=\"alignnone size-medium wp-image-23973\" srcset=\"https:\/\/museumek.eu\/wp-content\/uploads\/2013\/06\/Museum-Europ\u00e4ischer-Keramikkunst-3196-300x203.jpg 300w, https:\/\/museumek.eu\/wp-content\/uploads\/2013\/06\/Museum-Europ\u00e4ischer-Keramikkunst-3196-150x101.jpg 150w, https:\/\/museumek.eu\/wp-content\/uploads\/2013\/06\/Museum-Europ\u00e4ischer-Keramikkunst-3196-443x300.jpg 443w, https:\/\/museumek.eu\/wp-content\/uploads\/2013\/06\/Museum-Europ\u00e4ischer-Keramikkunst-3196.jpg 446w\" sizes=\"(max-width: 300px) 100vw, 300px\" \/><\/a><\/p>\n","protected":false},"excerpt":{"rendered":"<p>Abteilung Deutschland, Keramik 1860 \u2013 1960, Inventarnummer D\/XCI\/1 Porzellanfabrik E. &#038; A. M\u00fcller, Deutschland, Sch\u00f6nwald, um 1910, Souciere, K\u00fcnstler unbekannt, Werks.-Nr. 583\/29, Exemplar Nr. ohne, gemarkt Firmenmarke M\u00fchle (als Synonym f\u00fcr den Namen der Inhaber) mit MS (f\u00fcr M\u00fcller in &hellip; <a href=\"https:\/\/museumek.eu\/?page_id=23986\">Weiterlesen <span class=\"meta-nav\">&rarr;<\/span><\/a><\/p>\n","protected":false},"author":1,"featured_media":0,"parent":23983,"menu_order":1,"comment_status":"closed","ping_status":"open","template":"","meta":[],"_links":{"self":[{"href":"https:\/\/museumek.eu\/index.php?rest_route=\/wp\/v2\/pages\/23986"}],"collection":[{"href":"https:\/\/museumek.eu\/index.php?rest_route=\/wp\/v2\/pages"}],"about":[{"href":"https:\/\/museumek.eu\/index.php?rest_route=\/wp\/v2\/types\/page"}],"author":[{"embeddable":true,"href":"https:\/\/museumek.eu\/index.php?rest_route=\/wp\/v2\/users\/1"}],"replies":[{"embeddable":true,"href":"https:\/\/museumek.eu\/index.php?rest_route=%2Fwp%2Fv2%2Fcomments&post=23986"}],"version-history":[{"count":4,"href":"https:\/\/museumek.eu\/index.php?rest_route=\/wp\/v2\/pages\/23986\/revisions"}],"predecessor-version":[{"id":23990,"href":"https:\/\/museumek.eu\/index.php?rest_route=\/wp\/v2\/pages\/23986\/revisions\/23990"}],"up":[{"embeddable":true,"href":"https:\/\/museumek.eu\/index.php?rest_route=\/wp\/v2\/pages\/23983"}],"wp:attachment":[{"href":"https:\/\/museumek.eu\/index.php?rest_route=%2Fwp%2Fv2%2Fmedia&parent=23986"}],"curies":[{"name":"wp","href":"https:\/\/api.w.org\/{rel}","templated":true}]}}