{"id":26881,"date":"2014-02-07T00:23:41","date_gmt":"2014-02-06T23:23:41","guid":{"rendered":"http:\/\/museumek.eu\/?page_id=26881"},"modified":"2014-02-08T19:48:58","modified_gmt":"2014-02-08T18:48:58","slug":"ai112","status":"publish","type":"page","link":"https:\/\/museumek.eu\/?page_id=26881","title":{"rendered":"A\/I\/112"},"content":{"rendered":"<p><strong>Abteilung Austria\/Ungarn\/B\u00f6hmen, Keramik 1860 &#8211; 1960, Inventarnummer A\/I\/112<\/strong><\/p>\n<p>Friedrich Goldscheider in Wien, Berlin und Leipzig, Austria, Wien, 1903-1905, Figur Schlitten fahrendes H\u00f6ll\u00e4nderm\u00e4dchen, K\u00fcnstler Tom\u00e1s Seidan, Werks.-Nr. 2630, Exemplar Nr. 77, Modelleur Nr. 25, gemarkt Firmenmarke als Sculpture Marke aufgelegt oder mit gegossen, Reproduction Reservee, 2630, 77, 25 sowie S in einem Kreis alles gepresst, 18 wei\u00df gemalt, Sydan geritzt, signiert Sydan, Literatur: Robert E. Dechant\/Filipp Goldscheider, Goldscheider Firmengeschichte und Werkverzeichnis, dort noch nicht erfasst, Seite 604, Firmenmarke Nr. GS 13 (f\u00fcr die Zeit 1900 \u2013 1920) identisch sowie Seite 606, Zusatzzeichen GS Z 2 (f\u00fcr die Zeit 1885 \u2013 1922) identisch, die Urspr\u00fcnge der Firma gehen zur\u00fcck auf das Pilsener Handelsunternehmen Moritz Goldscheider der 1860\u2018 Jahre, nach dem Tode von Moritz Goldscheider werden die Br\u00fcder Eduard und Friedrich Goldscheider Eigent\u00fcmer und firmieren ab 1877 als M. Goldscheider\u2019s Erben, Thon-und Kunststeinmanufactur Werk Moldau und ab 1878 als Br\u00fcder Goldscheider, im Jahre 1878 wandert Friedrich Goldscheider nach Wien aus und Eduard f\u00fchrt die Firma in Pilsen bis zum Konkurs 1892 allein weiter, Friedrich Goldscheider firmiert in Wien ab 1880 als Goldscheider\u2019sche Porzellan-Manufaktur und Porzellanmalerei, neben Handelsgesch\u00e4ften betreibt die Firma vorwiegend die Porzellanmalerei, das Porzellan wird von b\u00f6hmischen Manufakturen bezogen und teilweise auch in B\u00f6hmen bemalt, ab 1885 \u00e4ndert sich die Firmierung in Goldscheider\u2019sche Porzellan-Manufaktur und Majolicafabrik, das Jahr 1885 gilt als das offizielle Gr\u00fcndungsjahr, ab 1887 bezeichnet Friedrich Goldscheider seine Fabrik als Erste Wiener Terracotta- und Majolika-Fabrik Friedrich Goldscheider oder als Erste Wiener Kunst-Terracotta-Fabrik und kunstgewerbliche Ateliers Friedrich Goldscheider und offiziell ab 1894 als Friedrich Goldscheider Erste Wiener Terrakottafabrik, Friedrich Goldscheider stirbt im Jahre 1897, seine Ehefrau Regine Goldscheider wird Alleineigent\u00fcmer und firmiert ab 1899 als Friedrich Goldscheider in Wien, Berlin und Leipzig, ab 1907 firmiert die Firma als Erste Wiener Terrakottafabrik und Atelier f\u00fcr k\u00fcnstlerische Fayencen Friedrich Goldscheider, im Jahre 1918 stirbt Regine und die S\u00f6hne Walter und Marcell Goldscheider werden Inhaber, ab 1921 \u00e4ndert sich die Firmierung in Wiener Manufaktur Friedrich Goldscheider, 1928 scheidet Marcell Goldscheider aus und gr\u00fcndet seine eigene Firma in Wien, 1939 wird die Firma arisiert und Josef Schuster wird Inhaber, Firmierung ab 1939, Wiener Manufaktur Friedrich Goldscheider Nachf., Inhaber Josef Schuster, ab 1941 lautet die Firmierung Wiener Manufaktur Josef Schuster, vorm. Friedrich Goldscheider, nach dem WK II erh\u00e4lt Friedrich Goldscheider seine Firma zur\u00fcck und firmiert ab 1950 wieder als Wiener Manufaktur Friedrich Goldscheider, in dieser Zeit verkauft er die Firma an die Majolikafabrik Carstens, in Fredelsloh, die in Fredelsloh Wiederauflagen alter Modelle in minderwertigem braunem Ton aber auch neue Modelle ebenfalls in dieser Tonart produziert, ab 1953 firmiert die Firma als Kunstkeramische Manufaktur Goldscheider GmbH und 1960 wird die Produktion in Fredelsloh eingestellt, zeitliche Zuordnung: Werkverzeichnis Seite 363, Werks.-Nr. 2627, zeitlich 1903 \u2013 1905 eingeordnet sowie Seite 364, Werks.-Nr. 2633, zeitlich 1903 \u2013 1905 eingeordnet, nach Dechant\/Goldscheider wurde bei Goldscheider Seidan auch unter dem Pseudonym Sydan beziehungsweise Sidan gef\u00fchrt, da Seidan bereits 1890 starb, passt das Fertigungsdatum nicht zum Todesdatum, insofern ist es m\u00f6glich, dass das Pseudonym Sydan doch nicht f\u00fcr Seidan steht, die Herleitungen stammen aus dem Buch &#8222;Wiener Keramik&#8220;, von Dr. Waltraud Neuwirth, Seite 74, dort zwei Seidan Modelle f\u00fcr Goldscheider der Jahre 1901 und 1902 erw\u00e4hnt, auch hier passt das Sterbedatum Seidans nicht zum Ausf\u00fchrungsdatum, alternativ ist das Sterbedatum vielleicht falsch, <strong>das MEK Exemplar dieser Figur ist eines der Wenigen, wenn nicht das Letzte weltweit erhalten gebliebene Exemplar, insbesondere mit der Signatur Sydan<\/strong>, H\u00f6he 24 cm, Breite 18 cm, L\u00e4nge 40 cm<\/p>\n<p><a href=\"http:\/\/museumek.eu\/?attachment_id=26882\" rel=\"attachment wp-att-26882\"><img loading=\"lazy\" src=\"http:\/\/museumek.eu\/wp-content\/uploads\/2014\/02\/082-300x209.jpg\" alt=\"\" title=\"082\" width=\"300\" height=\"209\" class=\"alignnone size-medium wp-image-26882\" srcset=\"https:\/\/museumek.eu\/wp-content\/uploads\/2014\/02\/082-300x209.jpg 300w, https:\/\/museumek.eu\/wp-content\/uploads\/2014\/02\/082-150x104.jpg 150w, https:\/\/museumek.eu\/wp-content\/uploads\/2014\/02\/082-430x300.jpg 430w, https:\/\/museumek.eu\/wp-content\/uploads\/2014\/02\/082.jpg 764w\" sizes=\"(max-width: 300px) 100vw, 300px\" \/><\/a><\/p>\n<p><a href=\"http:\/\/museumek.eu\/?attachment_id=26883\" rel=\"attachment wp-att-26883\"><img loading=\"lazy\" src=\"http:\/\/museumek.eu\/wp-content\/uploads\/2014\/02\/083-300x211.jpg\" alt=\"\" title=\"083\" width=\"300\" height=\"211\" class=\"alignnone size-medium wp-image-26883\" srcset=\"https:\/\/museumek.eu\/wp-content\/uploads\/2014\/02\/083-300x211.jpg 300w, https:\/\/museumek.eu\/wp-content\/uploads\/2014\/02\/083-150x105.jpg 150w, https:\/\/museumek.eu\/wp-content\/uploads\/2014\/02\/083-425x300.jpg 425w, https:\/\/museumek.eu\/wp-content\/uploads\/2014\/02\/083.jpg 765w\" sizes=\"(max-width: 300px) 100vw, 300px\" \/><\/a><\/p>\n<p><a href=\"http:\/\/museumek.eu\/?attachment_id=26884\" rel=\"attachment wp-att-26884\"><img loading=\"lazy\" src=\"http:\/\/museumek.eu\/wp-content\/uploads\/2014\/02\/084-300x225.jpg\" alt=\"\" title=\"084\" width=\"300\" height=\"225\" class=\"alignnone size-medium wp-image-26884\" srcset=\"https:\/\/museumek.eu\/wp-content\/uploads\/2014\/02\/084-300x225.jpg 300w, https:\/\/museumek.eu\/wp-content\/uploads\/2014\/02\/084-150x112.jpg 150w, https:\/\/museumek.eu\/wp-content\/uploads\/2014\/02\/084-400x300.jpg 400w, https:\/\/museumek.eu\/wp-content\/uploads\/2014\/02\/084.jpg 800w\" sizes=\"(max-width: 300px) 100vw, 300px\" \/><\/a><\/p>\n<p><a href=\"http:\/\/museumek.eu\/?attachment_id=26885\" rel=\"attachment wp-att-26885\"><img loading=\"lazy\" src=\"http:\/\/museumek.eu\/wp-content\/uploads\/2014\/02\/085-233x300.jpg\" alt=\"\" title=\"085\" width=\"233\" height=\"300\" class=\"alignnone size-medium wp-image-26885\" srcset=\"https:\/\/museumek.eu\/wp-content\/uploads\/2014\/02\/085-233x300.jpg 233w, https:\/\/museumek.eu\/wp-content\/uploads\/2014\/02\/085-116x150.jpg 116w, https:\/\/museumek.eu\/wp-content\/uploads\/2014\/02\/085.jpg 432w\" sizes=\"(max-width: 233px) 100vw, 233px\" \/><\/a><\/p>\n<p><a href=\"http:\/\/museumek.eu\/?attachment_id=26886\" rel=\"attachment wp-att-26886\"><img loading=\"lazy\" src=\"http:\/\/museumek.eu\/wp-content\/uploads\/2014\/02\/086-192x300.jpg\" alt=\"\" title=\"086\" width=\"192\" height=\"300\" class=\"alignnone size-medium wp-image-26886\" srcset=\"https:\/\/museumek.eu\/wp-content\/uploads\/2014\/02\/086-192x300.jpg 192w, https:\/\/museumek.eu\/wp-content\/uploads\/2014\/02\/086-96x150.jpg 96w, https:\/\/museumek.eu\/wp-content\/uploads\/2014\/02\/086.jpg 379w\" sizes=\"(max-width: 192px) 100vw, 192px\" \/><\/a><\/p>\n<p><a href=\"http:\/\/museumek.eu\/?attachment_id=26887\" rel=\"attachment wp-att-26887\"><img loading=\"lazy\" src=\"http:\/\/museumek.eu\/wp-content\/uploads\/2014\/02\/090-177x300.jpg\" alt=\"\" title=\"090\" width=\"177\" height=\"300\" class=\"alignnone size-medium wp-image-26887\" srcset=\"https:\/\/museumek.eu\/wp-content\/uploads\/2014\/02\/090-177x300.jpg 177w, https:\/\/museumek.eu\/wp-content\/uploads\/2014\/02\/090-88x150.jpg 88w, https:\/\/museumek.eu\/wp-content\/uploads\/2014\/02\/090.jpg 382w\" sizes=\"(max-width: 177px) 100vw, 177px\" \/><\/a><\/p>\n<p><a href=\"http:\/\/museumek.eu\/?attachment_id=26888\" rel=\"attachment wp-att-26888\"><img loading=\"lazy\" src=\"http:\/\/museumek.eu\/wp-content\/uploads\/2014\/02\/087-300x201.jpg\" alt=\"\" title=\"087\" width=\"300\" height=\"201\" class=\"alignnone size-medium wp-image-26888\" srcset=\"https:\/\/museumek.eu\/wp-content\/uploads\/2014\/02\/087-300x201.jpg 300w, https:\/\/museumek.eu\/wp-content\/uploads\/2014\/02\/087-150x100.jpg 150w, https:\/\/museumek.eu\/wp-content\/uploads\/2014\/02\/087-445x300.jpg 445w, https:\/\/museumek.eu\/wp-content\/uploads\/2014\/02\/087.jpg 520w\" sizes=\"(max-width: 300px) 100vw, 300px\" \/><\/a><\/p>\n<p><a href=\"http:\/\/museumek.eu\/?attachment_id=26889\" rel=\"attachment wp-att-26889\"><img loading=\"lazy\" src=\"http:\/\/museumek.eu\/wp-content\/uploads\/2014\/02\/088-300x208.jpg\" alt=\"\" title=\"088\" width=\"300\" height=\"208\" class=\"alignnone size-medium wp-image-26889\" srcset=\"https:\/\/museumek.eu\/wp-content\/uploads\/2014\/02\/088-300x208.jpg 300w, https:\/\/museumek.eu\/wp-content\/uploads\/2014\/02\/088-150x104.jpg 150w, https:\/\/museumek.eu\/wp-content\/uploads\/2014\/02\/088-431x300.jpg 431w, https:\/\/museumek.eu\/wp-content\/uploads\/2014\/02\/088.jpg 703w\" sizes=\"(max-width: 300px) 100vw, 300px\" \/><\/a><\/p>\n<p><a href=\"http:\/\/museumek.eu\/?attachment_id=26890\" rel=\"attachment wp-att-26890\"><img loading=\"lazy\" src=\"http:\/\/museumek.eu\/wp-content\/uploads\/2014\/02\/089-300x193.jpg\" alt=\"\" title=\"089\" width=\"300\" height=\"193\" class=\"alignnone size-medium wp-image-26890\" srcset=\"https:\/\/museumek.eu\/wp-content\/uploads\/2014\/02\/089-300x193.jpg 300w, https:\/\/museumek.eu\/wp-content\/uploads\/2014\/02\/089-150x96.jpg 150w, https:\/\/museumek.eu\/wp-content\/uploads\/2014\/02\/089-465x300.jpg 465w, https:\/\/museumek.eu\/wp-content\/uploads\/2014\/02\/089.jpg 670w\" sizes=\"(max-width: 300px) 100vw, 300px\" \/><\/a><\/p>\n","protected":false},"excerpt":{"rendered":"<p>Abteilung Austria\/Ungarn\/B\u00f6hmen, Keramik 1860 &#8211; 1960, Inventarnummer A\/I\/112 Friedrich Goldscheider in Wien, Berlin und Leipzig, Austria, Wien, 1903-1905, Figur Schlitten fahrendes H\u00f6ll\u00e4nderm\u00e4dchen, K\u00fcnstler Tom\u00e1s Seidan, Werks.-Nr. 2630, Exemplar Nr. 77, Modelleur Nr. 25, gemarkt Firmenmarke als Sculpture Marke aufgelegt oder &hellip; <a href=\"https:\/\/museumek.eu\/?page_id=26881\">Weiterlesen <span class=\"meta-nav\">&rarr;<\/span><\/a><\/p>\n","protected":false},"author":1,"featured_media":0,"parent":26798,"menu_order":112,"comment_status":"closed","ping_status":"open","template":"","meta":[],"_links":{"self":[{"href":"https:\/\/museumek.eu\/index.php?rest_route=\/wp\/v2\/pages\/26881"}],"collection":[{"href":"https:\/\/museumek.eu\/index.php?rest_route=\/wp\/v2\/pages"}],"about":[{"href":"https:\/\/museumek.eu\/index.php?rest_route=\/wp\/v2\/types\/page"}],"author":[{"embeddable":true,"href":"https:\/\/museumek.eu\/index.php?rest_route=\/wp\/v2\/users\/1"}],"replies":[{"embeddable":true,"href":"https:\/\/museumek.eu\/index.php?rest_route=%2Fwp%2Fv2%2Fcomments&post=26881"}],"version-history":[{"count":12,"href":"https:\/\/museumek.eu\/index.php?rest_route=\/wp\/v2\/pages\/26881\/revisions"}],"predecessor-version":[{"id":26958,"href":"https:\/\/museumek.eu\/index.php?rest_route=\/wp\/v2\/pages\/26881\/revisions\/26958"}],"up":[{"embeddable":true,"href":"https:\/\/museumek.eu\/index.php?rest_route=\/wp\/v2\/pages\/26798"}],"wp:attachment":[{"href":"https:\/\/museumek.eu\/index.php?rest_route=%2Fwp%2Fv2%2Fmedia&parent=26881"}],"curies":[{"name":"wp","href":"https:\/\/api.w.org\/{rel}","templated":true}]}}