{"id":27879,"date":"2014-03-14T21:19:14","date_gmt":"2014-03-14T20:19:14","guid":{"rendered":"http:\/\/museumek.eu\/?page_id=27879"},"modified":"2014-03-14T21:19:14","modified_gmt":"2014-03-14T20:19:14","slug":"dcvi1","status":"publish","type":"page","link":"https:\/\/museumek.eu\/?page_id=27879","title":{"rendered":"D\/CVI\/1"},"content":{"rendered":"<p><strong>Abteilung Deutschland, Keramik 1860 \u2013 1960, Inventarnummer D\/CVI\/1<\/strong><\/p>\n<p>Julius Paul &#038; Sohn, vormals Julius Paul, Deutschland, Bunzlau\/Boleslawiec, um 1930, Zuckerdose, K\u00fcnstler unbekannt, Werks.-Nr. ohne, Exemplar Nr. ohne, gemarkt Firmenmarke mit J P + S (f\u00fcr Julius Paul &#038; Sohn), Feinsteinzeug, Bunzlau sowie 12 (?) in einem Kreis gr\u00fcner Stempel unter Glasur, 200\/2 (Form- oder Dekornummer) (evtl. auch 800\/2) gepresst, nicht signiert, Literatur: Gisela Reineking von Bock, Meister der deutschen Keramik 1900 bis 1950, Seite 319, Marke Nr. 41 b (f\u00fcr die Zeit 1920 \u2013 1945) identisch, weitere Literatur: Heide M\u00fcller, Ekkehard und Inge Lippert, Bunzlauer Geschirr, Seite 407, Marke Nr. 52 (f\u00fcr die Zeit 1920 \u2013 1945) identisch, Julius Paul gr\u00fcndete 1893 eine T\u00f6pferwerkstatt in Bunzlau (Schlesien), ab 1920 wurde sein Sohn Miteigent\u00fcmer, nach WK II verstaatlicht, Ausf\u00fchrung als gegossenes, weissliches Feinsteinzeug, Schw\u00e4mmeldekor Pfauenauge in blau, gr\u00fcn sowie rot-braun, Pinseldekor mit gr\u00fcnen Linien, transparente Feldspatglasur, H\u00f6he 9 cm, Breite 13 cm<\/p>\n<p><a href=\"http:\/\/museumek.eu\/?attachment_id=27880\" rel=\"attachment wp-att-27880\"><img loading=\"lazy\" src=\"http:\/\/museumek.eu\/wp-content\/uploads\/2014\/03\/192-300x276.jpg\" alt=\"\" title=\"192\" width=\"300\" height=\"276\" class=\"alignnone size-medium wp-image-27880\" srcset=\"https:\/\/museumek.eu\/wp-content\/uploads\/2014\/03\/192-300x276.jpg 300w, https:\/\/museumek.eu\/wp-content\/uploads\/2014\/03\/192-150x138.jpg 150w, https:\/\/museumek.eu\/wp-content\/uploads\/2014\/03\/192.jpg 599w\" sizes=\"(max-width: 300px) 100vw, 300px\" \/><\/a><\/p>\n<p><a href=\"http:\/\/museumek.eu\/?attachment_id=27881\" rel=\"attachment wp-att-27881\"><img loading=\"lazy\" src=\"http:\/\/museumek.eu\/wp-content\/uploads\/2014\/03\/193-235x300.jpg\" alt=\"\" title=\"193\" width=\"235\" height=\"300\" class=\"alignnone size-medium wp-image-27881\" srcset=\"https:\/\/museumek.eu\/wp-content\/uploads\/2014\/03\/193-235x300.jpg 235w, https:\/\/museumek.eu\/wp-content\/uploads\/2014\/03\/193-117x150.jpg 117w, https:\/\/museumek.eu\/wp-content\/uploads\/2014\/03\/193.jpg 399w\" sizes=\"(max-width: 235px) 100vw, 235px\" \/><\/a><\/p>\n<p><a href=\"http:\/\/museumek.eu\/?attachment_id=27882\" rel=\"attachment wp-att-27882\"><img loading=\"lazy\" src=\"http:\/\/museumek.eu\/wp-content\/uploads\/2014\/03\/194-199x300.jpg\" alt=\"\" title=\"194\" width=\"199\" height=\"300\" class=\"alignnone size-medium wp-image-27882\" srcset=\"https:\/\/museumek.eu\/wp-content\/uploads\/2014\/03\/194-199x300.jpg 199w, https:\/\/museumek.eu\/wp-content\/uploads\/2014\/03\/194-99x150.jpg 99w, https:\/\/museumek.eu\/wp-content\/uploads\/2014\/03\/194.jpg 262w\" sizes=\"(max-width: 199px) 100vw, 199px\" \/><\/a><\/p>\n","protected":false},"excerpt":{"rendered":"<p>Abteilung Deutschland, Keramik 1860 \u2013 1960, Inventarnummer D\/CVI\/1 Julius Paul &#038; Sohn, vormals Julius Paul, Deutschland, Bunzlau\/Boleslawiec, um 1930, Zuckerdose, K\u00fcnstler unbekannt, Werks.-Nr. ohne, Exemplar Nr. ohne, gemarkt Firmenmarke mit J P + S (f\u00fcr Julius Paul &#038; Sohn), Feinsteinzeug, &hellip; <a href=\"https:\/\/museumek.eu\/?page_id=27879\">Weiterlesen <span class=\"meta-nav\">&rarr;<\/span><\/a><\/p>\n","protected":false},"author":1,"featured_media":0,"parent":27876,"menu_order":1,"comment_status":"closed","ping_status":"open","template":"","meta":[],"_links":{"self":[{"href":"https:\/\/museumek.eu\/index.php?rest_route=\/wp\/v2\/pages\/27879"}],"collection":[{"href":"https:\/\/museumek.eu\/index.php?rest_route=\/wp\/v2\/pages"}],"about":[{"href":"https:\/\/museumek.eu\/index.php?rest_route=\/wp\/v2\/types\/page"}],"author":[{"embeddable":true,"href":"https:\/\/museumek.eu\/index.php?rest_route=\/wp\/v2\/users\/1"}],"replies":[{"embeddable":true,"href":"https:\/\/museumek.eu\/index.php?rest_route=%2Fwp%2Fv2%2Fcomments&post=27879"}],"version-history":[{"count":4,"href":"https:\/\/museumek.eu\/index.php?rest_route=\/wp\/v2\/pages\/27879\/revisions"}],"predecessor-version":[{"id":27886,"href":"https:\/\/museumek.eu\/index.php?rest_route=\/wp\/v2\/pages\/27879\/revisions\/27886"}],"up":[{"embeddable":true,"href":"https:\/\/museumek.eu\/index.php?rest_route=\/wp\/v2\/pages\/27876"}],"wp:attachment":[{"href":"https:\/\/museumek.eu\/index.php?rest_route=%2Fwp%2Fv2%2Fmedia&parent=27879"}],"curies":[{"name":"wp","href":"https:\/\/api.w.org\/{rel}","templated":true}]}}