{"id":27932,"date":"2014-03-15T18:17:16","date_gmt":"2014-03-15T17:17:16","guid":{"rendered":"http:\/\/museumek.eu\/?page_id=27932"},"modified":"2021-07-09T20:00:50","modified_gmt":"2021-07-09T18:00:50","slug":"axvii14","status":"publish","type":"page","link":"https:\/\/museumek.eu\/?page_id=27932","title":{"rendered":"A\/XVII\/14"},"content":{"rendered":"<p><strong>Abteilung Austria\/Ungarn\/B\u00f6hmen, Keramik 1860 \u2013 1960, Inventarnummer A\/XVII\/14<\/strong><\/p>\n<p>Wilhelm Schiller &#038; Sohn, Fabrikm\u00e4\u00dfige Erzeugung von Siderolith Thonwaaren, vormals Schiller, W &#038; Sohn, Fayence-, Majolika- und Terracottafabrik, B\u00f6hmen\/Austria, Nieder Grund\/Horni Grundt, vor\/um 1900, Wandteller Dresden Altstadt, K\u00fcnstler unbekannt, Werks.-Nr. 9934, Exemplar Nr. ohne, gemarkt Firmenmarke mit verziertem Rechteck mit WS &#038; S aufgelegt sowie verziertem Rechteck mit Dresden Altstadt darunter Rechteck mit 9934 aufgelegt als eine Marke, nicht signiert, Literatur: Jeffrey B. Snyder and Leslie Bockol, Majolica, British, American &#038; European Wares, Seite 154, Beschreibung der Manufaktur und Beschreibung der Marke, weitere Literatur: Volker M\u00f6lle Riessner, Amphora Die Porzellan- und Keramik- Manufaktur in Nordb\u00f6hmen, Seite 180, Beschreibung der Fabrik sowie Seite 194, Marke Nr. 25 identisch, weitere Literatur: Ludwig Danckert, Handbuch des Europ\u00e4ischen Porzellans, 7.Auflage, Seite 70, kurze unvollst\u00e4ndige Beschreibung der Fabrik und eine der abgebildeten Marken identisch, Dieter Z\u00fchlsdorff, Markenlexikon, Porzellan und Keramik Report 1885 &#8211; 1935, Band 1, Seite 121, Werk-Teil 1., Gruppennummer des Werkteils 1., laufende Nummer innerhalb der Gruppe 2613 identische Marke (dort beschrieben verwendet bis 1910) sowie Seite 476, Werk-Teil 3., laufende Nummer des Werkteils 127., kurze, unvollst\u00e4ndige und teilweise falsche Beschreibung der Fabrik, die Fabrik wurde 1851 von Wilhelm Schiller und seinem Sohn Eduard gegr\u00fcndet, sie firmierte als Schiller, W &#038; Sohn, Fayence-, Majolika- und Terracottafabrik, 1868 Firmierung als Wilhelm Schiller &#038; Sohn, Fabrikm\u00e4\u00dfige Erzeugung von Siderolith Thonwaaren, Schlie\u00dfung wohl 1910, es ist davon auszugehen, dass \u00fcber die gesamte Fabrikationszeit immer die gleiche Fabrikmarke verwendet worden ist, au\u00dferdem ist davon auszugehen, dass \u00fcber den gesamten Fabrikationszeitraum Fayencen-, Majolika- und Siderolithwaren produziert worden sind, auch wenn sich die Fabrikbezeichnung ab 1868 nur noch auf Siderolithwaren bezieht, das MEK hat Keramiken der Fabrik im Bestand, die aus anderen Tongemischen als Siderolith bestehen, aber bezogen auf den sichtbaren Alterungszustand sicher nicht vor 1868 produziert worden sind, da es au\u00dfer der Fabrikmarke keine weiteren Hinweise gibt, ist eine genaue zeitliche Zuordnung, zumindest der Siderolithwaren, nicht m\u00f6glich, Durchmesser 24 cm<\/p>\n<p><a href=\"http:\/\/museumek.eu\/?attachment_id=27933\" rel=\"attachment wp-att-27933\"><img loading=\"lazy\" src=\"http:\/\/museumek.eu\/wp-content\/uploads\/2014\/03\/214-300x296.jpg\" alt=\"\" title=\"214\" width=\"300\" height=\"296\" class=\"alignnone size-medium wp-image-27933\" srcset=\"https:\/\/museumek.eu\/wp-content\/uploads\/2014\/03\/214-300x296.jpg 300w, https:\/\/museumek.eu\/wp-content\/uploads\/2014\/03\/214-150x148.jpg 150w, https:\/\/museumek.eu\/wp-content\/uploads\/2014\/03\/214-303x300.jpg 303w, https:\/\/museumek.eu\/wp-content\/uploads\/2014\/03\/214.jpg 594w\" sizes=\"(max-width: 300px) 100vw, 300px\" \/><\/a><\/p>\n<p><a href=\"http:\/\/museumek.eu\/?attachment_id=27934\" rel=\"attachment wp-att-27934\"><img loading=\"lazy\" src=\"http:\/\/museumek.eu\/wp-content\/uploads\/2014\/03\/215-300x225.jpg\" alt=\"\" title=\"215\" width=\"300\" height=\"225\" class=\"alignnone size-medium wp-image-27934\" srcset=\"https:\/\/museumek.eu\/wp-content\/uploads\/2014\/03\/215-300x225.jpg 300w, https:\/\/museumek.eu\/wp-content\/uploads\/2014\/03\/215-150x112.jpg 150w, https:\/\/museumek.eu\/wp-content\/uploads\/2014\/03\/215-400x300.jpg 400w, https:\/\/museumek.eu\/wp-content\/uploads\/2014\/03\/215.jpg 800w\" sizes=\"(max-width: 300px) 100vw, 300px\" \/><\/a><\/p>\n<p><a href=\"http:\/\/museumek.eu\/?attachment_id=27935\" rel=\"attachment wp-att-27935\"><img loading=\"lazy\" src=\"http:\/\/museumek.eu\/wp-content\/uploads\/2014\/03\/216-300x141.jpg\" alt=\"\" title=\"216\" width=\"300\" height=\"141\" class=\"alignnone size-medium wp-image-27935\" srcset=\"https:\/\/museumek.eu\/wp-content\/uploads\/2014\/03\/216-300x141.jpg 300w, https:\/\/museumek.eu\/wp-content\/uploads\/2014\/03\/216-150x70.jpg 150w, https:\/\/museumek.eu\/wp-content\/uploads\/2014\/03\/216-500x235.jpg 500w, https:\/\/museumek.eu\/wp-content\/uploads\/2014\/03\/216.jpg 699w\" sizes=\"(max-width: 300px) 100vw, 300px\" \/><\/a><\/p>\n<p><a href=\"http:\/\/museumek.eu\/?attachment_id=27936\" rel=\"attachment wp-att-27936\"><img loading=\"lazy\" src=\"http:\/\/museumek.eu\/wp-content\/uploads\/2014\/03\/217-300x171.jpg\" alt=\"\" title=\"217\" width=\"300\" height=\"171\" class=\"alignnone size-medium wp-image-27936\" srcset=\"https:\/\/museumek.eu\/wp-content\/uploads\/2014\/03\/217-300x171.jpg 300w, https:\/\/museumek.eu\/wp-content\/uploads\/2014\/03\/217-150x85.jpg 150w, https:\/\/museumek.eu\/wp-content\/uploads\/2014\/03\/217.jpg 431w\" sizes=\"(max-width: 300px) 100vw, 300px\" \/><\/a><\/p>\n","protected":false},"excerpt":{"rendered":"<p>Abteilung Austria\/Ungarn\/B\u00f6hmen, Keramik 1860 \u2013 1960, Inventarnummer A\/XVII\/14 Wilhelm Schiller &#038; Sohn, Fabrikm\u00e4\u00dfige Erzeugung von Siderolith Thonwaaren, vormals Schiller, W &#038; Sohn, Fayence-, Majolika- und Terracottafabrik, B\u00f6hmen\/Austria, Nieder Grund\/Horni Grundt, vor\/um 1900, Wandteller Dresden Altstadt, K\u00fcnstler unbekannt, Werks.-Nr. 9934, Exemplar &hellip; <a href=\"https:\/\/museumek.eu\/?page_id=27932\">Weiterlesen <span class=\"meta-nav\">&rarr;<\/span><\/a><\/p>\n","protected":false},"author":1,"featured_media":0,"parent":12812,"menu_order":14,"comment_status":"closed","ping_status":"open","template":"","meta":[],"_links":{"self":[{"href":"https:\/\/museumek.eu\/index.php?rest_route=\/wp\/v2\/pages\/27932"}],"collection":[{"href":"https:\/\/museumek.eu\/index.php?rest_route=\/wp\/v2\/pages"}],"about":[{"href":"https:\/\/museumek.eu\/index.php?rest_route=\/wp\/v2\/types\/page"}],"author":[{"embeddable":true,"href":"https:\/\/museumek.eu\/index.php?rest_route=\/wp\/v2\/users\/1"}],"replies":[{"embeddable":true,"href":"https:\/\/museumek.eu\/index.php?rest_route=%2Fwp%2Fv2%2Fcomments&post=27932"}],"version-history":[{"count":8,"href":"https:\/\/museumek.eu\/index.php?rest_route=\/wp\/v2\/pages\/27932\/revisions"}],"predecessor-version":[{"id":58327,"href":"https:\/\/museumek.eu\/index.php?rest_route=\/wp\/v2\/pages\/27932\/revisions\/58327"}],"up":[{"embeddable":true,"href":"https:\/\/museumek.eu\/index.php?rest_route=\/wp\/v2\/pages\/12812"}],"wp:attachment":[{"href":"https:\/\/museumek.eu\/index.php?rest_route=%2Fwp%2Fv2%2Fmedia&parent=27932"}],"curies":[{"name":"wp","href":"https:\/\/api.w.org\/{rel}","templated":true}]}}