{"id":28062,"date":"2014-03-15T23:25:34","date_gmt":"2014-03-15T22:25:34","guid":{"rendered":"http:\/\/museumek.eu\/?page_id=28062"},"modified":"2014-11-14T20:51:25","modified_gmt":"2014-11-14T19:51:25","slug":"dlxxxii13","status":"publish","type":"page","link":"https:\/\/museumek.eu\/?page_id=28062","title":{"rendered":"D\/LXXXII\/13"},"content":{"rendered":"<p><strong>Abteilung Deutschland, Keramik 1860 \u2013 1960, Inventarnummer D\/LXXXII\/13<\/strong><\/p>\n<p>Westerw\u00e4lder Steinzeug ohne Fabrikzuordnung, Deutschland, Westerwald, 1903, Seidel, K\u00fcnstler Franz Ringer, Werks.-Nr. ohne, Exemplar Nr. ohne, gemarkt keine Fabrikmarke aber D gepresst, F.R (f\u00fcr Franz Ringer) ligiert schwarz gemalt, Zinngie\u00dferstempel Johann Lindner, M\u00fcnchen gepresst, schwarzer Stempel der ausf\u00fchrende Malerwerkstatt Theodor Schmid, M\u00fcnchen, signiert F.R, in der Malerei das VDI K\u00fcrzel f\u00fcr Verein Deutscher Ingenieure, auf dem Zinndeckel, HB (Hofbr\u00e4uhaus M\u00fcnchen) K\u00fcrzel und Informationen zur Vereinstagung,<br \/>\nH\u00f6he 11,8 cm, Breite 13,4 cm (nur die Keramik)<\/p>\n<p><a href=\"http:\/\/museumek.eu\/?attachment_id=33575\" rel=\"attachment wp-att-33575\"><img loading=\"lazy\" src=\"http:\/\/museumek.eu\/wp-content\/uploads\/2014\/10\/1205-181x300.jpg\" alt=\"\" title=\"1205\" width=\"181\" height=\"300\" class=\"alignnone size-medium wp-image-33575\" srcset=\"https:\/\/museumek.eu\/wp-content\/uploads\/2014\/10\/1205-181x300.jpg 181w, https:\/\/museumek.eu\/wp-content\/uploads\/2014\/10\/1205-90x150.jpg 90w, https:\/\/museumek.eu\/wp-content\/uploads\/2014\/10\/1205.jpg 440w\" sizes=\"(max-width: 181px) 100vw, 181px\" \/><\/a><\/p>\n<p><a href=\"http:\/\/museumek.eu\/?attachment_id=33576\" rel=\"attachment wp-att-33576\"><img loading=\"lazy\" src=\"http:\/\/museumek.eu\/wp-content\/uploads\/2014\/10\/1206-231x300.jpg\" alt=\"\" title=\"1206\" width=\"231\" height=\"300\" class=\"alignnone size-medium wp-image-33576\" srcset=\"https:\/\/museumek.eu\/wp-content\/uploads\/2014\/10\/1206-231x300.jpg 231w, https:\/\/museumek.eu\/wp-content\/uploads\/2014\/10\/1206-115x150.jpg 115w, https:\/\/museumek.eu\/wp-content\/uploads\/2014\/10\/1206.jpg 484w\" sizes=\"(max-width: 231px) 100vw, 231px\" \/><\/a><\/p>\n<p><a href=\"http:\/\/museumek.eu\/?attachment_id=33577\" rel=\"attachment wp-att-33577\"><img loading=\"lazy\" src=\"http:\/\/museumek.eu\/wp-content\/uploads\/2014\/10\/1207-240x300.jpg\" alt=\"\" title=\"1207\" width=\"240\" height=\"300\" class=\"alignnone size-medium wp-image-33577\" srcset=\"https:\/\/museumek.eu\/wp-content\/uploads\/2014\/10\/1207-240x300.jpg 240w, https:\/\/museumek.eu\/wp-content\/uploads\/2014\/10\/1207-120x150.jpg 120w, https:\/\/museumek.eu\/wp-content\/uploads\/2014\/10\/1207.jpg 487w\" sizes=\"(max-width: 240px) 100vw, 240px\" \/><\/a><\/p>\n<p><a href=\"http:\/\/museumek.eu\/?attachment_id=33578\" rel=\"attachment wp-att-33578\"><img loading=\"lazy\" src=\"http:\/\/museumek.eu\/wp-content\/uploads\/2014\/10\/1208-300x225.jpg\" alt=\"\" title=\"1208\" width=\"300\" height=\"225\" class=\"alignnone size-medium wp-image-33578\" srcset=\"https:\/\/museumek.eu\/wp-content\/uploads\/2014\/10\/1208-300x225.jpg 300w, https:\/\/museumek.eu\/wp-content\/uploads\/2014\/10\/1208-150x112.jpg 150w, https:\/\/museumek.eu\/wp-content\/uploads\/2014\/10\/1208-400x300.jpg 400w, https:\/\/museumek.eu\/wp-content\/uploads\/2014\/10\/1208.jpg 800w\" sizes=\"(max-width: 300px) 100vw, 300px\" \/><\/a><\/p>\n<p><a href=\"http:\/\/museumek.eu\/?attachment_id=33579\" rel=\"attachment wp-att-33579\"><img loading=\"lazy\" src=\"http:\/\/museumek.eu\/wp-content\/uploads\/2014\/10\/1209-300x225.jpg\" alt=\"\" title=\"1209\" width=\"300\" height=\"225\" class=\"alignnone size-medium wp-image-33579\" srcset=\"https:\/\/museumek.eu\/wp-content\/uploads\/2014\/10\/1209-300x225.jpg 300w, https:\/\/museumek.eu\/wp-content\/uploads\/2014\/10\/1209-150x112.jpg 150w, https:\/\/museumek.eu\/wp-content\/uploads\/2014\/10\/1209-400x300.jpg 400w, https:\/\/museumek.eu\/wp-content\/uploads\/2014\/10\/1209.jpg 800w\" sizes=\"(max-width: 300px) 100vw, 300px\" \/><\/a><\/p>\n<p><a href=\"http:\/\/museumek.eu\/?attachment_id=33580\" rel=\"attachment wp-att-33580\"><img loading=\"lazy\" src=\"http:\/\/museumek.eu\/wp-content\/uploads\/2014\/10\/1210-239x300.jpg\" alt=\"\" title=\"1210\" width=\"239\" height=\"300\" class=\"alignnone size-medium wp-image-33580\" srcset=\"https:\/\/museumek.eu\/wp-content\/uploads\/2014\/10\/1210-239x300.jpg 239w, https:\/\/museumek.eu\/wp-content\/uploads\/2014\/10\/1210-119x150.jpg 119w, https:\/\/museumek.eu\/wp-content\/uploads\/2014\/10\/1210.jpg 507w\" sizes=\"(max-width: 239px) 100vw, 239px\" \/><\/a><\/p>\n<p><a href=\"http:\/\/museumek.eu\/?attachment_id=33581\" rel=\"attachment wp-att-33581\"><img loading=\"lazy\" src=\"http:\/\/museumek.eu\/wp-content\/uploads\/2014\/10\/1211-271x300.jpg\" alt=\"\" title=\"1211\" width=\"271\" height=\"300\" class=\"alignnone size-medium wp-image-33581\" srcset=\"https:\/\/museumek.eu\/wp-content\/uploads\/2014\/10\/1211-271x300.jpg 271w, https:\/\/museumek.eu\/wp-content\/uploads\/2014\/10\/1211-135x150.jpg 135w, https:\/\/museumek.eu\/wp-content\/uploads\/2014\/10\/1211.jpg 409w\" sizes=\"(max-width: 271px) 100vw, 271px\" \/><\/a><\/p>\n<p><a href=\"http:\/\/museumek.eu\/?attachment_id=33582\" rel=\"attachment wp-att-33582\"><img loading=\"lazy\" src=\"http:\/\/museumek.eu\/wp-content\/uploads\/2014\/10\/1212-237x300.jpg\" alt=\"\" title=\"1212\" width=\"237\" height=\"300\" class=\"alignnone size-medium wp-image-33582\" srcset=\"https:\/\/museumek.eu\/wp-content\/uploads\/2014\/10\/1212-237x300.jpg 237w, https:\/\/museumek.eu\/wp-content\/uploads\/2014\/10\/1212-118x150.jpg 118w, https:\/\/museumek.eu\/wp-content\/uploads\/2014\/10\/1212.jpg 600w\" sizes=\"(max-width: 237px) 100vw, 237px\" \/><\/a><\/p>\n","protected":false},"excerpt":{"rendered":"<p>Abteilung Deutschland, Keramik 1860 \u2013 1960, Inventarnummer D\/LXXXII\/13 Westerw\u00e4lder Steinzeug ohne Fabrikzuordnung, Deutschland, Westerwald, 1903, Seidel, K\u00fcnstler Franz Ringer, Werks.-Nr. ohne, Exemplar Nr. ohne, gemarkt keine Fabrikmarke aber D gepresst, F.R (f\u00fcr Franz Ringer) ligiert schwarz gemalt, Zinngie\u00dferstempel Johann Lindner, &hellip; <a href=\"https:\/\/museumek.eu\/?page_id=28062\">Weiterlesen <span class=\"meta-nav\">&rarr;<\/span><\/a><\/p>\n","protected":false},"author":1,"featured_media":0,"parent":27686,"menu_order":13,"comment_status":"closed","ping_status":"open","template":"","meta":[],"_links":{"self":[{"href":"https:\/\/museumek.eu\/index.php?rest_route=\/wp\/v2\/pages\/28062"}],"collection":[{"href":"https:\/\/museumek.eu\/index.php?rest_route=\/wp\/v2\/pages"}],"about":[{"href":"https:\/\/museumek.eu\/index.php?rest_route=\/wp\/v2\/types\/page"}],"author":[{"embeddable":true,"href":"https:\/\/museumek.eu\/index.php?rest_route=\/wp\/v2\/users\/1"}],"replies":[{"embeddable":true,"href":"https:\/\/museumek.eu\/index.php?rest_route=%2Fwp%2Fv2%2Fcomments&post=28062"}],"version-history":[{"count":4,"href":"https:\/\/museumek.eu\/index.php?rest_route=\/wp\/v2\/pages\/28062\/revisions"}],"predecessor-version":[{"id":34221,"href":"https:\/\/museumek.eu\/index.php?rest_route=\/wp\/v2\/pages\/28062\/revisions\/34221"}],"up":[{"embeddable":true,"href":"https:\/\/museumek.eu\/index.php?rest_route=\/wp\/v2\/pages\/27686"}],"wp:attachment":[{"href":"https:\/\/museumek.eu\/index.php?rest_route=%2Fwp%2Fv2%2Fmedia&parent=28062"}],"curies":[{"name":"wp","href":"https:\/\/api.w.org\/{rel}","templated":true}]}}