{"id":28090,"date":"2014-03-16T00:05:16","date_gmt":"2014-03-15T23:05:16","guid":{"rendered":"http:\/\/museumek.eu\/?page_id=28090"},"modified":"2015-03-22T13:46:09","modified_gmt":"2015-03-22T12:46:09","slug":"dlxxxii15","status":"publish","type":"page","link":"https:\/\/museumek.eu\/?page_id=28090","title":{"rendered":"D\/LXXXII\/14"},"content":{"rendered":"<p><strong>Abteilung Deutschland, Keramik 1860 \u2013 1960, Inventarnummer D\/LXXXII\/14<\/strong><\/p>\n<p>Westerw\u00e4lder Steinzeug ohne Fabrikzuordnung, Deutschland, Westerwald, um 1900, Seidel, K\u00fcnstler unbekannt, Werks.-Nr. 824, Exemplar Nr. ohne, gemarkt keine Firmenmarke aber 824 gepresst, nicht signiert, H\u00f6he 13 cm, Breite 14,5 cm<\/p>\n<p><a href=\"http:\/\/museumek.eu\/?attachment_id=37884\" rel=\"attachment wp-att-37884\"><img loading=\"lazy\" src=\"http:\/\/museumek.eu\/wp-content\/uploads\/2013\/05\/1130-195x300.jpg\" alt=\"\" title=\"1130\" width=\"195\" height=\"300\" class=\"alignnone size-medium wp-image-37884\" srcset=\"https:\/\/museumek.eu\/wp-content\/uploads\/2013\/05\/1130-195x300.jpg 195w, https:\/\/museumek.eu\/wp-content\/uploads\/2013\/05\/1130-97x150.jpg 97w, https:\/\/museumek.eu\/wp-content\/uploads\/2013\/05\/1130.jpg 521w\" sizes=\"(max-width: 195px) 100vw, 195px\" \/><\/a><\/p>\n<p><a href=\"http:\/\/museumek.eu\/?attachment_id=37885\" rel=\"attachment wp-att-37885\"><img loading=\"lazy\" src=\"http:\/\/museumek.eu\/wp-content\/uploads\/2013\/05\/1131-282x300.jpg\" alt=\"\" title=\"1131\" width=\"282\" height=\"300\" class=\"alignnone size-medium wp-image-37885\" srcset=\"https:\/\/museumek.eu\/wp-content\/uploads\/2013\/05\/1131-282x300.jpg 282w, https:\/\/museumek.eu\/wp-content\/uploads\/2013\/05\/1131-141x150.jpg 141w, https:\/\/museumek.eu\/wp-content\/uploads\/2013\/05\/1131.jpg 600w\" sizes=\"(max-width: 282px) 100vw, 282px\" \/><\/a><\/p>\n<p><a href=\"http:\/\/museumek.eu\/?attachment_id=37886\" rel=\"attachment wp-att-37886\"><img loading=\"lazy\" src=\"http:\/\/museumek.eu\/wp-content\/uploads\/2013\/05\/1132-287x300.jpg\" alt=\"\" title=\"1132\" width=\"287\" height=\"300\" class=\"alignnone size-medium wp-image-37886\" srcset=\"https:\/\/museumek.eu\/wp-content\/uploads\/2013\/05\/1132-287x300.jpg 287w, https:\/\/museumek.eu\/wp-content\/uploads\/2013\/05\/1132-143x150.jpg 143w, https:\/\/museumek.eu\/wp-content\/uploads\/2013\/05\/1132.jpg 600w\" sizes=\"(max-width: 287px) 100vw, 287px\" \/><\/a><\/p>\n<p><a href=\"http:\/\/museumek.eu\/?attachment_id=37891\" rel=\"attachment wp-att-37891\"><img loading=\"lazy\" src=\"http:\/\/museumek.eu\/wp-content\/uploads\/2013\/05\/3050-199x300.jpg\" alt=\"\" title=\"3050\" width=\"199\" height=\"300\" class=\"alignnone size-medium wp-image-37891\" srcset=\"https:\/\/museumek.eu\/wp-content\/uploads\/2013\/05\/3050-199x300.jpg 199w, https:\/\/museumek.eu\/wp-content\/uploads\/2013\/05\/3050-99x150.jpg 99w, https:\/\/museumek.eu\/wp-content\/uploads\/2013\/05\/3050.jpg 532w\" sizes=\"(max-width: 199px) 100vw, 199px\" \/><\/a><\/p>\n<p><a href=\"http:\/\/museumek.eu\/?attachment_id=37887\" rel=\"attachment wp-att-37887\"><img loading=\"lazy\" src=\"http:\/\/museumek.eu\/wp-content\/uploads\/2013\/05\/1133-209x300.jpg\" alt=\"\" title=\"1133\" width=\"209\" height=\"300\" class=\"alignnone size-medium wp-image-37887\" srcset=\"https:\/\/museumek.eu\/wp-content\/uploads\/2013\/05\/1133-209x300.jpg 209w, https:\/\/museumek.eu\/wp-content\/uploads\/2013\/05\/1133-104x150.jpg 104w, https:\/\/museumek.eu\/wp-content\/uploads\/2013\/05\/1133.jpg 405w\" sizes=\"(max-width: 209px) 100vw, 209px\" \/><\/a><\/p>\n<p><a href=\"http:\/\/museumek.eu\/?attachment_id=37892\" rel=\"attachment wp-att-37892\"><img loading=\"lazy\" src=\"http:\/\/museumek.eu\/wp-content\/uploads\/2013\/05\/3051-300x295.jpg\" alt=\"\" title=\"3051\" width=\"300\" height=\"295\" class=\"alignnone size-medium wp-image-37892\" srcset=\"https:\/\/museumek.eu\/wp-content\/uploads\/2013\/05\/3051-300x295.jpg 300w, https:\/\/museumek.eu\/wp-content\/uploads\/2013\/05\/3051-150x147.jpg 150w, https:\/\/museumek.eu\/wp-content\/uploads\/2013\/05\/3051-304x300.jpg 304w, https:\/\/museumek.eu\/wp-content\/uploads\/2013\/05\/3051.jpg 602w\" sizes=\"(max-width: 300px) 100vw, 300px\" \/><\/a><\/p>\n<p><a href=\"http:\/\/museumek.eu\/?attachment_id=37888\" rel=\"attachment wp-att-37888\"><img loading=\"lazy\" src=\"http:\/\/museumek.eu\/wp-content\/uploads\/2013\/05\/1134-300x200.jpg\" alt=\"\" title=\"1134\" width=\"300\" height=\"200\" class=\"alignnone size-medium wp-image-37888\" srcset=\"https:\/\/museumek.eu\/wp-content\/uploads\/2013\/05\/1134-300x200.jpg 300w, https:\/\/museumek.eu\/wp-content\/uploads\/2013\/05\/1134-150x100.jpg 150w, https:\/\/museumek.eu\/wp-content\/uploads\/2013\/05\/1134.jpg 441w\" sizes=\"(max-width: 300px) 100vw, 300px\" \/><\/a><\/p>\n","protected":false},"excerpt":{"rendered":"<p>Abteilung Deutschland, Keramik 1860 \u2013 1960, Inventarnummer D\/LXXXII\/14 Westerw\u00e4lder Steinzeug ohne Fabrikzuordnung, Deutschland, Westerwald, um 1900, Seidel, K\u00fcnstler unbekannt, Werks.-Nr. 824, Exemplar Nr. ohne, gemarkt keine Firmenmarke aber 824 gepresst, nicht signiert, H\u00f6he 13 cm, Breite 14,5 cm<\/p>\n","protected":false},"author":1,"featured_media":0,"parent":27686,"menu_order":15,"comment_status":"closed","ping_status":"open","template":"","meta":[],"_links":{"self":[{"href":"https:\/\/museumek.eu\/index.php?rest_route=\/wp\/v2\/pages\/28090"}],"collection":[{"href":"https:\/\/museumek.eu\/index.php?rest_route=\/wp\/v2\/pages"}],"about":[{"href":"https:\/\/museumek.eu\/index.php?rest_route=\/wp\/v2\/types\/page"}],"author":[{"embeddable":true,"href":"https:\/\/museumek.eu\/index.php?rest_route=\/wp\/v2\/users\/1"}],"replies":[{"embeddable":true,"href":"https:\/\/museumek.eu\/index.php?rest_route=%2Fwp%2Fv2%2Fcomments&post=28090"}],"version-history":[{"count":8,"href":"https:\/\/museumek.eu\/index.php?rest_route=\/wp\/v2\/pages\/28090\/revisions"}],"predecessor-version":[{"id":37921,"href":"https:\/\/museumek.eu\/index.php?rest_route=\/wp\/v2\/pages\/28090\/revisions\/37921"}],"up":[{"embeddable":true,"href":"https:\/\/museumek.eu\/index.php?rest_route=\/wp\/v2\/pages\/27686"}],"wp:attachment":[{"href":"https:\/\/museumek.eu\/index.php?rest_route=%2Fwp%2Fv2%2Fmedia&parent=28090"}],"curies":[{"name":"wp","href":"https:\/\/api.w.org\/{rel}","templated":true}]}}