{"id":28459,"date":"2014-04-05T21:43:35","date_gmt":"2014-04-05T19:43:35","guid":{"rendered":"http:\/\/museumek.eu\/?page_id=28459"},"modified":"2020-10-03T17:37:36","modified_gmt":"2020-10-03T15:37:36","slug":"dliii7","status":"publish","type":"page","link":"https:\/\/museumek.eu\/?page_id=28459","title":{"rendered":"D\/LIII\/7"},"content":{"rendered":"<p><strong>Abteilung Deutschland, Keramik 1860 \u2013 1960, Inventarnummer D\/LIII\/7<\/strong><\/p>\n<p>Steingut- und Steinzeugfabrik, Kunstt\u00f6pferei, Zinngie\u00dferei Merkelbach &#038; Wick und Nachfolger Steingutfabrik Wick Werke AG, Vereinigte Fabriken Merkelbach &#038; Wick und Merkelbach, Stadelmann &#038; Co., Deutschland, Grenzhausen, 1908, Krug, K\u00fcnstler Franz Ringer, Werks.-Nr. ohne, Exemplar Nr. ohne, gemarkt Firmenmarke Rundstempel mit M &#038; W sowie Gr. (f\u00fcr Merkelbach, Wick, Grenzhausen), XX sowie \u00bd L. \u00fcber Eichstrich gepresst, Schellenberg\u2019s Kaisermagazin Frankfurt a. M roter Stempel, F.R (f\u00fcr Franz Ringer) schwarz gemalt, signiert F.R, Literatur: Gisela Reineking von Bock, Meister der deutschen Keramik, Seite 329, Marke Nr. 214 identisch, weitere Literatur: J\u00fcrgen Schimanski und J\u00fcrgen Erlebach, Westerw\u00e4lder Steinzeug, Die Neue \u00c4ra, Seite 109, Fabrikbeschreibung sowie Marke Nr. 36 identisch, weitere Literatur: J\u00fcrgen Schimanski, Braun geflammt und grau gesalzen, Seite 216, Marke Nr. 36 identisch, weitere Literatur: Beate Dry-von Zezschwitz, Westerw\u00e4lder Steinzug des Jugendstils I, Reinhold Merkelbach, Spezialpreisliste 1905, Seite 10 ff., Fabrikbeschreibung, der 1840 geborene Friedrich Wilhelm Merkelbach (gest. 1896) betrieb eine Kannenb\u00e4ckerei oder bereits eine keramische Fabrik, die unter dem Namen F. W. Merkelbach II. firmierte, 1872 (oder 1874) nimmt Friedrich Wilhelm Merkelbach den Bildhauer (Johann) Georg Peter Wick (geb. 1837, gest. 1914) in die Firma auf, die Firmierung \u00e4ndert sich in Steingut- und Steinzeugfabrik, Kunstt\u00f6pferei, Zinngie\u00dferei Merkelbach &#038; Wick, ab 1882\/1883 produzieren Sie als eine der ersten Westerw\u00e4lder Fabriken Elfenbeinsteinzeug, \u00fcber die H\u00e4lfte der Produktion wird in die USA exportiert, in der Zeit von 1886 bis 1897 liefert die Fabrik Halbfertigerzeugnisse an die keramische Fabrik von Hauber &#038; Reuther, Jugenstilk\u00fcnstler wie Peter Behrens und Henry van de Velde liefern um 1900 herausragende Entw\u00fcrfe, 1895 tritt Wicks Sohn (und evtl. gleichzeitig Merkelbachs Schwiegersohn) Ludwig Konrad Wick in die Fabrik ein und \u00fcbernimmt sicher zeitnah auch deren Leitung, bis er 1910\/1911 die Leitung an seine Frau Emma abgibt, 1921\/1922 fusioniert die Fabrik mit der um 1867 in Grenzhausen von Friedrich Wilhelm Merkelbach, Theodor Stadelmann und Julius Schr\u00f6der als Mahl- und Schleifsteinfabrik gegr\u00fcndeten Fabrik Merkelbach, Stadelmann &#038; Co. (wahrscheinlich war Konrad Wicks Frau Emma bereits Miteigent\u00fcmer dieser Fabrik) zur Steingutfabrik Wick Werke AG, Vereinigte Fabriken Merkelbach &#038; Wick und Merkelbach, Stadelmann &#038; Co., die Fabrik bestand rund 100 Jahre, offizieller Festkrug des XI. Deutschen Turnfest 1908 in Frankfurt a. M., Bestellung und Vertrieb \u00fcber das Frankfurter Handelshaus Schellenberg\u2019s Kaisermagazin, k\u00fcnstlerische Zinnmontur und Zinndeckel wohl auch Entwurf Franz Ringer, <strong>dieser 1,6 cm breite und 0,9 cm hohe \u00bd L. \u00fcber Eichstrich Stempel dient als Identifizierungsstempel f\u00fcr den Herstellernachweis nicht mit der Fabrikmarke versehener \u00bd Liter Seidel der Fabrik Merkelbach &#038; Wick<strong>, H\u00f6he 13 cm, Breite 14cm (nur die Keramik)<\/p>\n<p><a href=\"http:\/\/museumek.eu\/?attachment_id=38723\" rel=\"attachment wp-att-38723\"><img loading=\"lazy\" src=\"http:\/\/museumek.eu\/wp-content\/uploads\/2014\/08\/1789-172x300.jpg\" alt=\"\" title=\"1789\" width=\"172\" height=\"300\" class=\"alignnone size-medium wp-image-38723\" srcset=\"https:\/\/museumek.eu\/wp-content\/uploads\/2014\/08\/1789-172x300.jpg 172w, https:\/\/museumek.eu\/wp-content\/uploads\/2014\/08\/1789-86x150.jpg 86w\" sizes=\"(max-width: 172px) 100vw, 172px\" \/><\/a><\/p>\n<p><a href=\"http:\/\/museumek.eu\/?attachment_id=38724\" rel=\"attachment wp-att-38724\"><img loading=\"lazy\" src=\"http:\/\/museumek.eu\/wp-content\/uploads\/2014\/08\/1790-193x300.jpg\" alt=\"\" title=\"1790\" width=\"193\" height=\"300\" class=\"alignnone size-medium wp-image-38724\" srcset=\"https:\/\/museumek.eu\/wp-content\/uploads\/2014\/08\/1790-193x300.jpg 193w, https:\/\/museumek.eu\/wp-content\/uploads\/2014\/08\/1790-96x150.jpg 96w, https:\/\/museumek.eu\/wp-content\/uploads\/2014\/08\/1790.jpg 517w\" sizes=\"(max-width: 193px) 100vw, 193px\" \/><\/a><\/p>\n<p><a href=\"http:\/\/museumek.eu\/?attachment_id=38725\" rel=\"attachment wp-att-38725\"><img loading=\"lazy\" src=\"http:\/\/museumek.eu\/wp-content\/uploads\/2014\/08\/1791-190x300.jpg\" alt=\"\" title=\"1791\" width=\"190\" height=\"300\" class=\"alignnone size-medium wp-image-38725\" srcset=\"https:\/\/museumek.eu\/wp-content\/uploads\/2014\/08\/1791-190x300.jpg 190w, https:\/\/museumek.eu\/wp-content\/uploads\/2014\/08\/1791-95x150.jpg 95w, https:\/\/museumek.eu\/wp-content\/uploads\/2014\/08\/1791.jpg 507w\" sizes=\"(max-width: 190px) 100vw, 190px\" \/><\/a><\/p>\n<p><a href=\"http:\/\/museumek.eu\/?attachment_id=38726\" rel=\"attachment wp-att-38726\"><img loading=\"lazy\" src=\"http:\/\/museumek.eu\/wp-content\/uploads\/2014\/08\/1792-300x277.jpg\" alt=\"\" title=\"1792\" width=\"300\" height=\"277\" class=\"alignnone size-medium wp-image-38726\" srcset=\"https:\/\/museumek.eu\/wp-content\/uploads\/2014\/08\/1792-300x277.jpg 300w, https:\/\/museumek.eu\/wp-content\/uploads\/2014\/08\/1792-150x138.jpg 150w, https:\/\/museumek.eu\/wp-content\/uploads\/2014\/08\/1792-324x300.jpg 324w, https:\/\/museumek.eu\/wp-content\/uploads\/2014\/08\/1792.jpg 648w\" sizes=\"(max-width: 300px) 100vw, 300px\" \/><\/a><\/p>\n<p><a href=\"http:\/\/museumek.eu\/?attachment_id=38727\" rel=\"attachment wp-att-38727\"><img loading=\"lazy\" src=\"http:\/\/museumek.eu\/wp-content\/uploads\/2014\/08\/1794-300x221.jpg\" alt=\"\" title=\"1794\" width=\"300\" height=\"221\" class=\"alignnone size-medium wp-image-38727\" srcset=\"https:\/\/museumek.eu\/wp-content\/uploads\/2014\/08\/1794-300x221.jpg 300w, https:\/\/museumek.eu\/wp-content\/uploads\/2014\/08\/1794-150x110.jpg 150w, https:\/\/museumek.eu\/wp-content\/uploads\/2014\/08\/1794-406x300.jpg 406w, https:\/\/museumek.eu\/wp-content\/uploads\/2014\/08\/1794.jpg 711w\" sizes=\"(max-width: 300px) 100vw, 300px\" \/><\/a><\/p>\n<p><a href=\"http:\/\/museumek.eu\/?attachment_id=38728\" rel=\"attachment wp-att-38728\"><img loading=\"lazy\" src=\"http:\/\/museumek.eu\/wp-content\/uploads\/2014\/08\/1793-265x300.jpg\" alt=\"\" title=\"1793\" width=\"265\" height=\"300\" class=\"alignnone size-medium wp-image-38728\" srcset=\"https:\/\/museumek.eu\/wp-content\/uploads\/2014\/08\/1793-265x300.jpg 265w, https:\/\/museumek.eu\/wp-content\/uploads\/2014\/08\/1793-132x150.jpg 132w, https:\/\/museumek.eu\/wp-content\/uploads\/2014\/08\/1793.jpg 600w\" sizes=\"(max-width: 265px) 100vw, 265px\" \/><\/a><\/p>\n<p><a href=\"http:\/\/museumek.eu\/?attachment_id=38729\" rel=\"attachment wp-att-38729\"><img loading=\"lazy\" src=\"http:\/\/museumek.eu\/wp-content\/uploads\/2014\/08\/1795-292x300.jpg\" alt=\"\" title=\"1795\" width=\"292\" height=\"300\" class=\"alignnone size-medium wp-image-38729\" srcset=\"https:\/\/museumek.eu\/wp-content\/uploads\/2014\/08\/1795-292x300.jpg 292w, https:\/\/museumek.eu\/wp-content\/uploads\/2014\/08\/1795-146x150.jpg 146w, https:\/\/museumek.eu\/wp-content\/uploads\/2014\/08\/1795.jpg 600w\" sizes=\"(max-width: 292px) 100vw, 292px\" \/><\/a><\/p>\n<p><a href=\"http:\/\/museumek.eu\/?attachment_id=38730\" rel=\"attachment wp-att-38730\"><img loading=\"lazy\" src=\"http:\/\/museumek.eu\/wp-content\/uploads\/2014\/08\/1796-300x200.jpg\" alt=\"\" title=\"1796\" width=\"300\" height=\"200\" class=\"alignnone size-medium wp-image-38730\" srcset=\"https:\/\/museumek.eu\/wp-content\/uploads\/2014\/08\/1796-300x200.jpg 300w, https:\/\/museumek.eu\/wp-content\/uploads\/2014\/08\/1796-150x100.jpg 150w, https:\/\/museumek.eu\/wp-content\/uploads\/2014\/08\/1796-448x300.jpg 448w, https:\/\/museumek.eu\/wp-content\/uploads\/2014\/08\/1796.jpg 800w\" sizes=\"(max-width: 300px) 100vw, 300px\" \/><\/a><\/p>\n<p><a href=\"http:\/\/museumek.eu\/?attachment_id=38731\" rel=\"attachment wp-att-38731\"><img loading=\"lazy\" src=\"http:\/\/museumek.eu\/wp-content\/uploads\/2014\/08\/1797-300x272.jpg\" alt=\"\" title=\"1797\" width=\"300\" height=\"272\" class=\"alignnone size-medium wp-image-38731\" srcset=\"https:\/\/museumek.eu\/wp-content\/uploads\/2014\/08\/1797-300x272.jpg 300w, https:\/\/museumek.eu\/wp-content\/uploads\/2014\/08\/1797-150x136.jpg 150w, https:\/\/museumek.eu\/wp-content\/uploads\/2014\/08\/1797-330x300.jpg 330w, https:\/\/museumek.eu\/wp-content\/uploads\/2014\/08\/1797.jpg 661w\" sizes=\"(max-width: 300px) 100vw, 300px\" \/><\/a><\/p>\n","protected":false},"excerpt":{"rendered":"<p>Abteilung Deutschland, Keramik 1860 \u2013 1960, Inventarnummer D\/LIII\/7 Steingut- und Steinzeugfabrik, Kunstt\u00f6pferei, Zinngie\u00dferei Merkelbach &#038; Wick und Nachfolger Steingutfabrik Wick Werke AG, Vereinigte Fabriken Merkelbach &#038; Wick und Merkelbach, Stadelmann &#038; Co., Deutschland, Grenzhausen, 1908, Krug, K\u00fcnstler Franz Ringer, Werks.-Nr. &hellip; <a href=\"https:\/\/museumek.eu\/?page_id=28459\">Weiterlesen <span class=\"meta-nav\">&rarr;<\/span><\/a><\/p>\n","protected":false},"author":1,"featured_media":0,"parent":12474,"menu_order":7,"comment_status":"closed","ping_status":"open","template":"","meta":[],"_links":{"self":[{"href":"https:\/\/museumek.eu\/index.php?rest_route=\/wp\/v2\/pages\/28459"}],"collection":[{"href":"https:\/\/museumek.eu\/index.php?rest_route=\/wp\/v2\/pages"}],"about":[{"href":"https:\/\/museumek.eu\/index.php?rest_route=\/wp\/v2\/types\/page"}],"author":[{"embeddable":true,"href":"https:\/\/museumek.eu\/index.php?rest_route=\/wp\/v2\/users\/1"}],"replies":[{"embeddable":true,"href":"https:\/\/museumek.eu\/index.php?rest_route=%2Fwp%2Fv2%2Fcomments&post=28459"}],"version-history":[{"count":17,"href":"https:\/\/museumek.eu\/index.php?rest_route=\/wp\/v2\/pages\/28459\/revisions"}],"predecessor-version":[{"id":49996,"href":"https:\/\/museumek.eu\/index.php?rest_route=\/wp\/v2\/pages\/28459\/revisions\/49996"}],"up":[{"embeddable":true,"href":"https:\/\/museumek.eu\/index.php?rest_route=\/wp\/v2\/pages\/12474"}],"wp:attachment":[{"href":"https:\/\/museumek.eu\/index.php?rest_route=%2Fwp%2Fv2%2Fmedia&parent=28459"}],"curies":[{"name":"wp","href":"https:\/\/api.w.org\/{rel}","templated":true}]}}