{"id":29056,"date":"2014-04-18T13:01:02","date_gmt":"2014-04-18T11:01:02","guid":{"rendered":"http:\/\/museumek.eu\/?page_id=29056"},"modified":"2015-09-13T17:29:57","modified_gmt":"2015-09-13T15:29:57","slug":"kurzbiografie-und-inventar-zum-kunstler","status":"publish","type":"page","link":"https:\/\/museumek.eu\/?page_id=29056","title":{"rendered":"Kurzbiografie und Inventar zum K\u00fcnstler"},"content":{"rendered":"<p>Werner Knauf wurde am 10.03.1895 in Heidelberg geboren. Er starb am 29.09.1959 in Ittersbach (heute Karlsbad). Von 1912 bis 1915 absolvierte Knauf eine T\u00f6pferlehre bei Hafnermeister Henning in Oberschefflenz. 1915 bis 1918 arbeitete Knauf f\u00fcr die Firma Sch\u00fctte und Lanz in Mannheim, danach f\u00fcr ein Jahr f\u00fcr das Steinzeugwerk Friedrichsfeld. Dort absolvierte er auch die Meisterpr\u00fcfung als T\u00f6pfer. 1920 wird er Betriebsleiter der S\u00e4chsischen Edelkeramik in Karlsruhe, Beiertheim. 1926 \u00fcbernimmt er diese Firma und gr\u00fcndet die Knauf-Keramik. Knauf exportiert in 17 L\u00e4nder. 1942\/1943 wird die Werkstatt durch Bombenangriffe zumindest zum Teil zerst\u00f6rt. 1950 zieht Knauf mit seiner Werkstatt nach Ittersbach (heute Karlsbad) bei Karlsruhe um und sein Sohn Dr. Horst Knauf (Chemiker und Keramiker) arbeitet in der Werkstatt mit. 1959 verstirbt Werner Knauf und Dr. Horst Knauf \u00fcbernimmt die Werkstatt. Werner Knauf war einer der gro\u00dfen Keramiker seiner Zeit. Er experimentierte viel mit Glasuren und entwickelte Glasur technische H\u00f6chstleistungen zum Beispiel auch L\u00fcsterglasuren \u00e4hnlich denen der Massier&#8217;s.<\/p>\n<p><strong>Abteilung Deutschland, Keramik 1860 \u2013 1960, Inventarnummer D\/CVIII\/1<\/strong><\/p>\n<p>Knauf-Keramik, Deutschland, Karlsruhe, Beiertheim, 1946, Vase, K\u00fcnstler Werner Knauf, Werks.-Nr. ohne, Exemplar Nr. ohne, gemarkt Firmenmarke Schwertknauf in einem Wappenschild gepresst, Knauf sowie 1946 geritzt,signiert Knauf, Literatur: Gisela Reineking von Bock, Meister der deutschen Keramik 1900 bis 1950, Seite 181 ff., Beschreibung der Fabrik, Abbildung 338 identische Vase, Bestand des Badischen Landesmuseum, Inv.Nr. 73\/117 sowie Seite 323, Marke Nr. 110 identisch, weitere Literatur: Walther Franzius, in Jahrbuch der staatlichen Kunstsammlungen in Baden-W\u00fcrttemberg Band 12, Jahr 1975, Werner Knauf \u2013 Ein zu Unrecht vergessener Keramiker, Seiten 205 \u2013 212 sowie Abbildung 9, Werner Knauf arbeitete von 1920 bis 1926 f\u00fcr die Firma S\u00e4chsische Edelkeramik in Karlsruhe, Beiertheim, 1926 \u00fcbernahm er die Firma und gr\u00fcndete die Knauf-Keramik, Knauf exportierte in 17 L\u00e4nder, 1942\/1943 wurde die Werkstatt durch Bombenangriffe zumindest zum Teil zerst\u00f6rt, das MEK Exemplar und das Exemplar des Badischen Landesmuseum bezeugen, dass Knauf zumindest 1946 wieder in dieser Werkstatt t\u00e4tig war, 1950 zog Knauf mit seiner Werkstatt nach Ittersbach (heute Karlsbad) bei Karlsruhe um und sein Sohn Dr. Horst Knauf arbeitete in der Werkstatt mit, 1959 verstarb Werner Knauf und Dr. Horst Knauf \u00fcbernahm die Werkstatt, Ausf\u00fchrung als hellgrauer Scherben, gedreht, balusterf\u00f6rmige Vase mit Standring, sang de boeuf Glasur, l\u00fcstrierend, Kupferoxidmalerei,<br \/>\nH\u00f6he 42 cm, Breite 26 cm<\/p>\n<p><a href=\"http:\/\/museumek.eu\/?attachment_id=29043\" rel=\"attachment wp-att-29043\"><img loading=\"lazy\" src=\"http:\/\/museumek.eu\/wp-content\/uploads\/2014\/04\/367-188x300.jpg\" alt=\"\" title=\"367\" width=\"188\" height=\"300\" class=\"alignnone size-medium wp-image-29043\" srcset=\"https:\/\/museumek.eu\/wp-content\/uploads\/2014\/04\/367-188x300.jpg 188w, https:\/\/museumek.eu\/wp-content\/uploads\/2014\/04\/367-94x150.jpg 94w, https:\/\/museumek.eu\/wp-content\/uploads\/2014\/04\/367.jpg 490w\" sizes=\"(max-width: 188px) 100vw, 188px\" \/><\/a><\/p>\n<p><a href=\"http:\/\/museumek.eu\/?attachment_id=29044\" rel=\"attachment wp-att-29044\"><img loading=\"lazy\" src=\"http:\/\/museumek.eu\/wp-content\/uploads\/2014\/04\/366-176x300.jpg\" alt=\"\" title=\"366\" width=\"176\" height=\"300\" class=\"alignnone size-medium wp-image-29044\" srcset=\"https:\/\/museumek.eu\/wp-content\/uploads\/2014\/04\/366-176x300.jpg 176w, https:\/\/museumek.eu\/wp-content\/uploads\/2014\/04\/366-88x150.jpg 88w, https:\/\/museumek.eu\/wp-content\/uploads\/2014\/04\/366.jpg 390w\" sizes=\"(max-width: 176px) 100vw, 176px\" \/><\/a><\/p>\n<p><a href=\"http:\/\/museumek.eu\/?attachment_id=29045\" rel=\"attachment wp-att-29045\"><img loading=\"lazy\" src=\"http:\/\/museumek.eu\/wp-content\/uploads\/2014\/04\/368-297x300.jpg\" alt=\"\" title=\"368\" width=\"297\" height=\"300\" class=\"alignnone size-medium wp-image-29045\" srcset=\"https:\/\/museumek.eu\/wp-content\/uploads\/2014\/04\/368-297x300.jpg 297w, https:\/\/museumek.eu\/wp-content\/uploads\/2014\/04\/368-148x150.jpg 148w, https:\/\/museumek.eu\/wp-content\/uploads\/2014\/04\/368.jpg 473w\" sizes=\"(max-width: 297px) 100vw, 297px\" \/><\/a><\/p>\n<p><a href=\"http:\/\/museumek.eu\/?attachment_id=29046\" rel=\"attachment wp-att-29046\"><img loading=\"lazy\" src=\"http:\/\/museumek.eu\/wp-content\/uploads\/2014\/04\/369-221x300.jpg\" alt=\"\" title=\"369\" width=\"221\" height=\"300\" class=\"alignnone size-medium wp-image-29046\" srcset=\"https:\/\/museumek.eu\/wp-content\/uploads\/2014\/04\/369-221x300.jpg 221w, https:\/\/museumek.eu\/wp-content\/uploads\/2014\/04\/369-110x150.jpg 110w, https:\/\/museumek.eu\/wp-content\/uploads\/2014\/04\/369.jpg 314w\" sizes=\"(max-width: 221px) 100vw, 221px\" \/><\/a><\/p>\n<p><strong>Abteilung Deutschland, Keramik 1860 \u2013 1960, Inventarnummer D\/CVIII\/2<\/strong><\/p>\n<p>Knauf-Keramik, Deutschland, Karlsruhe, Beiertheim, um 1930, Wandteller, K\u00fcnstler Werner Knauf, Werks.-Nr. ohne, Exemplar Nr. ohne, gemarkt Firmenmarke Schwertknauf in einem Wappenschild (Marke schwer lesbar) gepresst, nicht signiert, Literatur: Gisela Reineking von Bock, Meister der deutschen Keramik 1900 bis 1950, Seite 181 ff., Beschreibung der Fabrik sowie Seite 323, Marke Nr. 110 identisch, weitere Literatur: Walther Franzius, in Jahrbuch der staatlichen Kunstsammlungen in Baden-W\u00fcrttemberg Band 12, Jahr 1975, Werner Knauf \u2013 Ein zu Unrecht vergessener Keramiker, Seiten 205 \u2013 212, Werner Knauf arbeitete von 1920 bis 1926 f\u00fcr die Firma S\u00e4chsische Edelkeramik in Karlsruhe, Beiertheim, 1926 \u00fcbernahm er die Firma und gr\u00fcndete die Knauf-Keramik, Knauf exportierte in 17 L\u00e4nder, 1942\/1943 wurde die Werkstatt durch Bombenangriffe zumindest zum Teil zerst\u00f6rt, das MEK Exemplar D\/CVIII\/1 bezeugt, dass Knauf zumindest 1946 wieder in dieser Werkstatt t\u00e4tig war, 1950 zog Knauf mit seiner Werkstatt nach Ittersbach (heute Karlsbad) bei Karlsruhe um und sein Sohn Dr. Horst Knauf arbeitete in der Werkstatt mit, 1959 verstarb Werner Knauf und Dr. Horst Knauf \u00fcbernahm die Werkstatt, Durchmesser 31 cm<\/p>\n<p><a href=\"http:\/\/museumek.eu\/?attachment_id=45139\" rel=\"attachment wp-att-45139\"><img loading=\"lazy\" src=\"http:\/\/museumek.eu\/wp-content\/uploads\/2015\/09\/4522-292x300.jpg\" alt=\"\" title=\"4522\" width=\"292\" height=\"300\" class=\"alignnone size-medium wp-image-45139\" srcset=\"https:\/\/museumek.eu\/wp-content\/uploads\/2015\/09\/4522-292x300.jpg 292w, https:\/\/museumek.eu\/wp-content\/uploads\/2015\/09\/4522-146x150.jpg 146w, https:\/\/museumek.eu\/wp-content\/uploads\/2015\/09\/4522.jpg 600w\" sizes=\"(max-width: 292px) 100vw, 292px\" \/><\/a><\/p>\n<p><a href=\"http:\/\/museumek.eu\/?attachment_id=45140\" rel=\"attachment wp-att-45140\"><img loading=\"lazy\" src=\"http:\/\/museumek.eu\/wp-content\/uploads\/2015\/09\/4523-300x225.jpg\" alt=\"\" title=\"4523\" width=\"300\" height=\"225\" class=\"alignnone size-medium wp-image-45140\" srcset=\"https:\/\/museumek.eu\/wp-content\/uploads\/2015\/09\/4523-300x225.jpg 300w, https:\/\/museumek.eu\/wp-content\/uploads\/2015\/09\/4523-150x112.jpg 150w, https:\/\/museumek.eu\/wp-content\/uploads\/2015\/09\/4523-400x300.jpg 400w, https:\/\/museumek.eu\/wp-content\/uploads\/2015\/09\/4523.jpg 800w\" sizes=\"(max-width: 300px) 100vw, 300px\" \/><\/a><\/p>\n<p><a href=\"http:\/\/museumek.eu\/?attachment_id=45141\" rel=\"attachment wp-att-45141\"><img loading=\"lazy\" src=\"http:\/\/museumek.eu\/wp-content\/uploads\/2015\/09\/4524-300x300.jpg\" alt=\"\" title=\"4524\" width=\"300\" height=\"300\" class=\"alignnone size-medium wp-image-45141\" srcset=\"https:\/\/museumek.eu\/wp-content\/uploads\/2015\/09\/4524-300x300.jpg 300w, https:\/\/museumek.eu\/wp-content\/uploads\/2015\/09\/4524-150x150.jpg 150w, https:\/\/museumek.eu\/wp-content\/uploads\/2015\/09\/4524.jpg 601w\" sizes=\"(max-width: 300px) 100vw, 300px\" \/><\/a><\/p>\n<p><a href=\"http:\/\/museumek.eu\/?attachment_id=45142\" rel=\"attachment wp-att-45142\"><img loading=\"lazy\" src=\"http:\/\/museumek.eu\/wp-content\/uploads\/2015\/09\/4525-248x300.jpg\" alt=\"\" title=\"4525\" width=\"248\" height=\"300\" class=\"alignnone size-medium wp-image-45142\" srcset=\"https:\/\/museumek.eu\/wp-content\/uploads\/2015\/09\/4525-248x300.jpg 248w, https:\/\/museumek.eu\/wp-content\/uploads\/2015\/09\/4525-124x150.jpg 124w, https:\/\/museumek.eu\/wp-content\/uploads\/2015\/09\/4525.jpg 452w\" sizes=\"(max-width: 248px) 100vw, 248px\" \/><\/a><\/p>\n<p><a href=\"http:\/\/museumek.eu\/?attachment_id=45143\" rel=\"attachment wp-att-45143\"><img loading=\"lazy\" src=\"http:\/\/museumek.eu\/wp-content\/uploads\/2015\/09\/4526-234x300.jpg\" alt=\"\" title=\"4526\" width=\"234\" height=\"300\" class=\"alignnone size-medium wp-image-45143\" srcset=\"https:\/\/museumek.eu\/wp-content\/uploads\/2015\/09\/4526-234x300.jpg 234w, https:\/\/museumek.eu\/wp-content\/uploads\/2015\/09\/4526-117x150.jpg 117w, https:\/\/museumek.eu\/wp-content\/uploads\/2015\/09\/4526.jpg 566w\" sizes=\"(max-width: 234px) 100vw, 234px\" \/><\/a><\/p>\n","protected":false},"excerpt":{"rendered":"<p>Werner Knauf wurde am 10.03.1895 in Heidelberg geboren. Er starb am 29.09.1959 in Ittersbach (heute Karlsbad). Von 1912 bis 1915 absolvierte Knauf eine T\u00f6pferlehre bei Hafnermeister Henning in Oberschefflenz. 1915 bis 1918 arbeitete Knauf f\u00fcr die Firma Sch\u00fctte und Lanz &hellip; <a href=\"https:\/\/museumek.eu\/?page_id=29056\">Weiterlesen <span class=\"meta-nav\">&rarr;<\/span><\/a><\/p>\n","protected":false},"author":1,"featured_media":0,"parent":29053,"menu_order":1,"comment_status":"closed","ping_status":"open","template":"","meta":[],"_links":{"self":[{"href":"https:\/\/museumek.eu\/index.php?rest_route=\/wp\/v2\/pages\/29056"}],"collection":[{"href":"https:\/\/museumek.eu\/index.php?rest_route=\/wp\/v2\/pages"}],"about":[{"href":"https:\/\/museumek.eu\/index.php?rest_route=\/wp\/v2\/types\/page"}],"author":[{"embeddable":true,"href":"https:\/\/museumek.eu\/index.php?rest_route=\/wp\/v2\/users\/1"}],"replies":[{"embeddable":true,"href":"https:\/\/museumek.eu\/index.php?rest_route=%2Fwp%2Fv2%2Fcomments&post=29056"}],"version-history":[{"count":6,"href":"https:\/\/museumek.eu\/index.php?rest_route=\/wp\/v2\/pages\/29056\/revisions"}],"predecessor-version":[{"id":45153,"href":"https:\/\/museumek.eu\/index.php?rest_route=\/wp\/v2\/pages\/29056\/revisions\/45153"}],"up":[{"embeddable":true,"href":"https:\/\/museumek.eu\/index.php?rest_route=\/wp\/v2\/pages\/29053"}],"wp:attachment":[{"href":"https:\/\/museumek.eu\/index.php?rest_route=%2Fwp%2Fv2%2Fmedia&parent=29056"}],"curies":[{"name":"wp","href":"https:\/\/api.w.org\/{rel}","templated":true}]}}