{"id":30966,"date":"2014-05-27T22:18:35","date_gmt":"2014-05-27T20:18:35","guid":{"rendered":"http:\/\/museumek.eu\/?page_id=30966"},"modified":"2014-05-27T22:21:44","modified_gmt":"2014-05-27T20:21:44","slug":"dcxiii1","status":"publish","type":"page","link":"https:\/\/museumek.eu\/?page_id=30966","title":{"rendered":"D\/CXIII\/1"},"content":{"rendered":"<p><strong>Abteilung Deutschland, Keramik 1860 \u2013 1960, Inventarnummer D\/CXIII\/1<\/strong><\/p>\n<p>Vakars, Deutschland, Geesthacht, um 1900, Vase, K\u00fcnstler unbekannt, Werks.-Nr. ohne, Exemplar Nr. ohne, gemarkt Firmenmarke mit Vakars, Handarbeit sowie Geesthacht gepresst, auf einem alten Papieraufkleber Vakars, Handarbeit, Geesthacht rot gedruckt sowie 0897 (?) schwarz gestempelt, nicht signiert, Vakars ist verwackelt gepresst, \u00fcber diese T\u00f6pferei konnten keine Betriebsdaten recherchiert werden, Hand gedrehter Scherben, innen und au\u00dfen glasiert, Laufglasur, diese altershalber kraqueliert, 0097 kann sowohl als Werksnummer als auch als Herstellungsjahr 1897 interpretiert werden, H\u00f6he 13 cm, Breite 16,5 cm<\/p>\n<p><a href=\"http:\/\/museumek.eu\/?attachment_id=30967\" rel=\"attachment wp-att-30967\"><img loading=\"lazy\" src=\"http:\/\/museumek.eu\/wp-content\/uploads\/2014\/05\/428-300x259.jpg\" alt=\"\" title=\"428\" width=\"300\" height=\"259\" class=\"alignnone size-medium wp-image-30967\" srcset=\"https:\/\/museumek.eu\/wp-content\/uploads\/2014\/05\/428-300x259.jpg 300w, https:\/\/museumek.eu\/wp-content\/uploads\/2014\/05\/428-150x129.jpg 150w, https:\/\/museumek.eu\/wp-content\/uploads\/2014\/05\/428-347x300.jpg 347w, https:\/\/museumek.eu\/wp-content\/uploads\/2014\/05\/428.jpg 549w\" sizes=\"(max-width: 300px) 100vw, 300px\" \/><\/a><\/p>\n<p><a href=\"http:\/\/museumek.eu\/?attachment_id=30968\" rel=\"attachment wp-att-30968\"><img loading=\"lazy\" src=\"http:\/\/museumek.eu\/wp-content\/uploads\/2014\/05\/429-300x280.jpg\" alt=\"\" title=\"429\" width=\"300\" height=\"280\" class=\"alignnone size-medium wp-image-30968\" srcset=\"https:\/\/museumek.eu\/wp-content\/uploads\/2014\/05\/429-300x280.jpg 300w, https:\/\/museumek.eu\/wp-content\/uploads\/2014\/05\/429-150x140.jpg 150w, https:\/\/museumek.eu\/wp-content\/uploads\/2014\/05\/429-320x300.jpg 320w, https:\/\/museumek.eu\/wp-content\/uploads\/2014\/05\/429.jpg 525w\" sizes=\"(max-width: 300px) 100vw, 300px\" \/><\/a><\/p>\n<p><a href=\"http:\/\/museumek.eu\/?attachment_id=30969\" rel=\"attachment wp-att-30969\"><img loading=\"lazy\" src=\"http:\/\/museumek.eu\/wp-content\/uploads\/2014\/05\/430-300x175.jpg\" alt=\"\" title=\"430\" width=\"300\" height=\"175\" class=\"alignnone size-medium wp-image-30969\" srcset=\"https:\/\/museumek.eu\/wp-content\/uploads\/2014\/05\/430-300x175.jpg 300w, https:\/\/museumek.eu\/wp-content\/uploads\/2014\/05\/430-150x87.jpg 150w, https:\/\/museumek.eu\/wp-content\/uploads\/2014\/05\/430-500x292.jpg 500w, https:\/\/museumek.eu\/wp-content\/uploads\/2014\/05\/430.jpg 800w\" sizes=\"(max-width: 300px) 100vw, 300px\" \/><\/a><\/p>\n<p><a href=\"http:\/\/museumek.eu\/?attachment_id=30970\" rel=\"attachment wp-att-30970\"><img loading=\"lazy\" src=\"http:\/\/museumek.eu\/wp-content\/uploads\/2014\/05\/431-300x191.jpg\" alt=\"\" title=\"431\" width=\"300\" height=\"191\" class=\"alignnone size-medium wp-image-30970\" srcset=\"https:\/\/museumek.eu\/wp-content\/uploads\/2014\/05\/431-300x191.jpg 300w, https:\/\/museumek.eu\/wp-content\/uploads\/2014\/05\/431-150x95.jpg 150w, https:\/\/museumek.eu\/wp-content\/uploads\/2014\/05\/431-470x300.jpg 470w, https:\/\/museumek.eu\/wp-content\/uploads\/2014\/05\/431.jpg 800w\" sizes=\"(max-width: 300px) 100vw, 300px\" \/><\/a><\/p>\n","protected":false},"excerpt":{"rendered":"<p>Abteilung Deutschland, Keramik 1860 \u2013 1960, Inventarnummer D\/CXIII\/1 Vakars, Deutschland, Geesthacht, um 1900, Vase, K\u00fcnstler unbekannt, Werks.-Nr. ohne, Exemplar Nr. ohne, gemarkt Firmenmarke mit Vakars, Handarbeit sowie Geesthacht gepresst, auf einem alten Papieraufkleber Vakars, Handarbeit, Geesthacht rot gedruckt sowie 0897 &hellip; <a href=\"https:\/\/museumek.eu\/?page_id=30966\">Weiterlesen <span class=\"meta-nav\">&rarr;<\/span><\/a><\/p>\n","protected":false},"author":1,"featured_media":0,"parent":30963,"menu_order":1,"comment_status":"closed","ping_status":"open","template":"","meta":[],"_links":{"self":[{"href":"https:\/\/museumek.eu\/index.php?rest_route=\/wp\/v2\/pages\/30966"}],"collection":[{"href":"https:\/\/museumek.eu\/index.php?rest_route=\/wp\/v2\/pages"}],"about":[{"href":"https:\/\/museumek.eu\/index.php?rest_route=\/wp\/v2\/types\/page"}],"author":[{"embeddable":true,"href":"https:\/\/museumek.eu\/index.php?rest_route=\/wp\/v2\/users\/1"}],"replies":[{"embeddable":true,"href":"https:\/\/museumek.eu\/index.php?rest_route=%2Fwp%2Fv2%2Fcomments&post=30966"}],"version-history":[{"count":7,"href":"https:\/\/museumek.eu\/index.php?rest_route=\/wp\/v2\/pages\/30966\/revisions"}],"predecessor-version":[{"id":30977,"href":"https:\/\/museumek.eu\/index.php?rest_route=\/wp\/v2\/pages\/30966\/revisions\/30977"}],"up":[{"embeddable":true,"href":"https:\/\/museumek.eu\/index.php?rest_route=\/wp\/v2\/pages\/30963"}],"wp:attachment":[{"href":"https:\/\/museumek.eu\/index.php?rest_route=%2Fwp%2Fv2%2Fmedia&parent=30966"}],"curies":[{"name":"wp","href":"https:\/\/api.w.org\/{rel}","templated":true}]}}