{"id":31479,"date":"2014-06-07T13:20:30","date_gmt":"2014-06-07T11:20:30","guid":{"rendered":"http:\/\/museumek.eu\/?page_id=31479"},"modified":"2014-06-07T13:20:30","modified_gmt":"2014-06-07T11:20:30","slug":"dxlix4","status":"publish","type":"page","link":"https:\/\/museumek.eu\/?page_id=31479","title":{"rendered":"D\/XLIX\/4"},"content":{"rendered":"<p><strong>Abteilung Deutschland, Keramik 1860 \u2013 1960, Inventarnummer D\/XLIX\/4<\/strong><\/p>\n<p>Simon Peter Gerz I. GmbH Fabrik fein verzierter Gebrauchs- und Luxusgegenst\u00e4nde und Vorg\u00e4nger Simon Peter Gerz I. Fabrik antiker reichverzierter Steinzeugwaaren, Deutschland, H\u00f6hr, um 1909, Dose, K\u00fcnstler Albin M\u00fcller, Werks.-Nr. 1711, Exemplar Nr. ohne, gemarkt keine Fabrikmarke (oder diese ist von der dicken blauen Glasur verdeckt) aber 1711 gepresst, nicht signiert, Literatur: J\u00fcrgen Schimanski und J\u00fcrgen Erlebach, Westerw\u00e4lder Steinzeug, Die Neue \u00c4ra, Seite 44 ff., Fabrikbeschreibung, weitere Literatur: J\u00fcrgen Schimanski, Braun geflammt und grau gesalzen, Seite 79, Abbildung Nr. 88, identische 3 cm h\u00f6here Dose, bezeichnet mit Entwurf: Albi M\u00fcller um 1909, Ausf\u00fchrung: S. P. Gerz, Modellnummer 1711, die Fabrik wurde 1857 von Simon Peter Gerz I (geb. 13.09.1830, gest. 12.09.1893) gegr\u00fcndet, die Registereintragung erfolgte aber erst 1862, insofern ist das Jahr 1862 das amtliche Gr\u00fcndungsdatum, bisher konnte in keiner Literatur eine Erkl\u00e4rung gefunden werden, warum Gerz seinem Namen eine r\u00f6mische I anf\u00fcgte, recherchiert werden konnte, dass es noch einen Steinzeugfabrikanten namens Simon Peter Gerz II (geb. 1833, gest. 1908) gab und dass dieser der Vater von Alois Jacob Gerz, dem Mitbegr\u00fcnder der Steinzeugfabrik Rosskopf &#038; Gerz war, 1867 erhielt die Fabrik das Pr\u00e4dikat eines Hoflieferanten des Herzog von Nassau, 1893 (Gerz Tod) wurde der Schwiegersohn Alphons William Loetschert Inhaber, sehr wahrscheinlich wurde um diese Zeit auch die Fabrikmarke SPG I in einem Kreis in die Dreieckmarke mit einem Krug ge\u00e4ndert, sp\u00e4testens aber sicher 1897, 1897 wurde die Pfeiffenfabrik M\u00fcllenbach &#038; Thewalt Mitinhaber und eine GmbH wurde gegr\u00fcndet (Gr\u00fcndungsdatum: 05.08.1897), die Fabrik bestand bis 1997, Ausf\u00fchrung als Feinsteinzeug kobaltblau glasiert, H\u00f6he 10 cm, Breite 9,5 cm<\/p>\n<p><a href=\"http:\/\/museumek.eu\/?attachment_id=31480\" rel=\"attachment wp-att-31480\"><img loading=\"lazy\" src=\"http:\/\/museumek.eu\/wp-content\/uploads\/2014\/06\/414-263x300.jpg\" alt=\"\" title=\"414\" width=\"263\" height=\"300\" class=\"alignnone size-medium wp-image-31480\" srcset=\"https:\/\/museumek.eu\/wp-content\/uploads\/2014\/06\/414-263x300.jpg 263w, https:\/\/museumek.eu\/wp-content\/uploads\/2014\/06\/414-131x150.jpg 131w, https:\/\/museumek.eu\/wp-content\/uploads\/2014\/06\/414.jpg 488w\" sizes=\"(max-width: 263px) 100vw, 263px\" \/><\/a><\/p>\n<p><a href=\"http:\/\/museumek.eu\/?attachment_id=31481\" rel=\"attachment wp-att-31481\"><img loading=\"lazy\" src=\"http:\/\/museumek.eu\/wp-content\/uploads\/2014\/06\/415-277x300.jpg\" alt=\"\" title=\"415\" width=\"277\" height=\"300\" class=\"alignnone size-medium wp-image-31481\" srcset=\"https:\/\/museumek.eu\/wp-content\/uploads\/2014\/06\/415-277x300.jpg 277w, https:\/\/museumek.eu\/wp-content\/uploads\/2014\/06\/415-138x150.jpg 138w, https:\/\/museumek.eu\/wp-content\/uploads\/2014\/06\/415.jpg 477w\" sizes=\"(max-width: 277px) 100vw, 277px\" \/><\/a><\/p>\n<p><a href=\"http:\/\/museumek.eu\/?attachment_id=31482\" rel=\"attachment wp-att-31482\"><img loading=\"lazy\" src=\"http:\/\/museumek.eu\/wp-content\/uploads\/2014\/06\/416-160x300.jpg\" alt=\"\" title=\"416\" width=\"160\" height=\"300\" class=\"alignnone size-medium wp-image-31482\" srcset=\"https:\/\/museumek.eu\/wp-content\/uploads\/2014\/06\/416-160x300.jpg 160w, https:\/\/museumek.eu\/wp-content\/uploads\/2014\/06\/416-80x150.jpg 80w, https:\/\/museumek.eu\/wp-content\/uploads\/2014\/06\/416.jpg 375w\" sizes=\"(max-width: 160px) 100vw, 160px\" \/><\/a><\/p>\n<p><a href=\"http:\/\/museumek.eu\/?attachment_id=31483\" rel=\"attachment wp-att-31483\"><img loading=\"lazy\" src=\"http:\/\/museumek.eu\/wp-content\/uploads\/2014\/06\/418-212x300.jpg\" alt=\"\" title=\"418\" width=\"212\" height=\"300\" class=\"alignnone size-medium wp-image-31483\" srcset=\"https:\/\/museumek.eu\/wp-content\/uploads\/2014\/06\/418-212x300.jpg 212w, https:\/\/museumek.eu\/wp-content\/uploads\/2014\/06\/418-106x150.jpg 106w, https:\/\/museumek.eu\/wp-content\/uploads\/2014\/06\/418.jpg 379w\" sizes=\"(max-width: 212px) 100vw, 212px\" \/><\/a><\/p>\n<p><a href=\"http:\/\/museumek.eu\/?attachment_id=31484\" rel=\"attachment wp-att-31484\"><img loading=\"lazy\" src=\"http:\/\/museumek.eu\/wp-content\/uploads\/2014\/06\/417-300x185.jpg\" alt=\"\" title=\"417\" width=\"300\" height=\"185\" class=\"alignnone size-medium wp-image-31484\" srcset=\"https:\/\/museumek.eu\/wp-content\/uploads\/2014\/06\/417-300x185.jpg 300w, https:\/\/museumek.eu\/wp-content\/uploads\/2014\/06\/417-150x92.jpg 150w, https:\/\/museumek.eu\/wp-content\/uploads\/2014\/06\/417-484x300.jpg 484w, https:\/\/museumek.eu\/wp-content\/uploads\/2014\/06\/417.jpg 486w\" sizes=\"(max-width: 300px) 100vw, 300px\" \/><\/a><\/p>\n","protected":false},"excerpt":{"rendered":"<p>Abteilung Deutschland, Keramik 1860 \u2013 1960, Inventarnummer D\/XLIX\/4 Simon Peter Gerz I. GmbH Fabrik fein verzierter Gebrauchs- und Luxusgegenst\u00e4nde und Vorg\u00e4nger Simon Peter Gerz I. Fabrik antiker reichverzierter Steinzeugwaaren, Deutschland, H\u00f6hr, um 1909, Dose, K\u00fcnstler Albin M\u00fcller, Werks.-Nr. 1711, Exemplar &hellip; <a href=\"https:\/\/museumek.eu\/?page_id=31479\">Weiterlesen <span class=\"meta-nav\">&rarr;<\/span><\/a><\/p>\n","protected":false},"author":1,"featured_media":0,"parent":11558,"menu_order":4,"comment_status":"closed","ping_status":"open","template":"","meta":[],"_links":{"self":[{"href":"https:\/\/museumek.eu\/index.php?rest_route=\/wp\/v2\/pages\/31479"}],"collection":[{"href":"https:\/\/museumek.eu\/index.php?rest_route=\/wp\/v2\/pages"}],"about":[{"href":"https:\/\/museumek.eu\/index.php?rest_route=\/wp\/v2\/types\/page"}],"author":[{"embeddable":true,"href":"https:\/\/museumek.eu\/index.php?rest_route=\/wp\/v2\/users\/1"}],"replies":[{"embeddable":true,"href":"https:\/\/museumek.eu\/index.php?rest_route=%2Fwp%2Fv2%2Fcomments&post=31479"}],"version-history":[{"count":4,"href":"https:\/\/museumek.eu\/index.php?rest_route=\/wp\/v2\/pages\/31479\/revisions"}],"predecessor-version":[{"id":31488,"href":"https:\/\/museumek.eu\/index.php?rest_route=\/wp\/v2\/pages\/31479\/revisions\/31488"}],"up":[{"embeddable":true,"href":"https:\/\/museumek.eu\/index.php?rest_route=\/wp\/v2\/pages\/11558"}],"wp:attachment":[{"href":"https:\/\/museumek.eu\/index.php?rest_route=%2Fwp%2Fv2%2Fmedia&parent=31479"}],"curies":[{"name":"wp","href":"https:\/\/api.w.org\/{rel}","templated":true}]}}