{"id":3167,"date":"2011-09-06T21:26:05","date_gmt":"2011-09-06T19:26:05","guid":{"rendered":"http:\/\/museumek.eu\/?page_id=3167"},"modified":"2011-09-06T21:26:05","modified_gmt":"2011-09-06T19:26:05","slug":"axxvi1","status":"publish","type":"page","link":"https:\/\/museumek.eu\/?page_id=3167","title":{"rendered":"A\/XXVI\/1"},"content":{"rendered":"<p><strong>Abteilung Austria\/Ungarn\/B\u00f6hmen, Keramik 1860 \u2013 1960, Inventarnummer A\/XXVI\/1<\/strong><\/p>\n<p>Manufaktur Hermann Heindl, Austria, Wien, 1940, Figur Madonna mit Kind, K\u00fcnstler Hermann Heindl, Werks.-Nr. 20, Exemplar Nr. IV, gemarkt Heindl sowie 20 gepresst , IV geritzt, nicht signiert, Heindl schuf auch f\u00fcr Goldscheider 2 Figuren und eine B\u00fcste von Madonnen mit Kind, H\u00f6he 24,5 cm, Breite 15 cm<\/p>\n<p><a href=\"http:\/\/museumek.eu\/wp-content\/uploads\/2011\/09\/Museum-Europ\u00e4ischer-Keramikkunst-9711.jpg\"><img loading=\"lazy\" src=\"http:\/\/museumek.eu\/wp-content\/uploads\/2011\/09\/Museum-Europ\u00e4ischer-Keramikkunst-9711-171x300.jpg\" alt=\"\" title=\"Museum Europ\u00e4ischer Keramikkunst 971\" width=\"171\" height=\"300\" class=\"alignnone size-medium wp-image-3168\" srcset=\"https:\/\/museumek.eu\/wp-content\/uploads\/2011\/09\/Museum-Europ\u00e4ischer-Keramikkunst-9711-171x300.jpg 171w, https:\/\/museumek.eu\/wp-content\/uploads\/2011\/09\/Museum-Europ\u00e4ischer-Keramikkunst-9711.jpg 527w\" sizes=\"(max-width: 171px) 100vw, 171px\" \/><\/a><\/p>\n<p><a href=\"http:\/\/museumek.eu\/wp-content\/uploads\/2011\/09\/Museum-Europ\u00e4ischer-Keramikkunst-9731.jpg\"><img loading=\"lazy\" src=\"http:\/\/museumek.eu\/wp-content\/uploads\/2011\/09\/Museum-Europ\u00e4ischer-Keramikkunst-9731-300x180.jpg\" alt=\"\" title=\"Museum Europ\u00e4ischer Keramikkunst 973\" width=\"300\" height=\"180\" class=\"alignnone size-medium wp-image-3169\" srcset=\"https:\/\/museumek.eu\/wp-content\/uploads\/2011\/09\/Museum-Europ\u00e4ischer-Keramikkunst-9731-300x180.jpg 300w, https:\/\/museumek.eu\/wp-content\/uploads\/2011\/09\/Museum-Europ\u00e4ischer-Keramikkunst-9731-497x300.jpg 497w, https:\/\/museumek.eu\/wp-content\/uploads\/2011\/09\/Museum-Europ\u00e4ischer-Keramikkunst-9731.jpg 499w\" sizes=\"(max-width: 300px) 100vw, 300px\" \/><\/a><\/p>\n<p><a href=\"http:\/\/museumek.eu\/wp-content\/uploads\/2011\/09\/Museum-Europ\u00e4ischer-Keramikkunst-9741.jpg\"><img loading=\"lazy\" src=\"http:\/\/museumek.eu\/wp-content\/uploads\/2011\/09\/Museum-Europ\u00e4ischer-Keramikkunst-9741-300x235.jpg\" alt=\"\" title=\"Museum Europ\u00e4ischer Keramikkunst 974\" width=\"300\" height=\"235\" class=\"alignnone size-medium wp-image-3170\" srcset=\"https:\/\/museumek.eu\/wp-content\/uploads\/2011\/09\/Museum-Europ\u00e4ischer-Keramikkunst-9741-300x235.jpg 300w, https:\/\/museumek.eu\/wp-content\/uploads\/2011\/09\/Museum-Europ\u00e4ischer-Keramikkunst-9741.jpg 339w\" sizes=\"(max-width: 300px) 100vw, 300px\" \/><\/a><\/p>\n<p><a href=\"http:\/\/museumek.eu\/wp-content\/uploads\/2011\/09\/Museum-Europ\u00e4ischer-Keramikkunst-975.jpg\"><img loading=\"lazy\" src=\"http:\/\/museumek.eu\/wp-content\/uploads\/2011\/09\/Museum-Europ\u00e4ischer-Keramikkunst-975-294x300.jpg\" alt=\"\" title=\"Museum Europ\u00e4ischer Keramikkunst 975\" width=\"294\" height=\"300\" class=\"alignnone size-medium wp-image-3171\" srcset=\"https:\/\/museumek.eu\/wp-content\/uploads\/2011\/09\/Museum-Europ\u00e4ischer-Keramikkunst-975-294x300.jpg 294w, https:\/\/museumek.eu\/wp-content\/uploads\/2011\/09\/Museum-Europ\u00e4ischer-Keramikkunst-975.jpg 584w\" sizes=\"(max-width: 294px) 100vw, 294px\" \/><\/a><\/p>\n","protected":false},"excerpt":{"rendered":"<p>Abteilung Austria\/Ungarn\/B\u00f6hmen, Keramik 1860 \u2013 1960, Inventarnummer A\/XXVI\/1 Manufaktur Hermann Heindl, Austria, Wien, 1940, Figur Madonna mit Kind, K\u00fcnstler Hermann Heindl, Werks.-Nr. 20, Exemplar Nr. IV, gemarkt Heindl sowie 20 gepresst , IV geritzt, nicht signiert, Heindl schuf auch f\u00fcr &hellip; <a href=\"https:\/\/museumek.eu\/?page_id=3167\">Weiterlesen <span class=\"meta-nav\">&rarr;<\/span><\/a><\/p>\n","protected":false},"author":1,"featured_media":0,"parent":3164,"menu_order":1,"comment_status":"open","ping_status":"open","template":"","meta":[],"_links":{"self":[{"href":"https:\/\/museumek.eu\/index.php?rest_route=\/wp\/v2\/pages\/3167"}],"collection":[{"href":"https:\/\/museumek.eu\/index.php?rest_route=\/wp\/v2\/pages"}],"about":[{"href":"https:\/\/museumek.eu\/index.php?rest_route=\/wp\/v2\/types\/page"}],"author":[{"embeddable":true,"href":"https:\/\/museumek.eu\/index.php?rest_route=\/wp\/v2\/users\/1"}],"replies":[{"embeddable":true,"href":"https:\/\/museumek.eu\/index.php?rest_route=%2Fwp%2Fv2%2Fcomments&post=3167"}],"version-history":[{"count":2,"href":"https:\/\/museumek.eu\/index.php?rest_route=\/wp\/v2\/pages\/3167\/revisions"}],"predecessor-version":[{"id":3173,"href":"https:\/\/museumek.eu\/index.php?rest_route=\/wp\/v2\/pages\/3167\/revisions\/3173"}],"up":[{"embeddable":true,"href":"https:\/\/museumek.eu\/index.php?rest_route=\/wp\/v2\/pages\/3164"}],"wp:attachment":[{"href":"https:\/\/museumek.eu\/index.php?rest_route=%2Fwp%2Fv2%2Fmedia&parent=3167"}],"curies":[{"name":"wp","href":"https:\/\/api.w.org\/{rel}","templated":true}]}}