{"id":31917,"date":"2014-06-19T16:03:01","date_gmt":"2014-06-19T14:03:01","guid":{"rendered":"http:\/\/museumek.eu\/?page_id=31917"},"modified":"2014-06-19T16:12:55","modified_gmt":"2014-06-19T14:12:55","slug":"dcxvii1","status":"publish","type":"page","link":"https:\/\/museumek.eu\/?page_id=31917","title":{"rendered":"D\/CXVII\/1"},"content":{"rendered":"<p><strong>Abteilung Deutschland, Keramik 1860 \u2013 1960, Inventarnummer D\/CXVII\/1<\/strong><\/p>\n<p>Steinzeugfabrik Fritz Thenn, vormals Steinzeugfabrik Zinkl, Thenn &#038; Comp., vormals Steinzeugfabrik Borho, Zinkl &#038; Comp., Deutschland, Regensburg, um 1875, Seidel, K\u00fcnstler unbekannt, Werks.-Nr. 124, Exemplar Nr. ohne, gemarkt keine Firmenmarke aber 124, ein Kreis sowie \u00bd L \u00fcber Eichstrich gepresst, nicht signiert, Literatur: Irmgard und Werner Endres, Regensburger Steinzeug, Seite 9 ff, ausf\u00fchrliche Fabrikbeschreibung sowie ausf\u00fchrliche Bestimmung der Merkmale des Regensburger Steinzeugs, weitere Literatur: Johannes und Peter Vogt, Alte Bierkr\u00fcge, Von der Renaissance bis zum Jugendstil, Seiten 14\/15, dort beschrieben, dass ab ca. 1850 Steinzeugfabriken aus dem Westerwald gepresste K\u00e4nnchen herstellten sowie dort beschrieben, dass die meisten der noch anzutreffenden gepressten K\u00e4nnchen von 15 Westerw\u00e4lder Fabriken hergestellt worden sind, der um 1870 in der Westerw\u00e4lder keramischen Industrie arbeitende Max (Maximilian) Borho gr\u00fcndete 1874 zusammen mit August Zinkl und dessen Schwager Rudolf Thaller in Regensburg die keramische Fabrik Borho Zinkl &#038; Comp. Steinzeug-Manufactur &#038; Fabrikation imitirter alterth\u00fcmlicher Schau- &#038; Trinkgef\u00e4\u00dfe, Kurzform der Firmierung Steinzeugfabrik Borho, Zinkl &#038; Comp., da es in der Regensburger Gegend keine hochwertigen Tone gab, war es sicher Borho, der Tonlieferung aus dem Westerwald organisierte, mit hoher Wahrscheinlichkeit ausschlie\u00dflich von der Firma Reinhold Hanke Fabrik altdeutscher Steinzeug-Kr\u00fcge, diese Vorgeschichte zu Max Borho ist insofern wichtig, weil Borho bereits im September 1875 seine Anteile an der Regensburger Firma verkauft und ab 1876 in Freising Mitbegr\u00fcnder der Steinzeugfabrik Adam Sch\u00f6n &#038; Max Borho wird, auch diese Fabrik bezieht das Tonmaterial aus dem Westerwald, sicher auch nur von der Firma Reinhold Hanke Fabrik altdeutscher Steinzeug-Kr\u00fcge, im Jahre 1886 verloren auf Grund auslaufender Vertr\u00e4ge und mit dem Tode von Reinhold Hanke (22.06.1886) sowohl die Steinzeugfabrik Fritz Thenn als auch die Steinzeugfabrik Hauber &#038; Reuther die Gesch\u00e4ftsgrundlage, da kein Ton aus dem Westerwald mehr bezogen werden konnte, die Thenn\u2019sche Fabrik in Regensburg stellte die Produktion ein und die Steinzeugfabrik Hauber &#038; Reuther stellte die Produktion auf Porzellan um bzw. bezog dann Halbfertigerzeugnisse von Westerw\u00e4lder Steinzeugfabriken, Rudolf Thaller trat ebenfalls 1875 aus der Fabrik aus, am 09.08.1875 trat der Regensburger Kaufmann Gustav Friedrich (Fritz) Thenn als Gesellschafter in die Fabrik ein, Firmierung ab da Steinzeugfabrik Zinkl, Thenn &#038; Comp., im M\u00e4rz 1877 trat August Zinkl aus der Fabrik aus und Fritz Thenn wurde Alleineigent\u00fcmer, Firmierung ab da Steinzeugfabrik Fritz Thenn, neben dem typischen Westerw\u00e4lder Steinzeug, stellte die Fabrik auch gepresste K\u00e4nnchen her, diese werden oftmals allein der Thenn\u2019schen Fabrik zugeschrieben, die Fabrikmarken wurden wohl aus vertriebstaktischen Gr\u00fcnden nur selten verwendet, damit dass in der Fabrik hergestellte Steinzeug vom Verbraucher als Westerw\u00e4lder Steinzeug angesehen wurde, von den in der Thenn\u2019schen Fabrik hergestellten gepressten K\u00e4nnchen, sind nur wenige Exemplare erhalten geblieben, diese lassen sich, genau wie das ebenfalls nur selten erhalten gebliebene grau-blau salzglasierte Steinzeug der Thenn\u2019schen Fabrik nur nach den Bestimmungsmerkmalen des o. g. Fachbuches von Irmgard und Werner Endres identifizieren, soweit sie nicht mit der Fabrikmarke versehen wurden, die meisten der noch erhalten gebliebenen gepressten K\u00e4nnchen wurden seit ca. 1850 von 15 Westerw\u00e4lder Fabriken hergestellt und ebenfalls nur selten gemarkt, insofern entstammen die als Regensburger Modellkr\u00fcge gehandelten gepressten K\u00e4nnchen zum gr\u00f6\u00dften Teil der Westerw\u00e4lder Produktion, nachdem die Thenn\u2019sche Fabrik 1886 die Produktion eingestellte hatte, wurde sie am 04.04.1888 auch amtlich gel\u00f6scht, die Zuordnung des MEK Exemplares zur Steinzeugfabrik Fritz Thenn erfolgte nach den Merkmalsbeschreibungen und Abbildungen der o. g. Literatur Regensburger Steinzeug, Seite 65, Abbildung Nr. 58, Stempel der Literung identisch sowie Anbringung des Stempels mittig am oberen Rand des Seidels identisch, Seite 88, Abbildung Nr. 107, Stempel der Literung identisch sowie Anbringung des Stempels mittig am oberen Rand des Seidels identisch, Seite 108, Abbildungen Nr. 121 a und b, \u00bd Liter Seidel, Werks.-Nr. 125 (MEK Exemplar Werks.-Nr. 124) mit fast identischen Dekor, gleiche Krugform, identischer Henkel und identische Henkelangarnierungsstellen sowie Seite 131, Abbildung Nr. 167, Werks.-Nr. 121, absolut identisches Mitteldekor, absolut identischer gek\u00f6rnter Hintergrund, gleiche Krugform, gleichfalls manganbraune Bemalung sowie identischer Henkel und identische Henkelangarnierungsstellen, Ausf\u00fchrung als grau-blau salzglasiertes<br \/>\nSteinzeug mit teilweiser manganbrauner Bemalung,<br \/>\nH\u00f6he 12,3 cm, Breite 13,7 cm (nur die Keramik)<\/p>\n<p><a href=\"http:\/\/museumek.eu\/?attachment_id=31918\" rel=\"attachment wp-att-31918\"><img loading=\"lazy\" src=\"http:\/\/museumek.eu\/wp-content\/uploads\/2014\/06\/882-177x300.jpg\" alt=\"\" title=\"882\" width=\"177\" height=\"300\" class=\"alignnone size-medium wp-image-31918\" srcset=\"https:\/\/museumek.eu\/wp-content\/uploads\/2014\/06\/882-177x300.jpg 177w, https:\/\/museumek.eu\/wp-content\/uploads\/2014\/06\/882-88x150.jpg 88w, https:\/\/museumek.eu\/wp-content\/uploads\/2014\/06\/882.jpg 390w\" sizes=\"(max-width: 177px) 100vw, 177px\" \/><\/a><\/p>\n<p><a href=\"http:\/\/museumek.eu\/?attachment_id=31919\" rel=\"attachment wp-att-31919\"><img loading=\"lazy\" src=\"http:\/\/museumek.eu\/wp-content\/uploads\/2014\/06\/883-177x300.jpg\" alt=\"\" title=\"883\" width=\"177\" height=\"300\" class=\"alignnone size-medium wp-image-31919\" srcset=\"https:\/\/museumek.eu\/wp-content\/uploads\/2014\/06\/883-177x300.jpg 177w, https:\/\/museumek.eu\/wp-content\/uploads\/2014\/06\/883-88x150.jpg 88w, https:\/\/museumek.eu\/wp-content\/uploads\/2014\/06\/883.jpg 393w\" sizes=\"(max-width: 177px) 100vw, 177px\" \/><\/a><\/p>\n<p><a href=\"http:\/\/museumek.eu\/?attachment_id=31920\" rel=\"attachment wp-att-31920\"><img loading=\"lazy\" src=\"http:\/\/museumek.eu\/wp-content\/uploads\/2014\/06\/884-225x300.jpg\" alt=\"\" title=\"884\" width=\"225\" height=\"300\" class=\"alignnone size-medium wp-image-31920\" srcset=\"https:\/\/museumek.eu\/wp-content\/uploads\/2014\/06\/884-225x300.jpg 225w, https:\/\/museumek.eu\/wp-content\/uploads\/2014\/06\/884-112x150.jpg 112w, https:\/\/museumek.eu\/wp-content\/uploads\/2014\/06\/884.jpg 481w\" sizes=\"(max-width: 225px) 100vw, 225px\" \/><\/a><\/p>\n<p><a href=\"http:\/\/museumek.eu\/?attachment_id=31921\" rel=\"attachment wp-att-31921\"><img loading=\"lazy\" src=\"http:\/\/museumek.eu\/wp-content\/uploads\/2014\/06\/885-205x300.jpg\" alt=\"\" title=\"885\" width=\"205\" height=\"300\" class=\"alignnone size-medium wp-image-31921\" srcset=\"https:\/\/museumek.eu\/wp-content\/uploads\/2014\/06\/885-205x300.jpg 205w, https:\/\/museumek.eu\/wp-content\/uploads\/2014\/06\/885-102x150.jpg 102w, https:\/\/museumek.eu\/wp-content\/uploads\/2014\/06\/885.jpg 513w\" sizes=\"(max-width: 205px) 100vw, 205px\" \/><\/a><\/p>\n<p><a href=\"http:\/\/museumek.eu\/?attachment_id=31932\" rel=\"attachment wp-att-31932\"><img loading=\"lazy\" src=\"http:\/\/museumek.eu\/wp-content\/uploads\/2014\/06\/8861-148x300.jpg\" alt=\"\" title=\"886\" width=\"148\" height=\"300\" class=\"alignnone size-medium wp-image-31932\" srcset=\"https:\/\/museumek.eu\/wp-content\/uploads\/2014\/06\/8861-148x300.jpg 148w, https:\/\/museumek.eu\/wp-content\/uploads\/2014\/06\/8861-74x150.jpg 74w\" sizes=\"(max-width: 148px) 100vw, 148px\" \/><\/a><\/p>\n<p><a href=\"http:\/\/museumek.eu\/?attachment_id=31936\" rel=\"attachment wp-att-31936\"><img loading=\"lazy\" src=\"http:\/\/museumek.eu\/wp-content\/uploads\/2014\/06\/8871-200x300.jpg\" alt=\"\" title=\"887\" width=\"200\" height=\"300\" class=\"alignnone size-medium wp-image-31936\" srcset=\"https:\/\/museumek.eu\/wp-content\/uploads\/2014\/06\/8871-200x300.jpg 200w, https:\/\/museumek.eu\/wp-content\/uploads\/2014\/06\/8871-100x150.jpg 100w, https:\/\/museumek.eu\/wp-content\/uploads\/2014\/06\/8871.jpg 412w\" sizes=\"(max-width: 200px) 100vw, 200px\" \/><\/a><\/p>\n<p><a href=\"http:\/\/museumek.eu\/?attachment_id=31937\" rel=\"attachment wp-att-31937\"><img loading=\"lazy\" src=\"http:\/\/museumek.eu\/wp-content\/uploads\/2014\/06\/893-246x300.jpg\" alt=\"\" title=\"893\" width=\"246\" height=\"300\" class=\"alignnone size-medium wp-image-31937\" srcset=\"https:\/\/museumek.eu\/wp-content\/uploads\/2014\/06\/893-246x300.jpg 246w, https:\/\/museumek.eu\/wp-content\/uploads\/2014\/06\/893-123x150.jpg 123w, https:\/\/museumek.eu\/wp-content\/uploads\/2014\/06\/893.jpg 600w\" sizes=\"(max-width: 246px) 100vw, 246px\" \/><\/a><\/p>\n<p><a href=\"http:\/\/museumek.eu\/?attachment_id=31938\" rel=\"attachment wp-att-31938\"><img loading=\"lazy\" src=\"http:\/\/museumek.eu\/wp-content\/uploads\/2014\/06\/888-300x215.jpg\" alt=\"\" title=\"888\" width=\"300\" height=\"215\" class=\"alignnone size-medium wp-image-31938\" srcset=\"https:\/\/museumek.eu\/wp-content\/uploads\/2014\/06\/888-300x215.jpg 300w, https:\/\/museumek.eu\/wp-content\/uploads\/2014\/06\/888-150x107.jpg 150w, https:\/\/museumek.eu\/wp-content\/uploads\/2014\/06\/888-418x300.jpg 418w, https:\/\/museumek.eu\/wp-content\/uploads\/2014\/06\/888.jpg 800w\" sizes=\"(max-width: 300px) 100vw, 300px\" \/><\/a><\/p>\n<p><a href=\"http:\/\/museumek.eu\/?attachment_id=31939\" rel=\"attachment wp-att-31939\"><img loading=\"lazy\" src=\"http:\/\/museumek.eu\/wp-content\/uploads\/2014\/06\/889-300x238.jpg\" alt=\"\" title=\"889\" width=\"300\" height=\"238\" class=\"alignnone size-medium wp-image-31939\" srcset=\"https:\/\/museumek.eu\/wp-content\/uploads\/2014\/06\/889-300x238.jpg 300w, https:\/\/museumek.eu\/wp-content\/uploads\/2014\/06\/889-150x119.jpg 150w, https:\/\/museumek.eu\/wp-content\/uploads\/2014\/06\/889-377x300.jpg 377w, https:\/\/museumek.eu\/wp-content\/uploads\/2014\/06\/889.jpg 755w\" sizes=\"(max-width: 300px) 100vw, 300px\" \/><\/a><\/p>\n<p><a href=\"http:\/\/museumek.eu\/?attachment_id=31940\" rel=\"attachment wp-att-31940\"><img loading=\"lazy\" src=\"http:\/\/museumek.eu\/wp-content\/uploads\/2014\/06\/896-300x247.jpg\" alt=\"\" title=\"896\" width=\"300\" height=\"247\" class=\"alignnone size-medium wp-image-31940\" srcset=\"https:\/\/museumek.eu\/wp-content\/uploads\/2014\/06\/896-300x247.jpg 300w, https:\/\/museumek.eu\/wp-content\/uploads\/2014\/06\/896-150x123.jpg 150w, https:\/\/museumek.eu\/wp-content\/uploads\/2014\/06\/896-364x300.jpg 364w, https:\/\/museumek.eu\/wp-content\/uploads\/2014\/06\/896.jpg 728w\" sizes=\"(max-width: 300px) 100vw, 300px\" \/><\/a><\/p>\n<p><a href=\"http:\/\/museumek.eu\/?attachment_id=31941\" rel=\"attachment wp-att-31941\"><img loading=\"lazy\" src=\"http:\/\/museumek.eu\/wp-content\/uploads\/2014\/06\/891-225x300.jpg\" alt=\"\" title=\"891\" width=\"225\" height=\"300\" class=\"alignnone size-medium wp-image-31941\" srcset=\"https:\/\/museumek.eu\/wp-content\/uploads\/2014\/06\/891-225x300.jpg 225w, https:\/\/museumek.eu\/wp-content\/uploads\/2014\/06\/891-112x150.jpg 112w, https:\/\/museumek.eu\/wp-content\/uploads\/2014\/06\/891.jpg 600w\" sizes=\"(max-width: 225px) 100vw, 225px\" \/><\/a><\/p>\n<p><a href=\"http:\/\/museumek.eu\/?attachment_id=31942\" rel=\"attachment wp-att-31942\"><img loading=\"lazy\" src=\"http:\/\/museumek.eu\/wp-content\/uploads\/2014\/06\/895-178x300.jpg\" alt=\"\" title=\"895\" width=\"178\" height=\"300\" class=\"alignnone size-medium wp-image-31942\" srcset=\"https:\/\/museumek.eu\/wp-content\/uploads\/2014\/06\/895-178x300.jpg 178w, https:\/\/museumek.eu\/wp-content\/uploads\/2014\/06\/895-89x150.jpg 89w, https:\/\/museumek.eu\/wp-content\/uploads\/2014\/06\/895.jpg 431w\" sizes=\"(max-width: 178px) 100vw, 178px\" \/><\/a><\/p>\n<p><a href=\"http:\/\/museumek.eu\/?attachment_id=31943\" rel=\"attachment wp-att-31943\"><img loading=\"lazy\" src=\"http:\/\/museumek.eu\/wp-content\/uploads\/2014\/06\/890-300x227.jpg\" alt=\"\" title=\"890\" width=\"300\" height=\"227\" class=\"alignnone size-medium wp-image-31943\" srcset=\"https:\/\/museumek.eu\/wp-content\/uploads\/2014\/06\/890-300x227.jpg 300w, https:\/\/museumek.eu\/wp-content\/uploads\/2014\/06\/890-150x113.jpg 150w, https:\/\/museumek.eu\/wp-content\/uploads\/2014\/06\/890-395x300.jpg 395w, https:\/\/museumek.eu\/wp-content\/uploads\/2014\/06\/890.jpg 791w\" sizes=\"(max-width: 300px) 100vw, 300px\" \/><\/a><\/p>\n<p><a href=\"http:\/\/museumek.eu\/?attachment_id=31944\" rel=\"attachment wp-att-31944\"><img loading=\"lazy\" src=\"http:\/\/museumek.eu\/wp-content\/uploads\/2014\/06\/892-300x286.jpg\" alt=\"\" title=\"892\" width=\"300\" height=\"286\" class=\"alignnone size-medium wp-image-31944\" srcset=\"https:\/\/museumek.eu\/wp-content\/uploads\/2014\/06\/892-300x286.jpg 300w, https:\/\/museumek.eu\/wp-content\/uploads\/2014\/06\/892-150x143.jpg 150w, https:\/\/museumek.eu\/wp-content\/uploads\/2014\/06\/892-314x300.jpg 314w, https:\/\/museumek.eu\/wp-content\/uploads\/2014\/06\/892.jpg 629w\" sizes=\"(max-width: 300px) 100vw, 300px\" \/><\/a><\/p>\n<p><a href=\"http:\/\/museumek.eu\/?attachment_id=31945\" rel=\"attachment wp-att-31945\"><img loading=\"lazy\" src=\"http:\/\/museumek.eu\/wp-content\/uploads\/2014\/06\/894-300x234.jpg\" alt=\"\" title=\"894\" width=\"300\" height=\"234\" class=\"alignnone size-medium wp-image-31945\" srcset=\"https:\/\/museumek.eu\/wp-content\/uploads\/2014\/06\/894-300x234.jpg 300w, https:\/\/museumek.eu\/wp-content\/uploads\/2014\/06\/894-150x117.jpg 150w, https:\/\/museumek.eu\/wp-content\/uploads\/2014\/06\/894-384x300.jpg 384w, https:\/\/museumek.eu\/wp-content\/uploads\/2014\/06\/894.jpg 768w\" sizes=\"(max-width: 300px) 100vw, 300px\" \/><\/a><\/p>\n","protected":false},"excerpt":{"rendered":"<p>Abteilung Deutschland, Keramik 1860 \u2013 1960, Inventarnummer D\/CXVII\/1 Steinzeugfabrik Fritz Thenn, vormals Steinzeugfabrik Zinkl, Thenn &#038; Comp., vormals Steinzeugfabrik Borho, Zinkl &#038; Comp., Deutschland, Regensburg, um 1875, Seidel, K\u00fcnstler unbekannt, Werks.-Nr. 124, Exemplar Nr. ohne, gemarkt keine Firmenmarke aber 124, &hellip; <a href=\"https:\/\/museumek.eu\/?page_id=31917\">Weiterlesen <span class=\"meta-nav\">&rarr;<\/span><\/a><\/p>\n","protected":false},"author":1,"featured_media":0,"parent":31914,"menu_order":1,"comment_status":"closed","ping_status":"open","template":"","meta":[],"_links":{"self":[{"href":"https:\/\/museumek.eu\/index.php?rest_route=\/wp\/v2\/pages\/31917"}],"collection":[{"href":"https:\/\/museumek.eu\/index.php?rest_route=\/wp\/v2\/pages"}],"about":[{"href":"https:\/\/museumek.eu\/index.php?rest_route=\/wp\/v2\/types\/page"}],"author":[{"embeddable":true,"href":"https:\/\/museumek.eu\/index.php?rest_route=\/wp\/v2\/users\/1"}],"replies":[{"embeddable":true,"href":"https:\/\/museumek.eu\/index.php?rest_route=%2Fwp%2Fv2%2Fcomments&post=31917"}],"version-history":[{"count":13,"href":"https:\/\/museumek.eu\/index.php?rest_route=\/wp\/v2\/pages\/31917\/revisions"}],"predecessor-version":[{"id":31947,"href":"https:\/\/museumek.eu\/index.php?rest_route=\/wp\/v2\/pages\/31917\/revisions\/31947"}],"up":[{"embeddable":true,"href":"https:\/\/museumek.eu\/index.php?rest_route=\/wp\/v2\/pages\/31914"}],"wp:attachment":[{"href":"https:\/\/museumek.eu\/index.php?rest_route=%2Fwp%2Fv2%2Fmedia&parent=31917"}],"curies":[{"name":"wp","href":"https:\/\/api.w.org\/{rel}","templated":true}]}}