{"id":32539,"date":"2014-08-05T23:11:38","date_gmt":"2014-08-05T21:11:38","guid":{"rendered":"http:\/\/museumek.eu\/?page_id=32539"},"modified":"2014-08-05T23:14:56","modified_gmt":"2014-08-05T21:14:56","slug":"dciii2","status":"publish","type":"page","link":"https:\/\/museumek.eu\/?page_id=32539","title":{"rendered":"D\/CIII\/2"},"content":{"rendered":"<p><strong>Abteilung Deutschland, Keramik 1860 \u2013 1960, Inventarnummer D\/CIII\/2<\/strong><\/p>\n<p>Steinzeugfabrik Matthias Girmscheid (attr.), Deutschland, H\u00f6hr, ab 1884, Seidel, K\u00fcnstler (Anton) Kilian (Karl) Beuler, Werks.-Nr. 1, Exemplar Nr. ohne, gemarkt keine Firmenmarke aber \u00bd l ohne Eichstrich, 1 sowie GERMANY gepresst, 1. mitgegossen, \/Y (?) geritzt, KB. (f\u00fcr Karl Beuler) geritzt, signiert KB, die Fabrik wurde 1884 von Matthias Girmscheid gegr\u00fcndet, nach dessen Tod 1928 \u00fcbernahm der Sohn Karl Girmscheid die Fabrikleitung, nach dessen Tod 1949 leitete Cornelia Girmscheid die Fabrik, die Fabrik Girmscheid besteht noch heute, Werks.-Nr. 1, vermutlich war das MEK Exemplar das 1. Entwurfexemplar der Fabrik in dieser Dekorausf\u00fchrung und in dieser Gr\u00f6\u00dfe, sollte die Werks-Nr. Vergabe unabh\u00e4ngig von Dekor, Krug bzw. Seidelgr\u00f6\u00dfen und Sorten wie Kannen, Kr\u00fcgen usw. erfolgt sein, dann w\u00e4re das MEK Exemplar das Erste hergestellte Fabrikat der Fabrik im Sinne erste Produktionsserie, das schlie\u00dft gleichzeitig ein und aus, dass dieser Seidel das erste St\u00fcck dieser Serie ist, da davon auszugehen ist, dass mehrere Seidel mit diesem Dekor und in dieser Gr\u00f6\u00dfe hergestellt worden sind, au\u00dferdem ist au\u00dfergew\u00f6hnlich, dass der Henkel schr\u00e4g angebracht worden ist und wie die untere Henkelangarnierung verstrichen worden ist, Zuordnung: die Zuordnung wurde von der homepage http:\/\/www.steinmarks.co.uk\/pages\/pv.asp?p=stein470, hergeleitet, dort Karl Beuler und Girmscheid Nachweis, weitere Zuordnung: identischer GERMANY Stempel wie das gemarkte Girmscheid MEK Exemplar D\/CIII\/3 sowohl in der Schriftart als auch in Bezug auf die Stempelma\u00dfe (2,5 cm breit), H\u00f6he 15,7 cm, Breite 12,5 cm<\/p>\n<p><a href=\"http:\/\/museumek.eu\/?attachment_id=32540\" rel=\"attachment wp-att-32540\"><img loading=\"lazy\" src=\"http:\/\/museumek.eu\/wp-content\/uploads\/2014\/08\/598-158x300.jpg\" alt=\"\" title=\"598\" width=\"158\" height=\"300\" class=\"alignnone size-medium wp-image-32540\" srcset=\"https:\/\/museumek.eu\/wp-content\/uploads\/2014\/08\/598-158x300.jpg 158w, https:\/\/museumek.eu\/wp-content\/uploads\/2014\/08\/598-79x150.jpg 79w, https:\/\/museumek.eu\/wp-content\/uploads\/2014\/08\/598.jpg 369w\" sizes=\"(max-width: 158px) 100vw, 158px\" \/><\/a><\/p>\n<p><a href=\"http:\/\/museumek.eu\/?attachment_id=32541\" rel=\"attachment wp-att-32541\"><img loading=\"lazy\" src=\"http:\/\/museumek.eu\/wp-content\/uploads\/2014\/08\/599-234x300.jpg\" alt=\"\" title=\"599\" width=\"234\" height=\"300\" class=\"alignnone size-medium wp-image-32541\" srcset=\"https:\/\/museumek.eu\/wp-content\/uploads\/2014\/08\/599-234x300.jpg 234w, https:\/\/museumek.eu\/wp-content\/uploads\/2014\/08\/599-117x150.jpg 117w, https:\/\/museumek.eu\/wp-content\/uploads\/2014\/08\/599.jpg 512w\" sizes=\"(max-width: 234px) 100vw, 234px\" \/><\/a><\/p>\n<p><a href=\"http:\/\/museumek.eu\/?attachment_id=32542\" rel=\"attachment wp-att-32542\"><img loading=\"lazy\" src=\"http:\/\/museumek.eu\/wp-content\/uploads\/2014\/08\/600-180x300.jpg\" alt=\"\" title=\"600\" width=\"180\" height=\"300\" class=\"alignnone size-medium wp-image-32542\" srcset=\"https:\/\/museumek.eu\/wp-content\/uploads\/2014\/08\/600-180x300.jpg 180w, https:\/\/museumek.eu\/wp-content\/uploads\/2014\/08\/600-90x150.jpg 90w, https:\/\/museumek.eu\/wp-content\/uploads\/2014\/08\/600.jpg 407w\" sizes=\"(max-width: 180px) 100vw, 180px\" \/><\/a><\/p>\n<p><a href=\"http:\/\/museumek.eu\/?attachment_id=32543\" rel=\"attachment wp-att-32543\"><img loading=\"lazy\" src=\"http:\/\/museumek.eu\/wp-content\/uploads\/2014\/08\/601-225x300.jpg\" alt=\"\" title=\"601\" width=\"225\" height=\"300\" class=\"alignnone size-medium wp-image-32543\" srcset=\"https:\/\/museumek.eu\/wp-content\/uploads\/2014\/08\/601-225x300.jpg 225w, https:\/\/museumek.eu\/wp-content\/uploads\/2014\/08\/601-112x150.jpg 112w, https:\/\/museumek.eu\/wp-content\/uploads\/2014\/08\/601.jpg 475w\" sizes=\"(max-width: 225px) 100vw, 225px\" \/><\/a><\/p>\n<p><a href=\"http:\/\/museumek.eu\/?attachment_id=32544\" rel=\"attachment wp-att-32544\"><img loading=\"lazy\" src=\"http:\/\/museumek.eu\/wp-content\/uploads\/2014\/08\/602-245x300.jpg\" alt=\"\" title=\"602\" width=\"245\" height=\"300\" class=\"alignnone size-medium wp-image-32544\" srcset=\"https:\/\/museumek.eu\/wp-content\/uploads\/2014\/08\/602-245x300.jpg 245w, https:\/\/museumek.eu\/wp-content\/uploads\/2014\/08\/602-122x150.jpg 122w, https:\/\/museumek.eu\/wp-content\/uploads\/2014\/08\/602.jpg 491w\" sizes=\"(max-width: 245px) 100vw, 245px\" \/><\/a><\/p>\n<p><a href=\"http:\/\/museumek.eu\/?attachment_id=32545\" rel=\"attachment wp-att-32545\"><img loading=\"lazy\" src=\"http:\/\/museumek.eu\/wp-content\/uploads\/2014\/08\/603-300x251.jpg\" alt=\"\" title=\"603\" width=\"300\" height=\"251\" class=\"alignnone size-medium wp-image-32545\" srcset=\"https:\/\/museumek.eu\/wp-content\/uploads\/2014\/08\/603-300x251.jpg 300w, https:\/\/museumek.eu\/wp-content\/uploads\/2014\/08\/603-150x125.jpg 150w, https:\/\/museumek.eu\/wp-content\/uploads\/2014\/08\/603-357x300.jpg 357w, https:\/\/museumek.eu\/wp-content\/uploads\/2014\/08\/603.jpg 715w\" sizes=\"(max-width: 300px) 100vw, 300px\" \/><\/a><\/p>\n<p><a href=\"http:\/\/museumek.eu\/?attachment_id=32546\" rel=\"attachment wp-att-32546\"><img loading=\"lazy\" src=\"http:\/\/museumek.eu\/wp-content\/uploads\/2014\/08\/604-300x292.jpg\" alt=\"\" title=\"604\" width=\"300\" height=\"292\" class=\"alignnone size-medium wp-image-32546\" srcset=\"https:\/\/museumek.eu\/wp-content\/uploads\/2014\/08\/604-300x292.jpg 300w, https:\/\/museumek.eu\/wp-content\/uploads\/2014\/08\/604-150x146.jpg 150w, https:\/\/museumek.eu\/wp-content\/uploads\/2014\/08\/604-307x300.jpg 307w, https:\/\/museumek.eu\/wp-content\/uploads\/2014\/08\/604.jpg 615w\" sizes=\"(max-width: 300px) 100vw, 300px\" \/><\/a><\/p>\n<p><a href=\"http:\/\/museumek.eu\/?attachment_id=32555\" rel=\"attachment wp-att-32555\"><img loading=\"lazy\" src=\"http:\/\/museumek.eu\/wp-content\/uploads\/2014\/08\/6052-300x207.jpg\" alt=\"\" title=\"605\" width=\"300\" height=\"207\" class=\"alignnone size-medium wp-image-32555\" srcset=\"https:\/\/museumek.eu\/wp-content\/uploads\/2014\/08\/6052-300x207.jpg 300w, https:\/\/museumek.eu\/wp-content\/uploads\/2014\/08\/6052-150x103.jpg 150w, https:\/\/museumek.eu\/wp-content\/uploads\/2014\/08\/6052-433x300.jpg 433w, https:\/\/museumek.eu\/wp-content\/uploads\/2014\/08\/6052.jpg 800w\" sizes=\"(max-width: 300px) 100vw, 300px\" \/><\/a><\/p>\n<p><a href=\"http:\/\/museumek.eu\/?attachment_id=32556\" rel=\"attachment wp-att-32556\"><img loading=\"lazy\" src=\"http:\/\/museumek.eu\/wp-content\/uploads\/2014\/08\/606-300x267.jpg\" alt=\"\" title=\"606\" width=\"300\" height=\"267\" class=\"alignnone size-medium wp-image-32556\" srcset=\"https:\/\/museumek.eu\/wp-content\/uploads\/2014\/08\/606-300x267.jpg 300w, https:\/\/museumek.eu\/wp-content\/uploads\/2014\/08\/606-150x133.jpg 150w, https:\/\/museumek.eu\/wp-content\/uploads\/2014\/08\/606-337x300.jpg 337w, https:\/\/museumek.eu\/wp-content\/uploads\/2014\/08\/606.jpg 674w\" sizes=\"(max-width: 300px) 100vw, 300px\" \/><\/a><\/p>\n<p><a href=\"http:\/\/museumek.eu\/?attachment_id=32557\" rel=\"attachment wp-att-32557\"><img loading=\"lazy\" src=\"http:\/\/museumek.eu\/wp-content\/uploads\/2014\/08\/607-300x272.jpg\" alt=\"\" title=\"607\" width=\"300\" height=\"272\" class=\"alignnone size-medium wp-image-32557\" srcset=\"https:\/\/museumek.eu\/wp-content\/uploads\/2014\/08\/607-300x272.jpg 300w, https:\/\/museumek.eu\/wp-content\/uploads\/2014\/08\/607-150x136.jpg 150w, https:\/\/museumek.eu\/wp-content\/uploads\/2014\/08\/607-330x300.jpg 330w, https:\/\/museumek.eu\/wp-content\/uploads\/2014\/08\/607.jpg 660w\" sizes=\"(max-width: 300px) 100vw, 300px\" \/><\/a><\/p>\n","protected":false},"excerpt":{"rendered":"<p>Abteilung Deutschland, Keramik 1860 \u2013 1960, Inventarnummer D\/CIII\/2 Steinzeugfabrik Matthias Girmscheid (attr.), Deutschland, H\u00f6hr, ab 1884, Seidel, K\u00fcnstler (Anton) Kilian (Karl) Beuler, Werks.-Nr. 1, Exemplar Nr. ohne, gemarkt keine Firmenmarke aber \u00bd l ohne Eichstrich, 1 sowie GERMANY gepresst, 1. &hellip; <a href=\"https:\/\/museumek.eu\/?page_id=32539\">Weiterlesen <span class=\"meta-nav\">&rarr;<\/span><\/a><\/p>\n","protected":false},"author":1,"featured_media":0,"parent":27091,"menu_order":2,"comment_status":"closed","ping_status":"open","template":"","meta":[],"_links":{"self":[{"href":"https:\/\/museumek.eu\/index.php?rest_route=\/wp\/v2\/pages\/32539"}],"collection":[{"href":"https:\/\/museumek.eu\/index.php?rest_route=\/wp\/v2\/pages"}],"about":[{"href":"https:\/\/museumek.eu\/index.php?rest_route=\/wp\/v2\/types\/page"}],"author":[{"embeddable":true,"href":"https:\/\/museumek.eu\/index.php?rest_route=\/wp\/v2\/users\/1"}],"replies":[{"embeddable":true,"href":"https:\/\/museumek.eu\/index.php?rest_route=%2Fwp%2Fv2%2Fcomments&post=32539"}],"version-history":[{"count":8,"href":"https:\/\/museumek.eu\/index.php?rest_route=\/wp\/v2\/pages\/32539\/revisions"}],"predecessor-version":[{"id":32559,"href":"https:\/\/museumek.eu\/index.php?rest_route=\/wp\/v2\/pages\/32539\/revisions\/32559"}],"up":[{"embeddable":true,"href":"https:\/\/museumek.eu\/index.php?rest_route=\/wp\/v2\/pages\/27091"}],"wp:attachment":[{"href":"https:\/\/museumek.eu\/index.php?rest_route=%2Fwp%2Fv2%2Fmedia&parent=32539"}],"curies":[{"name":"wp","href":"https:\/\/api.w.org\/{rel}","templated":true}]}}