{"id":33083,"date":"2014-08-21T21:48:52","date_gmt":"2014-08-21T19:48:52","guid":{"rendered":"http:\/\/museumek.eu\/?page_id=33083"},"modified":"2014-08-21T21:48:52","modified_gmt":"2014-08-21T19:48:52","slug":"dxxxix3","status":"publish","type":"page","link":"https:\/\/museumek.eu\/?page_id=33083","title":{"rendered":"D\/XXXIX\/3"},"content":{"rendered":"<p><strong>Abteilung Deutschland, Keramik 1860 \u2013 1960, Inventarnummer D\/XXXIX\/3<\/strong><\/p>\n<p>Eckhardt &#038; Engler Steinzeugwarenfabrik vormals Eckhardt &#038; Engler Fabrik und Export beschlagener Bierkr\u00fcge und Gl\u00e4ser, Deutschland, H\u00f6hr, um 1918, Krug, K\u00fcnstler unbekannt, Werks.-Nr. 960, Exemplar Nr. 5 (?), gemarkt Firmenmarke mit E, daran gespiegeltes E (f\u00fcr Eckhardt &#038; Engler), darunter H (f\u00fcr H\u00f6hr), Made in Germany, 3 L \u00fcber Eichstrich, 5 sowie 960 zweimal gepresst (davon einmal unter dem Asthenkel), W (?) geritzt, nicht signiert, Literatur: Beate Dry-v. Zezschwitz, Westerw\u00e4lder Steinzeug des Jugendstils IV, Rosskopf &#038; Gerz, Seite 8, zeitlicher Nachweis des Produktionsbeginns, Nachweis der Formen\u00fcbernahme von der Firma Rosskopf &#038; Gerz Fabrik feiner Steinzeugwaren sowie Seite 10, Abbildung der identischen Firmenmarke, weitere Literatur: J\u00fcrgen Schimanski, Braun geflammt und grau gesalzen, Seite 196, Beschreibung der Fabrik sowie Marke Nr. 46 identisch, Peter Eckhardt und Ernst Johann Engler gr\u00fcndeten 1898 eine Handelsunternehmen in H\u00f6hr, vertrieben wurde auch Steinzeug, laut einer Annonce aus dem Jahre 1907 nannte sich die Firma Eckhardt &#038; Engler Fabrik und Export beschlagener Bierkr\u00fcge und Gl\u00e4ser, in der Fabrik gab es eine eigene Malerei und Zinngie\u00dferei, insofern ist davon auszugehen, dass Rohlinge der Westerw\u00e4lder Steinzeugindustrie angekauft und in einer \u00fcber die Handelst\u00e4tigkeit hinausgehenden eigenen Fabrik verziert und mit eigenen Zinnmonturen mit Deckeln versehen worden sind, ab 1907 wurden nachweislich auch Fabrikate der Firma Rosskopf &#038; Gerz Fabrik feiner Steinzeugwaren vertrieben, ab 1914 stellte die Firma auch Steinzeug in einer zugekauften Eulerei her, ab 1918 wurden Formen der in Konkurs befindlichen Firma Rosskopf &#038; Gerz Fabrik feiner Steinzeugwaren \u00fcbernommen, ab 1921 firmierte die Fabrik laut einer Annonce als Eckhardt &#038; Engler Steinzeugwarenfabrik, 1922\/1923 \u00fcbernahm die Fabrik alle Formen von Rosskopf &#038; Gerz, neben Werksentw\u00fcrfen kaufte die Fabrik auch Entw\u00fcrfe von Albin M\u00fcller, Karl G\u00f6rig, Leonhard Hellmuth und Bruno Mauder an, die Fabrik bestand bis 1971, beim MEK Exemplar handelt es sich um einen gro\u00dfen 3 Liter Krug, urspr\u00fcnglich aus der Modellpalette der Steinzeugfabrik Ro\u00dfkopf &#038; Gerz mit der Werks.-Nr. 960, in oben genannter Literatur von Dry v. Zezschwitz finden sich im Preisnachtrag Abbildungen des Motivs und des Henkels, das Motiv wird dort beschrieben mit \u201eIn einem k\u00fchlen Grunde\u201c, das MEK Exemplar dient somit auch zum Nachweis der bisher unbekannten Werks.-Nr. 960 der Steinzeugfabrik Ro\u00dfkopf &#038; Gerz, die Firmenmarke wurde quer zum Schriftzug Made in Germany gepresst, die Firmenmarke hier in einer anderen Variante, ohne Oval, welches sonst die Buchstaben einfasst, H\u00f6he 36,2 cm, Breite 18,5 cm<\/p>\n<p><a href=\"http:\/\/museumek.eu\/?attachment_id=33084\" rel=\"attachment wp-att-33084\"><img loading=\"lazy\" src=\"http:\/\/museumek.eu\/wp-content\/uploads\/2014\/08\/1267-152x300.jpg\" alt=\"\" title=\"1267\" width=\"152\" height=\"300\" class=\"alignnone size-medium wp-image-33084\" srcset=\"https:\/\/museumek.eu\/wp-content\/uploads\/2014\/08\/1267-152x300.jpg 152w, https:\/\/museumek.eu\/wp-content\/uploads\/2014\/08\/1267-76x150.jpg 76w, https:\/\/museumek.eu\/wp-content\/uploads\/2014\/08\/1267.jpg 407w\" sizes=\"(max-width: 152px) 100vw, 152px\" \/><\/a><\/p>\n<p><a href=\"http:\/\/museumek.eu\/?attachment_id=33085\" rel=\"attachment wp-att-33085\"><img loading=\"lazy\" src=\"http:\/\/museumek.eu\/wp-content\/uploads\/2014\/08\/1268-128x300.jpg\" alt=\"\" title=\"1268\" width=\"128\" height=\"300\" class=\"alignnone size-medium wp-image-33085\" srcset=\"https:\/\/museumek.eu\/wp-content\/uploads\/2014\/08\/1268-128x300.jpg 128w, https:\/\/museumek.eu\/wp-content\/uploads\/2014\/08\/1268-64x150.jpg 64w\" sizes=\"(max-width: 128px) 100vw, 128px\" \/><\/a><\/p>\n<p><a href=\"http:\/\/museumek.eu\/?attachment_id=33086\" rel=\"attachment wp-att-33086\"><img loading=\"lazy\" src=\"http:\/\/museumek.eu\/wp-content\/uploads\/2014\/08\/1269-146x300.jpg\" alt=\"\" title=\"1269\" width=\"146\" height=\"300\" class=\"alignnone size-medium wp-image-33086\" srcset=\"https:\/\/museumek.eu\/wp-content\/uploads\/2014\/08\/1269-146x300.jpg 146w, https:\/\/museumek.eu\/wp-content\/uploads\/2014\/08\/1269-73x150.jpg 73w, https:\/\/museumek.eu\/wp-content\/uploads\/2014\/08\/1269.jpg 351w\" sizes=\"(max-width: 146px) 100vw, 146px\" \/><\/a><\/p>\n<p><a href=\"http:\/\/museumek.eu\/?attachment_id=33087\" rel=\"attachment wp-att-33087\"><img loading=\"lazy\" src=\"http:\/\/museumek.eu\/wp-content\/uploads\/2014\/08\/1271-136x300.jpg\" alt=\"\" title=\"1271\" width=\"136\" height=\"300\" class=\"alignnone size-medium wp-image-33087\" srcset=\"https:\/\/museumek.eu\/wp-content\/uploads\/2014\/08\/1271-136x300.jpg 136w, https:\/\/museumek.eu\/wp-content\/uploads\/2014\/08\/1271-68x150.jpg 68w, https:\/\/museumek.eu\/wp-content\/uploads\/2014\/08\/1271.jpg 332w\" sizes=\"(max-width: 136px) 100vw, 136px\" \/><\/a><\/p>\n<p><a href=\"http:\/\/museumek.eu\/?attachment_id=33088\" rel=\"attachment wp-att-33088\"><img loading=\"lazy\" src=\"http:\/\/museumek.eu\/wp-content\/uploads\/2014\/08\/1272-144x300.jpg\" alt=\"\" title=\"1272\" width=\"144\" height=\"300\" class=\"alignnone size-medium wp-image-33088\" srcset=\"https:\/\/museumek.eu\/wp-content\/uploads\/2014\/08\/1272-144x300.jpg 144w, https:\/\/museumek.eu\/wp-content\/uploads\/2014\/08\/1272-72x150.jpg 72w, https:\/\/museumek.eu\/wp-content\/uploads\/2014\/08\/1272.jpg 350w\" sizes=\"(max-width: 144px) 100vw, 144px\" \/><\/a><\/p>\n<p><a href=\"http:\/\/museumek.eu\/?attachment_id=33089\" rel=\"attachment wp-att-33089\"><img loading=\"lazy\" src=\"http:\/\/museumek.eu\/wp-content\/uploads\/2014\/08\/1270-113x300.jpg\" alt=\"\" title=\"1270\" width=\"113\" height=\"300\" class=\"alignnone size-medium wp-image-33089\" srcset=\"https:\/\/museumek.eu\/wp-content\/uploads\/2014\/08\/1270-113x300.jpg 113w, https:\/\/museumek.eu\/wp-content\/uploads\/2014\/08\/1270-56x150.jpg 56w\" sizes=\"(max-width: 113px) 100vw, 113px\" \/><\/a><\/p>\n<p><a href=\"http:\/\/museumek.eu\/?attachment_id=33090\" rel=\"attachment wp-att-33090\"><img loading=\"lazy\" src=\"http:\/\/museumek.eu\/wp-content\/uploads\/2014\/08\/1273-287x300.jpg\" alt=\"\" title=\"1273\" width=\"287\" height=\"300\" class=\"alignnone size-medium wp-image-33090\" srcset=\"https:\/\/museumek.eu\/wp-content\/uploads\/2014\/08\/1273-287x300.jpg 287w, https:\/\/museumek.eu\/wp-content\/uploads\/2014\/08\/1273-143x150.jpg 143w, https:\/\/museumek.eu\/wp-content\/uploads\/2014\/08\/1273.jpg 574w\" sizes=\"(max-width: 287px) 100vw, 287px\" \/><\/a><\/p>\n<p><a href=\"http:\/\/museumek.eu\/?attachment_id=33091\" rel=\"attachment wp-att-33091\"><img loading=\"lazy\" src=\"http:\/\/museumek.eu\/wp-content\/uploads\/2014\/08\/1274-300x200.jpg\" alt=\"\" title=\"1274\" width=\"300\" height=\"200\" class=\"alignnone size-medium wp-image-33091\" srcset=\"https:\/\/museumek.eu\/wp-content\/uploads\/2014\/08\/1274-300x200.jpg 300w, https:\/\/museumek.eu\/wp-content\/uploads\/2014\/08\/1274-150x100.jpg 150w, https:\/\/museumek.eu\/wp-content\/uploads\/2014\/08\/1274-448x300.jpg 448w, https:\/\/museumek.eu\/wp-content\/uploads\/2014\/08\/1274.jpg 649w\" sizes=\"(max-width: 300px) 100vw, 300px\" \/><\/a><\/p>\n<p><a href=\"http:\/\/museumek.eu\/?attachment_id=33092\" rel=\"attachment wp-att-33092\"><img loading=\"lazy\" src=\"http:\/\/museumek.eu\/wp-content\/uploads\/2014\/08\/1275-300x251.jpg\" alt=\"\" title=\"1275\" width=\"300\" height=\"251\" class=\"alignnone size-medium wp-image-33092\" srcset=\"https:\/\/museumek.eu\/wp-content\/uploads\/2014\/08\/1275-300x251.jpg 300w, https:\/\/museumek.eu\/wp-content\/uploads\/2014\/08\/1275-150x125.jpg 150w, https:\/\/museumek.eu\/wp-content\/uploads\/2014\/08\/1275-357x300.jpg 357w, https:\/\/museumek.eu\/wp-content\/uploads\/2014\/08\/1275.jpg 715w\" sizes=\"(max-width: 300px) 100vw, 300px\" \/><\/a><\/p>\n<p><a href=\"http:\/\/museumek.eu\/?attachment_id=33093\" rel=\"attachment wp-att-33093\"><img loading=\"lazy\" src=\"http:\/\/museumek.eu\/wp-content\/uploads\/2014\/08\/1276-300x268.jpg\" alt=\"\" title=\"1276\" width=\"300\" height=\"268\" class=\"alignnone size-medium wp-image-33093\" srcset=\"https:\/\/museumek.eu\/wp-content\/uploads\/2014\/08\/1276-300x268.jpg 300w, https:\/\/museumek.eu\/wp-content\/uploads\/2014\/08\/1276-150x134.jpg 150w, https:\/\/museumek.eu\/wp-content\/uploads\/2014\/08\/1276-335x300.jpg 335w, https:\/\/museumek.eu\/wp-content\/uploads\/2014\/08\/1276.jpg 670w\" sizes=\"(max-width: 300px) 100vw, 300px\" \/><\/a><\/p>\n<p><a href=\"http:\/\/museumek.eu\/?attachment_id=33094\" rel=\"attachment wp-att-33094\"><img loading=\"lazy\" src=\"http:\/\/museumek.eu\/wp-content\/uploads\/2014\/08\/1277-292x300.jpg\" alt=\"\" title=\"1277\" width=\"292\" height=\"300\" class=\"alignnone size-medium wp-image-33094\" srcset=\"https:\/\/museumek.eu\/wp-content\/uploads\/2014\/08\/1277-292x300.jpg 292w, https:\/\/museumek.eu\/wp-content\/uploads\/2014\/08\/1277-146x150.jpg 146w, https:\/\/museumek.eu\/wp-content\/uploads\/2014\/08\/1277.jpg 674w\" sizes=\"(max-width: 292px) 100vw, 292px\" \/><\/a><\/p>\n<p><a href=\"http:\/\/museumek.eu\/?attachment_id=33095\" rel=\"attachment wp-att-33095\"><img loading=\"lazy\" src=\"http:\/\/museumek.eu\/wp-content\/uploads\/2014\/08\/1278-300x289.jpg\" alt=\"\" title=\"1278\" width=\"300\" height=\"289\" class=\"alignnone size-medium wp-image-33095\" srcset=\"https:\/\/museumek.eu\/wp-content\/uploads\/2014\/08\/1278-300x289.jpg 300w, https:\/\/museumek.eu\/wp-content\/uploads\/2014\/08\/1278-150x144.jpg 150w, https:\/\/museumek.eu\/wp-content\/uploads\/2014\/08\/1278-311x300.jpg 311w, https:\/\/museumek.eu\/wp-content\/uploads\/2014\/08\/1278.jpg 622w\" sizes=\"(max-width: 300px) 100vw, 300px\" \/><\/a><\/p>\n<p><a href=\"http:\/\/museumek.eu\/?attachment_id=33096\" rel=\"attachment wp-att-33096\"><img loading=\"lazy\" src=\"http:\/\/museumek.eu\/wp-content\/uploads\/2014\/08\/1280-300x153.jpg\" alt=\"\" title=\"1280\" width=\"300\" height=\"153\" class=\"alignnone size-medium wp-image-33096\" srcset=\"https:\/\/museumek.eu\/wp-content\/uploads\/2014\/08\/1280-300x153.jpg 300w, https:\/\/museumek.eu\/wp-content\/uploads\/2014\/08\/1280-150x76.jpg 150w, https:\/\/museumek.eu\/wp-content\/uploads\/2014\/08\/1280-500x256.jpg 500w, https:\/\/museumek.eu\/wp-content\/uploads\/2014\/08\/1280.jpg 562w\" sizes=\"(max-width: 300px) 100vw, 300px\" \/><\/a><\/p>\n<p><a href=\"http:\/\/museumek.eu\/?attachment_id=33097\" rel=\"attachment wp-att-33097\"><img loading=\"lazy\" src=\"http:\/\/museumek.eu\/wp-content\/uploads\/2014\/08\/1279-300x166.jpg\" alt=\"\" title=\"1279\" width=\"300\" height=\"166\" class=\"alignnone size-medium wp-image-33097\" srcset=\"https:\/\/museumek.eu\/wp-content\/uploads\/2014\/08\/1279-300x166.jpg 300w, https:\/\/museumek.eu\/wp-content\/uploads\/2014\/08\/1279-150x83.jpg 150w, https:\/\/museumek.eu\/wp-content\/uploads\/2014\/08\/1279-500x277.jpg 500w, https:\/\/museumek.eu\/wp-content\/uploads\/2014\/08\/1279.jpg 800w\" sizes=\"(max-width: 300px) 100vw, 300px\" \/><\/a><\/p>\n","protected":false},"excerpt":{"rendered":"<p>Abteilung Deutschland, Keramik 1860 \u2013 1960, Inventarnummer D\/XXXIX\/3 Eckhardt &#038; Engler Steinzeugwarenfabrik vormals Eckhardt &#038; Engler Fabrik und Export beschlagener Bierkr\u00fcge und Gl\u00e4ser, Deutschland, H\u00f6hr, um 1918, Krug, K\u00fcnstler unbekannt, Werks.-Nr. 960, Exemplar Nr. 5 (?), gemarkt Firmenmarke mit E, &hellip; <a href=\"https:\/\/museumek.eu\/?page_id=33083\">Weiterlesen <span class=\"meta-nav\">&rarr;<\/span><\/a><\/p>\n","protected":false},"author":1,"featured_media":0,"parent":9082,"menu_order":3,"comment_status":"closed","ping_status":"open","template":"","meta":[],"_links":{"self":[{"href":"https:\/\/museumek.eu\/index.php?rest_route=\/wp\/v2\/pages\/33083"}],"collection":[{"href":"https:\/\/museumek.eu\/index.php?rest_route=\/wp\/v2\/pages"}],"about":[{"href":"https:\/\/museumek.eu\/index.php?rest_route=\/wp\/v2\/types\/page"}],"author":[{"embeddable":true,"href":"https:\/\/museumek.eu\/index.php?rest_route=\/wp\/v2\/users\/1"}],"replies":[{"embeddable":true,"href":"https:\/\/museumek.eu\/index.php?rest_route=%2Fwp%2Fv2%2Fcomments&post=33083"}],"version-history":[{"count":4,"href":"https:\/\/museumek.eu\/index.php?rest_route=\/wp\/v2\/pages\/33083\/revisions"}],"predecessor-version":[{"id":33101,"href":"https:\/\/museumek.eu\/index.php?rest_route=\/wp\/v2\/pages\/33083\/revisions\/33101"}],"up":[{"embeddable":true,"href":"https:\/\/museumek.eu\/index.php?rest_route=\/wp\/v2\/pages\/9082"}],"wp:attachment":[{"href":"https:\/\/museumek.eu\/index.php?rest_route=%2Fwp%2Fv2%2Fmedia&parent=33083"}],"curies":[{"name":"wp","href":"https:\/\/api.w.org\/{rel}","templated":true}]}}