{"id":35401,"date":"2014-12-31T13:21:33","date_gmt":"2014-12-31T12:21:33","guid":{"rendered":"http:\/\/museumek.eu\/?page_id=35401"},"modified":"2015-07-12T14:54:33","modified_gmt":"2015-07-12T12:54:33","slug":"dxxxvii44","status":"publish","type":"page","link":"https:\/\/museumek.eu\/?page_id=35401","title":{"rendered":"D\/XXXVII\/44"},"content":{"rendered":"<p><strong>Abteilung Deutschland, Keramik 1860 \u2013 1960, Inventarnummer D\/XXXVII\/44<\/strong><\/p>\n<p>Thonwaaren \u2013 Fabrik Marzi &#038; Remy, Deutschland, H\u00f6hr, um 1910, Krug, K\u00fcnstler unbekannt, Werks.-Nr. 2133, Exemplar Nr. ohne, gemarkt keine Firmenmarke aber GESETZL. GESCH\u00dcTZT, 2011, 22 sowie 1 L. \u00fcber Eichstrich gepresst, nicht signiert, Literatur: J\u00fcrgen Erlebach, J\u00fcrgen Schimanski, Westerw\u00e4lder Steinzeug, Die Neue \u00c4ra 1900 \u2013 1930, Jugendstil und Werkbund, Seite 72, Marke Nr. 16 identisch sowie Seite 75, Abbildung 123, identischer 1 Liter Krug mit Werks.-Nr. 2011, weitere Literatur: J\u00fcrgen Schimanski, Braun geflammt und grau gesalzen, Seite 203, Beschreibung der Fabrik, Beschreibung der zeitlichen Zuordnung, Modellnummern 1900\/2000 um 1910 sowie Marke Nr. 16 identisch sowie Seite 205, Abbildung Nr. 520, identischer Krug mit folgender Beschreibung: Gr\u00f6\u00dfe 17,5 cm, Entwurf: Unbekannt 1910, Ausf\u00fchrung Marzi &#038; Remy ohne Fabrikmarke, au\u00dferdem dort beschrieben, dass eine eigene Firmenmarke (Anmerkung MEK: die stilisierte T\u00f6pfermarke, bestehend aus Mittelachse, daran Antriebstretscheibe, diese immer in einem quadratischen oder trapezf\u00f6rmigen Rahmen) erst Anfang der 1920\u2018 Jahre eingef\u00fchrt worden ist und dass Erzeugnisse der fr\u00fcheren Jahre oft mit dem Schriftzug \u201eGesetzl. Gesch\u00fctzt\u201c (Anmerkung MEK: richtige Schreibweise des Stempels eigentlich mit Gro\u00dfbuchstaben und nicht wie bei Schimanski klein geschrieben, also GESETZL. GESCH\u00dcTZT) gemarkt sind, dieser Beschreibung stimmt das MEK bez\u00fcglich der Firmenmarke nicht zu, das MEK Exemplar D\/XXXVII\/64 widerlegt diese Aussage, vor, bis um 1900, wurde der M &#038; R. darunter H. in einem Rechteck Stempel verwendet, diesen gibt es auch noch als ausgeschriebene Variante (MARZI &#038; REMY darunter H\u00d6HR.), dann nicht in einem Rechteck, sogar mit dem Zusatzstempel GESETZL. GESCH\u00dcTZT, siehe http:\/\/www.steinmarks.co.uk\/pages\/pv.asp?p=stein164, dort unter Marzi &#038; Remy diese Stempelvariante abgebildet als auch die Stempelvariante des oben genannten MEK Exemplares, M &#038; R. darunter H. steht <strong>nicht<\/strong> f\u00fcr Merkelbach &#038; Remy, einer Westerw\u00e4lder Fabrik, die in der gleichen Zeit produzierte und f\u00fcr die bisher in der Fachliteratur noch keine Firmenmarke nachgewiesen worden ist, weil sich diese Fabrik in Grenzhausen und nicht in H\u00f6hr befand, bis 1936 waren die beiden Ortschaften eigenst\u00e4ndig und wurden erst am 01.04.1936 zusammen mit der Gemeinde Grenzau zu H\u00f6hr-Grenzhausen zusammengeschlossen, die Fabrik wurde 1879 von Anton Marzi und seinem Schwager Simon Peter Remy in H\u00f6hr gegr\u00fcndet und firmierte als Thonwaaren \u2013 Fabrik Marzi &#038; Remy, ab 1881 wurde eine eigene Zinngie\u00dferei angeschafft und ab 1883 neben dem grau \u2013 blau salzglasiertem Steinzeug auch Elfenbeinsteinzeug produziert, Simon Peter Remy verstarb 1919 und sein Sohn Werner Remy trat in die Fabrik ein, 1924 verstarb Anton Marzi und sein Schwiegersohn Johann Otto B\u00fchler trat in die Fabrik ein, Werner Remy verlie\u00df 1931 die Fabrik, 1941 trat Johann Otto B\u00fchlers Sohn Otto B\u00fchler in die Fabrik ein und 1953 dessen Sohn Otto Georg B\u00fchler, die Fabrik war bis zum Konkurs in den 1990\u2018 Jahren immer in Familienbesitz, Ausf\u00fchrung als Feinsteinzeug grau-dunkelblau glasiert,<br \/>\nH\u00f6he 17,5 cm, Breite 16,5 cm (nur die Keramik)<\/p>\n<p><a href=\"http:\/\/museumek.eu\/?attachment_id=35402\" rel=\"attachment wp-att-35402\"><img loading=\"lazy\" src=\"http:\/\/museumek.eu\/wp-content\/uploads\/2014\/12\/1835-167x300.jpg\" alt=\"\" title=\"1835\" width=\"167\" height=\"300\" class=\"alignnone size-medium wp-image-35402\" srcset=\"https:\/\/museumek.eu\/wp-content\/uploads\/2014\/12\/1835-167x300.jpg 167w, https:\/\/museumek.eu\/wp-content\/uploads\/2014\/12\/1835-83x150.jpg 83w, https:\/\/museumek.eu\/wp-content\/uploads\/2014\/12\/1835.jpg 446w\" sizes=\"(max-width: 167px) 100vw, 167px\" \/><\/a><\/p>\n<p><a href=\"http:\/\/museumek.eu\/?attachment_id=35403\" rel=\"attachment wp-att-35403\"><img loading=\"lazy\" src=\"http:\/\/museumek.eu\/wp-content\/uploads\/2014\/12\/1836-207x300.jpg\" alt=\"\" title=\"1836\" width=\"207\" height=\"300\" class=\"alignnone size-medium wp-image-35403\" srcset=\"https:\/\/museumek.eu\/wp-content\/uploads\/2014\/12\/1836-207x300.jpg 207w, https:\/\/museumek.eu\/wp-content\/uploads\/2014\/12\/1836-103x150.jpg 103w, https:\/\/museumek.eu\/wp-content\/uploads\/2014\/12\/1836.jpg 552w\" sizes=\"(max-width: 207px) 100vw, 207px\" \/><\/a><\/p>\n<p><a href=\"http:\/\/museumek.eu\/?attachment_id=35404\" rel=\"attachment wp-att-35404\"><img loading=\"lazy\" src=\"http:\/\/museumek.eu\/wp-content\/uploads\/2014\/12\/1837-199x300.jpg\" alt=\"\" title=\"1837\" width=\"199\" height=\"300\" class=\"alignnone size-medium wp-image-35404\" srcset=\"https:\/\/museumek.eu\/wp-content\/uploads\/2014\/12\/1837-199x300.jpg 199w, https:\/\/museumek.eu\/wp-content\/uploads\/2014\/12\/1837-99x150.jpg 99w, https:\/\/museumek.eu\/wp-content\/uploads\/2014\/12\/1837.jpg 533w\" sizes=\"(max-width: 199px) 100vw, 199px\" \/><\/a><\/p>\n<p><a href=\"http:\/\/museumek.eu\/?attachment_id=35405\" rel=\"attachment wp-att-35405\"><img loading=\"lazy\" src=\"http:\/\/museumek.eu\/wp-content\/uploads\/2014\/12\/1838-138x300.jpg\" alt=\"\" title=\"1838\" width=\"138\" height=\"300\" class=\"alignnone size-medium wp-image-35405\" srcset=\"https:\/\/museumek.eu\/wp-content\/uploads\/2014\/12\/1838-138x300.jpg 138w, https:\/\/museumek.eu\/wp-content\/uploads\/2014\/12\/1838-69x150.jpg 69w, https:\/\/museumek.eu\/wp-content\/uploads\/2014\/12\/1838.jpg 369w\" sizes=\"(max-width: 138px) 100vw, 138px\" \/><\/a><\/p>\n<p><a href=\"http:\/\/museumek.eu\/?attachment_id=35406\" rel=\"attachment wp-att-35406\"><img loading=\"lazy\" src=\"http:\/\/museumek.eu\/wp-content\/uploads\/2014\/12\/1839-300x300.jpg\" alt=\"\" title=\"1839\" width=\"300\" height=\"300\" class=\"alignnone size-medium wp-image-35406\" srcset=\"https:\/\/museumek.eu\/wp-content\/uploads\/2014\/12\/1839-300x300.jpg 300w, https:\/\/museumek.eu\/wp-content\/uploads\/2014\/12\/1839-150x150.jpg 150w, https:\/\/museumek.eu\/wp-content\/uploads\/2014\/12\/1839-299x300.jpg 299w, https:\/\/museumek.eu\/wp-content\/uploads\/2014\/12\/1839.jpg 440w\" sizes=\"(max-width: 300px) 100vw, 300px\" \/><\/a><\/p>\n<p><a href=\"http:\/\/museumek.eu\/?attachment_id=35407\" rel=\"attachment wp-att-35407\"><img loading=\"lazy\" src=\"http:\/\/museumek.eu\/wp-content\/uploads\/2014\/12\/1840-218x300.jpg\" alt=\"\" title=\"1840\" width=\"218\" height=\"300\" class=\"alignnone size-medium wp-image-35407\" srcset=\"https:\/\/museumek.eu\/wp-content\/uploads\/2014\/12\/1840-218x300.jpg 218w, https:\/\/museumek.eu\/wp-content\/uploads\/2014\/12\/1840-109x150.jpg 109w, https:\/\/museumek.eu\/wp-content\/uploads\/2014\/12\/1840.jpg 582w\" sizes=\"(max-width: 218px) 100vw, 218px\" \/><\/a><\/p>\n","protected":false},"excerpt":{"rendered":"<p>Abteilung Deutschland, Keramik 1860 \u2013 1960, Inventarnummer D\/XXXVII\/44 Thonwaaren \u2013 Fabrik Marzi &#038; Remy, Deutschland, H\u00f6hr, um 1910, Krug, K\u00fcnstler unbekannt, Werks.-Nr. 2133, Exemplar Nr. ohne, gemarkt keine Firmenmarke aber GESETZL. GESCH\u00dcTZT, 2011, 22 sowie 1 L. \u00fcber Eichstrich gepresst, &hellip; <a href=\"https:\/\/museumek.eu\/?page_id=35401\">Weiterlesen <span class=\"meta-nav\">&rarr;<\/span><\/a><\/p>\n","protected":false},"author":1,"featured_media":0,"parent":35188,"menu_order":44,"comment_status":"closed","ping_status":"open","template":"","meta":[],"_links":{"self":[{"href":"https:\/\/museumek.eu\/index.php?rest_route=\/wp\/v2\/pages\/35401"}],"collection":[{"href":"https:\/\/museumek.eu\/index.php?rest_route=\/wp\/v2\/pages"}],"about":[{"href":"https:\/\/museumek.eu\/index.php?rest_route=\/wp\/v2\/types\/page"}],"author":[{"embeddable":true,"href":"https:\/\/museumek.eu\/index.php?rest_route=\/wp\/v2\/users\/1"}],"replies":[{"embeddable":true,"href":"https:\/\/museumek.eu\/index.php?rest_route=%2Fwp%2Fv2%2Fcomments&post=35401"}],"version-history":[{"count":10,"href":"https:\/\/museumek.eu\/index.php?rest_route=\/wp\/v2\/pages\/35401\/revisions"}],"predecessor-version":[{"id":42204,"href":"https:\/\/museumek.eu\/index.php?rest_route=\/wp\/v2\/pages\/35401\/revisions\/42204"}],"up":[{"embeddable":true,"href":"https:\/\/museumek.eu\/index.php?rest_route=\/wp\/v2\/pages\/35188"}],"wp:attachment":[{"href":"https:\/\/museumek.eu\/index.php?rest_route=%2Fwp%2Fv2%2Fmedia&parent=35401"}],"curies":[{"name":"wp","href":"https:\/\/api.w.org\/{rel}","templated":true}]}}