{"id":37946,"date":"2015-03-22T17:53:27","date_gmt":"2015-03-22T16:53:27","guid":{"rendered":"http:\/\/museumek.eu\/?page_id=37946"},"modified":"2015-03-22T17:56:18","modified_gmt":"2015-03-22T16:56:18","slug":"dxlix13","status":"publish","type":"page","link":"https:\/\/museumek.eu\/?page_id=37946","title":{"rendered":"D\/XLIX\/13"},"content":{"rendered":"<p><strong>Abteilung Deutschland, Keramik 1860 \u2013 1960, Inventarnummer D\/XLIX\/13<\/strong><\/p>\n<p>Simon Peter Gerz I. GmbH Fabrik fein verzierter Gebrauchs- und Luxusgegenst\u00e4nde und Vorg\u00e4nger Simon Peter Gerz I. Fabrik antiker reichverzierter Steinzeugwaaren, Deutschland, H\u00f6hr, um 1900, Seidel, K\u00fcnstler unbekannt, Werks.-Nr. 1012, Exemplar Nr. ohne, gemarkt Firmenmarke mit einem Krug in einem Dreieck, 1012, B sowie 0,5 L. \u00fcber Eichstrich gepresst, nicht signiert, Literatur: Gisela Reineking von Bock, Meister der deutschen Keramik, Seite 329, Marke Nr. 212 identisch, weitere Literatur: J\u00fcrgen Schimanski und J\u00fcrgen Erlebach, Westerw\u00e4lder Steinzeug, Die Neue \u00c4ra, Seite 44 ff., Fabrikbeschreibung sowie Seite 44, Marke Nr. 6 identisch, weitere Literatur: J\u00fcrgen Schimanski, Braun geflammt und grau gesalzen, Seite 197, Beschreibung der Fabrik sowie Marke Nr. 6 identisch, die Fabrik wurde 1857 von Simon Peter Gerz I (geb. 13.09.1830, gest. 12.09.1893) gegr\u00fcndet, die Registereintragung erfolgte aber erst 1862, insofern ist das Jahr 1862 das amtliche Gr\u00fcndungsdatum, bisher konnte in keiner Literatur eine Erkl\u00e4rung gefunden werden, warum Gerz seinem Namen eine r\u00f6mische I anf\u00fcgte, recherchiert werden konnte, dass es noch einen Steinzeugfabrikanten namens Simon Peter Gerz II (geb. 1833, gest. 1908) gab und dass dieser der Vater von Alois Jacob Gerz, dem Mitbegr\u00fcnder der Steinzeugfabrik Rosskopf &#038; Gerz war, 1867 erhielt die Fabrik das Pr\u00e4dikat eines Hoflieferanten des Herzog von Nassau, 1893 (Gerz Tod) wurde der Schwiegersohn Alphons William Loetschert Inhaber, sehr wahrscheinlich wurde um diese Zeit auch die Fabrikmarke SPG I in einem Kreis in die Dreieckmarke mit einem Krug ge\u00e4ndert, sp\u00e4testens aber sicher 1897, 1897 wurde die Pfeiffenfabrik M\u00fcllenbach &#038; Thewalt Mitinhaber und eine GmbH wurde gegr\u00fcndet (Gr\u00fcndungsdatum: 05.08.1897), die Fabrik bestand bis 1997, bei Albert Jacob Thewalt findet sich ein fast identischer Literungsstempel, allerdings geht dort das L. nicht \u00fcber den rechten Anstrich des Eichstrichs hinaus und der Bogen der 5 ist nicht so stark eingekringelt,<strong> der 0,75 cm hohe und 1,3 cm breite 0,5 Literstempel dient dem MEK als Identifizierungsstempel f\u00fcr nicht mit der Fabrikmarke versehene Fabrikate von Gerz<\/strong>, Ausf\u00fchrung als Seidel mit Hohlboden,<br \/>\nH\u00f6he 18,1 cm, Breite 15,5 cm (nur die Keramik)<\/p>\n<p><a href=\"http:\/\/museumek.eu\/?attachment_id=37947\" rel=\"attachment wp-att-37947\"><img loading=\"lazy\" src=\"http:\/\/museumek.eu\/wp-content\/uploads\/2015\/03\/2293-131x300.jpg\" alt=\"\" title=\"2293\" width=\"131\" height=\"300\" class=\"alignnone size-medium wp-image-37947\" srcset=\"https:\/\/museumek.eu\/wp-content\/uploads\/2015\/03\/2293-131x300.jpg 131w, https:\/\/museumek.eu\/wp-content\/uploads\/2015\/03\/2293-65x150.jpg 65w, https:\/\/museumek.eu\/wp-content\/uploads\/2015\/03\/2293.jpg 351w\" sizes=\"(max-width: 131px) 100vw, 131px\" \/><\/a><\/p>\n<p><a href=\"http:\/\/museumek.eu\/?attachment_id=37948\" rel=\"attachment wp-att-37948\"><img loading=\"lazy\" src=\"http:\/\/museumek.eu\/wp-content\/uploads\/2015\/03\/2294-172x300.jpg\" alt=\"\" title=\"2294\" width=\"172\" height=\"300\" class=\"alignnone size-medium wp-image-37948\" srcset=\"https:\/\/museumek.eu\/wp-content\/uploads\/2015\/03\/2294-172x300.jpg 172w, https:\/\/museumek.eu\/wp-content\/uploads\/2015\/03\/2294-86x150.jpg 86w, https:\/\/museumek.eu\/wp-content\/uploads\/2015\/03\/2294.jpg 459w\" sizes=\"(max-width: 172px) 100vw, 172px\" \/><\/a><\/p>\n<p><a href=\"http:\/\/museumek.eu\/?attachment_id=37949\" rel=\"attachment wp-att-37949\"><img loading=\"lazy\" src=\"http:\/\/museumek.eu\/wp-content\/uploads\/2015\/03\/2295-171x300.jpg\" alt=\"\" title=\"2295\" width=\"171\" height=\"300\" class=\"alignnone size-medium wp-image-37949\" srcset=\"https:\/\/museumek.eu\/wp-content\/uploads\/2015\/03\/2295-171x300.jpg 171w, https:\/\/museumek.eu\/wp-content\/uploads\/2015\/03\/2295-85x150.jpg 85w, https:\/\/museumek.eu\/wp-content\/uploads\/2015\/03\/2295.jpg 458w\" sizes=\"(max-width: 171px) 100vw, 171px\" \/><\/a><\/p>\n<p><a href=\"http:\/\/museumek.eu\/?attachment_id=37950\" rel=\"attachment wp-att-37950\"><img loading=\"lazy\" src=\"http:\/\/museumek.eu\/wp-content\/uploads\/2015\/03\/2296-123x300.jpg\" alt=\"\" title=\"2296\" width=\"123\" height=\"300\" class=\"alignnone size-medium wp-image-37950\" srcset=\"https:\/\/museumek.eu\/wp-content\/uploads\/2015\/03\/2296-123x300.jpg 123w, https:\/\/museumek.eu\/wp-content\/uploads\/2015\/03\/2296-61x150.jpg 61w, https:\/\/museumek.eu\/wp-content\/uploads\/2015\/03\/2296.jpg 328w\" sizes=\"(max-width: 123px) 100vw, 123px\" \/><\/a><\/p>\n<p><a href=\"http:\/\/museumek.eu\/?attachment_id=37951\" rel=\"attachment wp-att-37951\"><img loading=\"lazy\" src=\"http:\/\/museumek.eu\/wp-content\/uploads\/2015\/03\/2297-190x300.jpg\" alt=\"\" title=\"2297\" width=\"190\" height=\"300\" class=\"alignnone size-medium wp-image-37951\" srcset=\"https:\/\/museumek.eu\/wp-content\/uploads\/2015\/03\/2297-190x300.jpg 190w, https:\/\/museumek.eu\/wp-content\/uploads\/2015\/03\/2297-95x150.jpg 95w, https:\/\/museumek.eu\/wp-content\/uploads\/2015\/03\/2297.jpg 504w\" sizes=\"(max-width: 190px) 100vw, 190px\" \/><\/a><\/p>\n<p><a href=\"http:\/\/museumek.eu\/?attachment_id=37952\" rel=\"attachment wp-att-37952\"><img loading=\"lazy\" src=\"http:\/\/museumek.eu\/wp-content\/uploads\/2015\/03\/2298-257x300.jpg\" alt=\"\" title=\"2298\" width=\"257\" height=\"300\" class=\"alignnone size-medium wp-image-37952\" srcset=\"https:\/\/museumek.eu\/wp-content\/uploads\/2015\/03\/2298-257x300.jpg 257w, https:\/\/museumek.eu\/wp-content\/uploads\/2015\/03\/2298-128x150.jpg 128w, https:\/\/museumek.eu\/wp-content\/uploads\/2015\/03\/2298.jpg 600w\" sizes=\"(max-width: 257px) 100vw, 257px\" \/><\/a><\/p>\n","protected":false},"excerpt":{"rendered":"<p>Abteilung Deutschland, Keramik 1860 \u2013 1960, Inventarnummer D\/XLIX\/13 Simon Peter Gerz I. GmbH Fabrik fein verzierter Gebrauchs- und Luxusgegenst\u00e4nde und Vorg\u00e4nger Simon Peter Gerz I. Fabrik antiker reichverzierter Steinzeugwaaren, Deutschland, H\u00f6hr, um 1900, Seidel, K\u00fcnstler unbekannt, Werks.-Nr. 1012, Exemplar Nr. &hellip; <a href=\"https:\/\/museumek.eu\/?page_id=37946\">Weiterlesen <span class=\"meta-nav\">&rarr;<\/span><\/a><\/p>\n","protected":false},"author":1,"featured_media":0,"parent":37296,"menu_order":13,"comment_status":"closed","ping_status":"open","template":"","meta":[],"_links":{"self":[{"href":"https:\/\/museumek.eu\/index.php?rest_route=\/wp\/v2\/pages\/37946"}],"collection":[{"href":"https:\/\/museumek.eu\/index.php?rest_route=\/wp\/v2\/pages"}],"about":[{"href":"https:\/\/museumek.eu\/index.php?rest_route=\/wp\/v2\/types\/page"}],"author":[{"embeddable":true,"href":"https:\/\/museumek.eu\/index.php?rest_route=\/wp\/v2\/users\/1"}],"replies":[{"embeddable":true,"href":"https:\/\/museumek.eu\/index.php?rest_route=%2Fwp%2Fv2%2Fcomments&post=37946"}],"version-history":[{"count":13,"href":"https:\/\/museumek.eu\/index.php?rest_route=\/wp\/v2\/pages\/37946\/revisions"}],"predecessor-version":[{"id":37965,"href":"https:\/\/museumek.eu\/index.php?rest_route=\/wp\/v2\/pages\/37946\/revisions\/37965"}],"up":[{"embeddable":true,"href":"https:\/\/museumek.eu\/index.php?rest_route=\/wp\/v2\/pages\/37296"}],"wp:attachment":[{"href":"https:\/\/museumek.eu\/index.php?rest_route=%2Fwp%2Fv2%2Fmedia&parent=37946"}],"curies":[{"name":"wp","href":"https:\/\/api.w.org\/{rel}","templated":true}]}}