{"id":38078,"date":"2015-03-26T20:45:07","date_gmt":"2015-03-26T19:45:07","guid":{"rendered":"http:\/\/museumek.eu\/?page_id=38078"},"modified":"2015-03-26T20:46:05","modified_gmt":"2015-03-26T19:46:05","slug":"dlxxxii28","status":"publish","type":"page","link":"https:\/\/museumek.eu\/?page_id=38078","title":{"rendered":"D\/LXXXII\/28"},"content":{"rendered":"<p><strong>Abteilung Deutschland, Keramik 1860 \u2013 1960, Inventarnummer D\/LXXXII\/28<\/strong><\/p>\n<p>Westerw\u00e4lder Steinzeug ohne Fabrikzuordnung, Deutschland, Westerwald, um 1900, Seidel, K\u00fcnstler unbekannt, Werks.-Nr. 23, Exemplar Nr. ohne, gemarkt keine Firmenmarke aber 23 sowie 0,5 L \u00fcber Eichstrich gepresst, nicht signiert,<br \/>\nH\u00f6he 13,2 cm, Breite 13,2 cm<\/p>\n<p><a href=\"http:\/\/museumek.eu\/?attachment_id=38079\" rel=\"attachment wp-att-38079\"><img loading=\"lazy\" src=\"http:\/\/museumek.eu\/wp-content\/uploads\/2015\/03\/2164-206x300.jpg\" alt=\"\" title=\"2164\" width=\"206\" height=\"300\" class=\"alignnone size-medium wp-image-38079\" srcset=\"https:\/\/museumek.eu\/wp-content\/uploads\/2015\/03\/2164-206x300.jpg 206w, https:\/\/museumek.eu\/wp-content\/uploads\/2015\/03\/2164-103x150.jpg 103w, https:\/\/museumek.eu\/wp-content\/uploads\/2015\/03\/2164.jpg 550w\" sizes=\"(max-width: 206px) 100vw, 206px\" \/><\/a><\/p>\n<p><a href=\"http:\/\/museumek.eu\/?attachment_id=38080\" rel=\"attachment wp-att-38080\"><img loading=\"lazy\" src=\"http:\/\/museumek.eu\/wp-content\/uploads\/2015\/03\/2165-274x300.jpg\" alt=\"\" title=\"2165\" width=\"274\" height=\"300\" class=\"alignnone size-medium wp-image-38080\" srcset=\"https:\/\/museumek.eu\/wp-content\/uploads\/2015\/03\/2165-274x300.jpg 274w, https:\/\/museumek.eu\/wp-content\/uploads\/2015\/03\/2165-137x150.jpg 137w, https:\/\/museumek.eu\/wp-content\/uploads\/2015\/03\/2165.jpg 600w\" sizes=\"(max-width: 274px) 100vw, 274px\" \/><\/a><\/p>\n<p><a href=\"http:\/\/museumek.eu\/?attachment_id=38081\" rel=\"attachment wp-att-38081\"><img loading=\"lazy\" src=\"http:\/\/museumek.eu\/wp-content\/uploads\/2015\/03\/2166-277x300.jpg\" alt=\"\" title=\"2166\" width=\"277\" height=\"300\" class=\"alignnone size-medium wp-image-38081\" srcset=\"https:\/\/museumek.eu\/wp-content\/uploads\/2015\/03\/2166-277x300.jpg 277w, https:\/\/museumek.eu\/wp-content\/uploads\/2015\/03\/2166-138x150.jpg 138w, https:\/\/museumek.eu\/wp-content\/uploads\/2015\/03\/2166.jpg 600w\" sizes=\"(max-width: 277px) 100vw, 277px\" \/><\/a><\/p>\n<p><a href=\"http:\/\/museumek.eu\/?attachment_id=38082\" rel=\"attachment wp-att-38082\"><img loading=\"lazy\" src=\"http:\/\/museumek.eu\/wp-content\/uploads\/2015\/03\/2167-205x300.jpg\" alt=\"\" title=\"2167\" width=\"205\" height=\"300\" class=\"alignnone size-medium wp-image-38082\" srcset=\"https:\/\/museumek.eu\/wp-content\/uploads\/2015\/03\/2167-205x300.jpg 205w, https:\/\/museumek.eu\/wp-content\/uploads\/2015\/03\/2167-102x150.jpg 102w, https:\/\/museumek.eu\/wp-content\/uploads\/2015\/03\/2167.jpg 547w\" sizes=\"(max-width: 205px) 100vw, 205px\" \/><\/a><\/p>\n<p><a href=\"http:\/\/museumek.eu\/?attachment_id=38083\" rel=\"attachment wp-att-38083\"><img loading=\"lazy\" src=\"http:\/\/museumek.eu\/wp-content\/uploads\/2015\/03\/2168-231x300.jpg\" alt=\"\" title=\"2168\" width=\"231\" height=\"300\" class=\"alignnone size-medium wp-image-38083\" srcset=\"https:\/\/museumek.eu\/wp-content\/uploads\/2015\/03\/2168-231x300.jpg 231w, https:\/\/museumek.eu\/wp-content\/uploads\/2015\/03\/2168-115x150.jpg 115w, https:\/\/museumek.eu\/wp-content\/uploads\/2015\/03\/2168.jpg 568w\" sizes=\"(max-width: 231px) 100vw, 231px\" \/><\/a><\/p>\n<p><a href=\"http:\/\/museumek.eu\/?attachment_id=38084\" rel=\"attachment wp-att-38084\"><img loading=\"lazy\" src=\"http:\/\/museumek.eu\/wp-content\/uploads\/2015\/03\/2169-300x295.jpg\" alt=\"\" title=\"2169\" width=\"300\" height=\"295\" class=\"alignnone size-medium wp-image-38084\" srcset=\"https:\/\/museumek.eu\/wp-content\/uploads\/2015\/03\/2169-300x295.jpg 300w, https:\/\/museumek.eu\/wp-content\/uploads\/2015\/03\/2169-150x147.jpg 150w, https:\/\/museumek.eu\/wp-content\/uploads\/2015\/03\/2169-304x300.jpg 304w, https:\/\/museumek.eu\/wp-content\/uploads\/2015\/03\/2169.jpg 419w\" sizes=\"(max-width: 300px) 100vw, 300px\" \/><\/a><\/p>\n","protected":false},"excerpt":{"rendered":"<p>Abteilung Deutschland, Keramik 1860 \u2013 1960, Inventarnummer D\/LXXXII\/28 Westerw\u00e4lder Steinzeug ohne Fabrikzuordnung, Deutschland, Westerwald, um 1900, Seidel, K\u00fcnstler unbekannt, Werks.-Nr. 23, Exemplar Nr. ohne, gemarkt keine Firmenmarke aber 23 sowie 0,5 L \u00fcber Eichstrich gepresst, nicht signiert, H\u00f6he 13,2 cm, &hellip; <a href=\"https:\/\/museumek.eu\/?page_id=38078\">Weiterlesen <span class=\"meta-nav\">&rarr;<\/span><\/a><\/p>\n","protected":false},"author":1,"featured_media":0,"parent":33436,"menu_order":28,"comment_status":"closed","ping_status":"open","template":"","meta":[],"_links":{"self":[{"href":"https:\/\/museumek.eu\/index.php?rest_route=\/wp\/v2\/pages\/38078"}],"collection":[{"href":"https:\/\/museumek.eu\/index.php?rest_route=\/wp\/v2\/pages"}],"about":[{"href":"https:\/\/museumek.eu\/index.php?rest_route=\/wp\/v2\/types\/page"}],"author":[{"embeddable":true,"href":"https:\/\/museumek.eu\/index.php?rest_route=\/wp\/v2\/users\/1"}],"replies":[{"embeddable":true,"href":"https:\/\/museumek.eu\/index.php?rest_route=%2Fwp%2Fv2%2Fcomments&post=38078"}],"version-history":[{"count":6,"href":"https:\/\/museumek.eu\/index.php?rest_route=\/wp\/v2\/pages\/38078\/revisions"}],"predecessor-version":[{"id":38090,"href":"https:\/\/museumek.eu\/index.php?rest_route=\/wp\/v2\/pages\/38078\/revisions\/38090"}],"up":[{"embeddable":true,"href":"https:\/\/museumek.eu\/index.php?rest_route=\/wp\/v2\/pages\/33436"}],"wp:attachment":[{"href":"https:\/\/museumek.eu\/index.php?rest_route=%2Fwp%2Fv2%2Fmedia&parent=38078"}],"curies":[{"name":"wp","href":"https:\/\/api.w.org\/{rel}","templated":true}]}}