{"id":38165,"date":"2015-03-29T21:31:54","date_gmt":"2015-03-29T19:31:54","guid":{"rendered":"http:\/\/museumek.eu\/?page_id=38165"},"modified":"2021-02-06T17:01:56","modified_gmt":"2021-02-06T16:01:56","slug":"dlvi2","status":"publish","type":"page","link":"https:\/\/museumek.eu\/?page_id=38165","title":{"rendered":"D\/LVI\/2"},"content":{"rendered":"<p><strong>Abteilung Deutschland, Keramik 1860 \u2013 1960, Inventarnummer D\/LVI\/2<\/strong><\/p>\n<p>Porzellanfabrik Stadtlengsfeld AG, vormals Porzellanfabrik Stadtlengsfeld GmbH, vormals Porzellanfabrik Stadtlengsfeld Carl Frisch, vormals Porzellanfabrik Stadtlengsfeld Koch &#038; Schnorr und Nachfolger VEB Porzellan Stadtlengsfeld, Deutschland, Stadtlengsfeld, um 1960, Dose, K\u00fcnstler unbekannt, Werks.-Nr. ohne, Exemplar Nr. ohne, gemarkt Firmenmarke ein Flugzeug, unter den Fl\u00fcgeln zwei ungedeutete Zeichen, unter dem Flugzeug halbkreisf\u00f6rmig STADTLENGSFELD, MADE IN GERMANY sowie 5 A gr\u00fcne Stempel unter Glasur, 0.40 gepresst, nicht signiert, Literatur: Robert E. R\u00f6ntgen, Deutsche Porzellanmarken von 1710 bis heute (Ausgabe Jahr 2000), Seite 327, Marke Nr. 2578 identisch (dort angegeben f\u00fcr die Zeit 1950 \u2013 1969, dort ohne Zusatz MADE IN GERMANY), die Porzellanfabrik wurde 1889 von Koch und Schnorr gegr\u00fcndet, Firmierung Porzellanfabrik Stadtlengsfeld Koch &#038; Schnorr, 1896 gingen Koch &#038; Schnorr in Konkurs, die Fabrik wurde von Carl Frisch aufgekauft, Firmierung Porzellanfabrik Stadtlengsfeld Carl Frisch, 1901 ging Frisch in Konkurs, 1902 wurde die Fabrik von B\u00fcchner, Seiffert, Reuss und Beckmann, alle 4 wahrscheinlich Einwohner der Stadt, aufgekauft und als GmbH weitergef\u00fchrt, Firmierung Porzellanfabrik Stadtlengsfeld GmbH, 1908\/1909 Umwandlung in eine AG, Firmierung Porzellanfabrik Stadtlengsfeld AG, 1947 erfolgte die Verstaatlichung, Firmierung VEB Porzellan Stadtlengsfeld, H\u00f6he 12 cm, Breite 11,5 cm<\/p>\n<p><a href=\"http:\/\/museumek.eu\/?attachment_id=38166\" rel=\"attachment wp-att-38166\"><img loading=\"lazy\" src=\"http:\/\/museumek.eu\/wp-content\/uploads\/2015\/03\/2976-271x300.jpg\" alt=\"\" title=\"2976\" width=\"271\" height=\"300\" class=\"alignnone size-medium wp-image-38166\" srcset=\"https:\/\/museumek.eu\/wp-content\/uploads\/2015\/03\/2976-271x300.jpg 271w, https:\/\/museumek.eu\/wp-content\/uploads\/2015\/03\/2976-135x150.jpg 135w, https:\/\/museumek.eu\/wp-content\/uploads\/2015\/03\/2976.jpg 600w\" sizes=\"(max-width: 271px) 100vw, 271px\" \/><\/a><\/p>\n<p><a href=\"http:\/\/museumek.eu\/?attachment_id=38167\" rel=\"attachment wp-att-38167\"><img loading=\"lazy\" src=\"http:\/\/museumek.eu\/wp-content\/uploads\/2015\/03\/2977-169x300.jpg\" alt=\"\" title=\"2977\" width=\"169\" height=\"300\" class=\"alignnone size-medium wp-image-38167\" srcset=\"https:\/\/museumek.eu\/wp-content\/uploads\/2015\/03\/2977-169x300.jpg 169w, https:\/\/museumek.eu\/wp-content\/uploads\/2015\/03\/2977-84x150.jpg 84w, https:\/\/museumek.eu\/wp-content\/uploads\/2015\/03\/2977.jpg 451w\" sizes=\"(max-width: 169px) 100vw, 169px\" \/><\/a><\/p>\n<p><a href=\"http:\/\/museumek.eu\/?attachment_id=38168\" rel=\"attachment wp-att-38168\"><img loading=\"lazy\" src=\"http:\/\/museumek.eu\/wp-content\/uploads\/2015\/03\/2978-159x300.jpg\" alt=\"\" title=\"2978\" width=\"159\" height=\"300\" class=\"alignnone size-medium wp-image-38168\" srcset=\"https:\/\/museumek.eu\/wp-content\/uploads\/2015\/03\/2978-159x300.jpg 159w, https:\/\/museumek.eu\/wp-content\/uploads\/2015\/03\/2978-79x150.jpg 79w, https:\/\/museumek.eu\/wp-content\/uploads\/2015\/03\/2978.jpg 426w\" sizes=\"(max-width: 159px) 100vw, 159px\" \/><\/a><\/p>\n<p><a href=\"http:\/\/museumek.eu\/?attachment_id=38169\" rel=\"attachment wp-att-38169\"><img loading=\"lazy\" src=\"http:\/\/museumek.eu\/wp-content\/uploads\/2015\/03\/2979-288x300.jpg\" alt=\"\" title=\"2979\" width=\"288\" height=\"300\" class=\"alignnone size-medium wp-image-38169\" srcset=\"https:\/\/museumek.eu\/wp-content\/uploads\/2015\/03\/2979-288x300.jpg 288w, https:\/\/museumek.eu\/wp-content\/uploads\/2015\/03\/2979-144x150.jpg 144w, https:\/\/museumek.eu\/wp-content\/uploads\/2015\/03\/2979.jpg 600w\" sizes=\"(max-width: 288px) 100vw, 288px\" \/><\/a><\/p>\n","protected":false},"excerpt":{"rendered":"<p>Abteilung Deutschland, Keramik 1860 \u2013 1960, Inventarnummer D\/LVI\/2 Porzellanfabrik Stadtlengsfeld AG, vormals Porzellanfabrik Stadtlengsfeld GmbH, vormals Porzellanfabrik Stadtlengsfeld Carl Frisch, vormals Porzellanfabrik Stadtlengsfeld Koch &#038; Schnorr und Nachfolger VEB Porzellan Stadtlengsfeld, Deutschland, Stadtlengsfeld, um 1960, Dose, K\u00fcnstler unbekannt, Werks.-Nr. ohne, &hellip; <a href=\"https:\/\/museumek.eu\/?page_id=38165\">Weiterlesen <span class=\"meta-nav\">&rarr;<\/span><\/a><\/p>\n","protected":false},"author":1,"featured_media":0,"parent":13912,"menu_order":2,"comment_status":"closed","ping_status":"open","template":"","meta":[],"_links":{"self":[{"href":"https:\/\/museumek.eu\/index.php?rest_route=\/wp\/v2\/pages\/38165"}],"collection":[{"href":"https:\/\/museumek.eu\/index.php?rest_route=\/wp\/v2\/pages"}],"about":[{"href":"https:\/\/museumek.eu\/index.php?rest_route=\/wp\/v2\/types\/page"}],"author":[{"embeddable":true,"href":"https:\/\/museumek.eu\/index.php?rest_route=\/wp\/v2\/users\/1"}],"replies":[{"embeddable":true,"href":"https:\/\/museumek.eu\/index.php?rest_route=%2Fwp%2Fv2%2Fcomments&post=38165"}],"version-history":[{"count":8,"href":"https:\/\/museumek.eu\/index.php?rest_route=\/wp\/v2\/pages\/38165\/revisions"}],"predecessor-version":[{"id":53158,"href":"https:\/\/museumek.eu\/index.php?rest_route=\/wp\/v2\/pages\/38165\/revisions\/53158"}],"up":[{"embeddable":true,"href":"https:\/\/museumek.eu\/index.php?rest_route=\/wp\/v2\/pages\/13912"}],"wp:attachment":[{"href":"https:\/\/museumek.eu\/index.php?rest_route=%2Fwp%2Fv2%2Fmedia&parent=38165"}],"curies":[{"name":"wp","href":"https:\/\/api.w.org\/{rel}","templated":true}]}}