{"id":39628,"date":"2015-05-12T14:00:33","date_gmt":"2015-05-12T12:00:33","guid":{"rendered":"http:\/\/museumek.eu\/?page_id=39628"},"modified":"2015-05-12T14:01:26","modified_gmt":"2015-05-12T12:01:26","slug":"dlii3","status":"publish","type":"page","link":"https:\/\/museumek.eu\/?page_id=39628","title":{"rendered":"D\/LII\/3"},"content":{"rendered":"<p><strong>Abteilung Deutschland, Keramik 1860 \u2013 1960, Inventarnummer D\/LII\/3<\/strong><\/p>\n<p>Rosskopf &#038; Gerz Fabrik fein verzierter Steinzeugwaren, Deutschland, H\u00f6hr, um 1906, Seidel, K\u00fcnstler unbekannt, Werks.-Nr. 685, Exemplar Nr. ohne, gemarkt keine Firmenmarke aber GES. darunter GESCH\u00dcTZT, 685 einmal am Boden und einmal unter dem Henkel, W sowie 0,5 L. \u00fcber Eichstrich gepresst, nicht signiert, Literatur: Beate Dry-v. Zezschwitz, Westerw\u00e4lder Steinzeug des Jugendstils IV, Rosskopf &#038; Gerz, Steinzeugfabrik H\u00f6hr im Westerwald, 1901 \u2013 1914, Seite 12, Abbildung Nr. 2, identische Marke, Seite 31, Tabellen Nachtrag zum Werksverzeichnis, dort unter Werks.-Nr. 685 wie folgt beschrieben: \u00bd Liter, Flachb. mit Bild und Schrift \u201eWaidmanns Heil\u201c sowie Seite 37, Bildnachtrag zum Werksverzeichnis, Einlegeblatt 2 a, Bierseidel, \u00bd Liter Flachboden und unter Werks.-Nr. 685 mit schwarz-wei\u00df Foto abgebildet, weitere Literatur: J\u00fcrgen Schimanski, Braun geflammt und grau gesalzen, Seite 221, Beschreibung der Fabrik sowie Marke Nr. 40 identisch, weitere Literatur: J\u00fcrgen Erlebach und J\u00fcrgen Schimanski, Westerw\u00e4lder Steinzeug, Die Neue \u00c4ra 1900 \u2013 1930, Jugendstil und Werkbund, Seite 115, Beschreibung der Fabrik sowie Marke Nr. 40 identisch, 1901 gr\u00fcndeten der Kaufmann Alois Jakob Gerz und der T\u00f6pfer und Modelleur Karl Wilhelm Ro\u00dfkopf eine Steinzeugfabrik in H\u00f6hr, die Fabrik firmierte als Ro\u00dfkopf &#038; Gerz Fabrik fein verzierter Steinzeugwaren, die Firmierung wurde von einer Zeitungsanzeige der Fabrik aus dem Jahr 1907 \u00fcbernommen, bereits 1905 scheidet Ro\u00dfkopf aus der Fabrik wieder aus, Gerz wird Alleineigent\u00fcmer, die Fabrik betrieb auch eine eigene Zinngie\u00dferei und Malerei, ab ca. 1907 \u00fcbernahm das H\u00f6hrer Handelsunternehmen Eckhardt &#038; Engler den Vertrieb der Fabrikate, dieses Handelsunternehmen \u00fcbernahm 1914 eine Eulerei und produzierte nun auch selbst Steinzeug, 1918 \u00fcbernahmen Eckhardt &#038; Engler einige Formen der Fabrik von Ro\u00dfkopf &#038; Gerz, markte diese aber mit der eigenen Marke, Gerz verstarb 1913 und seine Witwe Barbara Gerz \u00fcbernahm die Fabrik, auf Grund wirtschaftlicher Schwierigkeiten w\u00e4hrend der Kriegsjahre des WK I \u00fcbernahm 1917 der L\u00fcbecker Kaufmann Rudolf Reeder die Fabrik, allerdings wurde nach dem Krieg wohl nicht weiter produziert, 1922\/1923 \u00fcbernahm Eckardt &#038; Engler alle Formen der Fabrik, die amtliche L\u00f6schung der Fabrik erfolgte aber erst 1930, <strong>der 0,7 cm hohe und 1,4 cm breite 0,5 Liter \u00fcber Eichstrich Stempel, dient dem MEK als Identifizierungsstempel f\u00fcr nicht mit einer Fabrikmarke versehene Fabrikate von Rosskopf &#038; Gerz<\/strong>, Ausf\u00fchrung als Feinsteinzeug, H\u00f6he 14,5 cm, Breite 13 cm (nur die Keramik)<\/p>\n<p><a href=\"http:\/\/museumek.eu\/?attachment_id=39629\" rel=\"attachment wp-att-39629\"><img loading=\"lazy\" src=\"http:\/\/museumek.eu\/wp-content\/uploads\/2015\/05\/3501-145x300.jpg\" alt=\"\" title=\"3501\" width=\"145\" height=\"300\" class=\"alignnone size-medium wp-image-39629\" srcset=\"https:\/\/museumek.eu\/wp-content\/uploads\/2015\/05\/3501-145x300.jpg 145w, https:\/\/museumek.eu\/wp-content\/uploads\/2015\/05\/3501-72x150.jpg 72w\" sizes=\"(max-width: 145px) 100vw, 145px\" \/><\/a><\/p>\n<p><a href=\"http:\/\/museumek.eu\/?attachment_id=39630\" rel=\"attachment wp-att-39630\"><img loading=\"lazy\" src=\"http:\/\/museumek.eu\/wp-content\/uploads\/2015\/05\/3502-172x300.jpg\" alt=\"\" title=\"3502\" width=\"172\" height=\"300\" class=\"alignnone size-medium wp-image-39630\" srcset=\"https:\/\/museumek.eu\/wp-content\/uploads\/2015\/05\/3502-172x300.jpg 172w, https:\/\/museumek.eu\/wp-content\/uploads\/2015\/05\/3502-86x150.jpg 86w, https:\/\/museumek.eu\/wp-content\/uploads\/2015\/05\/3502.jpg 459w\" sizes=\"(max-width: 172px) 100vw, 172px\" \/><\/a><\/p>\n<p><a href=\"http:\/\/museumek.eu\/?attachment_id=39631\" rel=\"attachment wp-att-39631\"><img loading=\"lazy\" src=\"http:\/\/museumek.eu\/wp-content\/uploads\/2015\/05\/3503-169x300.jpg\" alt=\"\" title=\"3503\" width=\"169\" height=\"300\" class=\"alignnone size-medium wp-image-39631\" srcset=\"https:\/\/museumek.eu\/wp-content\/uploads\/2015\/05\/3503-169x300.jpg 169w, https:\/\/museumek.eu\/wp-content\/uploads\/2015\/05\/3503-84x150.jpg 84w, https:\/\/museumek.eu\/wp-content\/uploads\/2015\/05\/3503.jpg 452w\" sizes=\"(max-width: 169px) 100vw, 169px\" \/><\/a><\/p>\n<p><a href=\"http:\/\/museumek.eu\/?attachment_id=39632\" rel=\"attachment wp-att-39632\"><img loading=\"lazy\" src=\"http:\/\/museumek.eu\/wp-content\/uploads\/2015\/05\/3504-128x300.jpg\" alt=\"\" title=\"3504\" width=\"128\" height=\"300\" class=\"alignnone size-medium wp-image-39632\" srcset=\"https:\/\/museumek.eu\/wp-content\/uploads\/2015\/05\/3504-128x300.jpg 128w, https:\/\/museumek.eu\/wp-content\/uploads\/2015\/05\/3504-64x150.jpg 64w, https:\/\/museumek.eu\/wp-content\/uploads\/2015\/05\/3504.jpg 342w\" sizes=\"(max-width: 128px) 100vw, 128px\" \/><\/a><\/p>\n<p><a href=\"http:\/\/museumek.eu\/?attachment_id=39633\" rel=\"attachment wp-att-39633\"><img loading=\"lazy\" src=\"http:\/\/museumek.eu\/wp-content\/uploads\/2015\/05\/3505-300x296.jpg\" alt=\"\" title=\"3505\" width=\"300\" height=\"296\" class=\"alignnone size-medium wp-image-39633\" srcset=\"https:\/\/museumek.eu\/wp-content\/uploads\/2015\/05\/3505-300x296.jpg 300w, https:\/\/museumek.eu\/wp-content\/uploads\/2015\/05\/3505-150x148.jpg 150w, https:\/\/museumek.eu\/wp-content\/uploads\/2015\/05\/3505-304x300.jpg 304w, https:\/\/museumek.eu\/wp-content\/uploads\/2015\/05\/3505.jpg 380w\" sizes=\"(max-width: 300px) 100vw, 300px\" \/><\/a><\/p>\n<p><a href=\"http:\/\/museumek.eu\/?attachment_id=39634\" rel=\"attachment wp-att-39634\"><img loading=\"lazy\" src=\"http:\/\/museumek.eu\/wp-content\/uploads\/2015\/05\/3506-300x186.jpg\" alt=\"\" title=\"3506\" width=\"300\" height=\"186\" class=\"alignnone size-medium wp-image-39634\" srcset=\"https:\/\/museumek.eu\/wp-content\/uploads\/2015\/05\/3506-300x186.jpg 300w, https:\/\/museumek.eu\/wp-content\/uploads\/2015\/05\/3506-150x93.jpg 150w, https:\/\/museumek.eu\/wp-content\/uploads\/2015\/05\/3506-481x300.jpg 481w, https:\/\/museumek.eu\/wp-content\/uploads\/2015\/05\/3506.jpg 800w\" sizes=\"(max-width: 300px) 100vw, 300px\" \/><\/a><\/p>\n<p><a href=\"http:\/\/museumek.eu\/?attachment_id=39635\" rel=\"attachment wp-att-39635\"><img loading=\"lazy\" src=\"http:\/\/museumek.eu\/wp-content\/uploads\/2015\/05\/3507-228x300.jpg\" alt=\"\" title=\"3507\" width=\"228\" height=\"300\" class=\"alignnone size-medium wp-image-39635\" srcset=\"https:\/\/museumek.eu\/wp-content\/uploads\/2015\/05\/3507-228x300.jpg 228w, https:\/\/museumek.eu\/wp-content\/uploads\/2015\/05\/3507-114x150.jpg 114w, https:\/\/museumek.eu\/wp-content\/uploads\/2015\/05\/3507.jpg 600w\" sizes=\"(max-width: 228px) 100vw, 228px\" \/><\/a><\/p>\n<p><a href=\"http:\/\/museumek.eu\/?attachment_id=39636\" rel=\"attachment wp-att-39636\"><img loading=\"lazy\" src=\"http:\/\/museumek.eu\/wp-content\/uploads\/2015\/05\/3508-287x300.jpg\" alt=\"\" title=\"3508\" width=\"287\" height=\"300\" class=\"alignnone size-medium wp-image-39636\" srcset=\"https:\/\/museumek.eu\/wp-content\/uploads\/2015\/05\/3508-287x300.jpg 287w, https:\/\/museumek.eu\/wp-content\/uploads\/2015\/05\/3508-143x150.jpg 143w, https:\/\/museumek.eu\/wp-content\/uploads\/2015\/05\/3508.jpg 600w\" sizes=\"(max-width: 287px) 100vw, 287px\" \/><\/a><\/p>\n","protected":false},"excerpt":{"rendered":"<p>Abteilung Deutschland, Keramik 1860 \u2013 1960, Inventarnummer D\/LII\/3 Rosskopf &#038; Gerz Fabrik fein verzierter Steinzeugwaren, Deutschland, H\u00f6hr, um 1906, Seidel, K\u00fcnstler unbekannt, Werks.-Nr. 685, Exemplar Nr. ohne, gemarkt keine Firmenmarke aber GES. darunter GESCH\u00dcTZT, 685 einmal am Boden und einmal &hellip; <a href=\"https:\/\/museumek.eu\/?page_id=39628\">Weiterlesen <span class=\"meta-nav\">&rarr;<\/span><\/a><\/p>\n","protected":false},"author":1,"featured_media":0,"parent":12425,"menu_order":3,"comment_status":"closed","ping_status":"open","template":"","meta":[],"_links":{"self":[{"href":"https:\/\/museumek.eu\/index.php?rest_route=\/wp\/v2\/pages\/39628"}],"collection":[{"href":"https:\/\/museumek.eu\/index.php?rest_route=\/wp\/v2\/pages"}],"about":[{"href":"https:\/\/museumek.eu\/index.php?rest_route=\/wp\/v2\/types\/page"}],"author":[{"embeddable":true,"href":"https:\/\/museumek.eu\/index.php?rest_route=\/wp\/v2\/users\/1"}],"replies":[{"embeddable":true,"href":"https:\/\/museumek.eu\/index.php?rest_route=%2Fwp%2Fv2%2Fcomments&post=39628"}],"version-history":[{"count":6,"href":"https:\/\/museumek.eu\/index.php?rest_route=\/wp\/v2\/pages\/39628\/revisions"}],"predecessor-version":[{"id":39642,"href":"https:\/\/museumek.eu\/index.php?rest_route=\/wp\/v2\/pages\/39628\/revisions\/39642"}],"up":[{"embeddable":true,"href":"https:\/\/museumek.eu\/index.php?rest_route=\/wp\/v2\/pages\/12425"}],"wp:attachment":[{"href":"https:\/\/museumek.eu\/index.php?rest_route=%2Fwp%2Fv2%2Fmedia&parent=39628"}],"curies":[{"name":"wp","href":"https:\/\/api.w.org\/{rel}","templated":true}]}}