{"id":39783,"date":"2015-05-14T21:25:39","date_gmt":"2015-05-14T19:25:39","guid":{"rendered":"http:\/\/museumek.eu\/?page_id=39783"},"modified":"2015-05-19T00:49:58","modified_gmt":"2015-05-18T22:49:58","slug":"fotos-und-beschreibung","status":"publish","type":"page","link":"https:\/\/museumek.eu\/?page_id=39783","title":{"rendered":"Fotos und Beschreibung"},"content":{"rendered":"<p><strong>Abteilung Deutschland, Keramik 1860 \u2013 1960, Inventarnummer D\/CXXVII\/1<\/strong><\/p>\n<p>Steingut- und Porzellanfabrik Ernst Dorfner &#038; Cie., Deutschland, Hirschau, um 1900, Seidel, K\u00fcnstler unbekannt, Werks.-Nr. ohne, Exemplar Nr. ohne, gemarkt Firmenmarke mit E. D &#038; C sowie \u00bd L \u00fcber Eichstrich gepresst, nicht signiert, Literatur: Gustav Wei\u00df, Ullstein Porzellanbuch, Seite 263, dort fast identische Marke abgebildet, beschrieben mit Hirschau (Oberpfalz), 1867 sowie Ernst Dorfner &#038; Cie., Anmerkung MEK: das Gr\u00fcndungsjahr 1867 ist falsch und die Fabrikbezeichnung ist unvollst\u00e4ndig, 1826 gr\u00fcndeten Karl Martin Dorfner, Joseph Konstantin Dorfner und weitere Inhaber die Porzellan- und Steingutfabrik Dorfner &#038; Co. in Hirschau, die Fabrik viel wegen famili\u00e4rer Streitigkeiten nach 1890 auseinander, Ernst Dorfner war einer der letzten Eigent\u00fcmer dieser Fabrik, er gr\u00fcndete 1894 seine eigene Fabrik in Hirschau, die als Steingut- und Porzellanfabrik Ernst Dorfner &#038; Cie. firmierte, seine S\u00f6hne Josef, Hermann und Florian gr\u00fcndeten am 16.01.1895 ihre eigene Fabrik in Hirschau, die als Steingutfabrik Gebr. Dorfner &#038; Co. firmierte, 1913 (evtl. dem Todesjahr von Ernst Dorfner), kaufte die Gebr. Dorfner &#038; Co. die Ernst Dorfner &#038; Cie. auf, Ausf\u00fchrung als Elfenbeinsteinzeug, Seidel mit Hohlboden, H\u00f6he 16,5 cm, Breite 13,5 cm (nur die Keramik)<\/p>\n<p><a href=\"http:\/\/museumek.eu\/?attachment_id=39765\" rel=\"attachment wp-att-39765\"><img loading=\"lazy\" src=\"http:\/\/museumek.eu\/wp-content\/uploads\/2015\/05\/3444-135x300.jpg\" alt=\"\" title=\"3444\" width=\"135\" height=\"300\" class=\"alignnone size-medium wp-image-39765\" srcset=\"https:\/\/museumek.eu\/wp-content\/uploads\/2015\/05\/3444-135x300.jpg 135w, https:\/\/museumek.eu\/wp-content\/uploads\/2015\/05\/3444-67x150.jpg 67w, https:\/\/museumek.eu\/wp-content\/uploads\/2015\/05\/3444.jpg 361w\" sizes=\"(max-width: 135px) 100vw, 135px\" \/><\/a><\/p>\n<p><a href=\"http:\/\/museumek.eu\/?attachment_id=39766\" rel=\"attachment wp-att-39766\"><img loading=\"lazy\" src=\"http:\/\/museumek.eu\/wp-content\/uploads\/2015\/05\/3446-166x300.jpg\" alt=\"\" title=\"3446\" width=\"166\" height=\"300\" class=\"alignnone size-medium wp-image-39766\" srcset=\"https:\/\/museumek.eu\/wp-content\/uploads\/2015\/05\/3446-166x300.jpg 166w, https:\/\/museumek.eu\/wp-content\/uploads\/2015\/05\/3446-83x150.jpg 83w, https:\/\/museumek.eu\/wp-content\/uploads\/2015\/05\/3446.jpg 443w\" sizes=\"(max-width: 166px) 100vw, 166px\" \/><\/a><\/p>\n<p><a href=\"http:\/\/museumek.eu\/?attachment_id=39767\" rel=\"attachment wp-att-39767\"><img loading=\"lazy\" src=\"http:\/\/museumek.eu\/wp-content\/uploads\/2015\/05\/3447-156x300.jpg\" alt=\"\" title=\"3447\" width=\"156\" height=\"300\" class=\"alignnone size-medium wp-image-39767\" srcset=\"https:\/\/museumek.eu\/wp-content\/uploads\/2015\/05\/3447-156x300.jpg 156w, https:\/\/museumek.eu\/wp-content\/uploads\/2015\/05\/3447-78x150.jpg 78w, https:\/\/museumek.eu\/wp-content\/uploads\/2015\/05\/3447.jpg 418w\" sizes=\"(max-width: 156px) 100vw, 156px\" \/><\/a><\/p>\n<p><a href=\"http:\/\/museumek.eu\/?attachment_id=39768\" rel=\"attachment wp-att-39768\"><img loading=\"lazy\" src=\"http:\/\/museumek.eu\/wp-content\/uploads\/2015\/05\/3448-116x300.jpg\" alt=\"\" title=\"3448\" width=\"116\" height=\"300\" class=\"alignnone size-medium wp-image-39768\" srcset=\"https:\/\/museumek.eu\/wp-content\/uploads\/2015\/05\/3448-116x300.jpg 116w, https:\/\/museumek.eu\/wp-content\/uploads\/2015\/05\/3448-58x150.jpg 58w\" sizes=\"(max-width: 116px) 100vw, 116px\" \/><\/a><\/p>\n<p><a href=\"http:\/\/museumek.eu\/?attachment_id=39771\" rel=\"attachment wp-att-39771\"><img loading=\"lazy\" src=\"http:\/\/museumek.eu\/wp-content\/uploads\/2015\/05\/3451-246x300.jpg\" alt=\"\" title=\"3451\" width=\"246\" height=\"300\" class=\"alignnone size-medium wp-image-39771\" srcset=\"https:\/\/museumek.eu\/wp-content\/uploads\/2015\/05\/3451-246x300.jpg 246w, https:\/\/museumek.eu\/wp-content\/uploads\/2015\/05\/3451-123x150.jpg 123w, https:\/\/museumek.eu\/wp-content\/uploads\/2015\/05\/3451.jpg 600w\" sizes=\"(max-width: 246px) 100vw, 246px\" \/><\/a><\/p>\n<p><a href=\"http:\/\/museumek.eu\/?attachment_id=39770\" rel=\"attachment wp-att-39770\"><img loading=\"lazy\" src=\"http:\/\/museumek.eu\/wp-content\/uploads\/2015\/05\/3445-144x300.jpg\" alt=\"\" title=\"3445\" width=\"144\" height=\"300\" class=\"alignnone size-medium wp-image-39770\" srcset=\"https:\/\/museumek.eu\/wp-content\/uploads\/2015\/05\/3445-144x300.jpg 144w, https:\/\/museumek.eu\/wp-content\/uploads\/2015\/05\/3445-72x150.jpg 72w\" sizes=\"(max-width: 144px) 100vw, 144px\" \/><\/a><\/p>\n<p><a href=\"http:\/\/museumek.eu\/?attachment_id=39772\" rel=\"attachment wp-att-39772\"><img loading=\"lazy\" src=\"http:\/\/museumek.eu\/wp-content\/uploads\/2015\/05\/3450-300x240.jpg\" alt=\"\" title=\"3450\" width=\"300\" height=\"240\" class=\"alignnone size-medium wp-image-39772\" srcset=\"https:\/\/museumek.eu\/wp-content\/uploads\/2015\/05\/3450-300x240.jpg 300w, https:\/\/museumek.eu\/wp-content\/uploads\/2015\/05\/3450-150x120.jpg 150w, https:\/\/museumek.eu\/wp-content\/uploads\/2015\/05\/3450-374x300.jpg 374w, https:\/\/museumek.eu\/wp-content\/uploads\/2015\/05\/3450.jpg 567w\" sizes=\"(max-width: 300px) 100vw, 300px\" \/><\/a><\/p>\n<p><a href=\"http:\/\/museumek.eu\/?attachment_id=39773\" rel=\"attachment wp-att-39773\"><img loading=\"lazy\" src=\"http:\/\/museumek.eu\/wp-content\/uploads\/2015\/05\/3452-300x149.jpg\" alt=\"\" title=\"3452\" width=\"300\" height=\"149\" class=\"alignnone size-medium wp-image-39773\" srcset=\"https:\/\/museumek.eu\/wp-content\/uploads\/2015\/05\/3452-300x149.jpg 300w, https:\/\/museumek.eu\/wp-content\/uploads\/2015\/05\/3452-150x74.jpg 150w, https:\/\/museumek.eu\/wp-content\/uploads\/2015\/05\/3452.jpg 432w\" sizes=\"(max-width: 300px) 100vw, 300px\" \/><\/a><\/p>\n","protected":false},"excerpt":{"rendered":"<p>Abteilung Deutschland, Keramik 1860 \u2013 1960, Inventarnummer D\/CXXVII\/1 Steingut- und Porzellanfabrik Ernst Dorfner &#038; Cie., Deutschland, Hirschau, um 1900, Seidel, K\u00fcnstler unbekannt, Werks.-Nr. ohne, Exemplar Nr. ohne, gemarkt Firmenmarke mit E. D &#038; C sowie \u00bd L \u00fcber Eichstrich gepresst, &hellip; <a href=\"https:\/\/museumek.eu\/?page_id=39783\">Weiterlesen <span class=\"meta-nav\">&rarr;<\/span><\/a><\/p>\n","protected":false},"author":1,"featured_media":0,"parent":39780,"menu_order":1,"comment_status":"closed","ping_status":"open","template":"","meta":[],"_links":{"self":[{"href":"https:\/\/museumek.eu\/index.php?rest_route=\/wp\/v2\/pages\/39783"}],"collection":[{"href":"https:\/\/museumek.eu\/index.php?rest_route=\/wp\/v2\/pages"}],"about":[{"href":"https:\/\/museumek.eu\/index.php?rest_route=\/wp\/v2\/types\/page"}],"author":[{"embeddable":true,"href":"https:\/\/museumek.eu\/index.php?rest_route=\/wp\/v2\/users\/1"}],"replies":[{"embeddable":true,"href":"https:\/\/museumek.eu\/index.php?rest_route=%2Fwp%2Fv2%2Fcomments&post=39783"}],"version-history":[{"count":7,"href":"https:\/\/museumek.eu\/index.php?rest_route=\/wp\/v2\/pages\/39783\/revisions"}],"predecessor-version":[{"id":40054,"href":"https:\/\/museumek.eu\/index.php?rest_route=\/wp\/v2\/pages\/39783\/revisions\/40054"}],"up":[{"embeddable":true,"href":"https:\/\/museumek.eu\/index.php?rest_route=\/wp\/v2\/pages\/39780"}],"wp:attachment":[{"href":"https:\/\/museumek.eu\/index.php?rest_route=%2Fwp%2Fv2%2Fmedia&parent=39783"}],"curies":[{"name":"wp","href":"https:\/\/api.w.org\/{rel}","templated":true}]}}