{"id":40057,"date":"2015-05-20T19:44:48","date_gmt":"2015-05-20T17:44:48","guid":{"rendered":"http:\/\/museumek.eu\/?page_id=40057"},"modified":"2015-05-20T19:47:12","modified_gmt":"2015-05-20T17:47:12","slug":"dxxxix4","status":"publish","type":"page","link":"https:\/\/museumek.eu\/?page_id=40057","title":{"rendered":"D\/XXXIX\/4"},"content":{"rendered":"<p><strong>Abteilung Deutschland, Keramik 1860 \u2013 1960, Inventarnummer D\/XXXIX\/4<\/strong><\/p>\n<p>Eckhardt &#038; Engler Steinzeugwarenfabrik vormals Eckhardt &#038; Engler Fabrik und Export beschlagener Bierkr\u00fcge und Gl\u00e4ser, Deutschland, H\u00f6hr, um 1930, Seidel, K\u00fcnstler unbekannt, Werks.-Nr. ohne, Exemplar Nr. ohne, gemarkt Firmenmarke mit E, daran gespiegeltes E (f\u00fcr Eckhardt &#038; Engler), darunter H (f\u00fcr H\u00f6hr), Made in Germany sowie 6 gepresst, 0,5 rechts neben Eichstrich mit gegossen oder aufgelegt, nicht signiert, Literatur: Beate Dry-v. Zezschwitz, Westerw\u00e4lder Steinzeug des Jugendstils IV, Rosskopf &#038; Gerz, Seite 8, zeitlicher Nachweis des Produktionsbeginns, Nachweis der Formen\u00fcbernahme von der Firma Rosskopf &#038; Gerz Fabrik feiner Steinzeugwaren sowie Seite 10, Abbildung der identischen Firmenmarke, weitere Literatur: J\u00fcrgen Schimanski, Braun geflammt und grau gesalzen, Seite 196, Beschreibung der Fabrik sowie Marke Nr. 46 identisch, Peter Eckhardt und Ernst Johann Engler gr\u00fcndeten 1898 eine Handelsunternehmen in H\u00f6hr, vertrieben wurde auch Steinzeug, laut einer Annonce aus dem Jahre 1907 nannte sich die Firma Eckhardt &#038; Engler Fabrik und Export beschlagener Bierkr\u00fcge und Gl\u00e4ser, in der Fabrik gab es eine eigene Malerei und Zinngie\u00dferei, insofern ist davon auszugehen, dass Rohlinge der Westerw\u00e4lder Steinzeugindustrie angekauft und in einer \u00fcber die Handelst\u00e4tigkeit hinausgehenden eigenen Fabrik verziert und mit eigenen Zinnmonturen mit Deckeln versehen worden sind, ab 1907 wurden nachweislich auch Fabrikate der Firma Rosskopf &#038; Gerz Fabrik feiner Steinzeugwaren vertrieben, ab 1914 stellte die Firma auch Steinzeug in einer zugekauften Eulerei her, ab 1918 wurden Formen der in Konkurs befindlichen Firma Rosskopf &#038; Gerz Fabrik feiner Steinzeugwaren \u00fcbernommen, ab 1921 firmierte die Fabrik laut einer Annonce als Eckhardt &#038; Engler Steinzeugwarenfabrik, 1922\/1923 \u00fcbernahm die Fabrik alle Formen von Rosskopf &#038; Gerz, neben Werksentw\u00fcrfen kaufte die Fabrik auch Entw\u00fcrfe von Albin M\u00fcller, Karl G\u00f6rig, Leonhard Hellmuth und Bruno Mauder an, die Fabrik bestand bis 1971, <strong>der 1,2 cm hohe und 2,7 cm breite Made in Germany Stempel, dient dem MEK als Identifizierungsstempel f\u00fcr nicht mit einer Firmenmarke versehene Fabrikate von Eckhardt &#038; Engler<\/strong>, Ausf\u00fchrung als Feinsteinzeug kobaltblau glasiert, Zinndeckel mit Widmung,<br \/>\nH\u00f6he 10,5 cm, Breite 15,5 cm (nur die Keramik)<\/p>\n<p><a href=\"http:\/\/museumek.eu\/?attachment_id=40058\" rel=\"attachment wp-att-40058\"><img loading=\"lazy\" src=\"http:\/\/museumek.eu\/wp-content\/uploads\/2015\/05\/2855-223x300.jpg\" alt=\"\" title=\"2855\" width=\"223\" height=\"300\" class=\"alignnone size-medium wp-image-40058\" srcset=\"https:\/\/museumek.eu\/wp-content\/uploads\/2015\/05\/2855-223x300.jpg 223w, https:\/\/museumek.eu\/wp-content\/uploads\/2015\/05\/2855-111x150.jpg 111w, https:\/\/museumek.eu\/wp-content\/uploads\/2015\/05\/2855.jpg 597w\" sizes=\"(max-width: 223px) 100vw, 223px\" \/><\/a><\/p>\n<p><a href=\"http:\/\/museumek.eu\/?attachment_id=40059\" rel=\"attachment wp-att-40059\"><img loading=\"lazy\" src=\"http:\/\/museumek.eu\/wp-content\/uploads\/2015\/05\/2856-283x300.jpg\" alt=\"\" title=\"2856\" width=\"283\" height=\"300\" class=\"alignnone size-medium wp-image-40059\" srcset=\"https:\/\/museumek.eu\/wp-content\/uploads\/2015\/05\/2856-283x300.jpg 283w, https:\/\/museumek.eu\/wp-content\/uploads\/2015\/05\/2856-141x150.jpg 141w, https:\/\/museumek.eu\/wp-content\/uploads\/2015\/05\/2856.jpg 600w\" sizes=\"(max-width: 283px) 100vw, 283px\" \/><\/a><\/p>\n<p><a href=\"http:\/\/museumek.eu\/?attachment_id=40060\" rel=\"attachment wp-att-40060\"><img loading=\"lazy\" src=\"http:\/\/museumek.eu\/wp-content\/uploads\/2015\/05\/2857-281x300.jpg\" alt=\"\" title=\"2857\" width=\"281\" height=\"300\" class=\"alignnone size-medium wp-image-40060\" srcset=\"https:\/\/museumek.eu\/wp-content\/uploads\/2015\/05\/2857-281x300.jpg 281w, https:\/\/museumek.eu\/wp-content\/uploads\/2015\/05\/2857-140x150.jpg 140w, https:\/\/museumek.eu\/wp-content\/uploads\/2015\/05\/2857.jpg 600w\" sizes=\"(max-width: 281px) 100vw, 281px\" \/><\/a><\/p>\n<p><a href=\"http:\/\/museumek.eu\/?attachment_id=40061\" rel=\"attachment wp-att-40061\"><img loading=\"lazy\" src=\"http:\/\/museumek.eu\/wp-content\/uploads\/2015\/05\/2863-200x300.jpg\" alt=\"\" title=\"2863\" width=\"200\" height=\"300\" class=\"alignnone size-medium wp-image-40061\" srcset=\"https:\/\/museumek.eu\/wp-content\/uploads\/2015\/05\/2863-200x300.jpg 200w, https:\/\/museumek.eu\/wp-content\/uploads\/2015\/05\/2863-100x150.jpg 100w, https:\/\/museumek.eu\/wp-content\/uploads\/2015\/05\/2863.jpg 535w\" sizes=\"(max-width: 200px) 100vw, 200px\" \/><\/a><\/p>\n<p><a href=\"http:\/\/museumek.eu\/?attachment_id=40062\" rel=\"attachment wp-att-40062\"><img loading=\"lazy\" src=\"http:\/\/museumek.eu\/wp-content\/uploads\/2015\/05\/2858-300x150.jpg\" alt=\"\" title=\"2858\" width=\"300\" height=\"150\" class=\"alignnone size-medium wp-image-40062\" srcset=\"https:\/\/museumek.eu\/wp-content\/uploads\/2015\/05\/2858-300x150.jpg 300w, https:\/\/museumek.eu\/wp-content\/uploads\/2015\/05\/2858-150x75.jpg 150w, https:\/\/museumek.eu\/wp-content\/uploads\/2015\/05\/2858.jpg 444w\" sizes=\"(max-width: 300px) 100vw, 300px\" \/><\/a><\/p>\n<p><a href=\"http:\/\/museumek.eu\/?attachment_id=40063\" rel=\"attachment wp-att-40063\"><img loading=\"lazy\" src=\"http:\/\/museumek.eu\/wp-content\/uploads\/2015\/05\/2859-172x300.jpg\" alt=\"\" title=\"2859\" width=\"172\" height=\"300\" class=\"alignnone size-medium wp-image-40063\" srcset=\"https:\/\/museumek.eu\/wp-content\/uploads\/2015\/05\/2859-172x300.jpg 172w, https:\/\/museumek.eu\/wp-content\/uploads\/2015\/05\/2859-86x150.jpg 86w\" sizes=\"(max-width: 172px) 100vw, 172px\" \/><\/a><\/p>\n<p><a href=\"http:\/\/museumek.eu\/?attachment_id=40064\" rel=\"attachment wp-att-40064\"><img loading=\"lazy\" src=\"http:\/\/museumek.eu\/wp-content\/uploads\/2015\/05\/2860-288x300.jpg\" alt=\"\" title=\"2860\" width=\"288\" height=\"300\" class=\"alignnone size-medium wp-image-40064\" srcset=\"https:\/\/museumek.eu\/wp-content\/uploads\/2015\/05\/2860-288x300.jpg 288w, https:\/\/museumek.eu\/wp-content\/uploads\/2015\/05\/2860-144x150.jpg 144w, https:\/\/museumek.eu\/wp-content\/uploads\/2015\/05\/2860.jpg 600w\" sizes=\"(max-width: 288px) 100vw, 288px\" \/><\/a><\/p>\n","protected":false},"excerpt":{"rendered":"<p>Abteilung Deutschland, Keramik 1860 \u2013 1960, Inventarnummer D\/XXXIX\/4 Eckhardt &#038; Engler Steinzeugwarenfabrik vormals Eckhardt &#038; Engler Fabrik und Export beschlagener Bierkr\u00fcge und Gl\u00e4ser, Deutschland, H\u00f6hr, um 1930, Seidel, K\u00fcnstler unbekannt, Werks.-Nr. ohne, Exemplar Nr. ohne, gemarkt Firmenmarke mit E, daran &hellip; <a href=\"https:\/\/museumek.eu\/?page_id=40057\">Weiterlesen <span class=\"meta-nav\">&rarr;<\/span><\/a><\/p>\n","protected":false},"author":1,"featured_media":0,"parent":9082,"menu_order":4,"comment_status":"closed","ping_status":"open","template":"","meta":[],"_links":{"self":[{"href":"https:\/\/museumek.eu\/index.php?rest_route=\/wp\/v2\/pages\/40057"}],"collection":[{"href":"https:\/\/museumek.eu\/index.php?rest_route=\/wp\/v2\/pages"}],"about":[{"href":"https:\/\/museumek.eu\/index.php?rest_route=\/wp\/v2\/types\/page"}],"author":[{"embeddable":true,"href":"https:\/\/museumek.eu\/index.php?rest_route=\/wp\/v2\/users\/1"}],"replies":[{"embeddable":true,"href":"https:\/\/museumek.eu\/index.php?rest_route=%2Fwp%2Fv2%2Fcomments&post=40057"}],"version-history":[{"count":8,"href":"https:\/\/museumek.eu\/index.php?rest_route=\/wp\/v2\/pages\/40057\/revisions"}],"predecessor-version":[{"id":40072,"href":"https:\/\/museumek.eu\/index.php?rest_route=\/wp\/v2\/pages\/40057\/revisions\/40072"}],"up":[{"embeddable":true,"href":"https:\/\/museumek.eu\/index.php?rest_route=\/wp\/v2\/pages\/9082"}],"wp:attachment":[{"href":"https:\/\/museumek.eu\/index.php?rest_route=%2Fwp%2Fv2%2Fmedia&parent=40057"}],"curies":[{"name":"wp","href":"https:\/\/api.w.org\/{rel}","templated":true}]}}