{"id":40096,"date":"2015-05-23T13:51:47","date_gmt":"2015-05-23T11:51:47","guid":{"rendered":"http:\/\/museumek.eu\/?page_id=40096"},"modified":"2015-05-23T15:02:42","modified_gmt":"2015-05-23T13:02:42","slug":"dlxxxiii6","status":"publish","type":"page","link":"https:\/\/museumek.eu\/?page_id=40096","title":{"rendered":"D\/LXXXIII\/6"},"content":{"rendered":"<p><strong>Abteilung Deutschland, Keramik 1860 \u2013 1960, Inventarnummer D\/LXXXIII\/\/6<\/strong><\/p>\n<p>D\u00fcmler &#038; Breiden Fabrik reichverzierter, altdeutscher Steinkr\u00fcge, Trinkhumpen, Pokale, Wein- u. Bierkannen etc. sowie Steinwaren in modernem Geschmack in bunter Glasur und bester Ausf\u00fchrung (attr.), Deutschland, H\u00f6hr, um 1910, Kanne, K\u00fcnstler Paul D\u00fcmler (attr.), Werks.-Nr. 1119, Exemplar Nr. ohne, gemarkt keine Firmenmarke aber 1119 sowie 2 Ltr. gepresst, nicht signiert, Literatur: J\u00fcrgen Schimanski und J\u00fcrgen Erlebach, Westerw\u00e4lder Steinzeug, Die Neue \u00c4ra, Seite 38, Fabrikbeschreibung sowie Seite 41, Abbildung Nr. 7, dort bei D\u00fcmler &#038; Breiden eine Form- und Dekorgleiche etwas gr\u00f6\u00dfere Kanne in der Ausf\u00fchrung Terra Sigillata Werks.-Nr. 1126 abgebildet, dort in den blauen Kreisen weise Punkte, weitere Literatur: J\u00fcrgen Schimanski, Braun geflammt und grau gesalzen, Seite 196, Fabrikbeschreibung sowie Seite 134, Abbildung Nr. 250, Seidel mit dem Punktkreisdekor, dort beschrieben Entwurf Paul D\u00fcmler, die Fabrik wurde 1883\/1884 von Peter D\u00fcmler und seinem sp\u00e4teren Schwager Albert Breiden in H\u00f6hr gegr\u00fcndet, 1907 zum Tode Peter D\u00fcmlers treten seine Witwe Bertha und sein Sohn Paul in die Fabrik ein, Paul wird seit dem WK I vermi\u00dft, um 1913 verkauft Albert Breiden seine Fabrikanteile (an wen konnte nicht recherchiert werden) und um 1918 tritt der Cousin Ernst D\u00fcmler in die Fabrik ein, die o. g. Fabrikbezeichnung wurde von einer Zeitungsanzeige des Jahres 1907 \u00fcbernommen, die Fabrik bestand \u00fcber den WK II hinaus, Fabrikzuordnung: siehe Ausf\u00fchrungen oben, au\u00dferdem identischer 2 Ltr. Stempel wie MEK D\/LXXXIII\/3, K\u00fcnstlerzuordnung: Paul D\u00fcmler hat fast alle Dekore im modernen Stil entworfen, <strong>der 0,7 cm hohe und 2 cm breite 2 Liter Stempel, dient dem MEK als Identifizierungsstempel f\u00fcr nicht mit einer Fabrikmarke versehene Fabrikate von D\u00fcmler &#038; Breiden, wobei es f\u00fcr die Identifizierung vor allem auf die Darstellung der Literangabe Ltr. ankommt, das MEK Exemplar mit der Werks.-Nr. 1119 ist in der Fachliteratur noch nicht erfasst<\/strong>, Ausf\u00fchrung als Elfenbeinsteinzeug, blau-schwarz<br \/>\nglasiert,  H\u00f6he 27,7 cm, Breite 15,5 cm<\/p>\n<p><a href=\"http:\/\/museumek.eu\/?attachment_id=40097\" rel=\"attachment wp-att-40097\"><img loading=\"lazy\" src=\"http:\/\/museumek.eu\/wp-content\/uploads\/2015\/05\/3668-128x300.jpg\" alt=\"\" title=\"3668\" width=\"128\" height=\"300\" class=\"alignnone size-medium wp-image-40097\" srcset=\"https:\/\/museumek.eu\/wp-content\/uploads\/2015\/05\/3668-128x300.jpg 128w, https:\/\/museumek.eu\/wp-content\/uploads\/2015\/05\/3668-64x150.jpg 64w, https:\/\/museumek.eu\/wp-content\/uploads\/2015\/05\/3668.jpg 342w\" sizes=\"(max-width: 128px) 100vw, 128px\" \/><\/a><\/p>\n<p><a href=\"http:\/\/museumek.eu\/?attachment_id=40098\" rel=\"attachment wp-att-40098\"><img loading=\"lazy\" src=\"http:\/\/museumek.eu\/wp-content\/uploads\/2015\/05\/3667-121x300.jpg\" alt=\"\" title=\"3667\" width=\"121\" height=\"300\" class=\"alignnone size-medium wp-image-40098\" srcset=\"https:\/\/museumek.eu\/wp-content\/uploads\/2015\/05\/3667-121x300.jpg 121w, https:\/\/museumek.eu\/wp-content\/uploads\/2015\/05\/3667-60x150.jpg 60w\" sizes=\"(max-width: 121px) 100vw, 121px\" \/><\/a><\/p>\n<p><a href=\"http:\/\/museumek.eu\/?attachment_id=40099\" rel=\"attachment wp-att-40099\"><img loading=\"lazy\" src=\"http:\/\/museumek.eu\/wp-content\/uploads\/2015\/05\/3669-157x300.jpg\" alt=\"\" title=\"3669\" width=\"157\" height=\"300\" class=\"alignnone size-medium wp-image-40099\" srcset=\"https:\/\/museumek.eu\/wp-content\/uploads\/2015\/05\/3669-157x300.jpg 157w, https:\/\/museumek.eu\/wp-content\/uploads\/2015\/05\/3669-78x150.jpg 78w, https:\/\/museumek.eu\/wp-content\/uploads\/2015\/05\/3669.jpg 419w\" sizes=\"(max-width: 157px) 100vw, 157px\" \/><\/a><\/p>\n<p><a href=\"http:\/\/museumek.eu\/?attachment_id=40100\" rel=\"attachment wp-att-40100\"><img loading=\"lazy\" src=\"http:\/\/museumek.eu\/wp-content\/uploads\/2015\/05\/3670-155x300.jpg\" alt=\"\" title=\"3670\" width=\"155\" height=\"300\" class=\"alignnone size-medium wp-image-40100\" srcset=\"https:\/\/museumek.eu\/wp-content\/uploads\/2015\/05\/3670-155x300.jpg 155w, https:\/\/museumek.eu\/wp-content\/uploads\/2015\/05\/3670-77x150.jpg 77w, https:\/\/museumek.eu\/wp-content\/uploads\/2015\/05\/3670.jpg 415w\" sizes=\"(max-width: 155px) 100vw, 155px\" \/><\/a><\/p>\n<p><a href=\"http:\/\/museumek.eu\/?attachment_id=40101\" rel=\"attachment wp-att-40101\"><img loading=\"lazy\" src=\"http:\/\/museumek.eu\/wp-content\/uploads\/2015\/05\/3671-126x300.jpg\" alt=\"\" title=\"3671\" width=\"126\" height=\"300\" class=\"alignnone size-medium wp-image-40101\" srcset=\"https:\/\/museumek.eu\/wp-content\/uploads\/2015\/05\/3671-126x300.jpg 126w, https:\/\/museumek.eu\/wp-content\/uploads\/2015\/05\/3671-63x150.jpg 63w, https:\/\/museumek.eu\/wp-content\/uploads\/2015\/05\/3671.jpg 336w\" sizes=\"(max-width: 126px) 100vw, 126px\" \/><\/a><\/p>\n<p><a href=\"http:\/\/museumek.eu\/?attachment_id=40102\" rel=\"attachment wp-att-40102\"><img loading=\"lazy\" src=\"http:\/\/museumek.eu\/wp-content\/uploads\/2015\/05\/3674-203x300.jpg\" alt=\"\" title=\"3674\" width=\"203\" height=\"300\" class=\"alignnone size-medium wp-image-40102\" srcset=\"https:\/\/museumek.eu\/wp-content\/uploads\/2015\/05\/3674-203x300.jpg 203w, https:\/\/museumek.eu\/wp-content\/uploads\/2015\/05\/3674-101x150.jpg 101w, https:\/\/museumek.eu\/wp-content\/uploads\/2015\/05\/3674.jpg 543w\" sizes=\"(max-width: 203px) 100vw, 203px\" \/><\/a><\/p>\n<p><a href=\"http:\/\/museumek.eu\/?attachment_id=40103\" rel=\"attachment wp-att-40103\"><img loading=\"lazy\" src=\"http:\/\/museumek.eu\/wp-content\/uploads\/2015\/05\/3673-300x273.jpg\" alt=\"\" title=\"3673\" width=\"300\" height=\"273\" class=\"alignnone size-medium wp-image-40103\" srcset=\"https:\/\/museumek.eu\/wp-content\/uploads\/2015\/05\/3673-300x273.jpg 300w, https:\/\/museumek.eu\/wp-content\/uploads\/2015\/05\/3673-150x136.jpg 150w, https:\/\/museumek.eu\/wp-content\/uploads\/2015\/05\/3673-329x300.jpg 329w, https:\/\/museumek.eu\/wp-content\/uploads\/2015\/05\/3673.jpg 658w\" sizes=\"(max-width: 300px) 100vw, 300px\" \/><\/a><\/p>\n<p><a href=\"http:\/\/museumek.eu\/?attachment_id=40104\" rel=\"attachment wp-att-40104\"><img loading=\"lazy\" src=\"http:\/\/museumek.eu\/wp-content\/uploads\/2015\/05\/3672-300x150.jpg\" alt=\"\" title=\"3672\" width=\"300\" height=\"150\" class=\"alignnone size-medium wp-image-40104\" srcset=\"https:\/\/museumek.eu\/wp-content\/uploads\/2015\/05\/3672-300x150.jpg 300w, https:\/\/museumek.eu\/wp-content\/uploads\/2015\/05\/3672-150x75.jpg 150w, https:\/\/museumek.eu\/wp-content\/uploads\/2015\/05\/3672-500x251.jpg 500w, https:\/\/museumek.eu\/wp-content\/uploads\/2015\/05\/3672.jpg 800w\" sizes=\"(max-width: 300px) 100vw, 300px\" \/><\/a><\/p>\n<p><a href=\"http:\/\/museumek.eu\/?attachment_id=40105\" rel=\"attachment wp-att-40105\"><img loading=\"lazy\" src=\"http:\/\/museumek.eu\/wp-content\/uploads\/2015\/05\/3675-300x189.jpg\" alt=\"\" title=\"3675\" width=\"300\" height=\"189\" class=\"alignnone size-medium wp-image-40105\" srcset=\"https:\/\/museumek.eu\/wp-content\/uploads\/2015\/05\/3675-300x189.jpg 300w, https:\/\/museumek.eu\/wp-content\/uploads\/2015\/05\/3675-150x94.jpg 150w, https:\/\/museumek.eu\/wp-content\/uploads\/2015\/05\/3675.jpg 451w\" sizes=\"(max-width: 300px) 100vw, 300px\" \/><\/a><\/p>\n","protected":false},"excerpt":{"rendered":"<p>Abteilung Deutschland, Keramik 1860 \u2013 1960, Inventarnummer D\/LXXXIII\/\/6 D\u00fcmler &#038; Breiden Fabrik reichverzierter, altdeutscher Steinkr\u00fcge, Trinkhumpen, Pokale, Wein- u. Bierkannen etc. sowie Steinwaren in modernem Geschmack in bunter Glasur und bester Ausf\u00fchrung (attr.), Deutschland, H\u00f6hr, um 1910, Kanne, K\u00fcnstler Paul &hellip; <a href=\"https:\/\/museumek.eu\/?page_id=40096\">Weiterlesen <span class=\"meta-nav\">&rarr;<\/span><\/a><\/p>\n","protected":false},"author":1,"featured_media":0,"parent":22586,"menu_order":6,"comment_status":"closed","ping_status":"open","template":"","meta":[],"_links":{"self":[{"href":"https:\/\/museumek.eu\/index.php?rest_route=\/wp\/v2\/pages\/40096"}],"collection":[{"href":"https:\/\/museumek.eu\/index.php?rest_route=\/wp\/v2\/pages"}],"about":[{"href":"https:\/\/museumek.eu\/index.php?rest_route=\/wp\/v2\/types\/page"}],"author":[{"embeddable":true,"href":"https:\/\/museumek.eu\/index.php?rest_route=\/wp\/v2\/users\/1"}],"replies":[{"embeddable":true,"href":"https:\/\/museumek.eu\/index.php?rest_route=%2Fwp%2Fv2%2Fcomments&post=40096"}],"version-history":[{"count":10,"href":"https:\/\/museumek.eu\/index.php?rest_route=\/wp\/v2\/pages\/40096\/revisions"}],"predecessor-version":[{"id":40115,"href":"https:\/\/museumek.eu\/index.php?rest_route=\/wp\/v2\/pages\/40096\/revisions\/40115"}],"up":[{"embeddable":true,"href":"https:\/\/museumek.eu\/index.php?rest_route=\/wp\/v2\/pages\/22586"}],"wp:attachment":[{"href":"https:\/\/museumek.eu\/index.php?rest_route=%2Fwp%2Fv2%2Fmedia&parent=40096"}],"curies":[{"name":"wp","href":"https:\/\/api.w.org\/{rel}","templated":true}]}}