{"id":40400,"date":"2015-05-25T19:19:45","date_gmt":"2015-05-25T17:19:45","guid":{"rendered":"http:\/\/museumek.eu\/?page_id=40400"},"modified":"2015-05-25T19:19:46","modified_gmt":"2015-05-25T17:19:46","slug":"dlxxxiii8","status":"publish","type":"page","link":"https:\/\/museumek.eu\/?page_id=40400","title":{"rendered":"D\/LXXXIII\/8"},"content":{"rendered":"<p><strong>Abteilung Deutschland, Keramik 1860 \u2013 1960, Inventarnummer D\/LXXXIII\/\/8<\/strong><\/p>\n<p>D\u00fcmler &#038; Breiden Fabrik reichverzierter, altdeutscher Steinkr\u00fcge, Trinkhumpen, Pokale, Wein- u. Bierkannen etc. sowie Steinwaren in modernem Geschmack in bunter Glasur und bester Ausf\u00fchrung (attr.), Deutschland, H\u00f6hr, um 1914, Seidel, K\u00fcnstler Paul D\u00fcmler (attr.), Werks.-Nr. 1701, Exemplar Nr. 11 (?), gemarkt keine Firmenmarke aber 1701, 11 sowie \u00bd L \u00fcber Eichstrich gepresst, 3 (?) geritzt, nicht signiert, Literatur: J\u00fcrgen Schimanski und J\u00fcrgen Erlebach, Westerw\u00e4lder Steinzeug, Die Neue \u00c4ra, Seite 38, Beschreibung der Fabrik, weitere Literatur: J\u00fcrgen Schimanski, Braun geflammt und grau gesalzen, Seite 130, Abbildung Nr. 232, identisches Bl\u00fctendekor auf einer Bowle, dort beschrieben mit Entwurf Paul D\u00fcmler sowie Seite 196, Fabrikbeschreibung, die Fabrik wurde 1883\/1884 von Peter D\u00fcmler und seinem sp\u00e4teren Schwager Albert Breiden in H\u00f6hr gegr\u00fcndet, 1907 zum Tode Peter D\u00fcmlers treten seine Witwe Bertha und sein Sohn Paul in die Fabrik ein, Paul wird seit dem WK I vermi\u00dft, um 1913 verkauft Albert Breiden seine Fabrikanteile (an wen konnte nicht recherchiert werden) und um 1918 tritt der Cousin Ernst D\u00fcmler in die Fabrik ein, die o. g. Fabrikbezeichnung wurde von einer Zeitungsanzeige des Jahres 1907 \u00fcbernommen, die Fabrik bestand \u00fcber den WK II hinaus, Fabrikzuordnung: siehe oben, K\u00fcnstlerzuordnung: siehe oben, au\u00dferdem hat Paul D\u00fcmler fast alle Dekore im modernen Stil entworfen, <strong>das MEK Exemplar mit der Werks.-Nr. 1701 ist in der Fachliteratur noch nicht erfasst<\/strong>, Ausf\u00fchrung als Elfenbeinsteinzeug kobaltblau glasiert, Zinnmontur mit Blechdeckel,<br \/>\nH\u00f6he 9,6 cm, Breite 15 cm (nur die Keramik)<\/p>\n<p><a href=\"http:\/\/museumek.eu\/?attachment_id=40387\" rel=\"attachment wp-att-40387\"><img loading=\"lazy\" src=\"http:\/\/museumek.eu\/wp-content\/uploads\/2015\/05\/1732-214x300.jpg\" alt=\"\" title=\"1732\" width=\"214\" height=\"300\" class=\"alignnone size-medium wp-image-40387\" srcset=\"https:\/\/museumek.eu\/wp-content\/uploads\/2015\/05\/1732-214x300.jpg 214w, https:\/\/museumek.eu\/wp-content\/uploads\/2015\/05\/1732-107x150.jpg 107w, https:\/\/museumek.eu\/wp-content\/uploads\/2015\/05\/1732.jpg 571w\" sizes=\"(max-width: 214px) 100vw, 214px\" \/><\/a><\/p>\n<p><a href=\"http:\/\/museumek.eu\/?attachment_id=40388\" rel=\"attachment wp-att-40388\"><img loading=\"lazy\" src=\"http:\/\/museumek.eu\/wp-content\/uploads\/2015\/05\/1733-270x300.jpg\" alt=\"\" title=\"1733\" width=\"270\" height=\"300\" class=\"alignnone size-medium wp-image-40388\" srcset=\"https:\/\/museumek.eu\/wp-content\/uploads\/2015\/05\/1733-270x300.jpg 270w, https:\/\/museumek.eu\/wp-content\/uploads\/2015\/05\/1733-135x150.jpg 135w, https:\/\/museumek.eu\/wp-content\/uploads\/2015\/05\/1733.jpg 600w\" sizes=\"(max-width: 270px) 100vw, 270px\" \/><\/a><\/p>\n<p><a href=\"http:\/\/museumek.eu\/?attachment_id=40389\" rel=\"attachment wp-att-40389\"><img loading=\"lazy\" src=\"http:\/\/museumek.eu\/wp-content\/uploads\/2015\/05\/1734-296x300.jpg\" alt=\"\" title=\"1734\" width=\"296\" height=\"300\" class=\"alignnone size-medium wp-image-40389\" srcset=\"https:\/\/museumek.eu\/wp-content\/uploads\/2015\/05\/1734-296x300.jpg 296w, https:\/\/museumek.eu\/wp-content\/uploads\/2015\/05\/1734-148x150.jpg 148w, https:\/\/museumek.eu\/wp-content\/uploads\/2015\/05\/1734.jpg 600w\" sizes=\"(max-width: 296px) 100vw, 296px\" \/><\/a><\/p>\n<p><a href=\"http:\/\/museumek.eu\/?attachment_id=40395\" rel=\"attachment wp-att-40395\"><img loading=\"lazy\" src=\"http:\/\/museumek.eu\/wp-content\/uploads\/2015\/05\/17351-195x300.jpg\" alt=\"\" title=\"1735\" width=\"195\" height=\"300\" class=\"alignnone size-medium wp-image-40395\" srcset=\"https:\/\/museumek.eu\/wp-content\/uploads\/2015\/05\/17351-195x300.jpg 195w, https:\/\/museumek.eu\/wp-content\/uploads\/2015\/05\/17351-97x150.jpg 97w, https:\/\/museumek.eu\/wp-content\/uploads\/2015\/05\/17351.jpg 520w\" sizes=\"(max-width: 195px) 100vw, 195px\" \/><\/a><\/p>\n<p><a href=\"http:\/\/museumek.eu\/?attachment_id=40396\" rel=\"attachment wp-att-40396\"><img loading=\"lazy\" src=\"http:\/\/museumek.eu\/wp-content\/uploads\/2015\/05\/1736-300x237.jpg\" alt=\"\" title=\"1736\" width=\"300\" height=\"237\" class=\"alignnone size-medium wp-image-40396\" srcset=\"https:\/\/museumek.eu\/wp-content\/uploads\/2015\/05\/1736-300x237.jpg 300w, https:\/\/museumek.eu\/wp-content\/uploads\/2015\/05\/1736-150x118.jpg 150w, https:\/\/museumek.eu\/wp-content\/uploads\/2015\/05\/1736-379x300.jpg 379w, https:\/\/museumek.eu\/wp-content\/uploads\/2015\/05\/1736.jpg 758w\" sizes=\"(max-width: 300px) 100vw, 300px\" \/><\/a><\/p>\n<p><a href=\"http:\/\/museumek.eu\/?attachment_id=40397\" rel=\"attachment wp-att-40397\"><img loading=\"lazy\" src=\"http:\/\/museumek.eu\/wp-content\/uploads\/2015\/05\/1737-268x300.jpg\" alt=\"\" title=\"1737\" width=\"268\" height=\"300\" class=\"alignnone size-medium wp-image-40397\" srcset=\"https:\/\/museumek.eu\/wp-content\/uploads\/2015\/05\/1737-268x300.jpg 268w, https:\/\/museumek.eu\/wp-content\/uploads\/2015\/05\/1737-134x150.jpg 134w, https:\/\/museumek.eu\/wp-content\/uploads\/2015\/05\/1737.jpg 414w\" sizes=\"(max-width: 268px) 100vw, 268px\" \/><\/a><\/p>\n","protected":false},"excerpt":{"rendered":"<p>Abteilung Deutschland, Keramik 1860 \u2013 1960, Inventarnummer D\/LXXXIII\/\/8 D\u00fcmler &#038; Breiden Fabrik reichverzierter, altdeutscher Steinkr\u00fcge, Trinkhumpen, Pokale, Wein- u. Bierkannen etc. sowie Steinwaren in modernem Geschmack in bunter Glasur und bester Ausf\u00fchrung (attr.), Deutschland, H\u00f6hr, um 1914, Seidel, K\u00fcnstler Paul &hellip; <a href=\"https:\/\/museumek.eu\/?page_id=40400\">Weiterlesen <span class=\"meta-nav\">&rarr;<\/span><\/a><\/p>\n","protected":false},"author":1,"featured_media":0,"parent":22586,"menu_order":8,"comment_status":"closed","ping_status":"open","template":"","meta":[],"_links":{"self":[{"href":"https:\/\/museumek.eu\/index.php?rest_route=\/wp\/v2\/pages\/40400"}],"collection":[{"href":"https:\/\/museumek.eu\/index.php?rest_route=\/wp\/v2\/pages"}],"about":[{"href":"https:\/\/museumek.eu\/index.php?rest_route=\/wp\/v2\/types\/page"}],"author":[{"embeddable":true,"href":"https:\/\/museumek.eu\/index.php?rest_route=\/wp\/v2\/users\/1"}],"replies":[{"embeddable":true,"href":"https:\/\/museumek.eu\/index.php?rest_route=%2Fwp%2Fv2%2Fcomments&post=40400"}],"version-history":[{"count":4,"href":"https:\/\/museumek.eu\/index.php?rest_route=\/wp\/v2\/pages\/40400\/revisions"}],"predecessor-version":[{"id":40404,"href":"https:\/\/museumek.eu\/index.php?rest_route=\/wp\/v2\/pages\/40400\/revisions\/40404"}],"up":[{"embeddable":true,"href":"https:\/\/museumek.eu\/index.php?rest_route=\/wp\/v2\/pages\/22586"}],"wp:attachment":[{"href":"https:\/\/museumek.eu\/index.php?rest_route=%2Fwp%2Fv2%2Fmedia&parent=40400"}],"curies":[{"name":"wp","href":"https:\/\/api.w.org\/{rel}","templated":true}]}}