{"id":40838,"date":"2015-06-07T22:31:53","date_gmt":"2015-06-07T20:31:53","guid":{"rendered":"http:\/\/museumek.eu\/?page_id=40838"},"modified":"2015-06-07T22:31:53","modified_gmt":"2015-06-07T20:31:53","slug":"fotos-und-beschreibung","status":"publish","type":"page","link":"https:\/\/museumek.eu\/?page_id=40838","title":{"rendered":"Fotos und Beschreibung"},"content":{"rendered":"<p><strong>Abteilung Deutschland, Keramik 1860 \u2013 1960, Inventarnummer D\/CXXXI\/1<\/strong><\/p>\n<p>Steingut-Fabrik W. E. Paetsch und Nachfolger Steingutfabrik Paetsch, Deutschland, Frankfurt (Oder), um 1930, Kuchenplatte, K\u00fcnstler unbekannt, Werks.-Nr. 5623 (?), Exemplar Nr. ohne, gemarkt Firmenmarke in einem gepunkteten Kreis die Friedenskirche von Frankfurt (Oder) davor Wellen, die wohl den Flu\u00df Oder darstellen sollen sowie 5623 rechts daran anschlie\u00dfend ein kleines Quadrat gr\u00fcnliche Stempel unter Glasur, weitere Firmenmarke wie oben beschrieben (Stempel nicht vollst\u00e4ndig), links neben der Firmenmarke 10Z, rechts neben der Firmenmarke 30 B alles gepresst, nicht signiert, Literatur: Jana Kybalov\u00e1, Keramik-Marken aus aller Welt, Marke Nr. 1652 identisch mit der oben beschriebenen gr\u00fcnlichen Firmenmarke, Wilhelm Eduard Paetsch, Wein- und Materialh\u00e4ndler aus Frankfurt (Oder) und Johann Adam Hintze gr\u00fcndeten am 05.11.1840 eine Steingutfabrik in Frankfurt (Oder), Firmierung Steingut-Fabrik W. E. Paetsch, Eigent\u00fcmer ab 1863 Georg Theodor Paetsch (wohl der Sohn von W. E. Paetsch) und Wilhelm Gustav Leopold Selle, Firmierung Steingutfabrik Paetsch, 1990 verstarb Theodor Paetsch und neue Eigent\u00fcmer wurden der Bruder Wilhelm Walter Paetsch und Theodor Paetsch (wohl der Sohn von G. T. Paetsch), die Firmierung wurde beibehalten, Wilhelm Walter Paetsch wurde 1945 f\u00fcr 5 Jahre inhaftiert, in dieser Zeit \u00fcbernahm dessen Ehefrau Irmgard Paetsch die Leitung der Fabrik, 1953 wurde die Fabrik verstaatlicht und die Familie Paetsch verlie\u00df die DDR, die gepresste 30 steht f\u00fcr den Durchmesser, die Kuchenplatte ist von einem Metallrahmen mit drei F\u00fc\u00dfen eingefasst, Spritzdekor unter Glasur, Durchmesser 30 cm<\/p>\n<p><a href=\"http:\/\/museumek.eu\/?attachment_id=40826\" rel=\"attachment wp-att-40826\"><img loading=\"lazy\" src=\"http:\/\/museumek.eu\/wp-content\/uploads\/2015\/06\/1229-300x291.jpg\" alt=\"\" title=\"1229\" width=\"300\" height=\"291\" class=\"alignnone size-medium wp-image-40826\" srcset=\"https:\/\/museumek.eu\/wp-content\/uploads\/2015\/06\/1229-300x291.jpg 300w, https:\/\/museumek.eu\/wp-content\/uploads\/2015\/06\/1229-150x145.jpg 150w, https:\/\/museumek.eu\/wp-content\/uploads\/2015\/06\/1229-308x300.jpg 308w, https:\/\/museumek.eu\/wp-content\/uploads\/2015\/06\/1229.jpg 558w\" sizes=\"(max-width: 300px) 100vw, 300px\" \/><\/a><\/p>\n<p><a href=\"http:\/\/museumek.eu\/?attachment_id=40832\" rel=\"attachment wp-att-40832\"><img loading=\"lazy\" src=\"http:\/\/museumek.eu\/wp-content\/uploads\/2015\/06\/12301-300x287.jpg\" alt=\"\" title=\"1230\" width=\"300\" height=\"287\" class=\"alignnone size-medium wp-image-40832\" srcset=\"https:\/\/museumek.eu\/wp-content\/uploads\/2015\/06\/12301-300x287.jpg 300w, https:\/\/museumek.eu\/wp-content\/uploads\/2015\/06\/12301-150x143.jpg 150w, https:\/\/museumek.eu\/wp-content\/uploads\/2015\/06\/12301-312x300.jpg 312w, https:\/\/museumek.eu\/wp-content\/uploads\/2015\/06\/12301.jpg 560w\" sizes=\"(max-width: 300px) 100vw, 300px\" \/><\/a><\/p>\n<p><a href=\"http:\/\/museumek.eu\/?attachment_id=40834\" rel=\"attachment wp-att-40834\"><img loading=\"lazy\" src=\"http:\/\/museumek.eu\/wp-content\/uploads\/2015\/06\/1231-215x300.jpg\" alt=\"\" title=\"1231\" width=\"215\" height=\"300\" class=\"alignnone size-medium wp-image-40834\" srcset=\"https:\/\/museumek.eu\/wp-content\/uploads\/2015\/06\/1231-215x300.jpg 215w, https:\/\/museumek.eu\/wp-content\/uploads\/2015\/06\/1231-107x150.jpg 107w, https:\/\/museumek.eu\/wp-content\/uploads\/2015\/06\/1231.jpg 275w\" sizes=\"(max-width: 215px) 100vw, 215px\" \/><\/a><\/p>\n<p><a href=\"http:\/\/museumek.eu\/?attachment_id=40835\" rel=\"attachment wp-att-40835\"><img loading=\"lazy\" src=\"http:\/\/museumek.eu\/wp-content\/uploads\/2015\/06\/1232-300x104.jpg\" alt=\"\" title=\"1232\" width=\"300\" height=\"104\" class=\"alignnone size-medium wp-image-40835\" srcset=\"https:\/\/museumek.eu\/wp-content\/uploads\/2015\/06\/1232-300x104.jpg 300w, https:\/\/museumek.eu\/wp-content\/uploads\/2015\/06\/1232-150x52.jpg 150w, https:\/\/museumek.eu\/wp-content\/uploads\/2015\/06\/1232-500x174.jpg 500w, https:\/\/museumek.eu\/wp-content\/uploads\/2015\/06\/1232.jpg 584w\" sizes=\"(max-width: 300px) 100vw, 300px\" \/><\/a><\/p>\n","protected":false},"excerpt":{"rendered":"<p>Abteilung Deutschland, Keramik 1860 \u2013 1960, Inventarnummer D\/CXXXI\/1 Steingut-Fabrik W. E. Paetsch und Nachfolger Steingutfabrik Paetsch, Deutschland, Frankfurt (Oder), um 1930, Kuchenplatte, K\u00fcnstler unbekannt, Werks.-Nr. 5623 (?), Exemplar Nr. ohne, gemarkt Firmenmarke in einem gepunkteten Kreis die Friedenskirche von Frankfurt &hellip; <a href=\"https:\/\/museumek.eu\/?page_id=40838\">Weiterlesen <span class=\"meta-nav\">&rarr;<\/span><\/a><\/p>\n","protected":false},"author":1,"featured_media":0,"parent":40816,"menu_order":1,"comment_status":"closed","ping_status":"open","template":"","meta":[],"_links":{"self":[{"href":"https:\/\/museumek.eu\/index.php?rest_route=\/wp\/v2\/pages\/40838"}],"collection":[{"href":"https:\/\/museumek.eu\/index.php?rest_route=\/wp\/v2\/pages"}],"about":[{"href":"https:\/\/museumek.eu\/index.php?rest_route=\/wp\/v2\/types\/page"}],"author":[{"embeddable":true,"href":"https:\/\/museumek.eu\/index.php?rest_route=\/wp\/v2\/users\/1"}],"replies":[{"embeddable":true,"href":"https:\/\/museumek.eu\/index.php?rest_route=%2Fwp%2Fv2%2Fcomments&post=40838"}],"version-history":[{"count":4,"href":"https:\/\/museumek.eu\/index.php?rest_route=\/wp\/v2\/pages\/40838\/revisions"}],"predecessor-version":[{"id":40842,"href":"https:\/\/museumek.eu\/index.php?rest_route=\/wp\/v2\/pages\/40838\/revisions\/40842"}],"up":[{"embeddable":true,"href":"https:\/\/museumek.eu\/index.php?rest_route=\/wp\/v2\/pages\/40816"}],"wp:attachment":[{"href":"https:\/\/museumek.eu\/index.php?rest_route=%2Fwp%2Fv2%2Fmedia&parent=40838"}],"curies":[{"name":"wp","href":"https:\/\/api.w.org\/{rel}","templated":true}]}}