{"id":41018,"date":"2015-06-14T19:31:32","date_gmt":"2015-06-14T17:31:32","guid":{"rendered":"http:\/\/museumek.eu\/?page_id=41018"},"modified":"2015-06-14T19:31:32","modified_gmt":"2015-06-14T17:31:32","slug":"veb-schaubach-kunst-wallendorfer-porzellan-vormals-porzellanfabrik-schaubach-kunst-vormals-porzellanfabrik-fraureuth-ag-kunstabteilung-wallendorf-vormals-porzellanfabrik-kampfe-heubach-ag-vorm","status":"publish","type":"page","link":"https:\/\/museumek.eu\/?page_id=41018","title":{"rendered":"VEB Schaubach Kunst Wallendorfer Porzellan, vormals Porzellanfabrik Schaubach-Kunst, vormals, Porzellanfabrik Fraureuth AG, Kunstabteilung Wallendorf, vormals Porzellanfabrik K\u00e4mpfe &#038; Heubach AG, vormals Porzallanfabrik Heubach, K\u00e4mpfe &#038; Sontag, vormals Porzallanfabrik Hutschenreuther, K\u00e4mpfe &#038; Heubach, vormals Porzallanfabrik Hutschenreuther &#038; Kieser, vormals Porzallanfabrik Hamman, vormals Porzallanfabrik Hamman &#038; Greiner &#8211; Inv.Nr. D\/CXXXIII\/1"},"content":{"rendered":"","protected":false},"excerpt":{"rendered":"","protected":false},"author":1,"featured_media":0,"parent":2899,"menu_order":2,"comment_status":"closed","ping_status":"open","template":"","meta":[],"_links":{"self":[{"href":"https:\/\/museumek.eu\/index.php?rest_route=\/wp\/v2\/pages\/41018"}],"collection":[{"href":"https:\/\/museumek.eu\/index.php?rest_route=\/wp\/v2\/pages"}],"about":[{"href":"https:\/\/museumek.eu\/index.php?rest_route=\/wp\/v2\/types\/page"}],"author":[{"embeddable":true,"href":"https:\/\/museumek.eu\/index.php?rest_route=\/wp\/v2\/users\/1"}],"replies":[{"embeddable":true,"href":"https:\/\/museumek.eu\/index.php?rest_route=%2Fwp%2Fv2%2Fcomments&post=41018"}],"version-history":[{"count":2,"href":"https:\/\/museumek.eu\/index.php?rest_route=\/wp\/v2\/pages\/41018\/revisions"}],"predecessor-version":[{"id":41020,"href":"https:\/\/museumek.eu\/index.php?rest_route=\/wp\/v2\/pages\/41018\/revisions\/41020"}],"up":[{"embeddable":true,"href":"https:\/\/museumek.eu\/index.php?rest_route=\/wp\/v2\/pages\/2899"}],"wp:attachment":[{"href":"https:\/\/museumek.eu\/index.php?rest_route=%2Fwp%2Fv2%2Fmedia&parent=41018"}],"curies":[{"name":"wp","href":"https:\/\/api.w.org\/{rel}","templated":true}]}}