{"id":41067,"date":"2015-06-15T23:01:00","date_gmt":"2015-06-15T21:01:00","guid":{"rendered":"http:\/\/museumek.eu\/?page_id=41067"},"modified":"2021-07-24T19:59:15","modified_gmt":"2021-07-24T17:59:15","slug":"kurzbiografie-und-inventar-zum-kunstler","status":"publish","type":"page","link":"https:\/\/museumek.eu\/?page_id=41067","title":{"rendered":"Kurzbiografie und Inventar zum K\u00fcnstler"},"content":{"rendered":"<p>Adelbert Hans Gustav Niemeyer wurde am 14.04.1867 in Warburg geboren. Er starb am 21.07.1932 in M\u00fcnchen. Er war als Maler, Architekt und kunstgewerblich t\u00e4tig. Niemeyer studierte von 1884 bis 1888 an der D\u00fcsseldorfer Kunstakademie. Danach studierte er an der privaten Kunstschule von Friedrich Fehr in M\u00fcnchen und an der Acad\u00e8mie Julian in Paris. Ab 1907 war er Professor an der Kunstgewerbeschule in M\u00fcnchen. In dieser Funktion trug er den Titel Geheimer Regierungsrat. 1907 war er Mitbegr\u00fcnder des Deutschen Werkbundes. Au\u00dferdem begr\u00fcndete er auch die Deutschen Werkst\u00e4tten f\u00fcr Handwerkskunst GmbH in Dresden und M\u00fcnchen mit. F\u00fcr folgende keramische Fabriken und Manufakturen stellte er Entw\u00fcrfe zur Verf\u00fcgung: Porzellan-Manufaktur Nymphenburg, Porzellanmanufaktur Meissen und f\u00fcr Villeroy &#038; Boch, Reinhold Merkelbach und f\u00fcr die Karlsruher Majolika-Manufaktur.<\/p>\n<p><strong>Abteilung Deutschland, Keramik 1860 \u2013 1960, Inventarnummer D\/VIII\/37<\/strong><\/p>\n<p>Manufaktur Villeroy &#038; Boch, Deutschland, Mettlach, nach 1920, Kanne aus einer Waschgarnitur, K\u00fcnstler Adelbert Niemeyer, Werks.-Nr. 1422 (Formnummer), Exemplar Nr. ohne, gemarkt Firmenmarke mit Merkur, VILLEROY &#038; BOCH, METTLACH, darunter Made in Saar-Basin (Saargebiet, franz\u00f6sisch Territoire du Bassin de la Sarre, von 1920 bis 1935 von Deutschland abgetrenntes Gebiet, w\u00e4hrend dieser Zeit wurde der Zusatz unter dem Merkurstempel verwendet) dunkelgr\u00fcner Stempel unter Glasur, in einem Oval Niemayer dunkelgr\u00fcner Stempel unter Glasur, sowie 1422 dunkelgr\u00fcner Stempel unter Glasur, signiert durch Niemeyer Stempel, Literatur: Jana Kybalov\u00e1, Keramik-Marken aus aller Welt, Marke Nr. 1670 identisch, weitere Literatur: Gary Kirsner, THE METTLACH BOOK, Seite 26, dort geschrieben, dass der Zusatz &#8222;Made in Saar-Basin&#8220; in der Zeit benutzt wurde, als das Gebiet nicht zu Deutschland geh\u00f6rte, siehe auch MEK D\/VIII\/48, gleiche Kanne, fr\u00fchere Ausf\u00fchrung, da der Zusatz Saar-Basin fehlt<br \/>\nH\u00f6he 26 cm, Breite 25 cm<\/p>\n<p><a href=\"http:\/\/museumek.eu\/?attachment_id=47048\" rel=\"attachment wp-att-47048\"><img loading=\"lazy\" src=\"http:\/\/museumek.eu\/wp-content\/uploads\/2011\/09\/Kanne-V-B-Niemayer-1-230x300.jpg\" alt=\"\" title=\"Kanne V &amp; B Niemayer 1\" width=\"230\" height=\"300\" class=\"alignnone size-medium wp-image-47048\" srcset=\"https:\/\/museumek.eu\/wp-content\/uploads\/2011\/09\/Kanne-V-B-Niemayer-1-230x300.jpg 230w, https:\/\/museumek.eu\/wp-content\/uploads\/2011\/09\/Kanne-V-B-Niemayer-1-115x150.jpg 115w, https:\/\/museumek.eu\/wp-content\/uploads\/2011\/09\/Kanne-V-B-Niemayer-1.jpg 480w\" sizes=\"(max-width: 230px) 100vw, 230px\" \/><\/a><\/p>\n<p><a href=\"http:\/\/museumek.eu\/?attachment_id=47049\" rel=\"attachment wp-att-47049\"><img loading=\"lazy\" src=\"http:\/\/museumek.eu\/wp-content\/uploads\/2011\/09\/Kanne-V-B-Niemayer-2-253x300.jpg\" alt=\"\" title=\"Kanne V &amp; B Niemayer 2\" width=\"253\" height=\"300\" class=\"alignnone size-medium wp-image-47049\" srcset=\"https:\/\/museumek.eu\/wp-content\/uploads\/2011\/09\/Kanne-V-B-Niemayer-2-253x300.jpg 253w, https:\/\/museumek.eu\/wp-content\/uploads\/2011\/09\/Kanne-V-B-Niemayer-2-126x150.jpg 126w, https:\/\/museumek.eu\/wp-content\/uploads\/2011\/09\/Kanne-V-B-Niemayer-2.jpg 480w\" sizes=\"(max-width: 253px) 100vw, 253px\" \/><\/a><\/p>\n<p><a href=\"http:\/\/museumek.eu\/?attachment_id=47050\" rel=\"attachment wp-att-47050\"><img loading=\"lazy\" src=\"http:\/\/museumek.eu\/wp-content\/uploads\/2011\/09\/Kanne-V-B-Niemayer-3-246x300.jpg\" alt=\"\" title=\"Kanne V &amp; B Niemayer 3\" width=\"246\" height=\"300\" class=\"alignnone size-medium wp-image-47050\" srcset=\"https:\/\/museumek.eu\/wp-content\/uploads\/2011\/09\/Kanne-V-B-Niemayer-3-246x300.jpg 246w, https:\/\/museumek.eu\/wp-content\/uploads\/2011\/09\/Kanne-V-B-Niemayer-3-123x150.jpg 123w, https:\/\/museumek.eu\/wp-content\/uploads\/2011\/09\/Kanne-V-B-Niemayer-3.jpg 480w\" sizes=\"(max-width: 246px) 100vw, 246px\" \/><\/a><\/p>\n<p><a href=\"http:\/\/museumek.eu\/?attachment_id=47053\" rel=\"attachment wp-att-47053\"><img loading=\"lazy\" src=\"http:\/\/museumek.eu\/wp-content\/uploads\/2011\/09\/Kanne-V-B-Niemayer-4-237x300.jpg\" alt=\"\" title=\"Kanne V &amp; B Niemayer 4\" width=\"237\" height=\"300\" class=\"alignnone size-medium wp-image-47053\" srcset=\"https:\/\/museumek.eu\/wp-content\/uploads\/2011\/09\/Kanne-V-B-Niemayer-4-237x300.jpg 237w, https:\/\/museumek.eu\/wp-content\/uploads\/2011\/09\/Kanne-V-B-Niemayer-4-118x150.jpg 118w, https:\/\/museumek.eu\/wp-content\/uploads\/2011\/09\/Kanne-V-B-Niemayer-4.jpg 480w\" sizes=\"(max-width: 237px) 100vw, 237px\" \/><\/a><\/p>\n<p><a href=\"http:\/\/museumek.eu\/?attachment_id=47054\" rel=\"attachment wp-att-47054\"><img loading=\"lazy\" src=\"http:\/\/museumek.eu\/wp-content\/uploads\/2011\/09\/Kanne-V-B-Niemayer-5-222x300.jpg\" alt=\"\" title=\"Kanne V &amp; B Niemayer 5\" width=\"222\" height=\"300\" class=\"alignnone size-medium wp-image-47054\" srcset=\"https:\/\/museumek.eu\/wp-content\/uploads\/2011\/09\/Kanne-V-B-Niemayer-5-222x300.jpg 222w, https:\/\/museumek.eu\/wp-content\/uploads\/2011\/09\/Kanne-V-B-Niemayer-5-111x150.jpg 111w, https:\/\/museumek.eu\/wp-content\/uploads\/2011\/09\/Kanne-V-B-Niemayer-5.jpg 475w\" sizes=\"(max-width: 222px) 100vw, 222px\" \/><\/a><\/p>\n<p><a href=\"http:\/\/museumek.eu\/?attachment_id=47055\" rel=\"attachment wp-att-47055\"><img loading=\"lazy\" src=\"http:\/\/museumek.eu\/wp-content\/uploads\/2011\/09\/Kanne-V-B-Niemayer-6-262x300.jpg\" alt=\"\" title=\"Kanne V &amp; B Niemayer 6\" width=\"262\" height=\"300\" class=\"alignnone size-medium wp-image-47055\" srcset=\"https:\/\/museumek.eu\/wp-content\/uploads\/2011\/09\/Kanne-V-B-Niemayer-6-262x300.jpg 262w, https:\/\/museumek.eu\/wp-content\/uploads\/2011\/09\/Kanne-V-B-Niemayer-6-131x150.jpg 131w, https:\/\/museumek.eu\/wp-content\/uploads\/2011\/09\/Kanne-V-B-Niemayer-6.jpg 480w\" sizes=\"(max-width: 262px) 100vw, 262px\" \/><\/a><\/p>\n<p><a href=\"http:\/\/museumek.eu\/?attachment_id=47058\" rel=\"attachment wp-att-47058\"><img loading=\"lazy\" src=\"http:\/\/museumek.eu\/wp-content\/uploads\/2011\/09\/Kanne-V-B-Niemayer-7-300x223.jpg\" alt=\"\" title=\"Kanne V &amp; B Niemayer 7\" width=\"300\" height=\"223\" class=\"alignnone size-medium wp-image-47058\" srcset=\"https:\/\/museumek.eu\/wp-content\/uploads\/2011\/09\/Kanne-V-B-Niemayer-7-300x223.jpg 300w, https:\/\/museumek.eu\/wp-content\/uploads\/2011\/09\/Kanne-V-B-Niemayer-7-150x111.jpg 150w, https:\/\/museumek.eu\/wp-content\/uploads\/2011\/09\/Kanne-V-B-Niemayer-7-402x300.jpg 402w, https:\/\/museumek.eu\/wp-content\/uploads\/2011\/09\/Kanne-V-B-Niemayer-7.jpg 640w\" sizes=\"(max-width: 300px) 100vw, 300px\" \/><\/a><\/p>\n<p><a href=\"http:\/\/museumek.eu\/?attachment_id=47059\" rel=\"attachment wp-att-47059\"><img loading=\"lazy\" src=\"http:\/\/museumek.eu\/wp-content\/uploads\/2011\/09\/Kanne-V-B-Niemayer-8-300x214.jpg\" alt=\"\" title=\"Kanne V &amp; B Niemayer 8\" width=\"300\" height=\"214\" class=\"alignnone size-medium wp-image-47059\" srcset=\"https:\/\/museumek.eu\/wp-content\/uploads\/2011\/09\/Kanne-V-B-Niemayer-8-300x214.jpg 300w, https:\/\/museumek.eu\/wp-content\/uploads\/2011\/09\/Kanne-V-B-Niemayer-8-150x107.jpg 150w, https:\/\/museumek.eu\/wp-content\/uploads\/2011\/09\/Kanne-V-B-Niemayer-8-420x300.jpg 420w, https:\/\/museumek.eu\/wp-content\/uploads\/2011\/09\/Kanne-V-B-Niemayer-8.jpg 640w\" sizes=\"(max-width: 300px) 100vw, 300px\" \/><\/a><\/p>\n<p><strong>Abteilung Deutschland, Keramik 1860 \u2013 1960, Inventarnummer D\/VIII\/48<\/strong><\/p>\n<p>Manufaktur Villeroy &#038; Boch, Deutschland, Mettlach, vor 1920, Kanne aus einer Waschgarnitur, K\u00fcnstler Adelbert Niemeyer, Werks.-Nr. 1422 (Formnummer), Exemplar Nr. ohne, gemarkt Firmenmarke mit Merkur, VILLEROY &#038; BOCH, METTLACH, dunkelgr\u00fcner Stempel unter Glasur, in einem Oval Niemayer dunkelgr\u00fcner Stempel unter Glasur, sowie 1422 dunkelgr\u00fcner Stempel unter Glasur, signiert durch Niemeyer Stempel, siehe auch MEK D\/VIII\/37, gleiche Kanne, sp\u00e4tere Ausf\u00fchrung, da mit Zusatz Saar-Basin fehlt, H\u00f6he 26 cm, Breite 25 cm<\/p>\n<p><a href=\"http:\/\/museumek.eu\/?attachment_id=58944\" rel=\"attachment wp-att-58944\"><img loading=\"lazy\" src=\"http:\/\/museumek.eu\/wp-content\/uploads\/2011\/09\/Kanne-V-B-Niemayer-11-230x300.jpg\" alt=\"\" title=\"Kanne V &amp; B Niemayer 1\" width=\"230\" height=\"300\" class=\"alignnone size-medium wp-image-58944\" srcset=\"https:\/\/museumek.eu\/wp-content\/uploads\/2011\/09\/Kanne-V-B-Niemayer-11-230x300.jpg 230w, https:\/\/museumek.eu\/wp-content\/uploads\/2011\/09\/Kanne-V-B-Niemayer-11-115x150.jpg 115w, https:\/\/museumek.eu\/wp-content\/uploads\/2011\/09\/Kanne-V-B-Niemayer-11.jpg 480w\" sizes=\"(max-width: 230px) 100vw, 230px\" \/><\/a><\/p>\n<p><a href=\"http:\/\/museumek.eu\/?attachment_id=58945\" rel=\"attachment wp-att-58945\"><img loading=\"lazy\" src=\"http:\/\/museumek.eu\/wp-content\/uploads\/2011\/09\/Kanne-V-B-Niemayer-21-253x300.jpg\" alt=\"\" title=\"Kanne V &amp; B Niemayer 2\" width=\"253\" height=\"300\" class=\"alignnone size-medium wp-image-58945\" srcset=\"https:\/\/museumek.eu\/wp-content\/uploads\/2011\/09\/Kanne-V-B-Niemayer-21-253x300.jpg 253w, https:\/\/museumek.eu\/wp-content\/uploads\/2011\/09\/Kanne-V-B-Niemayer-21-126x150.jpg 126w, https:\/\/museumek.eu\/wp-content\/uploads\/2011\/09\/Kanne-V-B-Niemayer-21.jpg 480w\" sizes=\"(max-width: 253px) 100vw, 253px\" \/><\/a><\/p>\n<p><a href=\"http:\/\/museumek.eu\/?attachment_id=58946\" rel=\"attachment wp-att-58946\"><img loading=\"lazy\" src=\"http:\/\/museumek.eu\/wp-content\/uploads\/2011\/09\/Kanne-V-B-Niemayer-31-246x300.jpg\" alt=\"\" title=\"Kanne V &amp; B Niemayer 3\" width=\"246\" height=\"300\" class=\"alignnone size-medium wp-image-58946\" srcset=\"https:\/\/museumek.eu\/wp-content\/uploads\/2011\/09\/Kanne-V-B-Niemayer-31-246x300.jpg 246w, https:\/\/museumek.eu\/wp-content\/uploads\/2011\/09\/Kanne-V-B-Niemayer-31-123x150.jpg 123w, https:\/\/museumek.eu\/wp-content\/uploads\/2011\/09\/Kanne-V-B-Niemayer-31.jpg 480w\" sizes=\"(max-width: 246px) 100vw, 246px\" \/><\/a><\/p>\n<p><a href=\"http:\/\/museumek.eu\/?attachment_id=58947\" rel=\"attachment wp-att-58947\"><img loading=\"lazy\" src=\"http:\/\/museumek.eu\/wp-content\/uploads\/2011\/09\/Kanne-V-B-Niemayer-41-237x300.jpg\" alt=\"\" title=\"Kanne V &amp; B Niemayer 4\" width=\"237\" height=\"300\" class=\"alignnone size-medium wp-image-58947\" srcset=\"https:\/\/museumek.eu\/wp-content\/uploads\/2011\/09\/Kanne-V-B-Niemayer-41-237x300.jpg 237w, https:\/\/museumek.eu\/wp-content\/uploads\/2011\/09\/Kanne-V-B-Niemayer-41-118x150.jpg 118w, https:\/\/museumek.eu\/wp-content\/uploads\/2011\/09\/Kanne-V-B-Niemayer-41.jpg 480w\" sizes=\"(max-width: 237px) 100vw, 237px\" \/><\/a><\/p>\n<p><a href=\"http:\/\/museumek.eu\/?attachment_id=58948\" rel=\"attachment wp-att-58948\"><img loading=\"lazy\" src=\"http:\/\/museumek.eu\/wp-content\/uploads\/2011\/09\/Kanne-V-B-Niemayer-51-222x300.jpg\" alt=\"\" title=\"Kanne V &amp; B Niemayer 5\" width=\"222\" height=\"300\" class=\"alignnone size-medium wp-image-58948\" srcset=\"https:\/\/museumek.eu\/wp-content\/uploads\/2011\/09\/Kanne-V-B-Niemayer-51-222x300.jpg 222w, https:\/\/museumek.eu\/wp-content\/uploads\/2011\/09\/Kanne-V-B-Niemayer-51-111x150.jpg 111w, https:\/\/museumek.eu\/wp-content\/uploads\/2011\/09\/Kanne-V-B-Niemayer-51.jpg 475w\" sizes=\"(max-width: 222px) 100vw, 222px\" \/><\/a><\/p>\n<p><a href=\"http:\/\/museumek.eu\/?attachment_id=58949\" rel=\"attachment wp-att-58949\"><img loading=\"lazy\" src=\"http:\/\/museumek.eu\/wp-content\/uploads\/2011\/09\/Kanne-V-B-Niemayer-61-262x300.jpg\" alt=\"\" title=\"Kanne V &amp; B Niemayer 6\" width=\"262\" height=\"300\" class=\"alignnone size-medium wp-image-58949\" srcset=\"https:\/\/museumek.eu\/wp-content\/uploads\/2011\/09\/Kanne-V-B-Niemayer-61-262x300.jpg 262w, https:\/\/museumek.eu\/wp-content\/uploads\/2011\/09\/Kanne-V-B-Niemayer-61-131x150.jpg 131w, https:\/\/museumek.eu\/wp-content\/uploads\/2011\/09\/Kanne-V-B-Niemayer-61.jpg 480w\" sizes=\"(max-width: 262px) 100vw, 262px\" \/><\/a><\/p>\n<p><a href=\"http:\/\/museumek.eu\/?attachment_id=58950\" rel=\"attachment wp-att-58950\"><img loading=\"lazy\" src=\"http:\/\/museumek.eu\/wp-content\/uploads\/2011\/09\/Kanne-V-B-Niemayer-71-300x223.jpg\" alt=\"\" title=\"Kanne V &amp; B Niemayer 7\" width=\"300\" height=\"223\" class=\"alignnone size-medium wp-image-58950\" srcset=\"https:\/\/museumek.eu\/wp-content\/uploads\/2011\/09\/Kanne-V-B-Niemayer-71-300x223.jpg 300w, https:\/\/museumek.eu\/wp-content\/uploads\/2011\/09\/Kanne-V-B-Niemayer-71-150x111.jpg 150w, https:\/\/museumek.eu\/wp-content\/uploads\/2011\/09\/Kanne-V-B-Niemayer-71-402x300.jpg 402w, https:\/\/museumek.eu\/wp-content\/uploads\/2011\/09\/Kanne-V-B-Niemayer-71.jpg 640w\" sizes=\"(max-width: 300px) 100vw, 300px\" \/><\/a><\/p>\n<p><a href=\"http:\/\/museumek.eu\/?attachment_id=58951\" rel=\"attachment wp-att-58951\"><img loading=\"lazy\" src=\"http:\/\/museumek.eu\/wp-content\/uploads\/2011\/09\/Kanne-V-B-Niemayer-81-300x214.jpg\" alt=\"\" title=\"Kanne V &amp; B Niemayer 8\" width=\"300\" height=\"214\" class=\"alignnone size-medium wp-image-58951\" srcset=\"https:\/\/museumek.eu\/wp-content\/uploads\/2011\/09\/Kanne-V-B-Niemayer-81-300x214.jpg 300w, https:\/\/museumek.eu\/wp-content\/uploads\/2011\/09\/Kanne-V-B-Niemayer-81-150x107.jpg 150w, https:\/\/museumek.eu\/wp-content\/uploads\/2011\/09\/Kanne-V-B-Niemayer-81-420x300.jpg 420w, https:\/\/museumek.eu\/wp-content\/uploads\/2011\/09\/Kanne-V-B-Niemayer-81.jpg 640w\" sizes=\"(max-width: 300px) 100vw, 300px\" \/><\/a><\/p>\n<p><strong>Abteilung Deutschland, Keramik 1860 \u2013 1960, Inventarnummer D\/XLV\/67<\/strong><\/p>\n<p>Steinzeug- &#038; Thonwaarenfabrik, Zinngiesserei &#038; Malerei Reinhold Merkelbach und Nachfolger Steinzeug- und Hartsteingutfabrik, Zinngie\u00dfereien und Malereien Reinhold Merkelbach, Deutschland, Grenzhausen, 1918, Butterdose, K\u00fcnstler Adelbert Niemeyer, Werks.-Nr. 3150, Exemplar Nr. ohne, gemarkt Firmenmarke Rundstempel mit R. Merkelbach Grenzhausen, von diesem Rundstempel gab es zwei Ausf\u00fchrugen, erste Ausf\u00fchrung wie hier und MEK D\/XLV\/5, verwendet ab 1900, zwischen den W\u00f6rtern befindet sich ein kleiner Kreis, zweite Ausf\u00fchrung wie MEK D\/XLV\/40, zwischen den W\u00f6rtern befindet sich statt einem Kreis ein Punkt und das Z von Grenzhausen ist als S \u00e4hnlicher Buchstabe ausgef\u00fchrt, 3150, D sowie \u00bd Pf (f\u00fcr Pfund) gepresst, x geritzt, nicht signiert, Literatur: Literatur: Gisela Reineking von Bock, Meister der deutschen Keramik, Seite 221 ff., Fabrikbeschreibung, Seite 325, Marke Nr. 153 identisch, weitere Literatur: J\u00fcrgen Schimanski und J\u00fcrgen Erlebach, Westerw\u00e4lder Steinzeug, Die Neue \u00c4ra, Seite 77 ff., Fabrikbeschreibung und Marke Nr. 18 identisch, weitere Literatur: Beate Dry-v. Zezschwitz, Westerw\u00e4lder Steinzeug des Jugendstils I, R. Merkelbach Grenzhausen und M\u00fcnchen, Nachdruck der Spezialpreisliste 1905, Seite 31, Marke Nr. 17 identisch, weitere Literatur: J\u00fcrgen Schimanski, Braun geflammt und grau gesalzen, Seite 208, Beschreibung der Fabrik, Seite 209, Marke Nr. 18 identisch sowie Seite 290, Kopie aus einem Merkelbach Modellbuch, dort Nr. 3150 als Butterdose blau grau mit Knopf (Anmerkung MEK: gemeint ist der Deckelknauf) aufgef\u00fchrt, dort mit Entwurf Niemeyer bezeichnet, dort mit Fertigungsdatum 14.6.18 angegeben, 1845 gr\u00fcndete Wilhelm Merkelbach (1817 \u2013 1859) in Grenzhausen eine Kannenb\u00e4ckerei, wann sich diese zur Steinzeugfabrik weiterentwickelte und wie diese Fabrik firmierte konnte nicht recherchiert werden, nach dem fr\u00fchen Tod von Wilhelm Merkelbach \u00fcbernahm dessen Sohn Wilhelm Reinhold Merkelbach (1847 \u2013 1891) die Fabrik, wie Reinhold Merkelbach direkt nach der \u00dcbernahme firmierte konnte nicht recherchiert werden, sp\u00e4testens ab 1892 firmierte die Fabrik als Steinzeug- &#038; Thonwaarenfabrik, Zinngiesserei &#038; Malerei Reinhold Merkelbach, dies ergibt sich aus dem Preis-Courant des Jahres 1892, seit 1878 hatte die Fabrik ein Fabriklager in M\u00fcnchen, welches ab 1891 als Bierkrugfabrikniederlage, Inh. Tosca Merkelbach, Grenzhausen bezeichnet wurde, nach Reinhold Merkelbachs Tod 1891 f\u00fchrte seine Witwe Tosca Merkelbach die Fabrik weiter, bis die S\u00f6hne Paul Merkelbach (1882 \u2013 1917) und Reinhold Merkelbach (1885 \u2013 1918) am 23.05.1907 die Fabrik \u00fcbernahmen, ab 1905 firmierte die Fabrik als Steinzeug- und Hartsteingutfabrik, Zinngie\u00dfereien und Malereien Reinhold Merkelbach, dies ergibt sich aus der Spezialpreisliste des Jahres 1905, im Zuge der Fabrik\u00fcbergabe an die S\u00f6hne wurde die Niederlage in M\u00fcnchen gel\u00f6scht und daf\u00fcr als selbstst\u00e4ndiges Unternehmen neu gegr\u00fcndet, nach dem beide S\u00f6hne im WK I gefallen waren, \u00fcbernahm wieder Tosca Merkelbach die Leitung der Fabrik, 1911 gr\u00fcndete die Fabrik zusammen mit den Fabriken M\u00fcller, Hanke und Gerz die Steinzeugwerke H\u00f6hr-Grenzhausen GmbH, um sich gegenseitig im Vertrieb und in der Produktion zu bef\u00f6rdern, bis zum Jahre 1918 stiegen die Fabriken M\u00fcller, Hanke und Gerz wieder aus der GmbH aus, Merkelbach \u00fcbernahm viele der Formen der anderen Fabriken und die GmbH ging im Laufe der n\u00e4chsten Jahre in die Steinzeugfabrik Reinhold Merkelbach auf, w\u00e4hrend des Bestehens der GmbH stellten die Fabriken jeweils auch Steinzeuge nach den Formen der anderen Fabriken her, die GmbH hatte keinen eigenen Markenstempel, die Produkte, auch die nach den Formen der anderen Fabriken hergestellten, wurden mit der jeweils eigenen Marke gekennzeichnet soweit \u00fcberhaupt gemarkt worden ist, nach Tosca Merkelbachs Tod f\u00fchrte die Schwiegertochter Gertrud Merkelbach, wohl zusammen mit anderen Verwandten und nicht verwandten Gesch\u00e4ftsf\u00fchrern die Fabrik weiter, 1957 \u00fcbernahm Prof. Reinhold Paul Bernhard Merkelbach (1918 \u2013 2006), ein Enkel von Reinhold Merkelbach, die Leitung der Fabrik, ab 1970 \u00e4nderte die Fabrik mehrmals ihre Firmierung und ab 1971 stieg die Goebel\u2019sche Porzellanfabrik erst mit 50 % sp\u00e4ter dann mit 100 % in die Eigentumsverh\u00e4ltnisse der Fabrik ein, 1988 kauften Familienangeh\u00f6rige der Merkelbachs zusammen mit Investoren die Fabrik zur\u00fcck, ab 1995 bis 2007 leitete die Familienangeh\u00f6rige Judith Engelmann, geb. Merkelbach die Fabrik, 2007 wurde die Produktion aufgegeben und die Steinzeugfabrik Matthias Girmscheid \u00fcbernahm viele der Formen, sowohl Goebel als auch Girmscheid produzierten viele Jugendstilentw\u00fcrfe als Neuauflagen, <strong>das MEK Exemplar mit der Werks.-Nr. 3150 ist in der Fachliteratur noch nicht erfasst<\/strong>, Ausf\u00fchrung als Feinsteinzeug kobaltblau glasiert,<br \/>\nH\u00f6he 9,5 cm, Breite 10,5 cm<\/p>\n<p><a href=\"http:\/\/museumek.eu\/?attachment_id=41054\" rel=\"attachment wp-att-41054\"><img loading=\"lazy\" src=\"http:\/\/museumek.eu\/wp-content\/uploads\/2015\/06\/3843-296x300.jpg\" alt=\"\" title=\"3843\" width=\"296\" height=\"300\" class=\"alignnone size-medium wp-image-41054\" srcset=\"https:\/\/museumek.eu\/wp-content\/uploads\/2015\/06\/3843-296x300.jpg 296w, https:\/\/museumek.eu\/wp-content\/uploads\/2015\/06\/3843-148x150.jpg 148w, https:\/\/museumek.eu\/wp-content\/uploads\/2015\/06\/3843.jpg 600w\" sizes=\"(max-width: 296px) 100vw, 296px\" \/><\/a><\/p>\n<p><a href=\"http:\/\/museumek.eu\/?attachment_id=41055\" rel=\"attachment wp-att-41055\"><img loading=\"lazy\" src=\"http:\/\/museumek.eu\/wp-content\/uploads\/2015\/06\/3844-300x286.jpg\" alt=\"\" title=\"3844\" width=\"300\" height=\"286\" class=\"alignnone size-medium wp-image-41055\" srcset=\"https:\/\/museumek.eu\/wp-content\/uploads\/2015\/06\/3844-300x286.jpg 300w, https:\/\/museumek.eu\/wp-content\/uploads\/2015\/06\/3844-150x143.jpg 150w, https:\/\/museumek.eu\/wp-content\/uploads\/2015\/06\/3844-314x300.jpg 314w, https:\/\/museumek.eu\/wp-content\/uploads\/2015\/06\/3844.jpg 628w\" sizes=\"(max-width: 300px) 100vw, 300px\" \/><\/a><\/p>\n<p><a href=\"http:\/\/museumek.eu\/?attachment_id=41056\" rel=\"attachment wp-att-41056\"><img loading=\"lazy\" src=\"http:\/\/museumek.eu\/wp-content\/uploads\/2015\/06\/3845-155x300.jpg\" alt=\"\" title=\"3845\" width=\"155\" height=\"300\" class=\"alignnone size-medium wp-image-41056\" srcset=\"https:\/\/museumek.eu\/wp-content\/uploads\/2015\/06\/3845-155x300.jpg 155w, https:\/\/museumek.eu\/wp-content\/uploads\/2015\/06\/3845-77x150.jpg 77w, https:\/\/museumek.eu\/wp-content\/uploads\/2015\/06\/3845.jpg 415w\" sizes=\"(max-width: 155px) 100vw, 155px\" \/><\/a><\/p>\n<p><a href=\"http:\/\/museumek.eu\/?attachment_id=41057\" rel=\"attachment wp-att-41057\"><img loading=\"lazy\" src=\"http:\/\/museumek.eu\/wp-content\/uploads\/2015\/06\/3846-163x300.jpg\" alt=\"\" title=\"3846\" width=\"163\" height=\"300\" class=\"alignnone size-medium wp-image-41057\" srcset=\"https:\/\/museumek.eu\/wp-content\/uploads\/2015\/06\/3846-163x300.jpg 163w, https:\/\/museumek.eu\/wp-content\/uploads\/2015\/06\/3846-81x150.jpg 81w, https:\/\/museumek.eu\/wp-content\/uploads\/2015\/06\/3846.jpg 435w\" sizes=\"(max-width: 163px) 100vw, 163px\" \/><\/a><\/p>\n<p><a href=\"http:\/\/museumek.eu\/?attachment_id=41058\" rel=\"attachment wp-att-41058\"><img loading=\"lazy\" src=\"http:\/\/museumek.eu\/wp-content\/uploads\/2015\/06\/3847-300x300.jpg\" alt=\"\" title=\"3847\" width=\"300\" height=\"300\" class=\"alignnone size-medium wp-image-41058\" srcset=\"https:\/\/museumek.eu\/wp-content\/uploads\/2015\/06\/3847-300x300.jpg 300w, https:\/\/museumek.eu\/wp-content\/uploads\/2015\/06\/3847-150x150.jpg 150w, https:\/\/museumek.eu\/wp-content\/uploads\/2015\/06\/3847.jpg 601w\" sizes=\"(max-width: 300px) 100vw, 300px\" \/><\/a><\/p>\n<p><a href=\"http:\/\/museumek.eu\/?attachment_id=41059\" rel=\"attachment wp-att-41059\"><img loading=\"lazy\" src=\"http:\/\/museumek.eu\/wp-content\/uploads\/2015\/06\/3848-300x294.jpg\" alt=\"\" title=\"3848\" width=\"300\" height=\"294\" class=\"alignnone size-medium wp-image-41059\" srcset=\"https:\/\/museumek.eu\/wp-content\/uploads\/2015\/06\/3848-300x294.jpg 300w, https:\/\/museumek.eu\/wp-content\/uploads\/2015\/06\/3848-150x147.jpg 150w, https:\/\/museumek.eu\/wp-content\/uploads\/2015\/06\/3848-306x300.jpg 306w, https:\/\/museumek.eu\/wp-content\/uploads\/2015\/06\/3848.jpg 612w\" sizes=\"(max-width: 300px) 100vw, 300px\" \/><\/a><\/p>\n","protected":false},"excerpt":{"rendered":"<p>Adelbert Hans Gustav Niemeyer wurde am 14.04.1867 in Warburg geboren. Er starb am 21.07.1932 in M\u00fcnchen. Er war als Maler, Architekt und kunstgewerblich t\u00e4tig. Niemeyer studierte von 1884 bis 1888 an der D\u00fcsseldorfer Kunstakademie. Danach studierte er an der privaten &hellip; <a href=\"https:\/\/museumek.eu\/?page_id=41067\">Weiterlesen <span class=\"meta-nav\">&rarr;<\/span><\/a><\/p>\n","protected":false},"author":1,"featured_media":0,"parent":41046,"menu_order":1,"comment_status":"closed","ping_status":"open","template":"","meta":[],"_links":{"self":[{"href":"https:\/\/museumek.eu\/index.php?rest_route=\/wp\/v2\/pages\/41067"}],"collection":[{"href":"https:\/\/museumek.eu\/index.php?rest_route=\/wp\/v2\/pages"}],"about":[{"href":"https:\/\/museumek.eu\/index.php?rest_route=\/wp\/v2\/types\/page"}],"author":[{"embeddable":true,"href":"https:\/\/museumek.eu\/index.php?rest_route=\/wp\/v2\/users\/1"}],"replies":[{"embeddable":true,"href":"https:\/\/museumek.eu\/index.php?rest_route=%2Fwp%2Fv2%2Fcomments&post=41067"}],"version-history":[{"count":15,"href":"https:\/\/museumek.eu\/index.php?rest_route=\/wp\/v2\/pages\/41067\/revisions"}],"predecessor-version":[{"id":58965,"href":"https:\/\/museumek.eu\/index.php?rest_route=\/wp\/v2\/pages\/41067\/revisions\/58965"}],"up":[{"embeddable":true,"href":"https:\/\/museumek.eu\/index.php?rest_route=\/wp\/v2\/pages\/41046"}],"wp:attachment":[{"href":"https:\/\/museumek.eu\/index.php?rest_route=%2Fwp%2Fv2%2Fmedia&parent=41067"}],"curies":[{"name":"wp","href":"https:\/\/api.w.org\/{rel}","templated":true}]}}