{"id":41124,"date":"2015-06-18T21:34:00","date_gmt":"2015-06-18T19:34:00","guid":{"rendered":"http:\/\/museumek.eu\/?page_id=41124"},"modified":"2015-06-18T21:34:45","modified_gmt":"2015-06-18T19:34:45","slug":"dcxxxiv1","status":"publish","type":"page","link":"https:\/\/museumek.eu\/?page_id=41124","title":{"rendered":"D\/CXXXIV\/1"},"content":{"rendered":"<p><strong>Abteilung Deutschland, Keramik 1860 \u2013 1960, Inventarnummer D\/CXXXIV\/1<\/strong><\/p>\n<p>Porzellan-Manufaktur Burgau a. S. Ferdinand Selle, Deutschland, Burgau, 1903\/1904, Teller mit Dekor Agnes, K\u00fcnstler Wiener Kunstgewerbeschule (f\u00fcr den Entwurf), Werks.-Nr. ohne, Exemplar Nr. ohne, gemarkt Firmenmarke in einem Schild-f\u00f6rmigen Rahmen PBM (f\u00fcr Porzellan-Manufaktur Burgau), darunter ein Querstrich, darunter ein S-f\u00f6rmiger nach rechts blickender Fisch (das S steht entweder f\u00fcr Selle oder f\u00fcr den Fluss Saale) auf Wellengrund gr\u00fcner Stempel unter Glasur, 3 blau unter Glasur gemalt, nicht signiert, Literatur: Bernd Fritz und Birgitt Hellmann, St\u00e4dtische Museen Jena, Porzellan-Manufaktur Burgau a. d. Saale Ferdinand Selle 1901 \u2013 1929, Seite 22, Firmenbrief, dort identische Marke in schwarz-weiss abgebildet, Seite 25, Chronologie der Erzeugnisse der Porzellanmanufaktur, dort unter Jahr 1903 Dekor Agnes aufgef\u00fchrt sowie Seiten 50\/51 Abbildungen von Geschirrteilen mit diesem Dekor wie folgt beschrieben: Dekor Agnes, chromblaues, schabloniertes Blattmotiv, achtfach wiederholt auf umlaufender Grundlinie, Entwurf Wiener Kunstgewerbeschule 1904, urspr\u00fcnglich wohl f\u00fcr Jos. B\u00f6ck, Wien entworfen, f\u00fcr das englische Kaufhaus Liberty\u2019s wurde das Dekor mit Ostia bezeichnet, weitere Literatur: Otto Pelka, Keramik der Neuzeit, Markentafel II, Marke Nr. 13 identisch, Seite 209, Herstellerverzeichnis, dort unter Burgau: Porzellan-Manufaktur Burgau Ferdinand Selle sowie Seite 221, Namenverzeichnis, dort Selle, Ferdinand, Burgau, 1901 gr\u00fcndet der Leipziger Kaufmann (Porzellanhandlung zusammen mit seinen zwei Br\u00fcdern in Leipzig) Ferdinand Otto Reinhold Selle in Burgau bei Jena eine Porzellanfabrik, handelsgerichtliche Eintragungen: 20.11.1901 Anmeldung, 26.03.1902 Eintragung, Firmierung Porzellan-Manufaktur Burgau a. S. Ferdinand Selle (a. S. steht f\u00fcr an der Saale), die Entw\u00fcrfe, die unter anderem von van de Velde und Albin M\u00fcller stammen, bilden fast ausschlie\u00dflich den Zeitgeschmack des Jugendstils ab, am 09.02.1915 stirbt Selle und seine Witwe Anna Agnes Selle f\u00fchrt die Fabrik fort, 1929 wird die Fabrik geschlossen, Durchmesser 26,7 cm<\/p>\n<p><a href=\"http:\/\/museumek.eu\/?attachment_id=41125\" rel=\"attachment wp-att-41125\"><img loading=\"lazy\" src=\"http:\/\/museumek.eu\/wp-content\/uploads\/2015\/06\/3886-297x300.jpg\" alt=\"\" title=\"3886\" width=\"297\" height=\"300\" class=\"alignnone size-medium wp-image-41125\" srcset=\"https:\/\/museumek.eu\/wp-content\/uploads\/2015\/06\/3886-297x300.jpg 297w, https:\/\/museumek.eu\/wp-content\/uploads\/2015\/06\/3886-148x150.jpg 148w, https:\/\/museumek.eu\/wp-content\/uploads\/2015\/06\/3886.jpg 600w\" sizes=\"(max-width: 297px) 100vw, 297px\" \/><\/a><\/p>\n<p><a href=\"http:\/\/museumek.eu\/?attachment_id=41126\" rel=\"attachment wp-att-41126\"><img loading=\"lazy\" src=\"http:\/\/museumek.eu\/wp-content\/uploads\/2015\/06\/3887-300x139.jpg\" alt=\"\" title=\"3887\" width=\"300\" height=\"139\" class=\"alignnone size-medium wp-image-41126\" srcset=\"https:\/\/museumek.eu\/wp-content\/uploads\/2015\/06\/3887-300x139.jpg 300w, https:\/\/museumek.eu\/wp-content\/uploads\/2015\/06\/3887-150x69.jpg 150w, https:\/\/museumek.eu\/wp-content\/uploads\/2015\/06\/3887-500x231.jpg 500w, https:\/\/museumek.eu\/wp-content\/uploads\/2015\/06\/3887.jpg 800w\" sizes=\"(max-width: 300px) 100vw, 300px\" \/><\/a><\/p>\n<p><a href=\"http:\/\/museumek.eu\/?attachment_id=41127\" rel=\"attachment wp-att-41127\"><img loading=\"lazy\" src=\"http:\/\/museumek.eu\/wp-content\/uploads\/2015\/06\/3888-300x300.jpg\" alt=\"\" title=\"3888\" width=\"300\" height=\"300\" class=\"alignnone size-medium wp-image-41127\" srcset=\"https:\/\/museumek.eu\/wp-content\/uploads\/2015\/06\/3888-300x300.jpg 300w, https:\/\/museumek.eu\/wp-content\/uploads\/2015\/06\/3888-150x150.jpg 150w, https:\/\/museumek.eu\/wp-content\/uploads\/2015\/06\/3888-299x300.jpg 299w, https:\/\/museumek.eu\/wp-content\/uploads\/2015\/06\/3888.jpg 600w\" sizes=\"(max-width: 300px) 100vw, 300px\" \/><\/a><\/p>\n<p><a href=\"http:\/\/museumek.eu\/?attachment_id=41128\" rel=\"attachment wp-att-41128\"><img loading=\"lazy\" src=\"http:\/\/museumek.eu\/wp-content\/uploads\/2015\/06\/3889-235x300.jpg\" alt=\"\" title=\"3889\" width=\"235\" height=\"300\" class=\"alignnone size-medium wp-image-41128\" srcset=\"https:\/\/museumek.eu\/wp-content\/uploads\/2015\/06\/3889-235x300.jpg 235w, https:\/\/museumek.eu\/wp-content\/uploads\/2015\/06\/3889-117x150.jpg 117w, https:\/\/museumek.eu\/wp-content\/uploads\/2015\/06\/3889.jpg 395w\" sizes=\"(max-width: 235px) 100vw, 235px\" \/><\/a><\/p>\n<p><a href=\"http:\/\/museumek.eu\/?attachment_id=41134\" rel=\"attachment wp-att-41134\"><img loading=\"lazy\" src=\"http:\/\/museumek.eu\/wp-content\/uploads\/2015\/06\/38901.jpg\" alt=\"\" title=\"3890\" width=\"161\" height=\"176\" class=\"alignnone size-full wp-image-41134\" srcset=\"https:\/\/museumek.eu\/wp-content\/uploads\/2015\/06\/38901.jpg 161w, https:\/\/museumek.eu\/wp-content\/uploads\/2015\/06\/38901-137x150.jpg 137w\" sizes=\"(max-width: 161px) 100vw, 161px\" \/><\/a><\/p>\n","protected":false},"excerpt":{"rendered":"<p>Abteilung Deutschland, Keramik 1860 \u2013 1960, Inventarnummer D\/CXXXIV\/1 Porzellan-Manufaktur Burgau a. S. Ferdinand Selle, Deutschland, Burgau, 1903\/1904, Teller mit Dekor Agnes, K\u00fcnstler Wiener Kunstgewerbeschule (f\u00fcr den Entwurf), Werks.-Nr. ohne, Exemplar Nr. ohne, gemarkt Firmenmarke in einem Schild-f\u00f6rmigen Rahmen PBM (f\u00fcr &hellip; <a href=\"https:\/\/museumek.eu\/?page_id=41124\">Weiterlesen <span class=\"meta-nav\">&rarr;<\/span><\/a><\/p>\n","protected":false},"author":1,"featured_media":0,"parent":41083,"menu_order":1,"comment_status":"closed","ping_status":"open","template":"","meta":[],"_links":{"self":[{"href":"https:\/\/museumek.eu\/index.php?rest_route=\/wp\/v2\/pages\/41124"}],"collection":[{"href":"https:\/\/museumek.eu\/index.php?rest_route=\/wp\/v2\/pages"}],"about":[{"href":"https:\/\/museumek.eu\/index.php?rest_route=\/wp\/v2\/types\/page"}],"author":[{"embeddable":true,"href":"https:\/\/museumek.eu\/index.php?rest_route=\/wp\/v2\/users\/1"}],"replies":[{"embeddable":true,"href":"https:\/\/museumek.eu\/index.php?rest_route=%2Fwp%2Fv2%2Fcomments&post=41124"}],"version-history":[{"count":6,"href":"https:\/\/museumek.eu\/index.php?rest_route=\/wp\/v2\/pages\/41124\/revisions"}],"predecessor-version":[{"id":41136,"href":"https:\/\/museumek.eu\/index.php?rest_route=\/wp\/v2\/pages\/41124\/revisions\/41136"}],"up":[{"embeddable":true,"href":"https:\/\/museumek.eu\/index.php?rest_route=\/wp\/v2\/pages\/41083"}],"wp:attachment":[{"href":"https:\/\/museumek.eu\/index.php?rest_route=%2Fwp%2Fv2%2Fmedia&parent=41124"}],"curies":[{"name":"wp","href":"https:\/\/api.w.org\/{rel}","templated":true}]}}