{"id":41337,"date":"2015-06-21T13:07:56","date_gmt":"2015-06-21T11:07:56","guid":{"rendered":"http:\/\/museumek.eu\/?page_id=41337"},"modified":"2015-06-21T13:08:36","modified_gmt":"2015-06-21T11:08:36","slug":"dxlviii13","status":"publish","type":"page","link":"https:\/\/museumek.eu\/?page_id=41337","title":{"rendered":"D\/XLVIII\/13"},"content":{"rendered":"<p><strong>Abteilung Deutschland, Keramik 1860 \u2013 1960, Inventarnummer D\/XLVIII\/13<\/strong><\/p>\n<p>Albert Jacob Thewalt, Fabrik fein verzierter Steinzeugwaren, Deutschland, H\u00f6hr, um 1900, Seidel, K\u00fcnstler Wilhelm Kamp (attr.), Werks.-Nr. 471, Exemplar Nr. ohne, gemarkt Firmenmarke mit A T und \u00fcber dem T ein Punkt, dieser besagt folgendes: im alten Schreibduktus wurde I und J oft gleich gesetzt, um den Buchstaben I bzw. J kenntlich zu machen, wurde dar\u00fcber ein Punkt gesetzt, Beispiel: ein senkrechter Strich mit einem Punkt dar\u00fcber bedeutet Buchstabe I oder bei Gleichsetzung auch J, insofern versteckt sich in der Marke beim Buchstabe T auch das J, somit ist der Sinn des Punktes ermittelt, so dass die Marke als AJT f\u00fcr Albert Jacob Thewalt zu lesen ist, 417, darunter C (unter dem Henkel), 0,5 L. \u00fcber Eichstrich sowie GERMANY gepresst, nicht signiert, Literatur: J\u00fcrgen Schimanski, Braun geflammt und grau gesalzen, Seite 226, Beschreibung der Fabrik, Beschreibung, dass fast alle Entw\u00fcrfe von Wilhelm Anton Kamp stammen sowie Marke Nr. 43 identisch, der zweite Sohn von Joahnn Peter Thewalt jr., Albert Jacob Thewalt (1857 \u2013 1939) gr\u00fcndete 1882 zusammen mit seinem Schwager Jean Paulus die keramische Fabrik Paulus und Thewalt, trennt sich dann von Jean Paulus und gr\u00fcndet 1894 seine eigene Fabrik, die als Albert Jacob Thewalt, Fabrik fein verzierter Steinzeugwaren firmiert, nach Albert Jacobs\u2019s Tod f\u00fchren sein Sohn Albert Johann Thewalt und danach sein Enkel Albert Jakob Thewalt die Fabrik fort, K\u00fcnstlerzuschreibung: Wilhelm Anton Kamp trat 1897 in die Fabrik ein und schuf rund 800 Entw\u00fcrfe, Ausf\u00fchrung als Elfenbeinsteinzeug, H\u00f6he 16,5 cm, Breite 13,5 cm<\/p>\n<p><a href=\"http:\/\/museumek.eu\/?attachment_id=41338\" rel=\"attachment wp-att-41338\"><img loading=\"lazy\" src=\"http:\/\/museumek.eu\/wp-content\/uploads\/2015\/06\/3724-151x300.jpg\" alt=\"\" title=\"3724\" width=\"151\" height=\"300\" class=\"alignnone size-medium wp-image-41338\" srcset=\"https:\/\/museumek.eu\/wp-content\/uploads\/2015\/06\/3724-151x300.jpg 151w, https:\/\/museumek.eu\/wp-content\/uploads\/2015\/06\/3724-75x150.jpg 75w\" sizes=\"(max-width: 151px) 100vw, 151px\" \/><\/a><\/p>\n<p><a href=\"http:\/\/museumek.eu\/?attachment_id=41339\" rel=\"attachment wp-att-41339\"><img loading=\"lazy\" src=\"http:\/\/museumek.eu\/wp-content\/uploads\/2015\/06\/3725-219x300.jpg\" alt=\"\" title=\"3725\" width=\"219\" height=\"300\" class=\"alignnone size-medium wp-image-41339\" srcset=\"https:\/\/museumek.eu\/wp-content\/uploads\/2015\/06\/3725-219x300.jpg 219w, https:\/\/museumek.eu\/wp-content\/uploads\/2015\/06\/3725-109x150.jpg 109w, https:\/\/museumek.eu\/wp-content\/uploads\/2015\/06\/3725.jpg 586w\" sizes=\"(max-width: 219px) 100vw, 219px\" \/><\/a><\/p>\n<p><a href=\"http:\/\/museumek.eu\/?attachment_id=41340\" rel=\"attachment wp-att-41340\"><img loading=\"lazy\" src=\"http:\/\/museumek.eu\/wp-content\/uploads\/2015\/06\/3726-216x300.jpg\" alt=\"\" title=\"3726\" width=\"216\" height=\"300\" class=\"alignnone size-medium wp-image-41340\" srcset=\"https:\/\/museumek.eu\/wp-content\/uploads\/2015\/06\/3726-216x300.jpg 216w, https:\/\/museumek.eu\/wp-content\/uploads\/2015\/06\/3726-108x150.jpg 108w, https:\/\/museumek.eu\/wp-content\/uploads\/2015\/06\/3726.jpg 576w\" sizes=\"(max-width: 216px) 100vw, 216px\" \/><\/a><\/p>\n<p><a href=\"http:\/\/museumek.eu\/?attachment_id=41341\" rel=\"attachment wp-att-41341\"><img loading=\"lazy\" src=\"http:\/\/museumek.eu\/wp-content\/uploads\/2015\/06\/3727-153x300.jpg\" alt=\"\" title=\"3727\" width=\"153\" height=\"300\" class=\"alignnone size-medium wp-image-41341\" srcset=\"https:\/\/museumek.eu\/wp-content\/uploads\/2015\/06\/3727-153x300.jpg 153w, https:\/\/museumek.eu\/wp-content\/uploads\/2015\/06\/3727-76x150.jpg 76w, https:\/\/museumek.eu\/wp-content\/uploads\/2015\/06\/3727.jpg 408w\" sizes=\"(max-width: 153px) 100vw, 153px\" \/><\/a><\/p>\n<p><a href=\"http:\/\/museumek.eu\/?attachment_id=41342\" rel=\"attachment wp-att-41342\"><img loading=\"lazy\" src=\"http:\/\/museumek.eu\/wp-content\/uploads\/2015\/06\/3728-300x286.jpg\" alt=\"\" title=\"3728\" width=\"300\" height=\"286\" class=\"alignnone size-medium wp-image-41342\" srcset=\"https:\/\/museumek.eu\/wp-content\/uploads\/2015\/06\/3728-300x286.jpg 300w, https:\/\/museumek.eu\/wp-content\/uploads\/2015\/06\/3728-150x143.jpg 150w, https:\/\/museumek.eu\/wp-content\/uploads\/2015\/06\/3728-314x300.jpg 314w, https:\/\/museumek.eu\/wp-content\/uploads\/2015\/06\/3728.jpg 600w\" sizes=\"(max-width: 300px) 100vw, 300px\" \/><\/a><\/p>\n<p><a href=\"http:\/\/museumek.eu\/?attachment_id=41343\" rel=\"attachment wp-att-41343\"><img loading=\"lazy\" src=\"http:\/\/museumek.eu\/wp-content\/uploads\/2015\/06\/3729-199x300.jpg\" alt=\"\" title=\"3729\" width=\"199\" height=\"300\" class=\"alignnone size-medium wp-image-41343\" srcset=\"https:\/\/museumek.eu\/wp-content\/uploads\/2015\/06\/3729-199x300.jpg 199w, https:\/\/museumek.eu\/wp-content\/uploads\/2015\/06\/3729-99x150.jpg 99w, https:\/\/museumek.eu\/wp-content\/uploads\/2015\/06\/3729.jpg 532w\" sizes=\"(max-width: 199px) 100vw, 199px\" \/><\/a><\/p>\n<p><a href=\"http:\/\/museumek.eu\/?attachment_id=41349\" rel=\"attachment wp-att-41349\"><img loading=\"lazy\" src=\"http:\/\/museumek.eu\/wp-content\/uploads\/2015\/06\/37311-196x300.jpg\" alt=\"\" title=\"3731\" width=\"196\" height=\"300\" class=\"alignnone size-medium wp-image-41349\" srcset=\"https:\/\/museumek.eu\/wp-content\/uploads\/2015\/06\/37311-196x300.jpg 196w, https:\/\/museumek.eu\/wp-content\/uploads\/2015\/06\/37311-98x150.jpg 98w, https:\/\/museumek.eu\/wp-content\/uploads\/2015\/06\/37311.jpg 525w\" sizes=\"(max-width: 196px) 100vw, 196px\" \/><\/a><\/p>\n","protected":false},"excerpt":{"rendered":"<p>Abteilung Deutschland, Keramik 1860 \u2013 1960, Inventarnummer D\/XLVIII\/13 Albert Jacob Thewalt, Fabrik fein verzierter Steinzeugwaren, Deutschland, H\u00f6hr, um 1900, Seidel, K\u00fcnstler Wilhelm Kamp (attr.), Werks.-Nr. 471, Exemplar Nr. ohne, gemarkt Firmenmarke mit A T und \u00fcber dem T ein Punkt, &hellip; <a href=\"https:\/\/museumek.eu\/?page_id=41337\">Weiterlesen <span class=\"meta-nav\">&rarr;<\/span><\/a><\/p>\n","protected":false},"author":1,"featured_media":0,"parent":32687,"menu_order":13,"comment_status":"closed","ping_status":"open","template":"","meta":[],"_links":{"self":[{"href":"https:\/\/museumek.eu\/index.php?rest_route=\/wp\/v2\/pages\/41337"}],"collection":[{"href":"https:\/\/museumek.eu\/index.php?rest_route=\/wp\/v2\/pages"}],"about":[{"href":"https:\/\/museumek.eu\/index.php?rest_route=\/wp\/v2\/types\/page"}],"author":[{"embeddable":true,"href":"https:\/\/museumek.eu\/index.php?rest_route=\/wp\/v2\/users\/1"}],"replies":[{"embeddable":true,"href":"https:\/\/museumek.eu\/index.php?rest_route=%2Fwp%2Fv2%2Fcomments&post=41337"}],"version-history":[{"count":6,"href":"https:\/\/museumek.eu\/index.php?rest_route=\/wp\/v2\/pages\/41337\/revisions"}],"predecessor-version":[{"id":41351,"href":"https:\/\/museumek.eu\/index.php?rest_route=\/wp\/v2\/pages\/41337\/revisions\/41351"}],"up":[{"embeddable":true,"href":"https:\/\/museumek.eu\/index.php?rest_route=\/wp\/v2\/pages\/32687"}],"wp:attachment":[{"href":"https:\/\/museumek.eu\/index.php?rest_route=%2Fwp%2Fv2%2Fmedia&parent=41337"}],"curies":[{"name":"wp","href":"https:\/\/api.w.org\/{rel}","templated":true}]}}