{"id":41679,"date":"2015-07-03T19:54:54","date_gmt":"2015-07-03T17:54:54","guid":{"rendered":"http:\/\/museumek.eu\/?page_id=41679"},"modified":"2015-07-03T19:54:54","modified_gmt":"2015-07-03T17:54:54","slug":"dcixx6","status":"publish","type":"page","link":"https:\/\/museumek.eu\/?page_id=41679","title":{"rendered":"D\/CIXX\/6"},"content":{"rendered":"<p><strong>Abteilung Deutschland, Keramik 1860 \u2013 1960, Inventarnummer D\/CIXX\/6<\/strong><\/p>\n<p>Steuler &#038; Co. Steinzeugindustrie GmbH, Deutschland, Koblenz und Grenzhausen, um 1920, Krug, K\u00fcnstler unbekannt, Werks.-Nr. 3062, Exemplar Nr. ohne, gemarkt Firmenmarke mit St, I sowie G in einem Kreis (St steht f\u00fcr Steuler, I steht f\u00fcr Industrie, G steht f\u00fcr Grenzhausen), 3062, 4 sowie 1 L \u00fcber Eichstrich gepresst, unbekanntes Zeichen (K\u00fcnstlersignatur ?)geritzt, nicht signiert, Literatur: J\u00fcrgen Schimanski und J\u00fcrgen Erlebach, Westerw\u00e4lder Steinzeug, Die Neue \u00c4ra, Seite 118 ff., Erw\u00e4hnung der Fabrik und Abbildungen von Fabrikaten sowie Seite 118, Marke Nr. 42 identisch, weitere Literatur: J\u00fcrgen Schimanski, Braun geflammt und grau gesalzen, Seite 223, Beschreibung der Fabrik, Beschreibung, dass 1918 die Fabrik von Walter M\u00fcller \u00fcbernommen worden ist, Beschreibung, dass 1922 die Formen der Fabrik von Dr. Fritz Hammerschmidt \u00fcbernommen worden sind, die diese vorher von der Fabrik Alfons L\u00f6tschert \u00fcbernommen hatte, Beschreibung, dass 1931 die Produktion von Gebrauchssteinzeug eingestellt worden ist sowie Marke Nr. 42 identisch, Georg Steuler und sein Schwager Josef Gilling gr\u00fcndeten 1908 die Steuler &#038; Co. Steinzeugindustrie GmbH in Koblenz, dort wurde ausschlielich industrielle Keramik produziert, zu einem sp\u00e4teren Zeitpunkt wurde auch noch ein Zweigwerk in Koblenz er\u00f6ffnet, welches als Tonwerk M\u00fchlacker GmbH firmierte, bereits 1910 gr\u00fcndete die Steuler &#038; Co. Steinzeugindustrie GmbH ein weitere Fabrik in Grenzhausen, welche Gebrauchskeramik herstellte, deshalb steht in der oben beschrieben Fabrikmarke, die anscheinend auch nur auf Gebrauchssteinzeug angebracht worden ist, auch ein G f\u00fcr Grenzhausen, bis 1927 war auch ein Hans Steuler in der GmbH t\u00e4tig, \u00fcber dessen Aufgabe und Herkunft aber keine Daten recherchiert werden konnten, von 1909 bis 1917 bestand wohl eine stille Teilhaberschaft mit der Ransbacher Fabrik von Johann \u00dcbelacker, wobei nicht recherchiert werden konnte, ob Steuler bei \u00dcbelacker oder \u00dcbelacker bei Steuler der stille Teilhaber war, 1918 \u00fcbernahm die Fabrik die Steinzeugfabrik Walter M\u00fcller, Inhaber M\u00fcller &#038; Werner, samt deren Formen, 1922 erfolgte die \u00dcbernahme der Formen der Steinzeugfabrik von Dr. Fritz Hammerschmidt, da dieser die Formen der Steinzeugfabrik von Alfons Wilhelm L\u00f6tschert \u00fcbernommen hatte, gingen somit auch diese Formen zu Steuler \u00fcber, au\u00dferdem gab die Fabrik eigene K\u00fcnstlerentw\u00fcrfe in Auftrag und arbeitete mit Carl Moos, Alfred Kamp, Anni Ofterdinger, Wilhelm Neidhart und andern K\u00fcnstlern zusammen, 1931 wurde die Produktion von Gebrauchssteinzeug eingestellt, w\u00e4hrend der Produktionszweig der industriellen Keramik noch heute betrieben wird, das Modell wurde wahrscheinlich von der Steinzeugfabrik Walter M\u00fcller \u00fcbernommen, <strong>der 0,8 cm hohe und 1,1 cm breite 1 Liter \u00fcber Eichstrich Stempel, dient dem MEK als Identifizierungsstempel f\u00fcr nicht mit einer Firmenmarke versehene Fabrikate von Steuler, das MEK Exemplar mit der Werks.-Nr. 3062 ist noch nicht in der Fachliteratur verzeichnet<\/strong>,<br \/>\nH\u00f6he 19,2 cm, Breite 15,5cm (nur die Keramik)<\/p>\n<p><a href=\"http:\/\/museumek.eu\/?attachment_id=41680\" rel=\"attachment wp-att-41680\"><img loading=\"lazy\" src=\"http:\/\/museumek.eu\/wp-content\/uploads\/2015\/07\/4000-151x300.jpg\" alt=\"\" title=\"4000\" width=\"151\" height=\"300\" class=\"alignnone size-medium wp-image-41680\" srcset=\"https:\/\/museumek.eu\/wp-content\/uploads\/2015\/07\/4000-151x300.jpg 151w, https:\/\/museumek.eu\/wp-content\/uploads\/2015\/07\/4000-75x150.jpg 75w\" sizes=\"(max-width: 151px) 100vw, 151px\" \/><\/a><\/p>\n<p><a href=\"http:\/\/museumek.eu\/?attachment_id=41681\" rel=\"attachment wp-att-41681\"><img loading=\"lazy\" src=\"http:\/\/museumek.eu\/wp-content\/uploads\/2015\/07\/4001-195x300.jpg\" alt=\"\" title=\"4001\" width=\"195\" height=\"300\" class=\"alignnone size-medium wp-image-41681\" srcset=\"https:\/\/museumek.eu\/wp-content\/uploads\/2015\/07\/4001-195x300.jpg 195w, https:\/\/museumek.eu\/wp-content\/uploads\/2015\/07\/4001-97x150.jpg 97w, https:\/\/museumek.eu\/wp-content\/uploads\/2015\/07\/4001.jpg 520w\" sizes=\"(max-width: 195px) 100vw, 195px\" \/><\/a><\/p>\n<p><a href=\"http:\/\/museumek.eu\/?attachment_id=41682\" rel=\"attachment wp-att-41682\"><img loading=\"lazy\" src=\"http:\/\/museumek.eu\/wp-content\/uploads\/2015\/07\/4002-190x300.jpg\" alt=\"\" title=\"4002\" width=\"190\" height=\"300\" class=\"alignnone size-medium wp-image-41682\" srcset=\"https:\/\/museumek.eu\/wp-content\/uploads\/2015\/07\/4002-190x300.jpg 190w, https:\/\/museumek.eu\/wp-content\/uploads\/2015\/07\/4002-95x150.jpg 95w, https:\/\/museumek.eu\/wp-content\/uploads\/2015\/07\/4002.jpg 508w\" sizes=\"(max-width: 190px) 100vw, 190px\" \/><\/a><\/p>\n<p><a href=\"http:\/\/museumek.eu\/?attachment_id=41683\" rel=\"attachment wp-att-41683\"><img loading=\"lazy\" src=\"http:\/\/museumek.eu\/wp-content\/uploads\/2015\/07\/4003-134x300.jpg\" alt=\"\" title=\"4003\" width=\"134\" height=\"300\" class=\"alignnone size-medium wp-image-41683\" srcset=\"https:\/\/museumek.eu\/wp-content\/uploads\/2015\/07\/4003-134x300.jpg 134w, https:\/\/museumek.eu\/wp-content\/uploads\/2015\/07\/4003-67x150.jpg 67w, https:\/\/museumek.eu\/wp-content\/uploads\/2015\/07\/4003.jpg 359w\" sizes=\"(max-width: 134px) 100vw, 134px\" \/><\/a><\/p>\n<p><a href=\"http:\/\/museumek.eu\/?attachment_id=41684\" rel=\"attachment wp-att-41684\"><img loading=\"lazy\" src=\"http:\/\/museumek.eu\/wp-content\/uploads\/2015\/07\/4004-300x251.jpg\" alt=\"\" title=\"4004\" width=\"300\" height=\"251\" class=\"alignnone size-medium wp-image-41684\" srcset=\"https:\/\/museumek.eu\/wp-content\/uploads\/2015\/07\/4004-300x251.jpg 300w, https:\/\/museumek.eu\/wp-content\/uploads\/2015\/07\/4004-150x125.jpg 150w, https:\/\/museumek.eu\/wp-content\/uploads\/2015\/07\/4004-358x300.jpg 358w, https:\/\/museumek.eu\/wp-content\/uploads\/2015\/07\/4004.jpg 717w\" sizes=\"(max-width: 300px) 100vw, 300px\" \/><\/a><\/p>\n<p><a href=\"http:\/\/museumek.eu\/?attachment_id=41685\" rel=\"attachment wp-att-41685\"><img loading=\"lazy\" src=\"http:\/\/museumek.eu\/wp-content\/uploads\/2015\/07\/4005-300x247.jpg\" alt=\"\" title=\"4005\" width=\"300\" height=\"247\" class=\"alignnone size-medium wp-image-41685\" srcset=\"https:\/\/museumek.eu\/wp-content\/uploads\/2015\/07\/4005-300x247.jpg 300w, https:\/\/museumek.eu\/wp-content\/uploads\/2015\/07\/4005-150x123.jpg 150w, https:\/\/museumek.eu\/wp-content\/uploads\/2015\/07\/4005-364x300.jpg 364w, https:\/\/museumek.eu\/wp-content\/uploads\/2015\/07\/4005.jpg 521w\" sizes=\"(max-width: 300px) 100vw, 300px\" \/><\/a><\/p>\n<p><a href=\"http:\/\/museumek.eu\/?attachment_id=41686\" rel=\"attachment wp-att-41686\"><img loading=\"lazy\" src=\"http:\/\/museumek.eu\/wp-content\/uploads\/2015\/07\/4007-298x300.jpg\" alt=\"\" title=\"4007\" width=\"298\" height=\"300\" class=\"alignnone size-medium wp-image-41686\" srcset=\"https:\/\/museumek.eu\/wp-content\/uploads\/2015\/07\/4007-298x300.jpg 298w, https:\/\/museumek.eu\/wp-content\/uploads\/2015\/07\/4007-150x150.jpg 150w, https:\/\/museumek.eu\/wp-content\/uploads\/2015\/07\/4007.jpg 600w\" sizes=\"(max-width: 298px) 100vw, 298px\" \/><\/a><\/p>\n<p><a href=\"http:\/\/museumek.eu\/?attachment_id=41687\" rel=\"attachment wp-att-41687\"><img loading=\"lazy\" src=\"http:\/\/museumek.eu\/wp-content\/uploads\/2015\/07\/4006-300x289.jpg\" alt=\"\" title=\"4006\" width=\"300\" height=\"289\" class=\"alignnone size-medium wp-image-41687\" srcset=\"https:\/\/museumek.eu\/wp-content\/uploads\/2015\/07\/4006-300x289.jpg 300w, https:\/\/museumek.eu\/wp-content\/uploads\/2015\/07\/4006-150x144.jpg 150w, https:\/\/museumek.eu\/wp-content\/uploads\/2015\/07\/4006-311x300.jpg 311w, https:\/\/museumek.eu\/wp-content\/uploads\/2015\/07\/4006.jpg 622w\" sizes=\"(max-width: 300px) 100vw, 300px\" \/><\/a><\/p>\n","protected":false},"excerpt":{"rendered":"<p>Abteilung Deutschland, Keramik 1860 \u2013 1960, Inventarnummer D\/CIXX\/6 Steuler &#038; Co. Steinzeugindustrie GmbH, Deutschland, Koblenz und Grenzhausen, um 1920, Krug, K\u00fcnstler unbekannt, Werks.-Nr. 3062, Exemplar Nr. ohne, gemarkt Firmenmarke mit St, I sowie G in einem Kreis (St steht f\u00fcr &hellip; <a href=\"https:\/\/museumek.eu\/?page_id=41679\">Weiterlesen <span class=\"meta-nav\">&rarr;<\/span><\/a><\/p>\n","protected":false},"author":1,"featured_media":0,"parent":34532,"menu_order":6,"comment_status":"closed","ping_status":"open","template":"","meta":[],"_links":{"self":[{"href":"https:\/\/museumek.eu\/index.php?rest_route=\/wp\/v2\/pages\/41679"}],"collection":[{"href":"https:\/\/museumek.eu\/index.php?rest_route=\/wp\/v2\/pages"}],"about":[{"href":"https:\/\/museumek.eu\/index.php?rest_route=\/wp\/v2\/types\/page"}],"author":[{"embeddable":true,"href":"https:\/\/museumek.eu\/index.php?rest_route=\/wp\/v2\/users\/1"}],"replies":[{"embeddable":true,"href":"https:\/\/museumek.eu\/index.php?rest_route=%2Fwp%2Fv2%2Fcomments&post=41679"}],"version-history":[{"count":4,"href":"https:\/\/museumek.eu\/index.php?rest_route=\/wp\/v2\/pages\/41679\/revisions"}],"predecessor-version":[{"id":41691,"href":"https:\/\/museumek.eu\/index.php?rest_route=\/wp\/v2\/pages\/41679\/revisions\/41691"}],"up":[{"embeddable":true,"href":"https:\/\/museumek.eu\/index.php?rest_route=\/wp\/v2\/pages\/34532"}],"wp:attachment":[{"href":"https:\/\/museumek.eu\/index.php?rest_route=%2Fwp%2Fv2%2Fmedia&parent=41679"}],"curies":[{"name":"wp","href":"https:\/\/api.w.org\/{rel}","templated":true}]}}