{"id":42652,"date":"2015-07-20T14:30:33","date_gmt":"2015-07-20T12:30:33","guid":{"rendered":"http:\/\/museumek.eu\/?page_id=42652"},"modified":"2015-07-21T14:32:21","modified_gmt":"2015-07-21T12:32:21","slug":"dxlviii14","status":"publish","type":"page","link":"https:\/\/museumek.eu\/?page_id=42652","title":{"rendered":"D\/XLVIII\/14"},"content":{"rendered":"<p><strong>Abteilung Deutschland, Keramik 1860 \u2013 1960, Inventarnummer D\/XLVIII\/14<\/strong><\/p>\n<p>Albert Jacob Thewalt, Fabrik fein verzierter Steinzeugwaren, Deutschland, H\u00f6hr, um 1900, Seidel, K\u00fcnstler Wilhelm Kamp (attr.), Werks.-Nr. 700, Exemplar Nr. ohne, gemarkt Firmenmarke mit A T und \u00fcber dem T ein Punkt, dieser besagt folgendes: im alten Schreibduktus wurde I und J oft gleich gesetzt, um den Buchstaben I bzw. J kenntlich zu machen, wurde dar\u00fcber ein Punkt gesetzt, Beispiel: ein senkrechter Strich mit einem Punkt dar\u00fcber bedeutet Buchstabe I oder bei Gleichsetzung auch J, insofern versteckt sich in der Marke beim Buchstabe T auch das J, somit ist der Sinn des Punktes ermittelt, so dass die Marke als AJT f\u00fcr Albert Jacob Thewalt zu lesen ist, 700, rechts daneben A (rechts neben dem Henkel), sowie MADE IN GERMANY (MADE IN nicht vollst\u00e4ndig lesbar) gepresst, III geritzt, nicht signiert, Literatur: J\u00fcrgen Schimanski, Braun geflammt und grau gesalzen, Seite 226, Beschreibung der Fabrik, Beschreibung, dass fast alle Entw\u00fcrfe von Wilhelm Anton Kamp stammen sowie Marke Nr. 43 identisch, der zweite Sohn von Joahnn Peter Thewalt jr., Albert Jacob Thewalt (1857 \u2013 1939) gr\u00fcndete 1882 zusammen mit seinem Schwager Jean Paulus die keramische Fabrik Paulus und Thewalt, trennt sich dann von Jean Paulus und gr\u00fcndet 1894 seine eigene Fabrik, die als Albert Jacob Thewalt, Fabrik fein verzierter Steinzeugwaren firmiert, nach Albert Jacobs\u2019s Tod f\u00fchren sein Sohn Albert Johann Thewalt und danach sein Enkel Albert Jakob Thewalt die Fabrik fort, K\u00fcnstlerzuschreibung: Wilhelm Anton Kamp trat 1897 in die Fabrik ein und schuf rund 800 Entw\u00fcrfe, Ausf\u00fchrung als Elfenbeinsteinzeug, H\u00f6he 17 cm, Breite 12,5 cm (nur die Keramik)<\/p>\n<p><a href=\"http:\/\/museumek.eu\/?attachment_id=42653\" rel=\"attachment wp-att-42653\"><img loading=\"lazy\" src=\"http:\/\/museumek.eu\/wp-content\/uploads\/2015\/07\/4219-135x300.jpg\" alt=\"\" title=\"4219\" width=\"135\" height=\"300\" class=\"alignnone size-medium wp-image-42653\" srcset=\"https:\/\/museumek.eu\/wp-content\/uploads\/2015\/07\/4219-135x300.jpg 135w, https:\/\/museumek.eu\/wp-content\/uploads\/2015\/07\/4219-67x150.jpg 67w, https:\/\/museumek.eu\/wp-content\/uploads\/2015\/07\/4219.jpg 361w\" sizes=\"(max-width: 135px) 100vw, 135px\" \/><\/a><\/p>\n<p><a href=\"http:\/\/museumek.eu\/?attachment_id=42654\" rel=\"attachment wp-att-42654\"><img loading=\"lazy\" src=\"http:\/\/museumek.eu\/wp-content\/uploads\/2015\/07\/4220-165x300.jpg\" alt=\"\" title=\"4220\" width=\"165\" height=\"300\" class=\"alignnone size-medium wp-image-42654\" srcset=\"https:\/\/museumek.eu\/wp-content\/uploads\/2015\/07\/4220-165x300.jpg 165w, https:\/\/museumek.eu\/wp-content\/uploads\/2015\/07\/4220-82x150.jpg 82w, https:\/\/museumek.eu\/wp-content\/uploads\/2015\/07\/4220.jpg 442w\" sizes=\"(max-width: 165px) 100vw, 165px\" \/><\/a><\/p>\n<p><a href=\"http:\/\/museumek.eu\/?attachment_id=42655\" rel=\"attachment wp-att-42655\"><img loading=\"lazy\" src=\"http:\/\/museumek.eu\/wp-content\/uploads\/2015\/07\/4221-166x300.jpg\" alt=\"\" title=\"4221\" width=\"166\" height=\"300\" class=\"alignnone size-medium wp-image-42655\" srcset=\"https:\/\/museumek.eu\/wp-content\/uploads\/2015\/07\/4221-166x300.jpg 166w, https:\/\/museumek.eu\/wp-content\/uploads\/2015\/07\/4221-83x150.jpg 83w, https:\/\/museumek.eu\/wp-content\/uploads\/2015\/07\/4221.jpg 443w\" sizes=\"(max-width: 166px) 100vw, 166px\" \/><\/a><\/p>\n<p><a href=\"http:\/\/museumek.eu\/?attachment_id=42656\" rel=\"attachment wp-att-42656\"><img loading=\"lazy\" src=\"http:\/\/museumek.eu\/wp-content\/uploads\/2015\/07\/4222-118x300.jpg\" alt=\"\" title=\"4222\" width=\"118\" height=\"300\" class=\"alignnone size-medium wp-image-42656\" srcset=\"https:\/\/museumek.eu\/wp-content\/uploads\/2015\/07\/4222-118x300.jpg 118w, https:\/\/museumek.eu\/wp-content\/uploads\/2015\/07\/4222-59x150.jpg 59w\" sizes=\"(max-width: 118px) 100vw, 118px\" \/><\/a><\/p>\n<p><a href=\"http:\/\/museumek.eu\/?attachment_id=42657\" rel=\"attachment wp-att-42657\"><img loading=\"lazy\" src=\"http:\/\/museumek.eu\/wp-content\/uploads\/2015\/07\/4223-151x300.jpg\" alt=\"\" title=\"4223\" width=\"151\" height=\"300\" class=\"alignnone size-medium wp-image-42657\" srcset=\"https:\/\/museumek.eu\/wp-content\/uploads\/2015\/07\/4223-151x300.jpg 151w, https:\/\/museumek.eu\/wp-content\/uploads\/2015\/07\/4223-75x150.jpg 75w\" sizes=\"(max-width: 151px) 100vw, 151px\" \/><\/a><\/p>\n<p><a href=\"http:\/\/museumek.eu\/?attachment_id=42658\" rel=\"attachment wp-att-42658\"><img loading=\"lazy\" src=\"http:\/\/museumek.eu\/wp-content\/uploads\/2015\/07\/4224-141x300.jpg\" alt=\"\" title=\"4224\" width=\"141\" height=\"300\" class=\"alignnone size-medium wp-image-42658\" srcset=\"https:\/\/museumek.eu\/wp-content\/uploads\/2015\/07\/4224-141x300.jpg 141w, https:\/\/museumek.eu\/wp-content\/uploads\/2015\/07\/4224-70x150.jpg 70w, https:\/\/museumek.eu\/wp-content\/uploads\/2015\/07\/4224.jpg 376w\" sizes=\"(max-width: 141px) 100vw, 141px\" \/><\/a><\/p>\n<p><a href=\"http:\/\/museumek.eu\/?attachment_id=42659\" rel=\"attachment wp-att-42659\"><img loading=\"lazy\" src=\"http:\/\/museumek.eu\/wp-content\/uploads\/2015\/07\/4225-159x300.jpg\" alt=\"\" title=\"4225\" width=\"159\" height=\"300\" class=\"alignnone size-medium wp-image-42659\" srcset=\"https:\/\/museumek.eu\/wp-content\/uploads\/2015\/07\/4225-159x300.jpg 159w, https:\/\/museumek.eu\/wp-content\/uploads\/2015\/07\/4225-79x150.jpg 79w, https:\/\/museumek.eu\/wp-content\/uploads\/2015\/07\/4225.jpg 425w\" sizes=\"(max-width: 159px) 100vw, 159px\" \/><\/a><\/p>\n<p><a href=\"http:\/\/museumek.eu\/?attachment_id=42660\" rel=\"attachment wp-att-42660\"><img loading=\"lazy\" src=\"http:\/\/museumek.eu\/wp-content\/uploads\/2015\/07\/4226-252x300.jpg\" alt=\"\" title=\"4226\" width=\"252\" height=\"300\" class=\"alignnone size-medium wp-image-42660\" srcset=\"https:\/\/museumek.eu\/wp-content\/uploads\/2015\/07\/4226-252x300.jpg 252w, https:\/\/museumek.eu\/wp-content\/uploads\/2015\/07\/4226-126x150.jpg 126w, https:\/\/museumek.eu\/wp-content\/uploads\/2015\/07\/4226.jpg 600w\" sizes=\"(max-width: 252px) 100vw, 252px\" \/><\/a><\/p>\n<p><a href=\"http:\/\/museumek.eu\/?attachment_id=42661\" rel=\"attachment wp-att-42661\"><img loading=\"lazy\" src=\"http:\/\/museumek.eu\/wp-content\/uploads\/2015\/07\/4228-300x256.jpg\" alt=\"\" title=\"4228\" width=\"300\" height=\"256\" class=\"alignnone size-medium wp-image-42661\" srcset=\"https:\/\/museumek.eu\/wp-content\/uploads\/2015\/07\/4228-300x256.jpg 300w, https:\/\/museumek.eu\/wp-content\/uploads\/2015\/07\/4228-150x128.jpg 150w, https:\/\/museumek.eu\/wp-content\/uploads\/2015\/07\/4228-351x300.jpg 351w, https:\/\/museumek.eu\/wp-content\/uploads\/2015\/07\/4228.jpg 703w\" sizes=\"(max-width: 300px) 100vw, 300px\" \/><\/a><\/p>\n<p><a href=\"http:\/\/museumek.eu\/?attachment_id=42662\" rel=\"attachment wp-att-42662\"><img loading=\"lazy\" src=\"http:\/\/museumek.eu\/wp-content\/uploads\/2015\/07\/4227-300x288.jpg\" alt=\"\" title=\"4227\" width=\"300\" height=\"288\" class=\"alignnone size-medium wp-image-42662\" srcset=\"https:\/\/museumek.eu\/wp-content\/uploads\/2015\/07\/4227-300x288.jpg 300w, https:\/\/museumek.eu\/wp-content\/uploads\/2015\/07\/4227-150x144.jpg 150w, https:\/\/museumek.eu\/wp-content\/uploads\/2015\/07\/4227-311x300.jpg 311w, https:\/\/museumek.eu\/wp-content\/uploads\/2015\/07\/4227.jpg 623w\" sizes=\"(max-width: 300px) 100vw, 300px\" \/><\/a><\/p>\n","protected":false},"excerpt":{"rendered":"<p>Abteilung Deutschland, Keramik 1860 \u2013 1960, Inventarnummer D\/XLVIII\/14 Albert Jacob Thewalt, Fabrik fein verzierter Steinzeugwaren, Deutschland, H\u00f6hr, um 1900, Seidel, K\u00fcnstler Wilhelm Kamp (attr.), Werks.-Nr. 700, Exemplar Nr. ohne, gemarkt Firmenmarke mit A T und \u00fcber dem T ein Punkt, &hellip; <a href=\"https:\/\/museumek.eu\/?page_id=42652\">Weiterlesen <span class=\"meta-nav\">&rarr;<\/span><\/a><\/p>\n","protected":false},"author":1,"featured_media":0,"parent":32687,"menu_order":14,"comment_status":"closed","ping_status":"open","template":"","meta":[],"_links":{"self":[{"href":"https:\/\/museumek.eu\/index.php?rest_route=\/wp\/v2\/pages\/42652"}],"collection":[{"href":"https:\/\/museumek.eu\/index.php?rest_route=\/wp\/v2\/pages"}],"about":[{"href":"https:\/\/museumek.eu\/index.php?rest_route=\/wp\/v2\/types\/page"}],"author":[{"embeddable":true,"href":"https:\/\/museumek.eu\/index.php?rest_route=\/wp\/v2\/users\/1"}],"replies":[{"embeddable":true,"href":"https:\/\/museumek.eu\/index.php?rest_route=%2Fwp%2Fv2%2Fcomments&post=42652"}],"version-history":[{"count":6,"href":"https:\/\/museumek.eu\/index.php?rest_route=\/wp\/v2\/pages\/42652\/revisions"}],"predecessor-version":[{"id":42680,"href":"https:\/\/museumek.eu\/index.php?rest_route=\/wp\/v2\/pages\/42652\/revisions\/42680"}],"up":[{"embeddable":true,"href":"https:\/\/museumek.eu\/index.php?rest_route=\/wp\/v2\/pages\/32687"}],"wp:attachment":[{"href":"https:\/\/museumek.eu\/index.php?rest_route=%2Fwp%2Fv2%2Fmedia&parent=42652"}],"curies":[{"name":"wp","href":"https:\/\/api.w.org\/{rel}","templated":true}]}}