{"id":42813,"date":"2015-07-26T15:01:27","date_gmt":"2015-07-26T13:01:27","guid":{"rendered":"http:\/\/museumek.eu\/?page_id=42813"},"modified":"2015-07-26T15:01:28","modified_gmt":"2015-07-26T13:01:28","slug":"dlii4","status":"publish","type":"page","link":"https:\/\/museumek.eu\/?page_id=42813","title":{"rendered":"D\/LII\/4"},"content":{"rendered":"<p><strong>Abteilung Deutschland, Keramik 1860 \u2013 1960, Inventarnummer D\/LII\/4<\/strong><\/p>\n<p>Rosskopf &#038; Gerz Fabrik fein verzierter Steinzeugwaren (attr.), Deutschland, H\u00f6hr, um 1912, Seidel, K\u00fcnstler unbekannt, Werks.-Nr. 883, Exemplar Nr. ohne, gemarkt keine Firmenmarke aber 883 sowie \u00bd L. rechts neben Eichstrich gepresst, nicht signiert, Literatur: Beate Dry-v. Zezschwitz, Westerw\u00e4lder Steinzeug des Jugendstils IV, Rosskopf &#038; Gerz, Steinzeugfabrik H\u00f6hr im Westerwald, 1901 \u2013 1914, Seite 36, Tabellen Nachtrag zum Werksverzeichnis, Einlegeblatt 2, dort unter Werks.-Nr. 591 sowie 598 bis 601 schwarz-wei\u00df Fotos von Seideln der gleichen Form mit ann\u00e4hernd gleicher Dekorgestaltung (diese so nur bei Rosskopf &#038; Gerz gefunden, Hauber &#038; Reuther verwendete statt 4 Schraubenkopf Imitationen 6 Schraubenkopf Imitationen), weitere Literatur: J\u00fcrgen Schimanski, Braun geflammt und grau gesalzen, Seite 221, Beschreibung der Fabrik, weitere Literatur: J\u00fcrgen Erlebach und J\u00fcrgen Schimanski, Westerw\u00e4lder Steinzeug, Die Neue \u00c4ra 1900 \u2013 1930, Jugendstil und Werkbund, Seite 115, Beschreibung der Fabrik, 1901 gr\u00fcndeten der Kaufmann Alois Jakob Gerz und der T\u00f6pfer und Modelleur Karl Wilhelm Ro\u00dfkopf eine Steinzeugfabrik in H\u00f6hr, die Fabrik firmierte als Ro\u00dfkopf &#038; Gerz Fabrik fein verzierter Steinzeugwaren, die Firmierung wurde von einer Zeitungsanzeige der Fabrik aus dem Jahr 1907 \u00fcbernommen, bereits 1905 scheidet Ro\u00dfkopf aus der Fabrik wieder aus, Gerz wird Alleineigent\u00fcmer, die Fabrik betrieb auch eine eigene Zinngie\u00dferei und Malerei, ab ca. 1907 \u00fcbernahm das H\u00f6hrer Handelsunternehmen Eckhardt &#038; Engler den Vertrieb der Fabrikate, dieses Handelsunternehmen \u00fcbernahm 1914 eine Eulerei und produzierte nun auch selbst Steinzeug, 1918 \u00fcbernahmen Eckhardt &#038; Engler einige Formen der Fabrik von Ro\u00dfkopf &#038; Gerz, markte diese aber mit der eigenen Marke, Gerz verstarb 1913 und seine Witwe Barbara Gerz \u00fcbernahm die Fabrik, auf Grund wirtschaftlicher Schwierigkeiten w\u00e4hrend der Kriegsjahre des WK I \u00fcbernahm 1917 der L\u00fcbecker Kaufmann Rudolf Reeder die Fabrik, allerdings wurde nach dem Krieg wohl nicht weiter produziert, 1922\/1923 \u00fcbernahm Eckardt &#038; Engler alle Formen der Fabrik, die amtliche L\u00f6schung der Fabrik erfolgte aber erst 1930, vorl\u00e4ufige Zuschreibung: siehe oben, au\u00dferdem \u00dcbereinstimmung Werks.-Nr. dreistellig, war so auch bei Rosskopf &#038; Gerz, <strong>der 0,5 cm hohe und 1,4 cm breite \u00bd Liter rechts neben Eichstrich Stempel, dient dem MEK als Identifizierungsstempel f\u00fcr nicht mit einer Firmenmarke versehene Fabrikate von Rosskopf &#038; Gerz<\/strong>, Ausf\u00fchrung als Elfenbeinsteinzeug,<br \/>\nH\u00f6he 12 cm, Breite 13,5 cm (nur die Keramik)<\/p>\n<p><a href=\"http:\/\/museumek.eu\/?attachment_id=42814\" rel=\"attachment wp-att-42814\"><img loading=\"lazy\" src=\"http:\/\/museumek.eu\/wp-content\/uploads\/2015\/07\/2936-152x300.jpg\" alt=\"\" title=\"2936\" width=\"152\" height=\"300\" class=\"alignnone size-medium wp-image-42814\" srcset=\"https:\/\/museumek.eu\/wp-content\/uploads\/2015\/07\/2936-152x300.jpg 152w, https:\/\/museumek.eu\/wp-content\/uploads\/2015\/07\/2936-76x150.jpg 76w, https:\/\/museumek.eu\/wp-content\/uploads\/2015\/07\/2936.jpg 407w\" sizes=\"(max-width: 152px) 100vw, 152px\" \/><\/a><\/p>\n<p><a href=\"http:\/\/museumek.eu\/?attachment_id=42815\" rel=\"attachment wp-att-42815\"><img loading=\"lazy\" src=\"http:\/\/museumek.eu\/wp-content\/uploads\/2015\/07\/2939-200x300.jpg\" alt=\"\" title=\"2939\" width=\"200\" height=\"300\" class=\"alignnone size-medium wp-image-42815\" srcset=\"https:\/\/museumek.eu\/wp-content\/uploads\/2015\/07\/2939-200x300.jpg 200w, https:\/\/museumek.eu\/wp-content\/uploads\/2015\/07\/2939-100x150.jpg 100w, https:\/\/museumek.eu\/wp-content\/uploads\/2015\/07\/2939.jpg 534w\" sizes=\"(max-width: 200px) 100vw, 200px\" \/><\/a><\/p>\n<p><a href=\"http:\/\/museumek.eu\/?attachment_id=42816\" rel=\"attachment wp-att-42816\"><img loading=\"lazy\" src=\"http:\/\/museumek.eu\/wp-content\/uploads\/2015\/07\/2938-193x300.jpg\" alt=\"\" title=\"2938\" width=\"193\" height=\"300\" class=\"alignnone size-medium wp-image-42816\" srcset=\"https:\/\/museumek.eu\/wp-content\/uploads\/2015\/07\/2938-193x300.jpg 193w, https:\/\/museumek.eu\/wp-content\/uploads\/2015\/07\/2938-96x150.jpg 96w, https:\/\/museumek.eu\/wp-content\/uploads\/2015\/07\/2938.jpg 515w\" sizes=\"(max-width: 193px) 100vw, 193px\" \/><\/a><\/p>\n<p><a href=\"http:\/\/museumek.eu\/?attachment_id=42817\" rel=\"attachment wp-att-42817\"><img loading=\"lazy\" src=\"http:\/\/museumek.eu\/wp-content\/uploads\/2015\/07\/2940-145x300.jpg\" alt=\"\" title=\"2940\" width=\"145\" height=\"300\" class=\"alignnone size-medium wp-image-42817\" srcset=\"https:\/\/museumek.eu\/wp-content\/uploads\/2015\/07\/2940-145x300.jpg 145w, https:\/\/museumek.eu\/wp-content\/uploads\/2015\/07\/2940-72x150.jpg 72w, https:\/\/museumek.eu\/wp-content\/uploads\/2015\/07\/2940.jpg 387w\" sizes=\"(max-width: 145px) 100vw, 145px\" \/><\/a><\/p>\n<p><a href=\"http:\/\/museumek.eu\/?attachment_id=42818\" rel=\"attachment wp-att-42818\"><img loading=\"lazy\" src=\"http:\/\/museumek.eu\/wp-content\/uploads\/2015\/07\/2937-226x300.jpg\" alt=\"\" title=\"2937\" width=\"226\" height=\"300\" class=\"alignnone size-medium wp-image-42818\" srcset=\"https:\/\/museumek.eu\/wp-content\/uploads\/2015\/07\/2937-226x300.jpg 226w, https:\/\/museumek.eu\/wp-content\/uploads\/2015\/07\/2937-113x150.jpg 113w, https:\/\/museumek.eu\/wp-content\/uploads\/2015\/07\/2937.jpg 600w\" sizes=\"(max-width: 226px) 100vw, 226px\" \/><\/a><\/p>\n<p><a href=\"http:\/\/museumek.eu\/?attachment_id=42819\" rel=\"attachment wp-att-42819\"><img loading=\"lazy\" src=\"http:\/\/museumek.eu\/wp-content\/uploads\/2015\/07\/2941-300x236.jpg\" alt=\"\" title=\"2941\" width=\"300\" height=\"236\" class=\"alignnone size-medium wp-image-42819\" srcset=\"https:\/\/museumek.eu\/wp-content\/uploads\/2015\/07\/2941-300x236.jpg 300w, https:\/\/museumek.eu\/wp-content\/uploads\/2015\/07\/2941-150x118.jpg 150w, https:\/\/museumek.eu\/wp-content\/uploads\/2015\/07\/2941-380x300.jpg 380w, https:\/\/museumek.eu\/wp-content\/uploads\/2015\/07\/2941.jpg 518w\" sizes=\"(max-width: 300px) 100vw, 300px\" \/><\/a><\/p>\n<p><a href=\"http:\/\/museumek.eu\/?attachment_id=42820\" rel=\"attachment wp-att-42820\"><img loading=\"lazy\" src=\"http:\/\/museumek.eu\/wp-content\/uploads\/2015\/07\/2942-300x217.jpg\" alt=\"\" title=\"2942\" width=\"300\" height=\"217\" class=\"alignnone size-medium wp-image-42820\" srcset=\"https:\/\/museumek.eu\/wp-content\/uploads\/2015\/07\/2942-300x217.jpg 300w, https:\/\/museumek.eu\/wp-content\/uploads\/2015\/07\/2942-150x108.jpg 150w, https:\/\/museumek.eu\/wp-content\/uploads\/2015\/07\/2942-413x300.jpg 413w, https:\/\/museumek.eu\/wp-content\/uploads\/2015\/07\/2942.jpg 546w\" sizes=\"(max-width: 300px) 100vw, 300px\" \/><\/a><\/p>\n","protected":false},"excerpt":{"rendered":"<p>Abteilung Deutschland, Keramik 1860 \u2013 1960, Inventarnummer D\/LII\/4 Rosskopf &#038; Gerz Fabrik fein verzierter Steinzeugwaren (attr.), Deutschland, H\u00f6hr, um 1912, Seidel, K\u00fcnstler unbekannt, Werks.-Nr. 883, Exemplar Nr. ohne, gemarkt keine Firmenmarke aber 883 sowie \u00bd L. rechts neben Eichstrich gepresst, &hellip; <a href=\"https:\/\/museumek.eu\/?page_id=42813\">Weiterlesen <span class=\"meta-nav\">&rarr;<\/span><\/a><\/p>\n","protected":false},"author":1,"featured_media":0,"parent":12425,"menu_order":4,"comment_status":"closed","ping_status":"open","template":"","meta":[],"_links":{"self":[{"href":"https:\/\/museumek.eu\/index.php?rest_route=\/wp\/v2\/pages\/42813"}],"collection":[{"href":"https:\/\/museumek.eu\/index.php?rest_route=\/wp\/v2\/pages"}],"about":[{"href":"https:\/\/museumek.eu\/index.php?rest_route=\/wp\/v2\/types\/page"}],"author":[{"embeddable":true,"href":"https:\/\/museumek.eu\/index.php?rest_route=\/wp\/v2\/users\/1"}],"replies":[{"embeddable":true,"href":"https:\/\/museumek.eu\/index.php?rest_route=%2Fwp%2Fv2%2Fcomments&post=42813"}],"version-history":[{"count":4,"href":"https:\/\/museumek.eu\/index.php?rest_route=\/wp\/v2\/pages\/42813\/revisions"}],"predecessor-version":[{"id":42824,"href":"https:\/\/museumek.eu\/index.php?rest_route=\/wp\/v2\/pages\/42813\/revisions\/42824"}],"up":[{"embeddable":true,"href":"https:\/\/museumek.eu\/index.php?rest_route=\/wp\/v2\/pages\/12425"}],"wp:attachment":[{"href":"https:\/\/museumek.eu\/index.php?rest_route=%2Fwp%2Fv2%2Fmedia&parent=42813"}],"curies":[{"name":"wp","href":"https:\/\/api.w.org\/{rel}","templated":true}]}}