{"id":43077,"date":"2015-07-31T16:42:47","date_gmt":"2015-07-31T14:42:47","guid":{"rendered":"http:\/\/museumek.eu\/?page_id=43077"},"modified":"2015-07-31T16:42:48","modified_gmt":"2015-07-31T14:42:48","slug":"kurzbiografie-und-inventar-zum-kunstler","status":"publish","type":"page","link":"https:\/\/museumek.eu\/?page_id=43077","title":{"rendered":"Kurzbiografie und Inventar zum K\u00fcnstler"},"content":{"rendered":"<p>Etha Richter wurde am 04.02.1883 in Dresden geboren. Sie starb am 12.04.1977 ebenda. Etha Richter entwickelte sich autodidaktisch zur Bildhauerin. Sie z\u00e4hlt zu den besten Tierbildhauerinnen des 20. Jahrhunderts. Als Frau konnte sie sich um 1900 bei keiner Kunstakademie einschreiben. Sie konsultierte trotzdem Kunstlehrer und war an Akademien Gasth\u00f6rerin. Ihr Schaffen war so herausragend, dass der s\u00e4chsische Staat 1904, 1909 und 1911 Skulpturen von ihr kaufte. Zu ihrem Bekanntenkreis geh\u00f6rten ber\u00fchmte K\u00fcnstler wie Ernst Barlach oder K\u00e4the Kollwitz. Sie war auch als Kunstlehrerin an der Dresdner Volkshochschule t\u00e4tig. W\u00e4hrend ihres rund ein Jahrzehnt dauernden T\u00fcrkeiaufenthaltes war sie auch als Kunstlehrerin t\u00e4tig. Weiterhin schuf sie neben Entw\u00fcrfen f\u00fcr Gips- und Bronzeguss auch Entw\u00fcrfe f\u00fcr die keramische Industrie, so z. B. f\u00fcr die Schwarzburger Werkst\u00e4tten f\u00fcr Porzellankunst und f\u00fcr die Kunstanstalt von Reps und Trinte.<\/p>\n<p><strong>Abteilung Deutschland, Keramik 1860 \u2013 1960, Inventarnummer D\/XXV\/1<\/strong><\/p>\n<p>Reps &#038; Trinte Kunstanstalt, Vereinigte Werkst\u00e4tten von Gebr\u00fcder Schultz, Berlin, Joh. Val. Vanni, Frankfurt a. M., A. Trinte, Neustadt Magdeburg, Carl Koch, Magdeburg, Deutschland, Magdeburg, um 1920, Figur zwei L\u00f6winnen auf Sockel, K\u00fcnstler Etha Richter (attr.), Werks.-Nr. 2958, Exemplar-Nr. 8 (?), gemarkt Firmenmarke mit R. &#038; T. Mgdbg (f\u00fcr Reps &#038; Trinte Magdeburg) darunter quer stehender Knabe (?) darunter Gesetzl. Gesch\u00fctzt, 2958, 8 sowie 35 gepresst, nicht signiert, die Kunstanstalt wurde vom Kaufmann Carl Reps und Bildhauer A. Trinte in Neustadt Magdeburg gegr\u00fcndet, das Gr\u00fcndungsjahr kann 1889 sein, wenn ja dann Umzug 1896 in neu errichtete Geb\u00e4ude in der Morgenstra\u00dfe 5 in Neustadt Magdeburg, wenn kein Umzug, dann erfolgte die Gr\u00fcndung erst 1896, die o. g. Firmierung wurde von einem Briefbogen der Fabrik aus dem Jahre 1899 \u00fcbernommen, nicht gesichert ist eine Inhaber\u00e4nderung, ab 1910 Carl Reps als Alleineigent\u00fcmer, nicht gesichert ist eine Firmierungs\u00e4nderung, 1922 in Magdeburger Kunstwerkst\u00e4tten Reps &#038; Trinte, nicht gesichert ist eine Inhaber\u00e4nderung, 1928 Philipp Hamburger und Hans F. Thomas als Inhaber, nicht gesichert ist, ob die Firmenmarke von der Gr\u00fcndung bis zur Schlie\u00dfung unver\u00e4ndert verwendet worden ist, nicht gesichert ist der Zeitpunkt der Fabrikschlie\u00dfung, gesichert ist, dass K\u00fcnstler wie Paul Aichele, die Br\u00fcder Fritz und Hans von Heider, Etha Richter und Bl\u00e4sche Entw\u00fcrfe lieferten, Zuordnung K\u00fcnstler: laut Internet Recherche wurde eine \u00e4hnlich gro\u00dfe, von R &#038; T mit der Werks.-Nr. 2960 hergestellte L\u00f6winnen Skulptur auf Sockel, signiert mit Richter, in einem D\u00fcsseldorfer Auktionshaus versteigert, dort Etha Richter zugeordnet, au\u00dferdem spricht die N\u00e4he der beiden Werks.Nr. f\u00fcr Richter, H\u00f6he 31 cm, Breite 45,5 cm<\/p>\n<p><a href=\"http:\/\/museumek.eu\/?attachment_id=42857\" rel=\"attachment wp-att-42857\"><img loading=\"lazy\" src=\"http:\/\/museumek.eu\/wp-content\/uploads\/2015\/07\/4305-300x205.jpg\" alt=\"\" title=\"4305\" width=\"300\" height=\"205\" class=\"alignnone size-medium wp-image-42857\" srcset=\"https:\/\/museumek.eu\/wp-content\/uploads\/2015\/07\/4305-300x205.jpg 300w, https:\/\/museumek.eu\/wp-content\/uploads\/2015\/07\/4305-150x102.jpg 150w, https:\/\/museumek.eu\/wp-content\/uploads\/2015\/07\/4305-437x300.jpg 437w, https:\/\/museumek.eu\/wp-content\/uploads\/2015\/07\/4305.jpg 800w\" sizes=\"(max-width: 300px) 100vw, 300px\" \/><\/a><\/p>\n<p><a href=\"http:\/\/museumek.eu\/?attachment_id=42858\" rel=\"attachment wp-att-42858\"><img loading=\"lazy\" src=\"http:\/\/museumek.eu\/wp-content\/uploads\/2015\/07\/4307-188x300.jpg\" alt=\"\" title=\"4307\" width=\"188\" height=\"300\" class=\"alignnone size-medium wp-image-42858\" srcset=\"https:\/\/museumek.eu\/wp-content\/uploads\/2015\/07\/4307-188x300.jpg 188w, https:\/\/museumek.eu\/wp-content\/uploads\/2015\/07\/4307-94x150.jpg 94w, https:\/\/museumek.eu\/wp-content\/uploads\/2015\/07\/4307.jpg 502w\" sizes=\"(max-width: 188px) 100vw, 188px\" \/><\/a><\/p>\n<p><a href=\"http:\/\/museumek.eu\/?attachment_id=42859\" rel=\"attachment wp-att-42859\"><img loading=\"lazy\" src=\"http:\/\/museumek.eu\/wp-content\/uploads\/2015\/07\/4308-300x231.jpg\" alt=\"\" title=\"4308\" width=\"300\" height=\"231\" class=\"alignnone size-medium wp-image-42859\" srcset=\"https:\/\/museumek.eu\/wp-content\/uploads\/2015\/07\/4308-300x231.jpg 300w, https:\/\/museumek.eu\/wp-content\/uploads\/2015\/07\/4308-150x115.jpg 150w, https:\/\/museumek.eu\/wp-content\/uploads\/2015\/07\/4308-389x300.jpg 389w, https:\/\/museumek.eu\/wp-content\/uploads\/2015\/07\/4308.jpg 778w\" sizes=\"(max-width: 300px) 100vw, 300px\" \/><\/a><\/p>\n<p><a href=\"http:\/\/museumek.eu\/?attachment_id=42860\" rel=\"attachment wp-att-42860\"><img loading=\"lazy\" src=\"http:\/\/museumek.eu\/wp-content\/uploads\/2015\/07\/4309-157x300.jpg\" alt=\"\" title=\"4309\" width=\"157\" height=\"300\" class=\"alignnone size-medium wp-image-42860\" srcset=\"https:\/\/museumek.eu\/wp-content\/uploads\/2015\/07\/4309-157x300.jpg 157w, https:\/\/museumek.eu\/wp-content\/uploads\/2015\/07\/4309-78x150.jpg 78w, https:\/\/museumek.eu\/wp-content\/uploads\/2015\/07\/4309.jpg 419w\" sizes=\"(max-width: 157px) 100vw, 157px\" \/><\/a><\/p>\n<p><a href=\"http:\/\/museumek.eu\/?attachment_id=42862\" rel=\"attachment wp-att-42862\"><img loading=\"lazy\" src=\"http:\/\/museumek.eu\/wp-content\/uploads\/2015\/07\/4306-300x225.jpg\" alt=\"\" title=\"4306\" width=\"300\" height=\"225\" class=\"alignnone size-medium wp-image-42862\" srcset=\"https:\/\/museumek.eu\/wp-content\/uploads\/2015\/07\/4306-300x225.jpg 300w, https:\/\/museumek.eu\/wp-content\/uploads\/2015\/07\/4306-150x112.jpg 150w, https:\/\/museumek.eu\/wp-content\/uploads\/2015\/07\/4306-400x300.jpg 400w, https:\/\/museumek.eu\/wp-content\/uploads\/2015\/07\/4306.jpg 800w\" sizes=\"(max-width: 300px) 100vw, 300px\" \/><\/a><\/p>\n<p><a href=\"http:\/\/museumek.eu\/?attachment_id=42863\" rel=\"attachment wp-att-42863\"><img loading=\"lazy\" src=\"http:\/\/museumek.eu\/wp-content\/uploads\/2015\/07\/4310-300x169.jpg\" alt=\"\" title=\"4310\" width=\"300\" height=\"169\" class=\"alignnone size-medium wp-image-42863\" srcset=\"https:\/\/museumek.eu\/wp-content\/uploads\/2015\/07\/4310-300x169.jpg 300w, https:\/\/museumek.eu\/wp-content\/uploads\/2015\/07\/4310-150x84.jpg 150w, https:\/\/museumek.eu\/wp-content\/uploads\/2015\/07\/4310-500x282.jpg 500w, https:\/\/museumek.eu\/wp-content\/uploads\/2015\/07\/4310.jpg 800w\" sizes=\"(max-width: 300px) 100vw, 300px\" \/><\/a><\/p>\n<p><a href=\"http:\/\/museumek.eu\/?attachment_id=42867\" rel=\"attachment wp-att-42867\"><img loading=\"lazy\" src=\"http:\/\/museumek.eu\/wp-content\/uploads\/2015\/07\/43111-184x300.jpg\" alt=\"\" title=\"4311\" width=\"184\" height=\"300\" class=\"alignnone size-medium wp-image-42867\" srcset=\"https:\/\/museumek.eu\/wp-content\/uploads\/2015\/07\/43111-184x300.jpg 184w, https:\/\/museumek.eu\/wp-content\/uploads\/2015\/07\/43111-92x150.jpg 92w, https:\/\/museumek.eu\/wp-content\/uploads\/2015\/07\/43111.jpg 491w\" sizes=\"(max-width: 184px) 100vw, 184px\" \/><\/a><\/p>\n<p><a href=\"http:\/\/museumek.eu\/?attachment_id=42868\" rel=\"attachment wp-att-42868\"><img loading=\"lazy\" src=\"http:\/\/museumek.eu\/wp-content\/uploads\/2015\/07\/4312-300x207.jpg\" alt=\"\" title=\"4312\" width=\"300\" height=\"207\" class=\"alignnone size-medium wp-image-42868\" srcset=\"https:\/\/museumek.eu\/wp-content\/uploads\/2015\/07\/4312-300x207.jpg 300w, https:\/\/museumek.eu\/wp-content\/uploads\/2015\/07\/4312-150x103.jpg 150w, https:\/\/museumek.eu\/wp-content\/uploads\/2015\/07\/4312-433x300.jpg 433w, https:\/\/museumek.eu\/wp-content\/uploads\/2015\/07\/4312.jpg 800w\" sizes=\"(max-width: 300px) 100vw, 300px\" \/><\/a><\/p>\n","protected":false},"excerpt":{"rendered":"<p>Etha Richter wurde am 04.02.1883 in Dresden geboren. Sie starb am 12.04.1977 ebenda. Etha Richter entwickelte sich autodidaktisch zur Bildhauerin. Sie z\u00e4hlt zu den besten Tierbildhauerinnen des 20. Jahrhunderts. Als Frau konnte sie sich um 1900 bei keiner Kunstakademie einschreiben. &hellip; <a href=\"https:\/\/museumek.eu\/?page_id=43077\">Weiterlesen <span class=\"meta-nav\">&rarr;<\/span><\/a><\/p>\n","protected":false},"author":1,"featured_media":0,"parent":43001,"menu_order":1,"comment_status":"closed","ping_status":"open","template":"","meta":[],"_links":{"self":[{"href":"https:\/\/museumek.eu\/index.php?rest_route=\/wp\/v2\/pages\/43077"}],"collection":[{"href":"https:\/\/museumek.eu\/index.php?rest_route=\/wp\/v2\/pages"}],"about":[{"href":"https:\/\/museumek.eu\/index.php?rest_route=\/wp\/v2\/types\/page"}],"author":[{"embeddable":true,"href":"https:\/\/museumek.eu\/index.php?rest_route=\/wp\/v2\/users\/1"}],"replies":[{"embeddable":true,"href":"https:\/\/museumek.eu\/index.php?rest_route=%2Fwp%2Fv2%2Fcomments&post=43077"}],"version-history":[{"count":4,"href":"https:\/\/museumek.eu\/index.php?rest_route=\/wp\/v2\/pages\/43077\/revisions"}],"predecessor-version":[{"id":43081,"href":"https:\/\/museumek.eu\/index.php?rest_route=\/wp\/v2\/pages\/43077\/revisions\/43081"}],"up":[{"embeddable":true,"href":"https:\/\/museumek.eu\/index.php?rest_route=\/wp\/v2\/pages\/43001"}],"wp:attachment":[{"href":"https:\/\/museumek.eu\/index.php?rest_route=%2Fwp%2Fv2%2Fmedia&parent=43077"}],"curies":[{"name":"wp","href":"https:\/\/api.w.org\/{rel}","templated":true}]}}