{"id":43235,"date":"2015-08-04T14:30:08","date_gmt":"2015-08-04T12:30:08","guid":{"rendered":"http:\/\/museumek.eu\/?page_id=43235"},"modified":"2015-08-04T14:30:08","modified_gmt":"2015-08-04T12:30:08","slug":"dxxxvii82","status":"publish","type":"page","link":"https:\/\/museumek.eu\/?page_id=43235","title":{"rendered":"D\/XXXVII\/82"},"content":{"rendered":"<p><strong>Abteilung Deutschland, Keramik 1860 \u2013 1960, Inventarnummer D\/XXXVII\/82<\/strong><\/p>\n<p>Thonwaaren \u2013 Fabrik Marzi &#038; Remy, Deutschland, H\u00f6hr, um 1900, Seidel, K\u00fcnstler unbekannt, Werks.-Nr. 1635, Exemplar Nr. ohne, gemarkt keine Firmenmarke aber GESETZL. GESCH\u00dcTZT, 2 x 1635 (davon einmal unter dem Henkel), 14 sowie 0,5 L. \u00fcber Eichstrich gepresst, nicht signiert, Literatur: J\u00fcrgen Erlebach, J\u00fcrgen Schimanski, Westerw\u00e4lder Steinzeug, Die Neue \u00c4ra 1900 \u2013 1930, Jugendstil und Werkbund, Seite 72, Marke Nr. 16 identisch, weitere Literatur: J\u00fcrgen Schimanski, Braun geflammt und grau gesalzen, Seite 203, Beschreibung der Fabrik sowie Marke Nr. 16 identisch, au\u00dferdem dort beschrieben, dass eine eigene Firmenmarke (Anmerkung MEK: die stilisierte T\u00f6pfermarke, bestehend aus Mittelachse, daran Antriebstretscheibe, diese immer in einem quadratischen oder trapezf\u00f6rmigen Rahmen) erst Anfang der 1920\u2018 Jahre eingef\u00fchrt worden ist und dass Erzeugnisse der fr\u00fcheren Jahre oft mit dem Schriftzug \u201eGesetzl. Gesch\u00fctzt\u201c (Anmerkung MEK: richtige Schreibweise des Stempels eigentlich mit Gro\u00dfbuchstaben und nicht wie bei Schimanski klein geschrieben, also GESETZL. GESCH\u00dcTZT) gemarkt sind, dieser Beschreibung stimmt das MEK bez\u00fcglich der Firmenmarke nicht zu, das MEK Exemplar D\/XXXVII\/64 widerlegt diese Aussage, vor, bis um 1900, wurde der M &#038; R. darunter H. in einem Rechteck Stempel verwendet, diesen gibt es auch noch als ausgeschriebene Variante (MARZI &#038; REMY darunter H\u00d6HR.), dann nicht in einem Rechteck, sogar mit dem Zusatzstempel GESETZL. GESCH\u00dcTZT, siehe <strong>http:\/\/www.steinmarks.co.uk\/pages\/pv.asp?p=stein164<\/strong>, dort unter Marzi &#038; Remy diese Stempelvariante abgebildet als auch die Stempelvariante des oben genannten MEK Exemplares, M &#038; R. darunter H. steht <strong>nicht<\/strong> f\u00fcr Merkelbach &#038; Remy, einer Westerw\u00e4lder Fabrik, die in der gleichen Zeit produzierte und f\u00fcr die bisher in der Fachliteratur noch keine Firmenmarke nachgewiesen worden ist, weil sich diese Fabrik in Grenzhausen und nicht in H\u00f6hr befand, bis 1936 waren die beiden Ortschaften eigenst\u00e4ndig und wurden erst am 01.04.1936 zusammen mit der Gemeinde Grenzau zu H\u00f6hr-Grenzhausen zusammengeschlossen, die Fabrik wurde 1879 von Anton Marzi und seinem Schwager Simon Peter Remy in H\u00f6hr gegr\u00fcndet und firmierte als Thonwaaren \u2013 Fabrik Marzi &#038; Remy, ab 1881 wurde eine eigene Zinngie\u00dferei angeschafft und ab 1883 neben dem grau \u2013 blau salzglasiertem Steinzeug auch Elfenbeinsteinzeug produziert, Simon Peter Remy verstarb 1919 und sein Sohn Werner Remy trat in die Fabrik ein, 1924 verstarb Anton Marzi und sein Schwiegersohn Johann Otto B\u00fchler trat in die Fabrik ein, Werner Remy verlie\u00df 1931 die Fabrik, 1941 trat Johann Otto B\u00fchlers Sohn Otto B\u00fchler in die Fabrik ein und 1953 dessen Sohn Otto Georg B\u00fchler, die Fabrik war bis zum Konkurs in den 1990\u2018 Jahren immer in Familienbesitz, Zinndeckel mit Keramikeinlage, Seidel geritzt, bemalt und innen glasiert im Stile von V &#038; B, H\u00f6he 12 cm, Breite 13 cm (nur die Keramik)<\/p>\n<p><a href=\"http:\/\/museumek.eu\/?attachment_id=43236\" rel=\"attachment wp-att-43236\"><img loading=\"lazy\" src=\"http:\/\/museumek.eu\/wp-content\/uploads\/2015\/08\/4267-188x300.jpg\" alt=\"\" title=\"4267\" width=\"188\" height=\"300\" class=\"alignnone size-medium wp-image-43236\" srcset=\"https:\/\/museumek.eu\/wp-content\/uploads\/2015\/08\/4267-188x300.jpg 188w, https:\/\/museumek.eu\/wp-content\/uploads\/2015\/08\/4267-94x150.jpg 94w, https:\/\/museumek.eu\/wp-content\/uploads\/2015\/08\/4267.jpg 503w\" sizes=\"(max-width: 188px) 100vw, 188px\" \/><\/a><\/p>\n<p><a href=\"http:\/\/museumek.eu\/?attachment_id=43237\" rel=\"attachment wp-att-43237\"><img loading=\"lazy\" src=\"http:\/\/museumek.eu\/wp-content\/uploads\/2015\/08\/4270-241x300.jpg\" alt=\"\" title=\"4270\" width=\"241\" height=\"300\" class=\"alignnone size-medium wp-image-43237\" srcset=\"https:\/\/museumek.eu\/wp-content\/uploads\/2015\/08\/4270-241x300.jpg 241w, https:\/\/museumek.eu\/wp-content\/uploads\/2015\/08\/4270-120x150.jpg 120w, https:\/\/museumek.eu\/wp-content\/uploads\/2015\/08\/4270.jpg 600w\" sizes=\"(max-width: 241px) 100vw, 241px\" \/><\/a><\/p>\n<p><a href=\"http:\/\/museumek.eu\/?attachment_id=43238\" rel=\"attachment wp-att-43238\"><img loading=\"lazy\" src=\"http:\/\/museumek.eu\/wp-content\/uploads\/2015\/08\/4271-243x300.jpg\" alt=\"\" title=\"4271\" width=\"243\" height=\"300\" class=\"alignnone size-medium wp-image-43238\" srcset=\"https:\/\/museumek.eu\/wp-content\/uploads\/2015\/08\/4271-243x300.jpg 243w, https:\/\/museumek.eu\/wp-content\/uploads\/2015\/08\/4271-121x150.jpg 121w, https:\/\/museumek.eu\/wp-content\/uploads\/2015\/08\/4271.jpg 600w\" sizes=\"(max-width: 243px) 100vw, 243px\" \/><\/a><\/p>\n<p><a href=\"http:\/\/museumek.eu\/?attachment_id=43239\" rel=\"attachment wp-att-43239\"><img loading=\"lazy\" src=\"http:\/\/museumek.eu\/wp-content\/uploads\/2015\/08\/4272-169x300.jpg\" alt=\"\" title=\"4272\" width=\"169\" height=\"300\" class=\"alignnone size-medium wp-image-43239\" srcset=\"https:\/\/museumek.eu\/wp-content\/uploads\/2015\/08\/4272-169x300.jpg 169w, https:\/\/museumek.eu\/wp-content\/uploads\/2015\/08\/4272-84x150.jpg 84w, https:\/\/museumek.eu\/wp-content\/uploads\/2015\/08\/4272.jpg 452w\" sizes=\"(max-width: 169px) 100vw, 169px\" \/><\/a><\/p>\n<p><a href=\"http:\/\/museumek.eu\/?attachment_id=43240\" rel=\"attachment wp-att-43240\"><img loading=\"lazy\" src=\"http:\/\/museumek.eu\/wp-content\/uploads\/2015\/08\/4268-201x300.jpg\" alt=\"\" title=\"4268\" width=\"201\" height=\"300\" class=\"alignnone size-medium wp-image-43240\" srcset=\"https:\/\/museumek.eu\/wp-content\/uploads\/2015\/08\/4268-201x300.jpg 201w, https:\/\/museumek.eu\/wp-content\/uploads\/2015\/08\/4268-100x150.jpg 100w, https:\/\/museumek.eu\/wp-content\/uploads\/2015\/08\/4268.jpg 536w\" sizes=\"(max-width: 201px) 100vw, 201px\" \/><\/a><\/p>\n<p><a href=\"http:\/\/museumek.eu\/?attachment_id=43241\" rel=\"attachment wp-att-43241\"><img loading=\"lazy\" src=\"http:\/\/museumek.eu\/wp-content\/uploads\/2015\/08\/4269-184x300.jpg\" alt=\"\" title=\"4269\" width=\"184\" height=\"300\" class=\"alignnone size-medium wp-image-43241\" srcset=\"https:\/\/museumek.eu\/wp-content\/uploads\/2015\/08\/4269-184x300.jpg 184w, https:\/\/museumek.eu\/wp-content\/uploads\/2015\/08\/4269-92x150.jpg 92w, https:\/\/museumek.eu\/wp-content\/uploads\/2015\/08\/4269.jpg 492w\" sizes=\"(max-width: 184px) 100vw, 184px\" \/><\/a><\/p>\n<p><a href=\"http:\/\/museumek.eu\/?attachment_id=43242\" rel=\"attachment wp-att-43242\"><img loading=\"lazy\" src=\"http:\/\/museumek.eu\/wp-content\/uploads\/2015\/08\/4273-207x300.jpg\" alt=\"\" title=\"4273\" width=\"207\" height=\"300\" class=\"alignnone size-medium wp-image-43242\" srcset=\"https:\/\/museumek.eu\/wp-content\/uploads\/2015\/08\/4273-207x300.jpg 207w, https:\/\/museumek.eu\/wp-content\/uploads\/2015\/08\/4273-103x150.jpg 103w, https:\/\/museumek.eu\/wp-content\/uploads\/2015\/08\/4273.jpg 553w\" sizes=\"(max-width: 207px) 100vw, 207px\" \/><\/a><\/p>\n<p><a href=\"http:\/\/museumek.eu\/?attachment_id=43243\" rel=\"attachment wp-att-43243\"><img loading=\"lazy\" src=\"http:\/\/museumek.eu\/wp-content\/uploads\/2015\/08\/4274-175x300.jpg\" alt=\"\" title=\"4274\" width=\"175\" height=\"300\" class=\"alignnone size-medium wp-image-43243\" srcset=\"https:\/\/museumek.eu\/wp-content\/uploads\/2015\/08\/4274-175x300.jpg 175w, https:\/\/museumek.eu\/wp-content\/uploads\/2015\/08\/4274-87x150.jpg 87w, https:\/\/museumek.eu\/wp-content\/uploads\/2015\/08\/4274.jpg 469w\" sizes=\"(max-width: 175px) 100vw, 175px\" \/><\/a><\/p>\n<p><a href=\"http:\/\/museumek.eu\/?attachment_id=43244\" rel=\"attachment wp-att-43244\"><img loading=\"lazy\" src=\"http:\/\/museumek.eu\/wp-content\/uploads\/2015\/08\/4275-213x300.jpg\" alt=\"\" title=\"4275\" width=\"213\" height=\"300\" class=\"alignnone size-medium wp-image-43244\" srcset=\"https:\/\/museumek.eu\/wp-content\/uploads\/2015\/08\/4275-213x300.jpg 213w, https:\/\/museumek.eu\/wp-content\/uploads\/2015\/08\/4275-106x150.jpg 106w, https:\/\/museumek.eu\/wp-content\/uploads\/2015\/08\/4275.jpg 569w\" sizes=\"(max-width: 213px) 100vw, 213px\" \/><\/a><\/p>\n<p><a href=\"http:\/\/museumek.eu\/?attachment_id=43246\" rel=\"attachment wp-att-43246\"><img loading=\"lazy\" src=\"http:\/\/museumek.eu\/wp-content\/uploads\/2015\/08\/4276-134x300.jpg\" alt=\"\" title=\"4276\" width=\"134\" height=\"300\" class=\"alignnone size-medium wp-image-43246\" srcset=\"https:\/\/museumek.eu\/wp-content\/uploads\/2015\/08\/4276-134x300.jpg 134w, https:\/\/museumek.eu\/wp-content\/uploads\/2015\/08\/4276-67x150.jpg 67w, https:\/\/museumek.eu\/wp-content\/uploads\/2015\/08\/4276.jpg 358w\" sizes=\"(max-width: 134px) 100vw, 134px\" \/><\/a><\/p>\n<p><a href=\"http:\/\/museumek.eu\/?attachment_id=43245\" rel=\"attachment wp-att-43245\"><img loading=\"lazy\" src=\"http:\/\/museumek.eu\/wp-content\/uploads\/2015\/08\/4277-223x300.jpg\" alt=\"\" title=\"4277\" width=\"223\" height=\"300\" class=\"alignnone size-medium wp-image-43245\" srcset=\"https:\/\/museumek.eu\/wp-content\/uploads\/2015\/08\/4277-223x300.jpg 223w, https:\/\/museumek.eu\/wp-content\/uploads\/2015\/08\/4277-111x150.jpg 111w, https:\/\/museumek.eu\/wp-content\/uploads\/2015\/08\/4277.jpg 595w\" sizes=\"(max-width: 223px) 100vw, 223px\" \/><\/a><\/p>\n<p><a href=\"http:\/\/museumek.eu\/?attachment_id=43247\" rel=\"attachment wp-att-43247\"><img loading=\"lazy\" src=\"http:\/\/museumek.eu\/wp-content\/uploads\/2015\/08\/4278-300x203.jpg\" alt=\"\" title=\"4278\" width=\"300\" height=\"203\" class=\"alignnone size-medium wp-image-43247\" srcset=\"https:\/\/museumek.eu\/wp-content\/uploads\/2015\/08\/4278-300x203.jpg 300w, https:\/\/museumek.eu\/wp-content\/uploads\/2015\/08\/4278-150x101.jpg 150w, https:\/\/museumek.eu\/wp-content\/uploads\/2015\/08\/4278.jpg 423w\" sizes=\"(max-width: 300px) 100vw, 300px\" \/><\/a><\/p>\n<p><a href=\"http:\/\/museumek.eu\/?attachment_id=43248\" rel=\"attachment wp-att-43248\"><img loading=\"lazy\" src=\"http:\/\/museumek.eu\/wp-content\/uploads\/2015\/08\/4279-238x300.jpg\" alt=\"\" title=\"4279\" width=\"238\" height=\"300\" class=\"alignnone size-medium wp-image-43248\" srcset=\"https:\/\/museumek.eu\/wp-content\/uploads\/2015\/08\/4279-238x300.jpg 238w, https:\/\/museumek.eu\/wp-content\/uploads\/2015\/08\/4279-119x150.jpg 119w, https:\/\/museumek.eu\/wp-content\/uploads\/2015\/08\/4279.jpg 559w\" sizes=\"(max-width: 238px) 100vw, 238px\" \/><\/a><\/p>\n","protected":false},"excerpt":{"rendered":"<p>Abteilung Deutschland, Keramik 1860 \u2013 1960, Inventarnummer D\/XXXVII\/82 Thonwaaren \u2013 Fabrik Marzi &#038; Remy, Deutschland, H\u00f6hr, um 1900, Seidel, K\u00fcnstler unbekannt, Werks.-Nr. 1635, Exemplar Nr. ohne, gemarkt keine Firmenmarke aber GESETZL. GESCH\u00dcTZT, 2 x 1635 (davon einmal unter dem Henkel), &hellip; <a href=\"https:\/\/museumek.eu\/?page_id=43235\">Weiterlesen <span class=\"meta-nav\">&rarr;<\/span><\/a><\/p>\n","protected":false},"author":1,"featured_media":0,"parent":42107,"menu_order":82,"comment_status":"closed","ping_status":"open","template":"","meta":[],"_links":{"self":[{"href":"https:\/\/museumek.eu\/index.php?rest_route=\/wp\/v2\/pages\/43235"}],"collection":[{"href":"https:\/\/museumek.eu\/index.php?rest_route=\/wp\/v2\/pages"}],"about":[{"href":"https:\/\/museumek.eu\/index.php?rest_route=\/wp\/v2\/types\/page"}],"author":[{"embeddable":true,"href":"https:\/\/museumek.eu\/index.php?rest_route=\/wp\/v2\/users\/1"}],"replies":[{"embeddable":true,"href":"https:\/\/museumek.eu\/index.php?rest_route=%2Fwp%2Fv2%2Fcomments&post=43235"}],"version-history":[{"count":4,"href":"https:\/\/museumek.eu\/index.php?rest_route=\/wp\/v2\/pages\/43235\/revisions"}],"predecessor-version":[{"id":43252,"href":"https:\/\/museumek.eu\/index.php?rest_route=\/wp\/v2\/pages\/43235\/revisions\/43252"}],"up":[{"embeddable":true,"href":"https:\/\/museumek.eu\/index.php?rest_route=\/wp\/v2\/pages\/42107"}],"wp:attachment":[{"href":"https:\/\/museumek.eu\/index.php?rest_route=%2Fwp%2Fv2%2Fmedia&parent=43235"}],"curies":[{"name":"wp","href":"https:\/\/api.w.org\/{rel}","templated":true}]}}