{"id":43550,"date":"2015-08-09T18:15:56","date_gmt":"2015-08-09T16:15:56","guid":{"rendered":"http:\/\/museumek.eu\/?page_id=43550"},"modified":"2015-08-09T18:15:56","modified_gmt":"2015-08-09T16:15:56","slug":"fotos-und-beschreibung","status":"publish","type":"page","link":"https:\/\/museumek.eu\/?page_id=43550","title":{"rendered":"Fotos und Beschreibung"},"content":{"rendered":"<p><strong>Abteilung Deutschland, Keramik 1860 \u2013 1960, Inventarnummer D\/CXLI\/1<\/strong><\/p>\n<p>Matthes &#038; Ebel M\u00e4bendorfer Porzellanfabrik und Malereien, vormals M\u00e4bendorfer Porzellanfabrik Richard Matthes &#038; Co., vormals M\u00e4bendorfer Porzellanfabrik Schlegelmilch &#038; Co., vormals evtl. Porzellanfabrik Carl Schlegelmilch, Deutschland, M\u00e4bendorf, 1929 &#8211; 1935, Teller, K\u00fcnstler unbekannt, Werks.-Nr. ohne, Exemplar Nr. ohne, gemarkt Firmenmarke in einem Oval eine Hand, die ein Kurzschwert h\u00e4lt, M\u00e4bendorf 1882 (1882 = Gr\u00fcndungsjahr der Fabrik) sowie alea iacta est (sinngem\u00e4\u00df \u00fcbersetzt: \u201eDer W\u00fcrfel ist gefallen\u201c, Anm. MEK: dieser Spruch bezieht sich sicher auf die Trennung von Matthes und Ebel 1929, denn zu diesem Zeitpunkt wurde die neue Firmenmarke eingef\u00fchrt, die evtl. symbolisieren soll, dass Ebel nun allein weiter k\u00e4mpft) schwarzer Stempel auf Glasur, nicht signiert, Literatur: Gustav Wei\u00df, Ullstein Porzellanbuch, Seite 278, Marke Nr. 6 identisch, weitere Literatur: Emanuel Poche, Porzellan-Marken aus aller Welt, Marke Nr. 1221 identisch, weitere Literatur: Robert E. R\u00f6ntgen, Deutsche Porzellanmarken von 1710 bis heute (Ausgabe Jahr 2000), Seite 197, Marke Nr. 1501 identisch, 1882 gr\u00fcndet Carl Schlegelmilch, Sohn des Suhler Porzellanfabrikanten Leonhard Schlegelmilch, in M\u00e4bendorf bei Suhl eine Porzellanfabrik, Firmierung M\u00e4bendorfer Porzellanfabrik Schlegelmilch &#038; Co. (Anm. MEK: evtl. hie\u00df die Fabrik von 1882 bis 1912 Porzellanfabrik Carl Schlegelmilch, laut Handelsregister Preu\u00dfisches Amtsgericht Suhl gilt die Firmierung M\u00e4bendorfer Porzellanfabrik Schlegelmilch &#038; Co. von 1912 bis zur L\u00f6schung des Eintrages 1920, vielleicht war Carl Schlegelmilch auf Grund wirtschaftlicher Schwierigkeiten gezwungen Mitinhaber in die Fabrik aufzunehmen und deshalb ergab sich mit der Gesellschaftsform\u00e4nderung auch eine Firmierungs\u00e4nderung), Hauptexportland der Fabrik war Nordamerika, 1918 verkauft Schlegelmilch die Fabrik an Richard Matthes, Firmierung M\u00e4bendorfer Porzellanfabrik Richard Matthes &#038; Co., die Marke \u00e4ndert sich in den Schriftzug M\u00e4bendorf, 1919 trat Herr Ebel (Vorname evtl. Emil) in die Fabrik ein, Firmierung ab da Matthes &#038; Ebel M\u00e4bendorfer Porzellanfabrik und Malereien, 1929 brach Matthes die Partnerschaft und verlie\u00df die Fabrik, Ebel musste allein weitermachen, zu diesem Zeitpunkt \u00e4nderte er die Firmenmarke, siehe oben, war aber bereits nach kurzer Zeit gezwungen die Fabrik an die Br\u00fcder Max und Josef Heim zu verkaufen, diese behielten sowohl die Firmierung als auch die Firmenmarke bei, Ebel arbeitete wohl als leitender Mitarbeiter oder in beratender Position in der oder f\u00fcr die Fabrik weiter, nachdem 1932 die Liquidation der Fabrik noch abgewendet werden konnte, wurde die Fabrik 1935 geschlossen, ab 1929 gab es au\u00dfer der o. g. Firmenmarke noch eine weitere Firmenmarke, alle Firmenbezeichnungen und Jahreszahlen wurden vom Handelsregister des Preu\u00dfischen Amtsgerichtes in Suhl \u00fcbernommen, in der o. g. Literatur finden sich f\u00fcr Matthes zwei Schreibweisen, einmal Mathes und das andere Mal Matthes, richtig ist Matthes, da so in o. g. Handelsregister eingetragen, Durchmesser 19 cm<\/p>\n<p><a href=\"http:\/\/museumek.eu\/?attachment_id=43543\" rel=\"attachment wp-att-43543\"><img loading=\"lazy\" src=\"http:\/\/museumek.eu\/wp-content\/uploads\/2015\/08\/2701-300x295.jpg\" alt=\"\" title=\"2701\" width=\"300\" height=\"295\" class=\"alignnone size-medium wp-image-43543\" srcset=\"https:\/\/museumek.eu\/wp-content\/uploads\/2015\/08\/2701-300x295.jpg 300w, https:\/\/museumek.eu\/wp-content\/uploads\/2015\/08\/2701-150x147.jpg 150w, https:\/\/museumek.eu\/wp-content\/uploads\/2015\/08\/2701-304x300.jpg 304w, https:\/\/museumek.eu\/wp-content\/uploads\/2015\/08\/2701.jpg 609w\" sizes=\"(max-width: 300px) 100vw, 300px\" \/><\/a><\/p>\n<p><a href=\"http:\/\/museumek.eu\/?attachment_id=43544\" rel=\"attachment wp-att-43544\"><img loading=\"lazy\" src=\"http:\/\/museumek.eu\/wp-content\/uploads\/2015\/08\/2702-300x292.jpg\" alt=\"\" title=\"2702\" width=\"300\" height=\"292\" class=\"alignnone size-medium wp-image-43544\" srcset=\"https:\/\/museumek.eu\/wp-content\/uploads\/2015\/08\/2702-300x292.jpg 300w, https:\/\/museumek.eu\/wp-content\/uploads\/2015\/08\/2702-150x146.jpg 150w, https:\/\/museumek.eu\/wp-content\/uploads\/2015\/08\/2702-308x300.jpg 308w, https:\/\/museumek.eu\/wp-content\/uploads\/2015\/08\/2702.jpg 616w\" sizes=\"(max-width: 300px) 100vw, 300px\" \/><\/a><\/p>\n<p><a href=\"http:\/\/museumek.eu\/?attachment_id=43545\" rel=\"attachment wp-att-43545\"><img loading=\"lazy\" src=\"http:\/\/museumek.eu\/wp-content\/uploads\/2015\/08\/2703-254x300.jpg\" alt=\"\" title=\"2703\" width=\"254\" height=\"300\" class=\"alignnone size-medium wp-image-43545\" srcset=\"https:\/\/museumek.eu\/wp-content\/uploads\/2015\/08\/2703-254x300.jpg 254w, https:\/\/museumek.eu\/wp-content\/uploads\/2015\/08\/2703-127x150.jpg 127w, https:\/\/museumek.eu\/wp-content\/uploads\/2015\/08\/2703.jpg 476w\" sizes=\"(max-width: 254px) 100vw, 254px\" \/><\/a><\/p>\n","protected":false},"excerpt":{"rendered":"<p>Abteilung Deutschland, Keramik 1860 \u2013 1960, Inventarnummer D\/CXLI\/1 Matthes &#038; Ebel M\u00e4bendorfer Porzellanfabrik und Malereien, vormals M\u00e4bendorfer Porzellanfabrik Richard Matthes &#038; Co., vormals M\u00e4bendorfer Porzellanfabrik Schlegelmilch &#038; Co., vormals evtl. Porzellanfabrik Carl Schlegelmilch, Deutschland, M\u00e4bendorf, 1929 &#8211; 1935, Teller, K\u00fcnstler &hellip; <a href=\"https:\/\/museumek.eu\/?page_id=43550\">Weiterlesen <span class=\"meta-nav\">&rarr;<\/span><\/a><\/p>\n","protected":false},"author":1,"featured_media":0,"parent":43530,"menu_order":1,"comment_status":"closed","ping_status":"open","template":"","meta":[],"_links":{"self":[{"href":"https:\/\/museumek.eu\/index.php?rest_route=\/wp\/v2\/pages\/43550"}],"collection":[{"href":"https:\/\/museumek.eu\/index.php?rest_route=\/wp\/v2\/pages"}],"about":[{"href":"https:\/\/museumek.eu\/index.php?rest_route=\/wp\/v2\/types\/page"}],"author":[{"embeddable":true,"href":"https:\/\/museumek.eu\/index.php?rest_route=\/wp\/v2\/users\/1"}],"replies":[{"embeddable":true,"href":"https:\/\/museumek.eu\/index.php?rest_route=%2Fwp%2Fv2%2Fcomments&post=43550"}],"version-history":[{"count":4,"href":"https:\/\/museumek.eu\/index.php?rest_route=\/wp\/v2\/pages\/43550\/revisions"}],"predecessor-version":[{"id":43554,"href":"https:\/\/museumek.eu\/index.php?rest_route=\/wp\/v2\/pages\/43550\/revisions\/43554"}],"up":[{"embeddable":true,"href":"https:\/\/museumek.eu\/index.php?rest_route=\/wp\/v2\/pages\/43530"}],"wp:attachment":[{"href":"https:\/\/museumek.eu\/index.php?rest_route=%2Fwp%2Fv2%2Fmedia&parent=43550"}],"curies":[{"name":"wp","href":"https:\/\/api.w.org\/{rel}","templated":true}]}}