{"id":4450,"date":"2011-09-18T18:34:55","date_gmt":"2011-09-18T16:34:55","guid":{"rendered":"http:\/\/museumek.eu\/?page_id=4450"},"modified":"2021-02-10T20:47:28","modified_gmt":"2021-02-10T19:47:28","slug":"kurzbiografie-und-inventar-zum-kunstler","status":"publish","type":"page","link":"https:\/\/museumek.eu\/?page_id=4450","title":{"rendered":"Kurzbiografie und Inventar zum K\u00fcnstler"},"content":{"rendered":"<p>Otto Jarl wurde am 10.04.1856 auf Schloss Ekholmen in Schweden geboren. Er starb am 16.11.1915 in Wien. Jarl studierte an der Technischen Schule von Stockholm und an der Kunstakademie in Wien. Er war vorwiegend als Tierbildhauer t\u00e4tig. Seine Modelle wurden von vielen Manufakturen ausgef\u00fchrt u. a. auch von der K\u00f6niglich-S\u00e4chsischen Porzellan-Manufaktur Meissen. Er war der Vater der ebenfalls als Tierbildnerin arbeitenden Karl Jarl.<\/p>\n<p><strong>Abteilung Austria\/Ungarn\/B\u00f6hmen, Keramik 1860 \u2013 1960, Inventarnummer A\/XXXVII\/1<\/strong><\/p>\n<p>Eduard Eichler, Porzellan-, Majolika-, Fayence- und Terracottafabrik, vormals Porzellanfabrik Dux Anton Gierschick und Nachf. Duxer Porzellanmanufaktur AG und Nachf. Royal Dux Czechoslowakia, B\u00f6hmen\/Austria, Dux\/Duchkov, um 1900, Figur Tiger, K\u00fcnstler Otto Jarl, Werks.-Nr. 12251, Exemplar Nr. 21 (?), gemarkt keine Firmenmarke, 12251 sowie 21 geritzt, 16 gemalt, Jarl geritzt, signiert Jarl, Literatur: Volker M\u00f6lle Riessner, Amphora, Die Porzellan- und Keramikmanufaktur in Nord-B\u00f6hmen, Seite 182, Beschreibung der Eichler\u2018schen Fabriken, vergleiche auch Angebot des franz\u00f6sischen Antiquit\u00e4tenh\u00e4ndlers Fontan Alain Biarritz vom 02.07.2009, dort falsch als Lionne (L\u00f6win) bezeichnet, sowie Angebot des Auktionshauses Banghaus, dort sp\u00e4tere Porzellanausf\u00fchrung der Nachfolgefirma Duxer Porzellanmanufaktur AG, richtig als Tiger bezeichnet, 1853 gr\u00fcndet Anton Gierschick die Duxer Porzellanfabrik, Firmierung wohl Porzellanfabrik Dux Anton Gierschick, diese wurde 1865 von Eduard Eichler \u00fcbernommen und firmierte als Eduard Eichler, Porzellan-, Majolika-, Fayence- und Terracottafabrik, Eduard Eichler hatte durch Heirat bereits 1860 die Manufaktur \u201ePalme\u201c in Scheltau (Selty) \u00fcbernommen, die 1898 liquidiert wurde und zu der keine Rechercheergebnisse vorliegen, am 01.01.1887 stirbt Eduard Eichler und seine Witwe Amalie sowie die beiden S\u00f6hne Anton-Franz und Eduard jr. f\u00fchren die Duxer Fabrik fort, 1891 wird die Fabrik an den H\u00e4ndler Wilhelm Hans verkauft, Miteigent\u00fcmer bleibt Anton-Franz Eichler, evtl. \u00e4ndert sich jetzt der Fabrikname in Royal Dux Austria (Bohemia), 1898 erfolgt eine Umstrukturierung in eine AG mit Sitz in Berlin, die Fabrik firmiert als Duxer Porzellan-Manufaktur AG, vormals Eduard Eichler, Porzellan-, Majolika-, Fayence- und Terracottefabrik, um diese Zeit wurde auch die rosa Dreiecksmarke eingef\u00fchrt, zuerst mit dem Buchstaben E in der Eichel, ab 1918 in der Regel mit Zusatzmarken oder Worten die auf die Tschechoslowakei hinweisen, so dass man bei einer allein stehenden Dreieckmarke mit dem Buchstaben E und sonst nur werksinternen Pressnummern, davon ausgehen kann, dass diese Keramiken vor 1918 produziert worden sind, nach dem WK II wurde der Buchstabe E durch die Buchstaben D (f\u00fcr Dux) oder M (M ungedeutet) ersetzt, neue Modelle der 1990\u2018 Jahre dann wieder mit mit dem Buchstaben D aber auf jeden Fall mit dem Copyright Zeichen und Hinweisstempeln auf Tschechien, 1898 kauft die AG die Porzellanfabrik Fasolt &#038; Eichel in Blankenhain\/Th\u00fcrigen (Anteile an dieser Fabrik hatte Sie bereits \u00fcber Eduard Eichler), die sie 1917 wieder an die Keramischen Werke C. &#038; E. Carstens verkauft, 1918 firmiert die Fabrik als Royal Dux Czechoslowakia, 1938 als Royal Dux Deutschland, 1941 wieder als Duxer Porzellan-Manufaktur AG, 1945 erfolgte die Nationalisierung und Umbennung in Royal Dux-Bohemia, 1948 erfolgte die Verstaatlichung und Vereinigung mit anderen tschechischen Fabriken, in der Literatur werden die Firmierungs und Eigentumsverh\u00e4ltnisse der Eichler\u2019schen Fabriken unterschiedlich dargestellt, H\u00f6he 20,5 cm, Breite 38,5 cm<\/p>\n<p><a href=\"http:\/\/museumek.eu\/wp-content\/uploads\/2011\/08\/Museum-Europ\u00e4ischer-Keramikkunst-Qualit\u00e4tsfotos-305.jpg\"><img loading=\"lazy\" src=\"http:\/\/museumek.eu\/wp-content\/uploads\/2011\/08\/Museum-Europ\u00e4ischer-Keramikkunst-Qualit\u00e4tsfotos-305-300x285.jpg\" alt=\"\" title=\"Museum Europ\u00e4ischer Keramikkunst Qualit\u00e4tsfotos 305\" width=\"300\" height=\"285\" class=\"alignnone size-medium wp-image-1976\" srcset=\"https:\/\/museumek.eu\/wp-content\/uploads\/2011\/08\/Museum-Europ\u00e4ischer-Keramikkunst-Qualit\u00e4tsfotos-305-300x285.jpg 300w, https:\/\/museumek.eu\/wp-content\/uploads\/2011\/08\/Museum-Europ\u00e4ischer-Keramikkunst-Qualit\u00e4tsfotos-305-315x300.jpg 315w, https:\/\/museumek.eu\/wp-content\/uploads\/2011\/08\/Museum-Europ\u00e4ischer-Keramikkunst-Qualit\u00e4tsfotos-305.jpg 701w\" sizes=\"(max-width: 300px) 100vw, 300px\" \/><\/a><\/p>\n<p><a href=\"http:\/\/museumek.eu\/wp-content\/uploads\/2011\/08\/Tiger-Jarl.jpg\"><img loading=\"lazy\" src=\"http:\/\/museumek.eu\/wp-content\/uploads\/2011\/08\/Tiger-Jarl.jpg\" alt=\"\" title=\"Tiger Jarl\" width=\"210\" height=\"251\" class=\"alignnone size-full wp-image-1977\" \/><\/a><\/p>\n<p><a href=\"http:\/\/museumek.eu\/wp-content\/uploads\/2011\/08\/Tiger-Jarl-1.jpg\"><img loading=\"lazy\" src=\"http:\/\/museumek.eu\/wp-content\/uploads\/2011\/08\/Tiger-Jarl-1-300x218.jpg\" alt=\"\" title=\"Tiger Jarl 1\" width=\"300\" height=\"218\" class=\"alignnone size-medium wp-image-1978\" srcset=\"https:\/\/museumek.eu\/wp-content\/uploads\/2011\/08\/Tiger-Jarl-1-300x218.jpg 300w, https:\/\/museumek.eu\/wp-content\/uploads\/2011\/08\/Tiger-Jarl-1.jpg 312w\" sizes=\"(max-width: 300px) 100vw, 300px\" \/><\/a><\/p>\n<p><a href=\"http:\/\/museumek.eu\/wp-content\/uploads\/2011\/08\/Tiger-Jarl-2.jpg\"><img loading=\"lazy\" src=\"http:\/\/museumek.eu\/wp-content\/uploads\/2011\/08\/Tiger-Jarl-2-300x212.jpg\" alt=\"\" title=\"Tiger Jarl 2\" width=\"300\" height=\"212\" class=\"alignnone size-medium wp-image-1979\" srcset=\"https:\/\/museumek.eu\/wp-content\/uploads\/2011\/08\/Tiger-Jarl-2-300x212.jpg 300w, https:\/\/museumek.eu\/wp-content\/uploads\/2011\/08\/Tiger-Jarl-2-422x300.jpg 422w, https:\/\/museumek.eu\/wp-content\/uploads\/2011\/08\/Tiger-Jarl-2.jpg 599w\" sizes=\"(max-width: 300px) 100vw, 300px\" \/><\/a><\/p>\n<p><a href=\"http:\/\/museumek.eu\/wp-content\/uploads\/2011\/08\/Tiger-Jarl-3.jpg\"><img loading=\"lazy\" src=\"http:\/\/museumek.eu\/wp-content\/uploads\/2011\/08\/Tiger-Jarl-3-300x188.jpg\" alt=\"\" title=\"Tiger Jarl 3\" width=\"300\" height=\"188\" class=\"alignnone size-medium wp-image-1980\" srcset=\"https:\/\/museumek.eu\/wp-content\/uploads\/2011\/08\/Tiger-Jarl-3-300x188.jpg 300w, https:\/\/museumek.eu\/wp-content\/uploads\/2011\/08\/Tiger-Jarl-3-477x300.jpg 477w, https:\/\/museumek.eu\/wp-content\/uploads\/2011\/08\/Tiger-Jarl-3.jpg 563w\" sizes=\"(max-width: 300px) 100vw, 300px\" \/><\/a><\/p>\n","protected":false},"excerpt":{"rendered":"<p>Otto Jarl wurde am 10.04.1856 auf Schloss Ekholmen in Schweden geboren. Er starb am 16.11.1915 in Wien. Jarl studierte an der Technischen Schule von Stockholm und an der Kunstakademie in Wien. Er war vorwiegend als Tierbildhauer t\u00e4tig. Seine Modelle wurden &hellip; <a href=\"https:\/\/museumek.eu\/?page_id=4450\">Weiterlesen <span class=\"meta-nav\">&rarr;<\/span><\/a><\/p>\n","protected":false},"author":1,"featured_media":0,"parent":1523,"menu_order":0,"comment_status":"closed","ping_status":"closed","template":"","meta":[],"_links":{"self":[{"href":"https:\/\/museumek.eu\/index.php?rest_route=\/wp\/v2\/pages\/4450"}],"collection":[{"href":"https:\/\/museumek.eu\/index.php?rest_route=\/wp\/v2\/pages"}],"about":[{"href":"https:\/\/museumek.eu\/index.php?rest_route=\/wp\/v2\/types\/page"}],"author":[{"embeddable":true,"href":"https:\/\/museumek.eu\/index.php?rest_route=\/wp\/v2\/users\/1"}],"replies":[{"embeddable":true,"href":"https:\/\/museumek.eu\/index.php?rest_route=%2Fwp%2Fv2%2Fcomments&post=4450"}],"version-history":[{"count":11,"href":"https:\/\/museumek.eu\/index.php?rest_route=\/wp\/v2\/pages\/4450\/revisions"}],"predecessor-version":[{"id":53228,"href":"https:\/\/museumek.eu\/index.php?rest_route=\/wp\/v2\/pages\/4450\/revisions\/53228"}],"up":[{"embeddable":true,"href":"https:\/\/museumek.eu\/index.php?rest_route=\/wp\/v2\/pages\/1523"}],"wp:attachment":[{"href":"https:\/\/museumek.eu\/index.php?rest_route=%2Fwp%2Fv2%2Fmedia&parent=4450"}],"curies":[{"name":"wp","href":"https:\/\/api.w.org\/{rel}","templated":true}]}}