{"id":44515,"date":"2015-08-29T00:07:15","date_gmt":"2015-08-28T22:07:15","guid":{"rendered":"http:\/\/museumek.eu\/?page_id=44515"},"modified":"2015-08-29T00:07:15","modified_gmt":"2015-08-28T22:07:15","slug":"dcxlv1","status":"publish","type":"page","link":"https:\/\/museumek.eu\/?page_id=44515","title":{"rendered":"D\/CXLV\/1"},"content":{"rendered":"<p><strong>Abteilung Deutschland, Keramik 1860 \u2013 1960, Inventarnummer D\/CXLV\/1<\/strong><\/p>\n<p>Porzellanfabrik Drechsel &#038; Strobel und Nachfolger Heinrich Winterling GmbH &#038; Co. KG Porzellanfabrik, Deutschland, Marktleuthen, 1898 &#8211; 1903, Kanne, K\u00fcnstler unbekannt, Werks.-Nr. ohne, Exemplar Nr. ohne, gemarkt Firmenmarke eine Krone in der oberen H\u00e4lfte zweier sich kreuzender St\u00e4be (?) sowie BAVARIA zwischen den unteren Enden der sich kreuzenden St\u00e4be, 32 gr\u00fcne Stempel unter Glasur, nicht signiert, Richard Drechsel und sein Partner Strobel gr\u00fcndeten 1897 in Markleuthen eine Porzellanfabrik, Firmierung Porzellanfabrik Drechsel &#038; Strobel, die Grundsteinlegung des Fabrikgeb\u00e4udes war am 11.11.1897, so dass davon auszugehen ist, dass die Produktionsaufnahme erst 1898 erfolgte, 1903 trat Strobel aus, Richard Drechsel konnte die Fabrik nicht allein weiterf\u00fchren und verkaufte sie an den Rehauer Georg Adam Winterling (geb. 10.10.1849, gest. 04.12.1906, Winterling war Mitbegr\u00fcnder der Porzellanfabrik Zeh, Scherzer &#038; Co.), Georg Adam Winterling \u00fcbertrug die Leitung der Fabrik an seinen zweit\u00e4ltesten Sohn Johann Heinrich Christian Winterling (geb. 18.10.1874, gest. 1930), Firmierung ab 1903 Heinrich Winterling GmbH &#038; Co. KG Porzellanfabrik, Winterling \u00e4nderte auch die Fabrikmarken, die Fabrik existiert noch heute, die Gesch\u00e4ftsf\u00fchrung liegt immer noch bei der Familie Winterling, in der Fachliteratur wird die Firmenmarke des MEK Exemplares nicht erw\u00e4hnt, auf verschiedenen Seiten im www wird sie der Porzellanfabrik Drechsel &#038; Dtrobel zugeordnet, das MEK schlie\u00dft sich dieser Zuordnung an, da alle Firmenmarken ab 1903 anders gestaltet waren, evtl. ist die Firmenmarke auch in einer \u00dcbergangszeit um 1903 bis evtl. 1905 verwendet worden, H\u00f6he 24,5, cm, Breite 23,5 cm<\/p>\n<p><a href=\"http:\/\/museumek.eu\/?attachment_id=44516\" rel=\"attachment wp-att-44516\"><img loading=\"lazy\" src=\"http:\/\/museumek.eu\/wp-content\/uploads\/2015\/08\/3904-237x300.jpg\" alt=\"\" title=\"3904\" width=\"237\" height=\"300\" class=\"alignnone size-medium wp-image-44516\" srcset=\"https:\/\/museumek.eu\/wp-content\/uploads\/2015\/08\/3904-237x300.jpg 237w, https:\/\/museumek.eu\/wp-content\/uploads\/2015\/08\/3904-118x150.jpg 118w, https:\/\/museumek.eu\/wp-content\/uploads\/2015\/08\/3904.jpg 600w\" sizes=\"(max-width: 237px) 100vw, 237px\" \/><\/a><\/p>\n<p><a href=\"http:\/\/museumek.eu\/?attachment_id=44517\" rel=\"attachment wp-att-44517\"><img loading=\"lazy\" src=\"http:\/\/museumek.eu\/wp-content\/uploads\/2015\/08\/3905-269x300.jpg\" alt=\"\" title=\"3905\" width=\"269\" height=\"300\" class=\"alignnone size-medium wp-image-44517\" srcset=\"https:\/\/museumek.eu\/wp-content\/uploads\/2015\/08\/3905-269x300.jpg 269w, https:\/\/museumek.eu\/wp-content\/uploads\/2015\/08\/3905-134x150.jpg 134w, https:\/\/museumek.eu\/wp-content\/uploads\/2015\/08\/3905.jpg 600w\" sizes=\"(max-width: 269px) 100vw, 269px\" \/><\/a><\/p>\n<p><a href=\"http:\/\/museumek.eu\/?attachment_id=44518\" rel=\"attachment wp-att-44518\"><img loading=\"lazy\" src=\"http:\/\/museumek.eu\/wp-content\/uploads\/2015\/08\/3910-175x300.jpg\" alt=\"\" title=\"3910\" width=\"175\" height=\"300\" class=\"alignnone size-medium wp-image-44518\" srcset=\"https:\/\/museumek.eu\/wp-content\/uploads\/2015\/08\/3910-175x300.jpg 175w, https:\/\/museumek.eu\/wp-content\/uploads\/2015\/08\/3910-87x150.jpg 87w, https:\/\/museumek.eu\/wp-content\/uploads\/2015\/08\/3910.jpg 469w\" sizes=\"(max-width: 175px) 100vw, 175px\" \/><\/a><\/p>\n<p><a href=\"http:\/\/museumek.eu\/?attachment_id=44519\" rel=\"attachment wp-att-44519\"><img loading=\"lazy\" src=\"http:\/\/museumek.eu\/wp-content\/uploads\/2015\/08\/3906-141x300.jpg\" alt=\"\" title=\"3906\" width=\"141\" height=\"300\" class=\"alignnone size-medium wp-image-44519\" srcset=\"https:\/\/museumek.eu\/wp-content\/uploads\/2015\/08\/3906-141x300.jpg 141w, https:\/\/museumek.eu\/wp-content\/uploads\/2015\/08\/3906-70x150.jpg 70w\" sizes=\"(max-width: 141px) 100vw, 141px\" \/><\/a><\/p>\n<p><a href=\"http:\/\/museumek.eu\/?attachment_id=44520\" rel=\"attachment wp-att-44520\"><img loading=\"lazy\" src=\"http:\/\/museumek.eu\/wp-content\/uploads\/2015\/08\/3909.jpg\" alt=\"\" title=\"3909\" width=\"138\" height=\"107\" class=\"alignnone size-full wp-image-44520\" \/><\/a><\/p>\n<p><a href=\"http:\/\/museumek.eu\/?attachment_id=44521\" rel=\"attachment wp-att-44521\"><img loading=\"lazy\" src=\"http:\/\/museumek.eu\/wp-content\/uploads\/2015\/08\/3908-300x231.jpg\" alt=\"\" title=\"3908\" width=\"300\" height=\"231\" class=\"alignnone size-medium wp-image-44521\" srcset=\"https:\/\/museumek.eu\/wp-content\/uploads\/2015\/08\/3908-300x231.jpg 300w, https:\/\/museumek.eu\/wp-content\/uploads\/2015\/08\/3908-150x115.jpg 150w, https:\/\/museumek.eu\/wp-content\/uploads\/2015\/08\/3908-388x300.jpg 388w, https:\/\/museumek.eu\/wp-content\/uploads\/2015\/08\/3908.jpg 644w\" sizes=\"(max-width: 300px) 100vw, 300px\" \/><\/a><\/p>\n","protected":false},"excerpt":{"rendered":"<p>Abteilung Deutschland, Keramik 1860 \u2013 1960, Inventarnummer D\/CXLV\/1 Porzellanfabrik Drechsel &#038; Strobel und Nachfolger Heinrich Winterling GmbH &#038; Co. KG Porzellanfabrik, Deutschland, Marktleuthen, 1898 &#8211; 1903, Kanne, K\u00fcnstler unbekannt, Werks.-Nr. ohne, Exemplar Nr. ohne, gemarkt Firmenmarke eine Krone in der &hellip; <a href=\"https:\/\/museumek.eu\/?page_id=44515\">Weiterlesen <span class=\"meta-nav\">&rarr;<\/span><\/a><\/p>\n","protected":false},"author":1,"featured_media":0,"parent":44460,"menu_order":1,"comment_status":"closed","ping_status":"open","template":"","meta":[],"_links":{"self":[{"href":"https:\/\/museumek.eu\/index.php?rest_route=\/wp\/v2\/pages\/44515"}],"collection":[{"href":"https:\/\/museumek.eu\/index.php?rest_route=\/wp\/v2\/pages"}],"about":[{"href":"https:\/\/museumek.eu\/index.php?rest_route=\/wp\/v2\/types\/page"}],"author":[{"embeddable":true,"href":"https:\/\/museumek.eu\/index.php?rest_route=\/wp\/v2\/users\/1"}],"replies":[{"embeddable":true,"href":"https:\/\/museumek.eu\/index.php?rest_route=%2Fwp%2Fv2%2Fcomments&post=44515"}],"version-history":[{"count":4,"href":"https:\/\/museumek.eu\/index.php?rest_route=\/wp\/v2\/pages\/44515\/revisions"}],"predecessor-version":[{"id":44525,"href":"https:\/\/museumek.eu\/index.php?rest_route=\/wp\/v2\/pages\/44515\/revisions\/44525"}],"up":[{"embeddable":true,"href":"https:\/\/museumek.eu\/index.php?rest_route=\/wp\/v2\/pages\/44460"}],"wp:attachment":[{"href":"https:\/\/museumek.eu\/index.php?rest_route=%2Fwp%2Fv2%2Fmedia&parent=44515"}],"curies":[{"name":"wp","href":"https:\/\/api.w.org\/{rel}","templated":true}]}}