{"id":46147,"date":"2020-04-18T19:05:01","date_gmt":"2020-04-18T17:05:01","guid":{"rendered":"http:\/\/museumek.eu\/?page_id=46147"},"modified":"2020-04-18T19:43:29","modified_gmt":"2020-04-18T17:43:29","slug":"fotos-und-beschreibung","status":"publish","type":"page","link":"https:\/\/museumek.eu\/?page_id=46147","title":{"rendered":"Fotos und Beschreibung"},"content":{"rendered":"<p><strong>Abteilung Deutschland, Keramik 1860 \u2013 1960, Inventarnummer D\/CXLIX\/1<\/strong><\/p>\n<p>Steingutfabrik Staffel u. Nachf. Thonwaaren- und Steingut-Actiengesellschaft u. Nachf. Steingutfabrik Staffel GmbH u. Nachf. Steingutfabrik Colditz AG, Deutschland, Staffel (1927 eingemeindet in Limburg a. d. Lahn), um 1900, Waschkrug, K\u00fcnstler unbekannt, Werks.-Nr. ohne, Exemplar Nr. ohne, gemarkt Firmenmarke mit Staffel dunkelgr\u00fcner Stempel unter Glasur, 2 gr\u00fcner Stempel unter Glasur, Dec. 139 dunkelblauer Stempel unter Glasur, ELBERFELD gepresst, nicht signiert, die Steingutfabrik Staffel wurde 1889 vom Engl\u00e4nder Williams in Staffel gegr\u00fcndet, 1893 verkaufte Williams an Herrn Muellert und Herrn Tyriot, Firmierung dann wohl Thonwaaren- und Steingut-Actiengesellschaft, 1897 \u00dcbernahme durch die Busch, Stahlheber &#038; Langschied AG, Firmierung unbekannt, 09.12.1904 \u00dcbernahme durch Hermann Rothgie\u00dfer und Emil Albrecht, Firmierung Steingutfabrik Staffel GmbH, 1908 \u00dcbernahme durch die Deutsche Steingut Actien Gesellschaft (vormals Gebr. Hubbe) in Neu-Haldensleben, Firmierung unbekannt, 1909 Hochwasserschaden, 1910 Weiterverkauf an Bankhaus Cohn, Berlin, 1910 Weiterverkauf an die Nationalbank f\u00fcr Deutschland, Berlin, 1921 \u00dcbernahme durch die Bing Glas &#038; Keramik KG und Justin &#038; Albrecht Ottenstein oHG, N\u00fcrnberg, Firmierung unbekannt, 1927 \u00dcbernahme durch die Steingutfabrik Colditz AG, Colditz, Firmierung unbekannt, diese ab 1937 Alleineigent\u00fcmer, die Steingutfabrik Colditz AG wurde 1949 von der DDR enteignet und verlegte deshalb den Gesch\u00e4ftssitz nach Staffel\/Limburg, H\u00f6he 25,5 cm, Breite 19 cm<\/p>\n<p><a href=\"http:\/\/museumek.eu\/?attachment_id=46150\" rel=\"attachment wp-att-46150\"><img loading=\"lazy\" src=\"http:\/\/museumek.eu\/wp-content\/uploads\/2020\/04\/Staffel-1-217x300.jpg\" alt=\"\" title=\"Staffel 1\" width=\"217\" height=\"300\" class=\"alignnone size-medium wp-image-46150\" srcset=\"https:\/\/museumek.eu\/wp-content\/uploads\/2020\/04\/Staffel-1-217x300.jpg 217w, https:\/\/museumek.eu\/wp-content\/uploads\/2020\/04\/Staffel-1-108x150.jpg 108w, https:\/\/museumek.eu\/wp-content\/uploads\/2020\/04\/Staffel-1.jpg 465w\" sizes=\"(max-width: 217px) 100vw, 217px\" \/><\/a><\/p>\n<p><a href=\"http:\/\/museumek.eu\/?attachment_id=46151\" rel=\"attachment wp-att-46151\"><img loading=\"lazy\" src=\"http:\/\/museumek.eu\/wp-content\/uploads\/2020\/04\/Staffel-2-216x300.jpg\" alt=\"\" title=\"Staffel 2\" width=\"216\" height=\"300\" class=\"alignnone size-medium wp-image-46151\" srcset=\"https:\/\/museumek.eu\/wp-content\/uploads\/2020\/04\/Staffel-2-216x300.jpg 216w, https:\/\/museumek.eu\/wp-content\/uploads\/2020\/04\/Staffel-2-108x150.jpg 108w, https:\/\/museumek.eu\/wp-content\/uploads\/2020\/04\/Staffel-2.jpg 461w\" sizes=\"(max-width: 216px) 100vw, 216px\" \/><\/a><\/p>\n<p><a href=\"http:\/\/museumek.eu\/?attachment_id=46152\" rel=\"attachment wp-att-46152\"><img loading=\"lazy\" src=\"http:\/\/museumek.eu\/wp-content\/uploads\/2020\/04\/Staffel-3-226x300.jpg\" alt=\"\" title=\"Staffel 3\" width=\"226\" height=\"300\" class=\"alignnone size-medium wp-image-46152\" srcset=\"https:\/\/museumek.eu\/wp-content\/uploads\/2020\/04\/Staffel-3-226x300.jpg 226w, https:\/\/museumek.eu\/wp-content\/uploads\/2020\/04\/Staffel-3-113x150.jpg 113w, https:\/\/museumek.eu\/wp-content\/uploads\/2020\/04\/Staffel-3.jpg 480w\" sizes=\"(max-width: 226px) 100vw, 226px\" \/><\/a><\/p>\n<p><a href=\"http:\/\/museumek.eu\/?attachment_id=46153\" rel=\"attachment wp-att-46153\"><img loading=\"lazy\" src=\"http:\/\/museumek.eu\/wp-content\/uploads\/2020\/04\/Staffel-4-188x300.jpg\" alt=\"\" title=\"Staffel 4\" width=\"188\" height=\"300\" class=\"alignnone size-medium wp-image-46153\" srcset=\"https:\/\/museumek.eu\/wp-content\/uploads\/2020\/04\/Staffel-4-188x300.jpg 188w, https:\/\/museumek.eu\/wp-content\/uploads\/2020\/04\/Staffel-4-94x150.jpg 94w, https:\/\/museumek.eu\/wp-content\/uploads\/2020\/04\/Staffel-4.jpg 402w\" sizes=\"(max-width: 188px) 100vw, 188px\" \/><\/a><\/p>\n<p><a href=\"http:\/\/museumek.eu\/?attachment_id=46156\" rel=\"attachment wp-att-46156\"><img loading=\"lazy\" src=\"http:\/\/museumek.eu\/wp-content\/uploads\/2020\/04\/Staffel-5-210x300.jpg\" alt=\"\" title=\"Staffel 5\" width=\"210\" height=\"300\" class=\"alignnone size-medium wp-image-46156\" srcset=\"https:\/\/museumek.eu\/wp-content\/uploads\/2020\/04\/Staffel-5-210x300.jpg 210w, https:\/\/museumek.eu\/wp-content\/uploads\/2020\/04\/Staffel-5-105x150.jpg 105w, https:\/\/museumek.eu\/wp-content\/uploads\/2020\/04\/Staffel-5.jpg 450w\" sizes=\"(max-width: 210px) 100vw, 210px\" \/><\/a><\/p>\n<p><a href=\"http:\/\/museumek.eu\/?attachment_id=46157\" rel=\"attachment wp-att-46157\"><img loading=\"lazy\" src=\"http:\/\/museumek.eu\/wp-content\/uploads\/2020\/04\/Staffel-6-300x217.jpg\" alt=\"\" title=\"Staffel 6\" width=\"300\" height=\"217\" class=\"alignnone size-medium wp-image-46157\" srcset=\"https:\/\/museumek.eu\/wp-content\/uploads\/2020\/04\/Staffel-6-300x217.jpg 300w, https:\/\/museumek.eu\/wp-content\/uploads\/2020\/04\/Staffel-6-150x108.jpg 150w, https:\/\/museumek.eu\/wp-content\/uploads\/2020\/04\/Staffel-6-413x300.jpg 413w, https:\/\/museumek.eu\/wp-content\/uploads\/2020\/04\/Staffel-6.jpg 640w\" sizes=\"(max-width: 300px) 100vw, 300px\" \/><\/a><\/p>\n<p><a href=\"http:\/\/museumek.eu\/?attachment_id=46158\" rel=\"attachment wp-att-46158\"><img loading=\"lazy\" src=\"http:\/\/museumek.eu\/wp-content\/uploads\/2020\/04\/Staffel-7-300x209.jpg\" alt=\"\" title=\"Staffel 7\" width=\"300\" height=\"209\" class=\"alignnone size-medium wp-image-46158\" srcset=\"https:\/\/museumek.eu\/wp-content\/uploads\/2020\/04\/Staffel-7-300x209.jpg 300w, https:\/\/museumek.eu\/wp-content\/uploads\/2020\/04\/Staffel-7-150x104.jpg 150w, https:\/\/museumek.eu\/wp-content\/uploads\/2020\/04\/Staffel-7-429x300.jpg 429w, https:\/\/museumek.eu\/wp-content\/uploads\/2020\/04\/Staffel-7.jpg 640w\" sizes=\"(max-width: 300px) 100vw, 300px\" \/><\/a><\/p>\n","protected":false},"excerpt":{"rendered":"<p>Abteilung Deutschland, Keramik 1860 \u2013 1960, Inventarnummer D\/CXLIX\/1 Steingutfabrik Staffel u. Nachf. Thonwaaren- und Steingut-Actiengesellschaft u. Nachf. Steingutfabrik Staffel GmbH u. Nachf. Steingutfabrik Colditz AG, Deutschland, Staffel (1927 eingemeindet in Limburg a. d. Lahn), um 1900, Waschkrug, K\u00fcnstler unbekannt, Werks.-Nr. &hellip; <a href=\"https:\/\/museumek.eu\/?page_id=46147\">Weiterlesen <span class=\"meta-nav\">&rarr;<\/span><\/a><\/p>\n","protected":false},"author":1,"featured_media":0,"parent":46143,"menu_order":0,"comment_status":"closed","ping_status":"open","template":"","meta":[],"_links":{"self":[{"href":"https:\/\/museumek.eu\/index.php?rest_route=\/wp\/v2\/pages\/46147"}],"collection":[{"href":"https:\/\/museumek.eu\/index.php?rest_route=\/wp\/v2\/pages"}],"about":[{"href":"https:\/\/museumek.eu\/index.php?rest_route=\/wp\/v2\/types\/page"}],"author":[{"embeddable":true,"href":"https:\/\/museumek.eu\/index.php?rest_route=\/wp\/v2\/users\/1"}],"replies":[{"embeddable":true,"href":"https:\/\/museumek.eu\/index.php?rest_route=%2Fwp%2Fv2%2Fcomments&post=46147"}],"version-history":[{"count":16,"href":"https:\/\/museumek.eu\/index.php?rest_route=\/wp\/v2\/pages\/46147\/revisions"}],"predecessor-version":[{"id":46170,"href":"https:\/\/museumek.eu\/index.php?rest_route=\/wp\/v2\/pages\/46147\/revisions\/46170"}],"up":[{"embeddable":true,"href":"https:\/\/museumek.eu\/index.php?rest_route=\/wp\/v2\/pages\/46143"}],"wp:attachment":[{"href":"https:\/\/museumek.eu\/index.php?rest_route=%2Fwp%2Fv2%2Fmedia&parent=46147"}],"curies":[{"name":"wp","href":"https:\/\/api.w.org\/{rel}","templated":true}]}}