{"id":46303,"date":"2020-04-23T23:57:43","date_gmt":"2020-04-23T21:57:43","guid":{"rendered":"http:\/\/museumek.eu\/?page_id=46303"},"modified":"2020-04-23T23:57:43","modified_gmt":"2020-04-23T21:57:43","slug":"ai177","status":"publish","type":"page","link":"https:\/\/museumek.eu\/?page_id=46303","title":{"rendered":"A\/I\/177"},"content":{"rendered":"<p><strong>Abteilung Austria\/Ungarn\/B\u00f6hmen, Keramik 1860 &#8211; 1960, Inventarnummer A\/I\/177<\/strong><\/p>\n<p>Friedrich Goldscheider Erste Wiener Terrakottafabrik, Austria, Wien, ca. 1895\/1897, Figur M\u00f6nch (Glas haltend, gro\u00df), K\u00fcnstler unbekannt, Werks.-Nr. 919, Exemplar Nr. 49, Modelleur Nr. 2502 ?, gemarkt Firmenmarke mit Fr. Goldscheider WIEN. in aufgelegter Marke gepresst, R\u00c9PRODUCTION RESERV\u00c9E gepresst, 919, 49, 2502 gepresst sowie P gepresst, nicht signiert, Literatur: Robert E. Dechant\/Filipp Goldscheider, Firmengeschichte und Werkverzeichnis, Seite 306, dort noch ohne Foto und unvollst\u00e4ndig erfasst, Seite 604, Firmenmarke GS 11 (f\u00fcr die Zeit 1890 \u2013 1899) identisch, Seite 606, Zusatzmarke GS Z 11 (f\u00fcr die Zeit 1885 &#8211; 1922) identisch sowie Zeichen GS Z 3 (g\u00fcltig f\u00fcr die Zeit 1885 &#8211; 1922) identisch, die Urspr\u00fcnge der Firma gehen zur\u00fcck auf das Pilsener Handelsunternehmen Moritz Goldscheider der 1860\u2018 Jahre, nach dem Tode von Moritz Goldscheider werden die Br\u00fcder Eduard und Friedrich Goldscheider Eigent\u00fcmer und firmieren ab 1877 als M. Goldscheider\u2019s Erben, Thon-und Kunststeinmanufactur Werk Moldau und ab 1878 als Br\u00fcder Goldscheider, im Jahre 1878 wandert Friedrich Goldscheider nach Wien aus und Eduard f\u00fchrt die Firma in Pilsen bis zum Konkurs 1892 allein weiter, Friedrich Goldscheider firmiert in Wien ab 1880 als Goldscheider\u2019sche Porzellan-Manufaktur und Porzellanmalerei, neben Handelsgesch\u00e4ften betreibt die Firma vorwiegend die Porzellanmalerei, das Porzellan wird von b\u00f6hmischen Manufakturen bezogen und teilweise auch in B\u00f6hmen bemalt, ab 1885 \u00e4ndert sich die Firmierung in Goldscheider\u2019sche Porzellan-Manufaktur und Majolicafabrik, das Jahr 1885 gilt als das offizielle Gr\u00fcndungsjahr, ab 1887 bezeichnet Friedrich Goldscheider seine Fabrik als Erste Wiener Terracotta- und Majolika-Fabrik Friedrich Goldscheider oder als Erste Wiener Kunst-Terracotta-Fabrik und kunstgewerbliche Ateliers Friedrich Goldscheider und offiziell ab 1894 als Friedrich Goldscheider Erste Wiener Terrakottafabrik, Friedrich Goldscheider stirbt im Jahre 1897, seine Ehefrau Regine Goldscheider wird Alleineigent\u00fcmer und firmiert ab 1899 als Friedrich Goldscheider in Wien, Berlin und Leipzig, ab 1907 firmiert die Firma als Erste Wiener Terrakottafabrik und Atelier f\u00fcr k\u00fcnstlerische Fayencen Friedrich Goldscheider, im Jahre 1918 stirbt Regine und die S\u00f6hne Walter und Marcell Goldscheider werden Inhaber, ab 1921 \u00e4ndert sich die Firmierung in Wiener Manufaktur Friedrich Goldscheider, 1928 scheidet Marcell Goldscheider aus und gr\u00fcndet seine eigene Firma in Wien, 1939 wird die Firma arisiert und Josef Schuster wird Inhaber, Firmierung ab 1939, Wiener Manufaktur Friedrich Goldscheider Nachf., Inhaber Josef Schuster, ab 1941 lautet die Firmierung Wiener Manufaktur Josef Schuster, vorm. Friedrich Goldscheider, nach dem WK II erh\u00e4lt Friedrich Goldscheider seine Firma zur\u00fcck und firmiert ab 1950 wieder als Wiener Manufaktur Friedrich Goldscheider, in dieser Zeit verkauft er die Firma an die Majolikafabrik Carstens, in Fredelsloh, die in Fredelsloh Wiederauflagen alter Modelle in minderwertigem braunem Ton aber auch neue Modelle ebenfalls in dieser Tonart produziert, ab 1953 firmiert die Firma als Kunstkeramische Manufaktur Goldscheider GmbH und 1960 wird die Produktion in Fredelsloh eingestellt, <strong>das MEK Exemplar ist das einzige nachweisbare Exemplar dieser Figur, nach den Ausf\u00fchrungen von Dechant\/Goldscheider wurde kein anderes Exemplar recherchiert, das Glas, das der M\u00f6nch h\u00e4lt, ist sehr merkw\u00fcrdig, auch bez\u00fcglich des Henkels, der Henkel des Glases, ist wie abgebildet, es fehlt nichts, die gepresste Nummer 2502 ist nicht nachvollziehbar und kann verschieden interpretiert werden, als fehlerhafte Modelleurnummer, was am wahrscheinlichsten ist oder als doppelt gef\u00fchrte Modellnummer einer sp\u00e4teren Auflage, was sehr unwahrscheinlich ist, im Werksverzeichnis ist leider f\u00fcr die Werksnummer 2502 kein Eintrag<\/strong>, H\u00f6he 35,5 cm, Breite 15 cm<\/p>\n<p><a href=\"http:\/\/museumek.eu\/?attachment_id=46274\" rel=\"attachment wp-att-46274\"><img loading=\"lazy\" src=\"http:\/\/museumek.eu\/wp-content\/uploads\/2020\/04\/M\u00f6nch-Glas-haltend-1-144x300.jpg\" alt=\"\" title=\"M\u00f6nch Glas haltend 1\" width=\"144\" height=\"300\" class=\"alignnone size-medium wp-image-46274\" srcset=\"https:\/\/museumek.eu\/wp-content\/uploads\/2020\/04\/M\u00f6nch-Glas-haltend-1-144x300.jpg 144w, https:\/\/museumek.eu\/wp-content\/uploads\/2020\/04\/M\u00f6nch-Glas-haltend-1-72x150.jpg 72w, https:\/\/museumek.eu\/wp-content\/uploads\/2020\/04\/M\u00f6nch-Glas-haltend-1.jpg 308w\" sizes=\"(max-width: 144px) 100vw, 144px\" \/><\/a><\/p>\n<p><a href=\"http:\/\/museumek.eu\/?attachment_id=46275\" rel=\"attachment wp-att-46275\"><img loading=\"lazy\" src=\"http:\/\/museumek.eu\/wp-content\/uploads\/2020\/04\/M\u00f6nch-Glas-haltend-2-122x300.jpg\" alt=\"\" title=\"M\u00f6nch Glas haltend 2\" width=\"122\" height=\"300\" class=\"alignnone size-medium wp-image-46275\" srcset=\"https:\/\/museumek.eu\/wp-content\/uploads\/2020\/04\/M\u00f6nch-Glas-haltend-2-122x300.jpg 122w, https:\/\/museumek.eu\/wp-content\/uploads\/2020\/04\/M\u00f6nch-Glas-haltend-2-61x150.jpg 61w, https:\/\/museumek.eu\/wp-content\/uploads\/2020\/04\/M\u00f6nch-Glas-haltend-2.jpg 261w\" sizes=\"(max-width: 122px) 100vw, 122px\" \/><\/a><\/p>\n<p><a href=\"http:\/\/museumek.eu\/?attachment_id=46276\" rel=\"attachment wp-att-46276\"><img loading=\"lazy\" src=\"http:\/\/museumek.eu\/wp-content\/uploads\/2020\/04\/M\u00f6nch-Glas-haltend-3-120x300.jpg\" alt=\"\" title=\"M\u00f6nch Glas haltend 3\" width=\"120\" height=\"300\" class=\"alignnone size-medium wp-image-46276\" srcset=\"https:\/\/museumek.eu\/wp-content\/uploads\/2020\/04\/M\u00f6nch-Glas-haltend-3-120x300.jpg 120w, https:\/\/museumek.eu\/wp-content\/uploads\/2020\/04\/M\u00f6nch-Glas-haltend-3-60x150.jpg 60w\" sizes=\"(max-width: 120px) 100vw, 120px\" \/><\/a><\/p>\n<p><a href=\"http:\/\/museumek.eu\/?attachment_id=46279\" rel=\"attachment wp-att-46279\"><img loading=\"lazy\" src=\"http:\/\/museumek.eu\/wp-content\/uploads\/2020\/04\/M\u00f6nch-Glas-haltend-4-126x300.jpg\" alt=\"\" title=\"M\u00f6nch Glas haltend 4\" width=\"126\" height=\"300\" class=\"alignnone size-medium wp-image-46279\" srcset=\"https:\/\/museumek.eu\/wp-content\/uploads\/2020\/04\/M\u00f6nch-Glas-haltend-4-126x300.jpg 126w, https:\/\/museumek.eu\/wp-content\/uploads\/2020\/04\/M\u00f6nch-Glas-haltend-4-63x150.jpg 63w, https:\/\/museumek.eu\/wp-content\/uploads\/2020\/04\/M\u00f6nch-Glas-haltend-4.jpg 269w\" sizes=\"(max-width: 126px) 100vw, 126px\" \/><\/a><\/p>\n<p><a href=\"http:\/\/museumek.eu\/?attachment_id=46280\" rel=\"attachment wp-att-46280\"><img loading=\"lazy\" src=\"http:\/\/museumek.eu\/wp-content\/uploads\/2020\/04\/M\u00f6nch-Glas-haltend-5-212x300.jpg\" alt=\"\" title=\"M\u00f6nch Glas haltend 5\" width=\"212\" height=\"300\" class=\"alignnone size-medium wp-image-46280\" srcset=\"https:\/\/museumek.eu\/wp-content\/uploads\/2020\/04\/M\u00f6nch-Glas-haltend-5-212x300.jpg 212w, https:\/\/museumek.eu\/wp-content\/uploads\/2020\/04\/M\u00f6nch-Glas-haltend-5-106x150.jpg 106w, https:\/\/museumek.eu\/wp-content\/uploads\/2020\/04\/M\u00f6nch-Glas-haltend-5.jpg 454w\" sizes=\"(max-width: 212px) 100vw, 212px\" \/><\/a><\/p>\n<p><a href=\"http:\/\/museumek.eu\/?attachment_id=46281\" rel=\"attachment wp-att-46281\"><img loading=\"lazy\" src=\"http:\/\/museumek.eu\/wp-content\/uploads\/2020\/04\/M\u00f6nch-Glas-haltend-6-168x300.jpg\" alt=\"\" title=\"M\u00f6nch Glas haltend 6\" width=\"168\" height=\"300\" class=\"alignnone size-medium wp-image-46281\" srcset=\"https:\/\/museumek.eu\/wp-content\/uploads\/2020\/04\/M\u00f6nch-Glas-haltend-6-168x300.jpg 168w, https:\/\/museumek.eu\/wp-content\/uploads\/2020\/04\/M\u00f6nch-Glas-haltend-6-84x150.jpg 84w, https:\/\/museumek.eu\/wp-content\/uploads\/2020\/04\/M\u00f6nch-Glas-haltend-6.jpg 360w\" sizes=\"(max-width: 168px) 100vw, 168px\" \/><\/a><\/p>\n<p><a href=\"http:\/\/museumek.eu\/?attachment_id=46284\" rel=\"attachment wp-att-46284\"><img loading=\"lazy\" src=\"http:\/\/museumek.eu\/wp-content\/uploads\/2020\/04\/M\u00f6nch-Glas-haltend-7-179x300.jpg\" alt=\"\" title=\"M\u00f6nch Glas haltend 7\" width=\"179\" height=\"300\" class=\"alignnone size-medium wp-image-46284\" srcset=\"https:\/\/museumek.eu\/wp-content\/uploads\/2020\/04\/M\u00f6nch-Glas-haltend-7-179x300.jpg 179w, https:\/\/museumek.eu\/wp-content\/uploads\/2020\/04\/M\u00f6nch-Glas-haltend-7-89x150.jpg 89w, https:\/\/museumek.eu\/wp-content\/uploads\/2020\/04\/M\u00f6nch-Glas-haltend-7.jpg 382w\" sizes=\"(max-width: 179px) 100vw, 179px\" \/><\/a><\/p>\n<p><a href=\"http:\/\/museumek.eu\/?attachment_id=46285\" rel=\"attachment wp-att-46285\"><img loading=\"lazy\" src=\"http:\/\/museumek.eu\/wp-content\/uploads\/2020\/04\/M\u00f6nch-Glas-haltend-8-300x180.jpg\" alt=\"\" title=\"M\u00f6nch Glas haltend 8\" width=\"300\" height=\"180\" class=\"alignnone size-medium wp-image-46285\" srcset=\"https:\/\/museumek.eu\/wp-content\/uploads\/2020\/04\/M\u00f6nch-Glas-haltend-8-300x180.jpg 300w, https:\/\/museumek.eu\/wp-content\/uploads\/2020\/04\/M\u00f6nch-Glas-haltend-8-150x90.jpg 150w, https:\/\/museumek.eu\/wp-content\/uploads\/2020\/04\/M\u00f6nch-Glas-haltend-8-500x300.jpg 500w, https:\/\/museumek.eu\/wp-content\/uploads\/2020\/04\/M\u00f6nch-Glas-haltend-8.jpg 640w\" sizes=\"(max-width: 300px) 100vw, 300px\" \/><\/a><\/p>\n<p><a href=\"http:\/\/museumek.eu\/?attachment_id=46286\" rel=\"attachment wp-att-46286\"><img loading=\"lazy\" src=\"http:\/\/museumek.eu\/wp-content\/uploads\/2020\/04\/M\u00f6nch-Glas-haltend-9-300x178.jpg\" alt=\"\" title=\"M\u00f6nch Glas haltend 9\" width=\"300\" height=\"178\" class=\"alignnone size-medium wp-image-46286\" srcset=\"https:\/\/museumek.eu\/wp-content\/uploads\/2020\/04\/M\u00f6nch-Glas-haltend-9-300x178.jpg 300w, https:\/\/museumek.eu\/wp-content\/uploads\/2020\/04\/M\u00f6nch-Glas-haltend-9-150x89.jpg 150w, https:\/\/museumek.eu\/wp-content\/uploads\/2020\/04\/M\u00f6nch-Glas-haltend-9-500x297.jpg 500w, https:\/\/museumek.eu\/wp-content\/uploads\/2020\/04\/M\u00f6nch-Glas-haltend-9.jpg 640w\" sizes=\"(max-width: 300px) 100vw, 300px\" \/><\/a><\/p>\n<p><a href=\"http:\/\/museumek.eu\/?attachment_id=46289\" rel=\"attachment wp-att-46289\"><img loading=\"lazy\" src=\"http:\/\/museumek.eu\/wp-content\/uploads\/2020\/04\/M\u00f6nch-Glas-haltend-10-300x145.jpg\" alt=\"\" title=\"M\u00f6nch Glas haltend 10\" width=\"300\" height=\"145\" class=\"alignnone size-medium wp-image-46289\" srcset=\"https:\/\/museumek.eu\/wp-content\/uploads\/2020\/04\/M\u00f6nch-Glas-haltend-10-300x145.jpg 300w, https:\/\/museumek.eu\/wp-content\/uploads\/2020\/04\/M\u00f6nch-Glas-haltend-10-150x72.jpg 150w, https:\/\/museumek.eu\/wp-content\/uploads\/2020\/04\/M\u00f6nch-Glas-haltend-10-500x242.jpg 500w, https:\/\/museumek.eu\/wp-content\/uploads\/2020\/04\/M\u00f6nch-Glas-haltend-10.jpg 640w\" sizes=\"(max-width: 300px) 100vw, 300px\" \/><\/a><\/p>\n<p><a href=\"http:\/\/museumek.eu\/?attachment_id=46290\" rel=\"attachment wp-att-46290\"><img loading=\"lazy\" src=\"http:\/\/museumek.eu\/wp-content\/uploads\/2020\/04\/M\u00f6nch-Glas-haltend-11-257x300.jpg\" alt=\"\" title=\"M\u00f6nch Glas haltend 11\" width=\"257\" height=\"300\" class=\"alignnone size-medium wp-image-46290\" srcset=\"https:\/\/museumek.eu\/wp-content\/uploads\/2020\/04\/M\u00f6nch-Glas-haltend-11-257x300.jpg 257w, https:\/\/museumek.eu\/wp-content\/uploads\/2020\/04\/M\u00f6nch-Glas-haltend-11-128x150.jpg 128w, https:\/\/museumek.eu\/wp-content\/uploads\/2020\/04\/M\u00f6nch-Glas-haltend-11.jpg 480w\" sizes=\"(max-width: 257px) 100vw, 257px\" \/><\/a><\/p>\n<p><a href=\"http:\/\/museumek.eu\/?attachment_id=46293\" rel=\"attachment wp-att-46293\"><img loading=\"lazy\" src=\"http:\/\/museumek.eu\/wp-content\/uploads\/2020\/04\/M\u00f6nch-Glas-haltend-12-300x227.jpg\" alt=\"\" title=\"M\u00f6nch Glas haltend 12\" width=\"300\" height=\"227\" class=\"alignnone size-medium wp-image-46293\" srcset=\"https:\/\/museumek.eu\/wp-content\/uploads\/2020\/04\/M\u00f6nch-Glas-haltend-12-300x227.jpg 300w, https:\/\/museumek.eu\/wp-content\/uploads\/2020\/04\/M\u00f6nch-Glas-haltend-12-150x113.jpg 150w, https:\/\/museumek.eu\/wp-content\/uploads\/2020\/04\/M\u00f6nch-Glas-haltend-12-395x300.jpg 395w, https:\/\/museumek.eu\/wp-content\/uploads\/2020\/04\/M\u00f6nch-Glas-haltend-12.jpg 633w\" sizes=\"(max-width: 300px) 100vw, 300px\" \/><\/a><\/p>\n<p><a href=\"http:\/\/museumek.eu\/?attachment_id=46294\" rel=\"attachment wp-att-46294\"><img loading=\"lazy\" src=\"http:\/\/museumek.eu\/wp-content\/uploads\/2020\/04\/M\u00f6nch-Glas-haltend-13-237x300.jpg\" alt=\"\" title=\"M\u00f6nch Glas haltend 13\" width=\"237\" height=\"300\" class=\"alignnone size-medium wp-image-46294\" srcset=\"https:\/\/museumek.eu\/wp-content\/uploads\/2020\/04\/M\u00f6nch-Glas-haltend-13-237x300.jpg 237w, https:\/\/museumek.eu\/wp-content\/uploads\/2020\/04\/M\u00f6nch-Glas-haltend-13-118x150.jpg 118w, https:\/\/museumek.eu\/wp-content\/uploads\/2020\/04\/M\u00f6nch-Glas-haltend-13.jpg 480w\" sizes=\"(max-width: 237px) 100vw, 237px\" \/><\/a><\/p>\n","protected":false},"excerpt":{"rendered":"<p>Abteilung Austria\/Ungarn\/B\u00f6hmen, Keramik 1860 &#8211; 1960, Inventarnummer A\/I\/177 Friedrich Goldscheider Erste Wiener Terrakottafabrik, Austria, Wien, ca. 1895\/1897, Figur M\u00f6nch (Glas haltend, gro\u00df), K\u00fcnstler unbekannt, Werks.-Nr. 919, Exemplar Nr. 49, Modelleur Nr. 2502 ?, gemarkt Firmenmarke mit Fr. Goldscheider WIEN. in &hellip; <a href=\"https:\/\/museumek.eu\/?page_id=46303\">Weiterlesen <span class=\"meta-nav\">&rarr;<\/span><\/a><\/p>\n","protected":false},"author":1,"featured_media":0,"parent":45965,"menu_order":177,"comment_status":"closed","ping_status":"open","template":"","meta":[],"_links":{"self":[{"href":"https:\/\/museumek.eu\/index.php?rest_route=\/wp\/v2\/pages\/46303"}],"collection":[{"href":"https:\/\/museumek.eu\/index.php?rest_route=\/wp\/v2\/pages"}],"about":[{"href":"https:\/\/museumek.eu\/index.php?rest_route=\/wp\/v2\/types\/page"}],"author":[{"embeddable":true,"href":"https:\/\/museumek.eu\/index.php?rest_route=\/wp\/v2\/users\/1"}],"replies":[{"embeddable":true,"href":"https:\/\/museumek.eu\/index.php?rest_route=%2Fwp%2Fv2%2Fcomments&post=46303"}],"version-history":[{"count":2,"href":"https:\/\/museumek.eu\/index.php?rest_route=\/wp\/v2\/pages\/46303\/revisions"}],"predecessor-version":[{"id":46305,"href":"https:\/\/museumek.eu\/index.php?rest_route=\/wp\/v2\/pages\/46303\/revisions\/46305"}],"up":[{"embeddable":true,"href":"https:\/\/museumek.eu\/index.php?rest_route=\/wp\/v2\/pages\/45965"}],"wp:attachment":[{"href":"https:\/\/museumek.eu\/index.php?rest_route=%2Fwp%2Fv2%2Fmedia&parent=46303"}],"curies":[{"name":"wp","href":"https:\/\/api.w.org\/{rel}","templated":true}]}}