{"id":4678,"date":"2011-09-20T14:03:12","date_gmt":"2011-09-20T12:03:12","guid":{"rendered":"http:\/\/museumek.eu\/?page_id=4678"},"modified":"2013-03-10T15:32:24","modified_gmt":"2013-03-10T14:32:24","slug":"fotos-und-beschreibung","status":"publish","type":"page","link":"https:\/\/museumek.eu\/?page_id=4678","title":{"rendered":"Fotos und Beschreibung"},"content":{"rendered":"<p><strong>Abteilung Austria\/Ungarn\/B\u00f6hmen, Keramik 1860 \u2013 1960, Inventarnummer A\/XII\/1<\/strong><\/p>\n<p>Manufaktur Eduard Klablena (attr.), Austria, Langenzersdorf, um 1915, Figur Sitzender Hase, K\u00fcnstler Eduard Klablena, Werksnummer 112, Exemplar Nr. ohne, gemarkt 112 gepresst, evtl. WW geritzt (schwer lesbar), nicht signiert, Literatur: Uta M. Matschiner, Wiener Kunstkeramik und Porzellanmanufaktur Keramos, Seite 206, Biografie des K\u00fcnstlers, unter den rund 200 Modellen, die Klablena an die Manufaktur Keramos zur Produktion weitergab, ist die MEK Figur nicht enthalten, evtl. wurde diese Figur \u00fcber die Wiener Werkst\u00e4tte (\u00fcber die WW wurden auch Modelle von Klablena verkauft) verkauft, eine weitere nachweisbare Figur konnte nicht recherchiert werden, auch nicht in der gro\u00dfen Klablena Sammlung der Wiener Galerie bei der Albertina, siehe dazu Literatur: Christa Zetter und Katharina Zetter-Karner, Kleine Preise vor gro\u00dfem Umbau, Galerie bei der Albertina, Jahr 2010, Seiten 70 bis 72, dort nicht aufgef\u00fchrt, H\u00f6he 7 cm, Breite 6,5 cm<\/p>\n<p><a href=\"http:\/\/museumek.eu\/wp-content\/uploads\/2011\/08\/Museum-Europ\u00e4ischer-Keramikkunst-Qualit\u00e4tsfotos-184.jpg\"><img loading=\"lazy\" src=\"http:\/\/museumek.eu\/wp-content\/uploads\/2011\/08\/Museum-Europ\u00e4ischer-Keramikkunst-Qualit\u00e4tsfotos-184-228x300.jpg\" alt=\"\" title=\"Museum Europ\u00e4ischer Keramikkunst Qualit\u00e4tsfotos 184\" width=\"228\" height=\"300\" class=\"alignnone size-medium wp-image-999\" srcset=\"https:\/\/museumek.eu\/wp-content\/uploads\/2011\/08\/Museum-Europ\u00e4ischer-Keramikkunst-Qualit\u00e4tsfotos-184-228x300.jpg 228w, https:\/\/museumek.eu\/wp-content\/uploads\/2011\/08\/Museum-Europ\u00e4ischer-Keramikkunst-Qualit\u00e4tsfotos-184.jpg 554w\" sizes=\"(max-width: 228px) 100vw, 228px\" \/><\/a><\/p>\n<p><a href=\"http:\/\/museumek.eu\/wp-content\/uploads\/2011\/08\/Museum-Europ\u00e4ischer-Keramikkunst-283.jpg\"><img loading=\"lazy\" src=\"http:\/\/museumek.eu\/wp-content\/uploads\/2011\/08\/Museum-Europ\u00e4ischer-Keramikkunst-283-300x261.jpg\" alt=\"\" title=\"Museum Europ\u00e4ischer Keramikkunst 283\" width=\"300\" height=\"261\" class=\"alignnone size-medium wp-image-1000\" srcset=\"https:\/\/museumek.eu\/wp-content\/uploads\/2011\/08\/Museum-Europ\u00e4ischer-Keramikkunst-283-300x261.jpg 300w, https:\/\/museumek.eu\/wp-content\/uploads\/2011\/08\/Museum-Europ\u00e4ischer-Keramikkunst-283-344x300.jpg 344w, https:\/\/museumek.eu\/wp-content\/uploads\/2011\/08\/Museum-Europ\u00e4ischer-Keramikkunst-283.jpg 633w\" sizes=\"(max-width: 300px) 100vw, 300px\" \/><\/a><\/p>\n<p><strong>Abteilung Austria\/Ungarn\/B\u00f6hmen, Keramik 1860 \u2013 1960, Inventarnummer A\/XII\/2<\/strong><\/p>\n<p>Manufaktur Eduard Klablena (attr.), Austria, Langenzersdorf (Ausf. evtl. Magdeburg), um 1910, Krug, K\u00fcnstler Eduard Klablena, Werks.-Nr. ohne, Exemplar Nr. Unikat, gemarkt gespiegeltes EK sowie Handarbeit gemalt, signiert = gemarkt, Literatur: Waltraud Neuwirth, Wiener Keramik, Seite 476, wie Marke 169, vermutlich eine seiner ersten keramischen Arbeiten aus der Zeit um 1910, als er im Raum Magdeburg bei einem einheimischem T\u00f6pfer das Arbeiten mit Keramik gelernt hat, siehe dazu auch Literatur: Uta M. Matschiner, Wiener Kunstkeramik und Porzellanmanufaktur Keramos, Seite 206, Biografie des K\u00fcnstlers, der Krug ist noch nicht perfekt ausgef\u00fchrt, Werk eines Lernenden, H\u00f6he 24 cm, Breite 21 cm<\/p>\n<p><a href=\"http:\/\/museumek.eu\/wp-content\/uploads\/2011\/08\/Museum-Europ\u00e4ischer-Keramikkunst-866.jpg\"><img loading=\"lazy\" src=\"http:\/\/museumek.eu\/wp-content\/uploads\/2011\/08\/Museum-Europ\u00e4ischer-Keramikkunst-866-269x300.jpg\" alt=\"\" title=\"Museum Europ\u00e4ischer Keramikkunst 866\" width=\"269\" height=\"300\" class=\"alignnone size-medium wp-image-2413\" srcset=\"https:\/\/museumek.eu\/wp-content\/uploads\/2011\/08\/Museum-Europ\u00e4ischer-Keramikkunst-866-269x300.jpg 269w, https:\/\/museumek.eu\/wp-content\/uploads\/2011\/08\/Museum-Europ\u00e4ischer-Keramikkunst-866.jpg 633w\" sizes=\"(max-width: 269px) 100vw, 269px\" \/><\/a><\/p>\n<p><a href=\"http:\/\/museumek.eu\/wp-content\/uploads\/2011\/08\/Museum-Europ\u00e4ischer-Keramikkunst-868.jpg\"><img loading=\"lazy\" src=\"http:\/\/museumek.eu\/wp-content\/uploads\/2011\/08\/Museum-Europ\u00e4ischer-Keramikkunst-868-300x164.jpg\" alt=\"\" title=\"Museum Europ\u00e4ischer Keramikkunst 868\" width=\"300\" height=\"164\" class=\"alignnone size-medium wp-image-2414\" srcset=\"https:\/\/museumek.eu\/wp-content\/uploads\/2011\/08\/Museum-Europ\u00e4ischer-Keramikkunst-868-300x164.jpg 300w, https:\/\/museumek.eu\/wp-content\/uploads\/2011\/08\/Museum-Europ\u00e4ischer-Keramikkunst-868-500x274.jpg 500w, https:\/\/museumek.eu\/wp-content\/uploads\/2011\/08\/Museum-Europ\u00e4ischer-Keramikkunst-868.jpg 764w\" sizes=\"(max-width: 300px) 100vw, 300px\" \/><\/a><\/p>\n<p><strong>Abteilung Austria\/Ungarn\/B\u00f6hmen, Keramik 1860 \u2013 1960, Inventarnummer A\/XII\/3<\/strong><\/p>\n<p>Manufaktur Eduard Klablena, Austria, Langenzersdorf, um 1912, Figur spielende B\u00e4ren, K\u00fcnstler Eduard Klablena, Werks.-Nr. 4 c, Exemplar Nr. ohne, gemarkt gespiegeltes EK schwarz gemalt, 4 c geritzt, mit Bleistift kaum lesbar evtl. Langenzersdorf, signiert = gemarkt, Literatur: Waltraud Neuwirth, Wiener Keramik, Seite 476, Marke 169 identisch, weitere Literatur: Uta M. Matschiner, Wiener Kunstkeramik und Porzellanmanufaktur Keramos, Seite 206, Biografie des K\u00fcnstlers, unter den rund 200 Modellen, die Klablena an die Manufaktur Keramos zur Produktion weitergab, ist die MEK Figur nicht enthalten, da die MEK Figur auch keinen Stempel der Wiener Werkst\u00e4tte (\u00fcber die WW wurden auch Modelle von Klablena verkauft) tr\u00e4gt, ist davon auszugehen, dass die Figur von Klablena allein vertrieben worden ist, eine weitere nachweisbare Figur konnte nicht recherchiert werden, auch nicht in der gro\u00dfen Klablena Sammlung der Wiener Galerie bei der Albertina, siehe dazu Literatur: Christa Zetter und Katharina Zetter-Karner, Kleine Preise vor gro\u00dfem Umbau, Galerie bei der Albertina, Jahr 2010, Seiten 70 bis 72, dort nicht aufgef\u00fchrt, siehe auch Auktionshaus Quittenbaum, 86. Auktion, Jugendstil \u2013 Art D\u00e9co, vom 20.10.2009, Lot Nr. 424, ein 12,2 cm hoher Affe von Klablena, H\u00f6he 15,5 cm, Breite 21 cm<\/p>\n<p><a href=\"http:\/\/museumek.eu\/wp-content\/uploads\/2012\/07\/Museum-Europ\u00e4ischer-Keramikkunst-2575.jpg\"><img loading=\"lazy\" src=\"http:\/\/museumek.eu\/wp-content\/uploads\/2012\/07\/Museum-Europ\u00e4ischer-Keramikkunst-2575-300x223.jpg\" alt=\"\" title=\"Museum Europ\u00e4ischer Keramikkunst 2575\" width=\"300\" height=\"223\" class=\"alignnone size-medium wp-image-12081\" srcset=\"https:\/\/museumek.eu\/wp-content\/uploads\/2012\/07\/Museum-Europ\u00e4ischer-Keramikkunst-2575-300x223.jpg 300w, https:\/\/museumek.eu\/wp-content\/uploads\/2012\/07\/Museum-Europ\u00e4ischer-Keramikkunst-2575-402x300.jpg 402w, https:\/\/museumek.eu\/wp-content\/uploads\/2012\/07\/Museum-Europ\u00e4ischer-Keramikkunst-2575.jpg 902w\" sizes=\"(max-width: 300px) 100vw, 300px\" \/><\/a><\/p>\n<p><a href=\"http:\/\/museumek.eu\/wp-content\/uploads\/2012\/07\/Museum-Europ\u00e4ischer-Keramikkunst-2576.jpg\"><img loading=\"lazy\" src=\"http:\/\/museumek.eu\/wp-content\/uploads\/2012\/07\/Museum-Europ\u00e4ischer-Keramikkunst-2576-300x139.jpg\" alt=\"\" title=\"Museum Europ\u00e4ischer Keramikkunst 2576\" width=\"300\" height=\"139\" class=\"alignnone size-medium wp-image-12082\" srcset=\"https:\/\/museumek.eu\/wp-content\/uploads\/2012\/07\/Museum-Europ\u00e4ischer-Keramikkunst-2576-300x139.jpg 300w, https:\/\/museumek.eu\/wp-content\/uploads\/2012\/07\/Museum-Europ\u00e4ischer-Keramikkunst-2576-500x233.jpg 500w, https:\/\/museumek.eu\/wp-content\/uploads\/2012\/07\/Museum-Europ\u00e4ischer-Keramikkunst-2576.jpg 725w\" sizes=\"(max-width: 300px) 100vw, 300px\" \/><\/a><\/p>\n<p><a href=\"http:\/\/museumek.eu\/wp-content\/uploads\/2011\/09\/Z-Klablena.jpg\"><img loading=\"lazy\" src=\"http:\/\/museumek.eu\/wp-content\/uploads\/2011\/09\/Z-Klablena-300x158.jpg\" alt=\"\" title=\"Z Klablena\" width=\"300\" height=\"158\" class=\"alignnone size-medium wp-image-18865\" srcset=\"https:\/\/museumek.eu\/wp-content\/uploads\/2011\/09\/Z-Klablena-300x158.jpg 300w, https:\/\/museumek.eu\/wp-content\/uploads\/2011\/09\/Z-Klablena-500x264.jpg 500w, https:\/\/museumek.eu\/wp-content\/uploads\/2011\/09\/Z-Klablena.jpg 604w\" sizes=\"(max-width: 300px) 100vw, 300px\" \/><\/a><\/p>\n","protected":false},"excerpt":{"rendered":"<p>Abteilung Austria\/Ungarn\/B\u00f6hmen, Keramik 1860 \u2013 1960, Inventarnummer A\/XII\/1 Manufaktur Eduard Klablena (attr.), Austria, Langenzersdorf, um 1915, Figur Sitzender Hase, K\u00fcnstler Eduard Klablena, Werksnummer 112, Exemplar Nr. ohne, gemarkt 112 gepresst, evtl. WW geritzt (schwer lesbar), nicht signiert, Literatur: Uta M. &hellip; <a href=\"https:\/\/museumek.eu\/?page_id=4678\">Weiterlesen <span class=\"meta-nav\">&rarr;<\/span><\/a><\/p>\n","protected":false},"author":1,"featured_media":0,"parent":2691,"menu_order":0,"comment_status":"closed","ping_status":"closed","template":"","meta":[],"_links":{"self":[{"href":"https:\/\/museumek.eu\/index.php?rest_route=\/wp\/v2\/pages\/4678"}],"collection":[{"href":"https:\/\/museumek.eu\/index.php?rest_route=\/wp\/v2\/pages"}],"about":[{"href":"https:\/\/museumek.eu\/index.php?rest_route=\/wp\/v2\/types\/page"}],"author":[{"embeddable":true,"href":"https:\/\/museumek.eu\/index.php?rest_route=\/wp\/v2\/users\/1"}],"replies":[{"embeddable":true,"href":"https:\/\/museumek.eu\/index.php?rest_route=%2Fwp%2Fv2%2Fcomments&post=4678"}],"version-history":[{"count":6,"href":"https:\/\/museumek.eu\/index.php?rest_route=\/wp\/v2\/pages\/4678\/revisions"}],"predecessor-version":[{"id":18866,"href":"https:\/\/museumek.eu\/index.php?rest_route=\/wp\/v2\/pages\/4678\/revisions\/18866"}],"up":[{"embeddable":true,"href":"https:\/\/museumek.eu\/index.php?rest_route=\/wp\/v2\/pages\/2691"}],"wp:attachment":[{"href":"https:\/\/museumek.eu\/index.php?rest_route=%2Fwp%2Fv2%2Fmedia&parent=4678"}],"curies":[{"name":"wp","href":"https:\/\/api.w.org\/{rel}","templated":true}]}}