{"id":47265,"date":"2020-06-06T22:52:09","date_gmt":"2020-06-06T20:52:09","guid":{"rendered":"http:\/\/museumek.eu\/?page_id=47265"},"modified":"2020-06-06T22:52:09","modified_gmt":"2020-06-06T20:52:09","slug":"faiencerie-de-longwy-und-nachf-societe-anonyme-des-faienceries-de-longwy","status":"publish","type":"page","link":"https:\/\/museumek.eu\/?page_id=47265","title":{"rendered":"Fa\u00efencerie de Longwy und Nachf. Soci\u00e9t\u00e9 anonyme des Fa\u00efenceries de Longwy"},"content":{"rendered":"","protected":false},"excerpt":{"rendered":"","protected":false},"author":1,"featured_media":0,"parent":2157,"menu_order":54,"comment_status":"closed","ping_status":"open","template":"","meta":[],"_links":{"self":[{"href":"https:\/\/museumek.eu\/index.php?rest_route=\/wp\/v2\/pages\/47265"}],"collection":[{"href":"https:\/\/museumek.eu\/index.php?rest_route=\/wp\/v2\/pages"}],"about":[{"href":"https:\/\/museumek.eu\/index.php?rest_route=\/wp\/v2\/types\/page"}],"author":[{"embeddable":true,"href":"https:\/\/museumek.eu\/index.php?rest_route=\/wp\/v2\/users\/1"}],"replies":[{"embeddable":true,"href":"https:\/\/museumek.eu\/index.php?rest_route=%2Fwp%2Fv2%2Fcomments&post=47265"}],"version-history":[{"count":1,"href":"https:\/\/museumek.eu\/index.php?rest_route=\/wp\/v2\/pages\/47265\/revisions"}],"predecessor-version":[{"id":47266,"href":"https:\/\/museumek.eu\/index.php?rest_route=\/wp\/v2\/pages\/47265\/revisions\/47266"}],"up":[{"embeddable":true,"href":"https:\/\/museumek.eu\/index.php?rest_route=\/wp\/v2\/pages\/2157"}],"wp:attachment":[{"href":"https:\/\/museumek.eu\/index.php?rest_route=%2Fwp%2Fv2%2Fmedia&parent=47265"}],"curies":[{"name":"wp","href":"https:\/\/api.w.org\/{rel}","templated":true}]}}