{"id":47494,"date":"2020-06-12T21:23:23","date_gmt":"2020-06-12T19:23:23","guid":{"rendered":"http:\/\/museumek.eu\/?page_id=47494"},"modified":"2020-06-12T22:20:38","modified_gmt":"2020-06-12T20:20:38","slug":"dviii41","status":"publish","type":"page","link":"https:\/\/museumek.eu\/?page_id=47494","title":{"rendered":"D\/VIII\/41"},"content":{"rendered":"<p><strong>Abteilung Deutschland, Keramik 1860 \u2013 1960, Inventarnummer D\/VIII\/41<\/strong><\/p>\n<p>Villeroy &#038; Boch, Deutschland, Mettlach, 1901, Seidel, K\u00fcnstler unbekannt, Werks.-Nr. 1909, Exemplar Nr. ohne, gemarkt keine Turmmarke aber, 1909 (Formnummer), 01 (f\u00fcr Jahr 1901), II (Gr\u00f6\u00dfennummer) sowie 1 (Qualit\u00e4tskontrollnummer) gepresst, sowie \u00bd L gepresst, nicht signiert, Literatur: Gary Kirsner, The Mettlach Book, Seite 23, Erkl\u00e4rungen der Bodenbezeichnungen, Seite 33, Beschreibung von PUG sowie Seite 214, dort unter 1909 ein Formgleicher Krug mit anderer Werbung abgebildet, Ausf\u00fchrung PUG (print under Glasur), Hohlboden, Zinndeckel und Montur wohl ebenfalls von VB da wie \u00fcblich 5 Scharniere des Scharnieres, Zinndeckel mit Motiv vom Hofbr\u00e4uhaus M\u00fcnchen und Beschriftung K\u00d6NIGL HOFBR\u00c4UHAUS M\u00dcNCHEN, Namensritzung des Krugbesitzers E. A. Erhard,<br \/>\nH\u00f6he 16 cm (nur die Keramik), Breite 14 cm<\/p>\n<p><a href=\"http:\/\/museumek.eu\/?attachment_id=47463\" rel=\"attachment wp-att-47463\"><img loading=\"lazy\" src=\"http:\/\/museumek.eu\/wp-content\/uploads\/2011\/09\/VB-HB-Krug-1-166x300.jpg\" alt=\"\" title=\"VB HB Krug 1\" width=\"166\" height=\"300\" class=\"alignnone size-medium wp-image-47463\" srcset=\"https:\/\/museumek.eu\/wp-content\/uploads\/2011\/09\/VB-HB-Krug-1-166x300.jpg 166w, https:\/\/museumek.eu\/wp-content\/uploads\/2011\/09\/VB-HB-Krug-1-83x150.jpg 83w, https:\/\/museumek.eu\/wp-content\/uploads\/2011\/09\/VB-HB-Krug-1.jpg 355w\" sizes=\"(max-width: 166px) 100vw, 166px\" \/><\/a><\/p>\n<p><a href=\"http:\/\/museumek.eu\/?attachment_id=47464\" rel=\"attachment wp-att-47464\"><img loading=\"lazy\" src=\"http:\/\/museumek.eu\/wp-content\/uploads\/2011\/09\/VB-HB-Krug-2-202x300.jpg\" alt=\"\" title=\"VB HB Krug 2\" width=\"202\" height=\"300\" class=\"alignnone size-medium wp-image-47464\" srcset=\"https:\/\/museumek.eu\/wp-content\/uploads\/2011\/09\/VB-HB-Krug-2-202x300.jpg 202w, https:\/\/museumek.eu\/wp-content\/uploads\/2011\/09\/VB-HB-Krug-2-101x150.jpg 101w, https:\/\/museumek.eu\/wp-content\/uploads\/2011\/09\/VB-HB-Krug-2.jpg 432w\" sizes=\"(max-width: 202px) 100vw, 202px\" \/><\/a><\/p>\n<p><a href=\"http:\/\/museumek.eu\/?attachment_id=47468\" rel=\"attachment wp-att-47468\"><img loading=\"lazy\" src=\"http:\/\/museumek.eu\/wp-content\/uploads\/2011\/09\/VB-HB-Krug-3-148x300.jpg\" alt=\"\" title=\"VB HB Krug 3\" width=\"148\" height=\"300\" class=\"alignnone size-medium wp-image-47468\" srcset=\"https:\/\/museumek.eu\/wp-content\/uploads\/2011\/09\/VB-HB-Krug-3-148x300.jpg 148w, https:\/\/museumek.eu\/wp-content\/uploads\/2011\/09\/VB-HB-Krug-3-74x150.jpg 74w, https:\/\/museumek.eu\/wp-content\/uploads\/2011\/09\/VB-HB-Krug-3.jpg 316w\" sizes=\"(max-width: 148px) 100vw, 148px\" \/><\/a><\/p>\n<p><a href=\"http:\/\/museumek.eu\/?attachment_id=47469\" rel=\"attachment wp-att-47469\"><img loading=\"lazy\" src=\"http:\/\/museumek.eu\/wp-content\/uploads\/2011\/09\/VB-HB-Krug-4-147x300.jpg\" alt=\"\" title=\"VB HB Krug 4\" width=\"147\" height=\"300\" class=\"alignnone size-medium wp-image-47469\" srcset=\"https:\/\/museumek.eu\/wp-content\/uploads\/2011\/09\/VB-HB-Krug-4-147x300.jpg 147w, https:\/\/museumek.eu\/wp-content\/uploads\/2011\/09\/VB-HB-Krug-4-73x150.jpg 73w, https:\/\/museumek.eu\/wp-content\/uploads\/2011\/09\/VB-HB-Krug-4.jpg 315w\" sizes=\"(max-width: 147px) 100vw, 147px\" \/><\/a><\/p>\n<p><a href=\"http:\/\/museumek.eu\/?attachment_id=47470\" rel=\"attachment wp-att-47470\"><img loading=\"lazy\" src=\"http:\/\/museumek.eu\/wp-content\/uploads\/2011\/09\/VB-HB-Krug-5-194x300.jpg\" alt=\"\" title=\"VB HB Krug 5\" width=\"194\" height=\"300\" class=\"alignnone size-medium wp-image-47470\" srcset=\"https:\/\/museumek.eu\/wp-content\/uploads\/2011\/09\/VB-HB-Krug-5-194x300.jpg 194w, https:\/\/museumek.eu\/wp-content\/uploads\/2011\/09\/VB-HB-Krug-5-97x150.jpg 97w, https:\/\/museumek.eu\/wp-content\/uploads\/2011\/09\/VB-HB-Krug-5.jpg 414w\" sizes=\"(max-width: 194px) 100vw, 194px\" \/><\/a><\/p>\n<p><a href=\"http:\/\/museumek.eu\/?attachment_id=47473\" rel=\"attachment wp-att-47473\"><img loading=\"lazy\" src=\"http:\/\/museumek.eu\/wp-content\/uploads\/2011\/09\/VB-HB-Krug-6-127x300.jpg\" alt=\"\" title=\"VB HB Krug 6\" width=\"127\" height=\"300\" class=\"alignnone size-medium wp-image-47473\" srcset=\"https:\/\/museumek.eu\/wp-content\/uploads\/2011\/09\/VB-HB-Krug-6-127x300.jpg 127w, https:\/\/museumek.eu\/wp-content\/uploads\/2011\/09\/VB-HB-Krug-6-63x150.jpg 63w\" sizes=\"(max-width: 127px) 100vw, 127px\" \/><\/a><\/p>\n<p><a href=\"http:\/\/museumek.eu\/?attachment_id=47474\" rel=\"attachment wp-att-47474\"><img loading=\"lazy\" src=\"http:\/\/museumek.eu\/wp-content\/uploads\/2011\/09\/VB-HB-Krug-7-249x300.jpg\" alt=\"\" title=\"VB HB Krug 7\" width=\"249\" height=\"300\" class=\"alignnone size-medium wp-image-47474\" srcset=\"https:\/\/museumek.eu\/wp-content\/uploads\/2011\/09\/VB-HB-Krug-7-249x300.jpg 249w, https:\/\/museumek.eu\/wp-content\/uploads\/2011\/09\/VB-HB-Krug-7-124x150.jpg 124w, https:\/\/museumek.eu\/wp-content\/uploads\/2011\/09\/VB-HB-Krug-7.jpg 480w\" sizes=\"(max-width: 249px) 100vw, 249px\" \/><\/a><\/p>\n<p><a href=\"http:\/\/museumek.eu\/?attachment_id=47475\" rel=\"attachment wp-att-47475\"><img loading=\"lazy\" src=\"http:\/\/museumek.eu\/wp-content\/uploads\/2011\/09\/VB-HB-Krug-8-256x300.jpg\" alt=\"\" title=\"VB HB Krug 8\" width=\"256\" height=\"300\" class=\"alignnone size-medium wp-image-47475\" srcset=\"https:\/\/museumek.eu\/wp-content\/uploads\/2011\/09\/VB-HB-Krug-8-256x300.jpg 256w, https:\/\/museumek.eu\/wp-content\/uploads\/2011\/09\/VB-HB-Krug-8-128x150.jpg 128w, https:\/\/museumek.eu\/wp-content\/uploads\/2011\/09\/VB-HB-Krug-8.jpg 480w\" sizes=\"(max-width: 256px) 100vw, 256px\" \/><\/a><\/p>\n<p><a href=\"http:\/\/museumek.eu\/?attachment_id=47478\" rel=\"attachment wp-att-47478\"><img loading=\"lazy\" src=\"http:\/\/museumek.eu\/wp-content\/uploads\/2011\/09\/VB-HB-Krug-9-296x300.jpg\" alt=\"\" title=\"VB HB Krug 9\" width=\"296\" height=\"300\" class=\"alignnone size-medium wp-image-47478\" srcset=\"https:\/\/museumek.eu\/wp-content\/uploads\/2011\/09\/VB-HB-Krug-9-296x300.jpg 296w, https:\/\/museumek.eu\/wp-content\/uploads\/2011\/09\/VB-HB-Krug-9-148x150.jpg 148w, https:\/\/museumek.eu\/wp-content\/uploads\/2011\/09\/VB-HB-Krug-9.jpg 480w\" sizes=\"(max-width: 296px) 100vw, 296px\" \/><\/a><\/p>\n<p><a href=\"http:\/\/museumek.eu\/?attachment_id=47479\" rel=\"attachment wp-att-47479\"><img loading=\"lazy\" src=\"http:\/\/museumek.eu\/wp-content\/uploads\/2011\/09\/VB-HB-Krug-10-300x171.jpg\" alt=\"\" title=\"VB HB Krug 10\" width=\"300\" height=\"171\" class=\"alignnone size-medium wp-image-47479\" srcset=\"https:\/\/museumek.eu\/wp-content\/uploads\/2011\/09\/VB-HB-Krug-10-300x171.jpg 300w, https:\/\/museumek.eu\/wp-content\/uploads\/2011\/09\/VB-HB-Krug-10-150x85.jpg 150w, https:\/\/museumek.eu\/wp-content\/uploads\/2011\/09\/VB-HB-Krug-10-500x285.jpg 500w, https:\/\/museumek.eu\/wp-content\/uploads\/2011\/09\/VB-HB-Krug-10.jpg 640w\" sizes=\"(max-width: 300px) 100vw, 300px\" \/><\/a><\/p>\n<p><a href=\"http:\/\/museumek.eu\/?attachment_id=47480\" rel=\"attachment wp-att-47480\"><img loading=\"lazy\" src=\"http:\/\/museumek.eu\/wp-content\/uploads\/2011\/09\/VB-HB-Krug-11-200x300.jpg\" alt=\"\" title=\"VB HB Krug 11\" width=\"200\" height=\"300\" class=\"alignnone size-medium wp-image-47480\" srcset=\"https:\/\/museumek.eu\/wp-content\/uploads\/2011\/09\/VB-HB-Krug-11-200x300.jpg 200w, https:\/\/museumek.eu\/wp-content\/uploads\/2011\/09\/VB-HB-Krug-11-100x150.jpg 100w, https:\/\/museumek.eu\/wp-content\/uploads\/2011\/09\/VB-HB-Krug-11.jpg 428w\" sizes=\"(max-width: 200px) 100vw, 200px\" \/><\/a><\/p>\n<p><a href=\"http:\/\/museumek.eu\/?attachment_id=47483\" rel=\"attachment wp-att-47483\"><img loading=\"lazy\" src=\"http:\/\/museumek.eu\/wp-content\/uploads\/2011\/09\/VB-HB-Krug-12-290x300.jpg\" alt=\"\" title=\"VB HB Krug 12\" width=\"290\" height=\"300\" class=\"alignnone size-medium wp-image-47483\" srcset=\"https:\/\/museumek.eu\/wp-content\/uploads\/2011\/09\/VB-HB-Krug-12-290x300.jpg 290w, https:\/\/museumek.eu\/wp-content\/uploads\/2011\/09\/VB-HB-Krug-12-145x150.jpg 145w, https:\/\/museumek.eu\/wp-content\/uploads\/2011\/09\/VB-HB-Krug-12.jpg 480w\" sizes=\"(max-width: 290px) 100vw, 290px\" \/><\/a><\/p>\n<p><a href=\"http:\/\/museumek.eu\/?attachment_id=47484\" rel=\"attachment wp-att-47484\"><img loading=\"lazy\" src=\"http:\/\/museumek.eu\/wp-content\/uploads\/2011\/09\/VB-HB-Krug-13-300x138.jpg\" alt=\"\" title=\"VB HB Krug 13\" width=\"300\" height=\"138\" class=\"alignnone size-medium wp-image-47484\" srcset=\"https:\/\/museumek.eu\/wp-content\/uploads\/2011\/09\/VB-HB-Krug-13-300x138.jpg 300w, https:\/\/museumek.eu\/wp-content\/uploads\/2011\/09\/VB-HB-Krug-13-150x69.jpg 150w, https:\/\/museumek.eu\/wp-content\/uploads\/2011\/09\/VB-HB-Krug-13-500x230.jpg 500w, https:\/\/museumek.eu\/wp-content\/uploads\/2011\/09\/VB-HB-Krug-13.jpg 640w\" sizes=\"(max-width: 300px) 100vw, 300px\" \/><\/a><\/p>\n<p><a href=\"http:\/\/museumek.eu\/?attachment_id=47485\" rel=\"attachment wp-att-47485\"><img loading=\"lazy\" src=\"http:\/\/museumek.eu\/wp-content\/uploads\/2011\/09\/VB-HB-Krug-14-300x99.jpg\" alt=\"\" title=\"VB HB Krug 14\" width=\"300\" height=\"99\" class=\"alignnone size-medium wp-image-47485\" srcset=\"https:\/\/museumek.eu\/wp-content\/uploads\/2011\/09\/VB-HB-Krug-14-300x99.jpg 300w, https:\/\/museumek.eu\/wp-content\/uploads\/2011\/09\/VB-HB-Krug-14-150x49.jpg 150w, https:\/\/museumek.eu\/wp-content\/uploads\/2011\/09\/VB-HB-Krug-14-500x166.jpg 500w, https:\/\/museumek.eu\/wp-content\/uploads\/2011\/09\/VB-HB-Krug-14.jpg 640w\" sizes=\"(max-width: 300px) 100vw, 300px\" \/><\/a><\/p>\n","protected":false},"excerpt":{"rendered":"<p>Abteilung Deutschland, Keramik 1860 \u2013 1960, Inventarnummer D\/VIII\/41 Villeroy &#038; Boch, Deutschland, Mettlach, 1901, Seidel, K\u00fcnstler unbekannt, Werks.-Nr. 1909, Exemplar Nr. ohne, gemarkt keine Turmmarke aber, 1909 (Formnummer), 01 (f\u00fcr Jahr 1901), II (Gr\u00f6\u00dfennummer) sowie 1 (Qualit\u00e4tskontrollnummer) gepresst, sowie \u00bd &hellip; <a href=\"https:\/\/museumek.eu\/?page_id=47494\">Weiterlesen <span class=\"meta-nav\">&rarr;<\/span><\/a><\/p>\n","protected":false},"author":1,"featured_media":0,"parent":47443,"menu_order":0,"comment_status":"closed","ping_status":"open","template":"","meta":[],"_links":{"self":[{"href":"https:\/\/museumek.eu\/index.php?rest_route=\/wp\/v2\/pages\/47494"}],"collection":[{"href":"https:\/\/museumek.eu\/index.php?rest_route=\/wp\/v2\/pages"}],"about":[{"href":"https:\/\/museumek.eu\/index.php?rest_route=\/wp\/v2\/types\/page"}],"author":[{"embeddable":true,"href":"https:\/\/museumek.eu\/index.php?rest_route=\/wp\/v2\/users\/1"}],"replies":[{"embeddable":true,"href":"https:\/\/museumek.eu\/index.php?rest_route=%2Fwp%2Fv2%2Fcomments&post=47494"}],"version-history":[{"count":4,"href":"https:\/\/museumek.eu\/index.php?rest_route=\/wp\/v2\/pages\/47494\/revisions"}],"predecessor-version":[{"id":47500,"href":"https:\/\/museumek.eu\/index.php?rest_route=\/wp\/v2\/pages\/47494\/revisions\/47500"}],"up":[{"embeddable":true,"href":"https:\/\/museumek.eu\/index.php?rest_route=\/wp\/v2\/pages\/47443"}],"wp:attachment":[{"href":"https:\/\/museumek.eu\/index.php?rest_route=%2Fwp%2Fv2%2Fmedia&parent=47494"}],"curies":[{"name":"wp","href":"https:\/\/api.w.org\/{rel}","templated":true}]}}