{"id":4793,"date":"2011-09-23T15:25:19","date_gmt":"2011-09-23T13:25:19","guid":{"rendered":"http:\/\/museumek.eu\/?page_id=4793"},"modified":"2012-10-28T17:20:56","modified_gmt":"2012-10-28T16:20:56","slug":"daii1","status":"publish","type":"page","link":"https:\/\/museumek.eu\/?page_id=4793","title":{"rendered":"D\u00e4\/II\/1"},"content":{"rendered":"<p><strong>Abteilung D\u00e4nemark, Keramik 1860 \u2013 1960, Inventarnummer D\u00e4\/II\/1<\/strong><\/p>\n<p>Manufaktur Christian Madsen, D\u00e4nemark, Kopenhagen, um 1915, Vase, K\u00fcnstler Christian Madsen, Werks.-Nr. H 10, Exemplar Nr. ohne, gemarkt Ritzmarke der K\u00fcnstlersignatur, H 10 rot gemalt, signiert = gemarkt, Madsen war ab 1905 u. a. auch als freier Mitarbeiter der Porzellanmanufaktur Royal Kopenhagen t\u00e4tig, H\u00f6he 14,5 cm, Breite 9,5 cm<\/p>\n<p><a href=\"http:\/\/museumek.eu\/wp-content\/uploads\/2011\/09\/Museum-Europ\u00e4ischer-Keramikkunst-10441.jpg\"><img loading=\"lazy\" src=\"http:\/\/museumek.eu\/wp-content\/uploads\/2011\/09\/Museum-Europ\u00e4ischer-Keramikkunst-10441-197x300.jpg\" alt=\"\" title=\"Museum Europ\u00e4ischer Keramikkunst 1044\" width=\"197\" height=\"300\" class=\"alignnone size-medium wp-image-4794\" srcset=\"https:\/\/museumek.eu\/wp-content\/uploads\/2011\/09\/Museum-Europ\u00e4ischer-Keramikkunst-10441-197x300.jpg 197w, https:\/\/museumek.eu\/wp-content\/uploads\/2011\/09\/Museum-Europ\u00e4ischer-Keramikkunst-10441.jpg 428w\" sizes=\"(max-width: 197px) 100vw, 197px\" \/><\/a><\/p>\n<p><a href=\"http:\/\/museumek.eu\/wp-content\/uploads\/2011\/09\/Museum-Europ\u00e4ischer-Keramikkunst-10431.jpg\"><img loading=\"lazy\" src=\"http:\/\/museumek.eu\/wp-content\/uploads\/2011\/09\/Museum-Europ\u00e4ischer-Keramikkunst-10431-246x300.jpg\" alt=\"\" title=\"Museum Europ\u00e4ischer Keramikkunst 1043\" width=\"246\" height=\"300\" class=\"alignnone size-medium wp-image-4795\" srcset=\"https:\/\/museumek.eu\/wp-content\/uploads\/2011\/09\/Museum-Europ\u00e4ischer-Keramikkunst-10431-246x300.jpg 246w, https:\/\/museumek.eu\/wp-content\/uploads\/2011\/09\/Museum-Europ\u00e4ischer-Keramikkunst-10431.jpg 511w\" sizes=\"(max-width: 246px) 100vw, 246px\" \/><\/a><\/p>\n","protected":false},"excerpt":{"rendered":"<p>Abteilung D\u00e4nemark, Keramik 1860 \u2013 1960, Inventarnummer D\u00e4\/II\/1 Manufaktur Christian Madsen, D\u00e4nemark, Kopenhagen, um 1915, Vase, K\u00fcnstler Christian Madsen, Werks.-Nr. H 10, Exemplar Nr. ohne, gemarkt Ritzmarke der K\u00fcnstlersignatur, H 10 rot gemalt, signiert = gemarkt, Madsen war ab 1905 &hellip; <a href=\"https:\/\/museumek.eu\/?page_id=4793\">Weiterlesen <span class=\"meta-nav\">&rarr;<\/span><\/a><\/p>\n","protected":false},"author":1,"featured_media":0,"parent":4790,"menu_order":1,"comment_status":"closed","ping_status":"closed","template":"","meta":[],"_links":{"self":[{"href":"https:\/\/museumek.eu\/index.php?rest_route=\/wp\/v2\/pages\/4793"}],"collection":[{"href":"https:\/\/museumek.eu\/index.php?rest_route=\/wp\/v2\/pages"}],"about":[{"href":"https:\/\/museumek.eu\/index.php?rest_route=\/wp\/v2\/types\/page"}],"author":[{"embeddable":true,"href":"https:\/\/museumek.eu\/index.php?rest_route=\/wp\/v2\/users\/1"}],"replies":[{"embeddable":true,"href":"https:\/\/museumek.eu\/index.php?rest_route=%2Fwp%2Fv2%2Fcomments&post=4793"}],"version-history":[{"count":3,"href":"https:\/\/museumek.eu\/index.php?rest_route=\/wp\/v2\/pages\/4793\/revisions"}],"predecessor-version":[{"id":15972,"href":"https:\/\/museumek.eu\/index.php?rest_route=\/wp\/v2\/pages\/4793\/revisions\/15972"}],"up":[{"embeddable":true,"href":"https:\/\/museumek.eu\/index.php?rest_route=\/wp\/v2\/pages\/4790"}],"wp:attachment":[{"href":"https:\/\/museumek.eu\/index.php?rest_route=%2Fwp%2Fv2%2Fmedia&parent=4793"}],"curies":[{"name":"wp","href":"https:\/\/api.w.org\/{rel}","templated":true}]}}