{"id":48147,"date":"2020-07-26T19:20:52","date_gmt":"2020-07-26T17:20:52","guid":{"rendered":"http:\/\/museumek.eu\/?page_id=48147"},"modified":"2020-07-26T19:20:52","modified_gmt":"2020-07-26T17:20:52","slug":"dlxxxii49","status":"publish","type":"page","link":"https:\/\/museumek.eu\/?page_id=48147","title":{"rendered":"D\/LXXXII\/49"},"content":{"rendered":"<p><strong>Abteilung Deutschland, Keramik 1860 \u2013 1960, Inventarnummer D\/LXXXII\/49<\/strong><\/p>\n<p>Westerw\u00e4lder Steinzeug ohne Fabrikzuordnung, Deutschland, Westerwald, um 1900, Krug, K\u00fcnstler unbekannt, Werks.-Nr. 540, Exemplar Nr. ohne, gemarkt keine Fabrikmarke aber 0,5 L. \u00fcber Eichstrich, 540 sowie 3 gepresst, nicht signiert,<br \/>\nH\u00f6he 16 cm, Breite 13 cm (nur die Keramik)<\/p>\n<p><a href=\"http:\/\/museumek.eu\/?attachment_id=48127\" rel=\"attachment wp-att-48127\"><img loading=\"lazy\" src=\"http:\/\/museumek.eu\/wp-content\/uploads\/2013\/05\/Westerwald-Krug-ohne-Zuordnung-Trompeter-von-S\u00e4ckingen-1-150x300.jpg\" alt=\"\" title=\"Westerwald Krug ohne Zuordnung Trompeter von S\u00e4ckingen 1\" width=\"150\" height=\"300\" class=\"alignnone size-medium wp-image-48127\" srcset=\"https:\/\/museumek.eu\/wp-content\/uploads\/2013\/05\/Westerwald-Krug-ohne-Zuordnung-Trompeter-von-S\u00e4ckingen-1-150x300.jpg 150w, https:\/\/museumek.eu\/wp-content\/uploads\/2013\/05\/Westerwald-Krug-ohne-Zuordnung-Trompeter-von-S\u00e4ckingen-1-75x150.jpg 75w, https:\/\/museumek.eu\/wp-content\/uploads\/2013\/05\/Westerwald-Krug-ohne-Zuordnung-Trompeter-von-S\u00e4ckingen-1.jpg 320w\" sizes=\"(max-width: 150px) 100vw, 150px\" \/><\/a><\/p>\n<p><a href=\"http:\/\/museumek.eu\/?attachment_id=48128\" rel=\"attachment wp-att-48128\"><img loading=\"lazy\" src=\"http:\/\/museumek.eu\/wp-content\/uploads\/2013\/05\/Westerwald-Krug-ohne-Zuordnung-Trompeter-von-S\u00e4ckingen-2-190x300.jpg\" alt=\"\" title=\"Westerwald Krug ohne Zuordnung Trompeter von S\u00e4ckingen 2\" width=\"190\" height=\"300\" class=\"alignnone size-medium wp-image-48128\" srcset=\"https:\/\/museumek.eu\/wp-content\/uploads\/2013\/05\/Westerwald-Krug-ohne-Zuordnung-Trompeter-von-S\u00e4ckingen-2-190x300.jpg 190w, https:\/\/museumek.eu\/wp-content\/uploads\/2013\/05\/Westerwald-Krug-ohne-Zuordnung-Trompeter-von-S\u00e4ckingen-2-95x150.jpg 95w, https:\/\/museumek.eu\/wp-content\/uploads\/2013\/05\/Westerwald-Krug-ohne-Zuordnung-Trompeter-von-S\u00e4ckingen-2.jpg 407w\" sizes=\"(max-width: 190px) 100vw, 190px\" \/><\/a><\/p>\n<p><a href=\"http:\/\/museumek.eu\/?attachment_id=48131\" rel=\"attachment wp-att-48131\"><img loading=\"lazy\" src=\"http:\/\/museumek.eu\/wp-content\/uploads\/2013\/05\/Westerwald-Krug-ohne-Zuordnung-Trompeter-von-S\u00e4ckingen-3-185x300.jpg\" alt=\"\" title=\"Westerwald Krug ohne Zuordnung Trompeter von S\u00e4ckingen 3\" width=\"185\" height=\"300\" class=\"alignnone size-medium wp-image-48131\" srcset=\"https:\/\/museumek.eu\/wp-content\/uploads\/2013\/05\/Westerwald-Krug-ohne-Zuordnung-Trompeter-von-S\u00e4ckingen-3-185x300.jpg 185w, https:\/\/museumek.eu\/wp-content\/uploads\/2013\/05\/Westerwald-Krug-ohne-Zuordnung-Trompeter-von-S\u00e4ckingen-3-92x150.jpg 92w, https:\/\/museumek.eu\/wp-content\/uploads\/2013\/05\/Westerwald-Krug-ohne-Zuordnung-Trompeter-von-S\u00e4ckingen-3.jpg 395w\" sizes=\"(max-width: 185px) 100vw, 185px\" \/><\/a><\/p>\n<p><a href=\"http:\/\/museumek.eu\/?attachment_id=48132\" rel=\"attachment wp-att-48132\"><img loading=\"lazy\" src=\"http:\/\/museumek.eu\/wp-content\/uploads\/2013\/05\/Westerwald-Krug-ohne-Zuordnung-Trompeter-von-S\u00e4ckingen-4-135x300.jpg\" alt=\"\" title=\"Westerwald Krug ohne Zuordnung Trompeter von S\u00e4ckingen 4\" width=\"135\" height=\"300\" class=\"alignnone size-medium wp-image-48132\" srcset=\"https:\/\/museumek.eu\/wp-content\/uploads\/2013\/05\/Westerwald-Krug-ohne-Zuordnung-Trompeter-von-S\u00e4ckingen-4-135x300.jpg 135w, https:\/\/museumek.eu\/wp-content\/uploads\/2013\/05\/Westerwald-Krug-ohne-Zuordnung-Trompeter-von-S\u00e4ckingen-4-67x150.jpg 67w\" sizes=\"(max-width: 135px) 100vw, 135px\" \/><\/a><\/p>\n<p><a href=\"http:\/\/museumek.eu\/?attachment_id=48135\" rel=\"attachment wp-att-48135\"><img loading=\"lazy\" src=\"http:\/\/museumek.eu\/wp-content\/uploads\/2013\/05\/Westerwald-Krug-ohne-Zuordnung-Trompeter-von-S\u00e4ckingen-5-131x300.jpg\" alt=\"\" title=\"Westerwald Krug ohne Zuordnung Trompeter von S\u00e4ckingen 5\" width=\"131\" height=\"300\" class=\"alignnone size-medium wp-image-48135\" srcset=\"https:\/\/museumek.eu\/wp-content\/uploads\/2013\/05\/Westerwald-Krug-ohne-Zuordnung-Trompeter-von-S\u00e4ckingen-5-131x300.jpg 131w, https:\/\/museumek.eu\/wp-content\/uploads\/2013\/05\/Westerwald-Krug-ohne-Zuordnung-Trompeter-von-S\u00e4ckingen-5-65x150.jpg 65w\" sizes=\"(max-width: 131px) 100vw, 131px\" \/><\/a><\/p>\n<p><a href=\"http:\/\/museumek.eu\/?attachment_id=48136\" rel=\"attachment wp-att-48136\"><img loading=\"lazy\" src=\"http:\/\/museumek.eu\/wp-content\/uploads\/2013\/05\/Westerwald-Krug-ohne-Zuordnung-Trompeter-von-S\u00e4ckingen-6-152x300.jpg\" alt=\"\" title=\"Westerwald Krug ohne Zuordnung Trompeter von S\u00e4ckingen 6\" width=\"152\" height=\"300\" class=\"alignnone size-medium wp-image-48136\" srcset=\"https:\/\/museumek.eu\/wp-content\/uploads\/2013\/05\/Westerwald-Krug-ohne-Zuordnung-Trompeter-von-S\u00e4ckingen-6-152x300.jpg 152w, https:\/\/museumek.eu\/wp-content\/uploads\/2013\/05\/Westerwald-Krug-ohne-Zuordnung-Trompeter-von-S\u00e4ckingen-6-76x150.jpg 76w\" sizes=\"(max-width: 152px) 100vw, 152px\" \/><\/a><\/p>\n<p><a href=\"http:\/\/museumek.eu\/?attachment_id=48139\" rel=\"attachment wp-att-48139\"><img loading=\"lazy\" src=\"http:\/\/museumek.eu\/wp-content\/uploads\/2013\/05\/Westerwald-Krug-ohne-Zuordnung-Trompeter-von-S\u00e4ckingen-7-168x300.jpg\" alt=\"\" title=\"Westerwald Krug ohne Zuordnung Trompeter von S\u00e4ckingen 7\" width=\"168\" height=\"300\" class=\"alignnone size-medium wp-image-48139\" srcset=\"https:\/\/museumek.eu\/wp-content\/uploads\/2013\/05\/Westerwald-Krug-ohne-Zuordnung-Trompeter-von-S\u00e4ckingen-7-168x300.jpg 168w, https:\/\/museumek.eu\/wp-content\/uploads\/2013\/05\/Westerwald-Krug-ohne-Zuordnung-Trompeter-von-S\u00e4ckingen-7-84x150.jpg 84w, https:\/\/museumek.eu\/wp-content\/uploads\/2013\/05\/Westerwald-Krug-ohne-Zuordnung-Trompeter-von-S\u00e4ckingen-7.jpg 360w\" sizes=\"(max-width: 168px) 100vw, 168px\" \/><\/a><\/p>\n<p><a href=\"http:\/\/museumek.eu\/?attachment_id=48140\" rel=\"attachment wp-att-48140\"><img loading=\"lazy\" src=\"http:\/\/museumek.eu\/wp-content\/uploads\/2013\/05\/Westerwald-Krug-ohne-Zuordnung-Trompeter-von-S\u00e4ckingen-8-234x300.jpg\" alt=\"\" title=\"Westerwald Krug ohne Zuordnung Trompeter von S\u00e4ckingen 8\" width=\"234\" height=\"300\" class=\"alignnone size-medium wp-image-48140\" srcset=\"https:\/\/museumek.eu\/wp-content\/uploads\/2013\/05\/Westerwald-Krug-ohne-Zuordnung-Trompeter-von-S\u00e4ckingen-8-234x300.jpg 234w, https:\/\/museumek.eu\/wp-content\/uploads\/2013\/05\/Westerwald-Krug-ohne-Zuordnung-Trompeter-von-S\u00e4ckingen-8-117x150.jpg 117w, https:\/\/museumek.eu\/wp-content\/uploads\/2013\/05\/Westerwald-Krug-ohne-Zuordnung-Trompeter-von-S\u00e4ckingen-8.jpg 480w\" sizes=\"(max-width: 234px) 100vw, 234px\" \/><\/a><\/p>\n<p><a href=\"http:\/\/museumek.eu\/?attachment_id=48143\" rel=\"attachment wp-att-48143\"><img loading=\"lazy\" src=\"http:\/\/museumek.eu\/wp-content\/uploads\/2013\/05\/Westerwald-Krug-ohne-Zuordnung-Trompeter-von-S\u00e4ckingen-9-300x189.jpg\" alt=\"\" title=\"Westerwald Krug ohne Zuordnung Trompeter von S\u00e4ckingen 9\" width=\"300\" height=\"189\" class=\"alignnone size-medium wp-image-48143\" srcset=\"https:\/\/museumek.eu\/wp-content\/uploads\/2013\/05\/Westerwald-Krug-ohne-Zuordnung-Trompeter-von-S\u00e4ckingen-9-300x189.jpg 300w, https:\/\/museumek.eu\/wp-content\/uploads\/2013\/05\/Westerwald-Krug-ohne-Zuordnung-Trompeter-von-S\u00e4ckingen-9-150x94.jpg 150w, https:\/\/museumek.eu\/wp-content\/uploads\/2013\/05\/Westerwald-Krug-ohne-Zuordnung-Trompeter-von-S\u00e4ckingen-9-475x300.jpg 475w, https:\/\/museumek.eu\/wp-content\/uploads\/2013\/05\/Westerwald-Krug-ohne-Zuordnung-Trompeter-von-S\u00e4ckingen-9.jpg 640w\" sizes=\"(max-width: 300px) 100vw, 300px\" \/><\/a><\/p>\n<p><a href=\"http:\/\/museumek.eu\/?attachment_id=48144\" rel=\"attachment wp-att-48144\"><img loading=\"lazy\" src=\"http:\/\/museumek.eu\/wp-content\/uploads\/2013\/05\/Westerwald-Krug-ohne-Zuordnung-Trompeter-von-S\u00e4ckingen-10-291x300.jpg\" alt=\"\" title=\"Westerwald Krug ohne Zuordnung Trompeter von S\u00e4ckingen 10\" width=\"291\" height=\"300\" class=\"alignnone size-medium wp-image-48144\" srcset=\"https:\/\/museumek.eu\/wp-content\/uploads\/2013\/05\/Westerwald-Krug-ohne-Zuordnung-Trompeter-von-S\u00e4ckingen-10-291x300.jpg 291w, https:\/\/museumek.eu\/wp-content\/uploads\/2013\/05\/Westerwald-Krug-ohne-Zuordnung-Trompeter-von-S\u00e4ckingen-10-145x150.jpg 145w, https:\/\/museumek.eu\/wp-content\/uploads\/2013\/05\/Westerwald-Krug-ohne-Zuordnung-Trompeter-von-S\u00e4ckingen-10.jpg 480w\" sizes=\"(max-width: 291px) 100vw, 291px\" \/><\/a><\/p>\n","protected":false},"excerpt":{"rendered":"<p>Abteilung Deutschland, Keramik 1860 \u2013 1960, Inventarnummer D\/LXXXII\/49 Westerw\u00e4lder Steinzeug ohne Fabrikzuordnung, Deutschland, Westerwald, um 1900, Krug, K\u00fcnstler unbekannt, Werks.-Nr. 540, Exemplar Nr. ohne, gemarkt keine Fabrikmarke aber 0,5 L. \u00fcber Eichstrich, 540 sowie 3 gepresst, nicht signiert, H\u00f6he 16 &hellip; <a href=\"https:\/\/museumek.eu\/?page_id=48147\">Weiterlesen <span class=\"meta-nav\">&rarr;<\/span><\/a><\/p>\n","protected":false},"author":1,"featured_media":0,"parent":47951,"menu_order":49,"comment_status":"closed","ping_status":"open","template":"","meta":[],"_links":{"self":[{"href":"https:\/\/museumek.eu\/index.php?rest_route=\/wp\/v2\/pages\/48147"}],"collection":[{"href":"https:\/\/museumek.eu\/index.php?rest_route=\/wp\/v2\/pages"}],"about":[{"href":"https:\/\/museumek.eu\/index.php?rest_route=\/wp\/v2\/types\/page"}],"author":[{"embeddable":true,"href":"https:\/\/museumek.eu\/index.php?rest_route=\/wp\/v2\/users\/1"}],"replies":[{"embeddable":true,"href":"https:\/\/museumek.eu\/index.php?rest_route=%2Fwp%2Fv2%2Fcomments&post=48147"}],"version-history":[{"count":2,"href":"https:\/\/museumek.eu\/index.php?rest_route=\/wp\/v2\/pages\/48147\/revisions"}],"predecessor-version":[{"id":48149,"href":"https:\/\/museumek.eu\/index.php?rest_route=\/wp\/v2\/pages\/48147\/revisions\/48149"}],"up":[{"embeddable":true,"href":"https:\/\/museumek.eu\/index.php?rest_route=\/wp\/v2\/pages\/47951"}],"wp:attachment":[{"href":"https:\/\/museumek.eu\/index.php?rest_route=%2Fwp%2Fv2%2Fmedia&parent=48147"}],"curies":[{"name":"wp","href":"https:\/\/api.w.org\/{rel}","templated":true}]}}