{"id":48947,"date":"2020-08-24T22:54:26","date_gmt":"2020-08-24T20:54:26","guid":{"rendered":"http:\/\/museumek.eu\/?page_id=48947"},"modified":"2020-08-24T22:54:26","modified_gmt":"2020-08-24T20:54:26","slug":"dlxxxii70","status":"publish","type":"page","link":"https:\/\/museumek.eu\/?page_id=48947","title":{"rendered":"D\/LXXXII\/70"},"content":{"rendered":"<p><strong>Abteilung Deutschland, Keramik 1860 \u2013 1960, Inventarnummer D\/LXXXII\/70<\/strong><\/p>\n<p>Westerw\u00e4lder Steinzeug ohne Fabrikzuordnung, Deutschland, Westerwald, um 1900, Mini Krug, K\u00fcnstler unbekannt, Werks.-Nr. ohne, Exemplar Nr. ohne, gemarkt keine Fabrikmarke, nicht signiert, H\u00f6he 11 cm, Breite 4 cm <\/p>\n<p><a href=\"http:\/\/museumek.eu\/?attachment_id=48938\" rel=\"attachment wp-att-48938\"><img loading=\"lazy\" src=\"http:\/\/museumek.eu\/wp-content\/uploads\/2013\/05\/Westerwald-ohne-Zuordnung-Krug-f\u00fcr-Puppenstube-1-147x300.jpg\" alt=\"\" title=\"Westerwald ohne Zuordnung Krug f\u00fcr Puppenstube 1\" width=\"147\" height=\"300\" class=\"alignnone size-medium wp-image-48938\" srcset=\"https:\/\/museumek.eu\/wp-content\/uploads\/2013\/05\/Westerwald-ohne-Zuordnung-Krug-f\u00fcr-Puppenstube-1-147x300.jpg 147w, https:\/\/museumek.eu\/wp-content\/uploads\/2013\/05\/Westerwald-ohne-Zuordnung-Krug-f\u00fcr-Puppenstube-1-73x150.jpg 73w, https:\/\/museumek.eu\/wp-content\/uploads\/2013\/05\/Westerwald-ohne-Zuordnung-Krug-f\u00fcr-Puppenstube-1.jpg 314w\" sizes=\"(max-width: 147px) 100vw, 147px\" \/><\/a><\/p>\n<p><a href=\"http:\/\/museumek.eu\/?attachment_id=48939\" rel=\"attachment wp-att-48939\"><img loading=\"lazy\" src=\"http:\/\/museumek.eu\/wp-content\/uploads\/2013\/05\/Westerwald-ohne-Zuordnung-Krug-f\u00fcr-Puppenstube-2-135x300.jpg\" alt=\"\" title=\"Westerwald ohne Zuordnung Krug f\u00fcr Puppenstube 2\" width=\"135\" height=\"300\" class=\"alignnone size-medium wp-image-48939\" srcset=\"https:\/\/museumek.eu\/wp-content\/uploads\/2013\/05\/Westerwald-ohne-Zuordnung-Krug-f\u00fcr-Puppenstube-2-135x300.jpg 135w, https:\/\/museumek.eu\/wp-content\/uploads\/2013\/05\/Westerwald-ohne-Zuordnung-Krug-f\u00fcr-Puppenstube-2-67x150.jpg 67w\" sizes=\"(max-width: 135px) 100vw, 135px\" \/><\/a><\/p>\n<p><a href=\"http:\/\/museumek.eu\/?attachment_id=48942\" rel=\"attachment wp-att-48942\"><img loading=\"lazy\" src=\"http:\/\/museumek.eu\/wp-content\/uploads\/2013\/05\/Westerwald-ohne-Zuordnung-Krug-f\u00fcr-Puppenstube-3-120x300.jpg\" alt=\"\" title=\"Westerwald ohne Zuordnung Krug f\u00fcr Puppenstube 3\" width=\"120\" height=\"300\" class=\"alignnone size-medium wp-image-48942\" srcset=\"https:\/\/museumek.eu\/wp-content\/uploads\/2013\/05\/Westerwald-ohne-Zuordnung-Krug-f\u00fcr-Puppenstube-3-120x300.jpg 120w, https:\/\/museumek.eu\/wp-content\/uploads\/2013\/05\/Westerwald-ohne-Zuordnung-Krug-f\u00fcr-Puppenstube-3-60x150.jpg 60w\" sizes=\"(max-width: 120px) 100vw, 120px\" \/><\/a><\/p>\n<p><a href=\"http:\/\/museumek.eu\/?attachment_id=48944\" rel=\"attachment wp-att-48944\"><img loading=\"lazy\" src=\"http:\/\/museumek.eu\/wp-content\/uploads\/2013\/05\/Westerwald-ohne-Zuordnung-Krug-f\u00fcr-Puppenstube-41-138x300.jpg\" alt=\"\" title=\"Westerwald ohne Zuordnung Krug f\u00fcr Puppenstube 4\" width=\"138\" height=\"300\" class=\"alignnone size-medium wp-image-48944\" srcset=\"https:\/\/museumek.eu\/wp-content\/uploads\/2013\/05\/Westerwald-ohne-Zuordnung-Krug-f\u00fcr-Puppenstube-41-138x300.jpg 138w, https:\/\/museumek.eu\/wp-content\/uploads\/2013\/05\/Westerwald-ohne-Zuordnung-Krug-f\u00fcr-Puppenstube-41-69x150.jpg 69w\" sizes=\"(max-width: 138px) 100vw, 138px\" \/><\/a><\/p>\n","protected":false},"excerpt":{"rendered":"<p>Abteilung Deutschland, Keramik 1860 \u2013 1960, Inventarnummer D\/LXXXII\/70 Westerw\u00e4lder Steinzeug ohne Fabrikzuordnung, Deutschland, Westerwald, um 1900, Mini Krug, K\u00fcnstler unbekannt, Werks.-Nr. ohne, Exemplar Nr. ohne, gemarkt keine Fabrikmarke, nicht signiert, H\u00f6he 11 cm, Breite 4 cm<\/p>\n","protected":false},"author":1,"featured_media":0,"parent":48672,"menu_order":70,"comment_status":"closed","ping_status":"open","template":"","meta":[],"_links":{"self":[{"href":"https:\/\/museumek.eu\/index.php?rest_route=\/wp\/v2\/pages\/48947"}],"collection":[{"href":"https:\/\/museumek.eu\/index.php?rest_route=\/wp\/v2\/pages"}],"about":[{"href":"https:\/\/museumek.eu\/index.php?rest_route=\/wp\/v2\/types\/page"}],"author":[{"embeddable":true,"href":"https:\/\/museumek.eu\/index.php?rest_route=\/wp\/v2\/users\/1"}],"replies":[{"embeddable":true,"href":"https:\/\/museumek.eu\/index.php?rest_route=%2Fwp%2Fv2%2Fcomments&post=48947"}],"version-history":[{"count":2,"href":"https:\/\/museumek.eu\/index.php?rest_route=\/wp\/v2\/pages\/48947\/revisions"}],"predecessor-version":[{"id":48949,"href":"https:\/\/museumek.eu\/index.php?rest_route=\/wp\/v2\/pages\/48947\/revisions\/48949"}],"up":[{"embeddable":true,"href":"https:\/\/museumek.eu\/index.php?rest_route=\/wp\/v2\/pages\/48672"}],"wp:attachment":[{"href":"https:\/\/museumek.eu\/index.php?rest_route=%2Fwp%2Fv2%2Fmedia&parent=48947"}],"curies":[{"name":"wp","href":"https:\/\/api.w.org\/{rel}","templated":true}]}}