{"id":49059,"date":"2020-09-02T23:22:26","date_gmt":"2020-09-02T21:22:26","guid":{"rendered":"http:\/\/museumek.eu\/?page_id=49059"},"modified":"2020-09-02T23:22:26","modified_gmt":"2020-09-02T21:22:26","slug":"fii24","status":"publish","type":"page","link":"https:\/\/museumek.eu\/?page_id=49059","title":{"rendered":"F\/II\/24"},"content":{"rendered":"<p><strong>Abteilung Frankreich, Keramik 1860 \u2013 1960, Inventarnummer F\/II\/24<\/strong><\/p>\n<p>Manufaktur Keller &#038; Gu\u00e9rin, Frankreich, Lun\u00e9ville, um 1889, Teller mit maritimen Motiv im runden, maschinell hergestellten, gepressten Kupferrahmen mit Historismus Motiven, K\u00fcnstler unbekannt, Werks.-Nr. ohne, Exemplar Nr. ohne, gemarkt Firmenmarke bekr\u00f6ntes Wappen darunter OPAQUE (f\u00fcr undurchsichtig) darunter LUNEVILLE gr\u00fcner Stempel unter Glasur sowie nicht lesbare Buchstaben (evtl. CDD) gepresst, nicht signiert, Literatur: Annabelle H\u00e9ry, La Faiencerie de Lun\u00e9ville 1786 \u2013 1923, Les Keller &#038; Gu\u00e9rin, Seite 138, Marke Type 10 identisch, weitere Literatur: Dieter Z\u00fchlsdorff, Markenlexikon, Porzellan und Keramik Report 1885 &#8211; 1935, Seite 274, Marke: Werkteil-Nummer 1, Gruppen-Nummer 4., forlaufende Nummer innerhalb der Gruppe 719 sowie Seite 555, Werkteil-Nummer 3, fortlaufende Nummer des Werkteils 778, kurze Beschreibung der Faiencerie, um 1900 entwarfen die K\u00fcnstler der \u00c9cole de Nancy, Louis Majorelle, Ernest Bussi\u00e8re, Edmond Lachenal, Emile Gall\u00e9 Modelle f\u00fcr K &#038; G, wobei eine Zuordnung mangels Werksverzeichnis selten m\u00f6glich ist, tiefer, handbemalter Teller, Durchmesser 22 cm (nur die Keramik)<\/p>\n<p><a href=\"http:\/\/museumek.eu\/?attachment_id=49045\" rel=\"attachment wp-att-49045\"><img loading=\"lazy\" src=\"http:\/\/museumek.eu\/wp-content\/uploads\/2011\/09\/Keller-Guerin-Teller-1-300x292.jpg\" alt=\"\" title=\"Keller &amp; Guerin Teller 1\" width=\"300\" height=\"292\" class=\"alignnone size-medium wp-image-49045\" srcset=\"https:\/\/museumek.eu\/wp-content\/uploads\/2011\/09\/Keller-Guerin-Teller-1-300x292.jpg 300w, https:\/\/museumek.eu\/wp-content\/uploads\/2011\/09\/Keller-Guerin-Teller-1-150x146.jpg 150w, https:\/\/museumek.eu\/wp-content\/uploads\/2011\/09\/Keller-Guerin-Teller-1-308x300.jpg 308w, https:\/\/museumek.eu\/wp-content\/uploads\/2011\/09\/Keller-Guerin-Teller-1.jpg 493w\" sizes=\"(max-width: 300px) 100vw, 300px\" \/><\/a><\/p>\n<p><a href=\"http:\/\/museumek.eu\/?attachment_id=49046\" rel=\"attachment wp-att-49046\"><img loading=\"lazy\" src=\"http:\/\/museumek.eu\/wp-content\/uploads\/2011\/09\/Keller-Guerin-Teller-2-285x300.jpg\" alt=\"\" title=\"Keller &amp; Guerin Teller 2\" width=\"285\" height=\"300\" class=\"alignnone size-medium wp-image-49046\" srcset=\"https:\/\/museumek.eu\/wp-content\/uploads\/2011\/09\/Keller-Guerin-Teller-2-285x300.jpg 285w, https:\/\/museumek.eu\/wp-content\/uploads\/2011\/09\/Keller-Guerin-Teller-2-142x150.jpg 142w, https:\/\/museumek.eu\/wp-content\/uploads\/2011\/09\/Keller-Guerin-Teller-2.jpg 480w\" sizes=\"(max-width: 285px) 100vw, 285px\" \/><\/a><\/p>\n<p><a href=\"http:\/\/museumek.eu\/?attachment_id=49047\" rel=\"attachment wp-att-49047\"><img loading=\"lazy\" src=\"http:\/\/museumek.eu\/wp-content\/uploads\/2011\/09\/Keller-Guerin-Teller-3-295x300.jpg\" alt=\"\" title=\"Keller &amp; Guerin Teller 3\" width=\"295\" height=\"300\" class=\"alignnone size-medium wp-image-49047\" srcset=\"https:\/\/museumek.eu\/wp-content\/uploads\/2011\/09\/Keller-Guerin-Teller-3-295x300.jpg 295w, https:\/\/museumek.eu\/wp-content\/uploads\/2011\/09\/Keller-Guerin-Teller-3-147x150.jpg 147w, https:\/\/museumek.eu\/wp-content\/uploads\/2011\/09\/Keller-Guerin-Teller-3.jpg 480w\" sizes=\"(max-width: 295px) 100vw, 295px\" \/><\/a><\/p>\n<p><a href=\"http:\/\/museumek.eu\/?attachment_id=49050\" rel=\"attachment wp-att-49050\"><img loading=\"lazy\" src=\"http:\/\/museumek.eu\/wp-content\/uploads\/2011\/09\/Keller-Guerin-Teller-4-284x300.jpg\" alt=\"\" title=\"Keller &amp; Guerin Teller 4\" width=\"284\" height=\"300\" class=\"alignnone size-medium wp-image-49050\" srcset=\"https:\/\/museumek.eu\/wp-content\/uploads\/2011\/09\/Keller-Guerin-Teller-4-284x300.jpg 284w, https:\/\/museumek.eu\/wp-content\/uploads\/2011\/09\/Keller-Guerin-Teller-4-142x150.jpg 142w, https:\/\/museumek.eu\/wp-content\/uploads\/2011\/09\/Keller-Guerin-Teller-4.jpg 480w\" sizes=\"(max-width: 284px) 100vw, 284px\" \/><\/a><\/p>\n<p><a href=\"http:\/\/museumek.eu\/?attachment_id=49051\" rel=\"attachment wp-att-49051\"><img loading=\"lazy\" src=\"http:\/\/museumek.eu\/wp-content\/uploads\/2011\/09\/Keller-Guerin-Teller-5-231x300.jpg\" alt=\"\" title=\"Keller &amp; Guerin Teller 5\" width=\"231\" height=\"300\" class=\"alignnone size-medium wp-image-49051\" srcset=\"https:\/\/museumek.eu\/wp-content\/uploads\/2011\/09\/Keller-Guerin-Teller-5-231x300.jpg 231w, https:\/\/museumek.eu\/wp-content\/uploads\/2011\/09\/Keller-Guerin-Teller-5-115x150.jpg 115w, https:\/\/museumek.eu\/wp-content\/uploads\/2011\/09\/Keller-Guerin-Teller-5.jpg 480w\" sizes=\"(max-width: 231px) 100vw, 231px\" \/><\/a><\/p>\n<p><a href=\"http:\/\/museumek.eu\/?attachment_id=49052\" rel=\"attachment wp-att-49052\"><img loading=\"lazy\" src=\"http:\/\/museumek.eu\/wp-content\/uploads\/2011\/09\/Keller-Guerin-Teller-6-300x251.jpg\" alt=\"\" title=\"Keller &amp; Guerin Teller 6\" width=\"300\" height=\"251\" class=\"alignnone size-medium wp-image-49052\" srcset=\"https:\/\/museumek.eu\/wp-content\/uploads\/2011\/09\/Keller-Guerin-Teller-6-300x251.jpg 300w, https:\/\/museumek.eu\/wp-content\/uploads\/2011\/09\/Keller-Guerin-Teller-6-150x125.jpg 150w, https:\/\/museumek.eu\/wp-content\/uploads\/2011\/09\/Keller-Guerin-Teller-6-357x300.jpg 357w, https:\/\/museumek.eu\/wp-content\/uploads\/2011\/09\/Keller-Guerin-Teller-6.jpg 572w\" sizes=\"(max-width: 300px) 100vw, 300px\" \/><\/a><\/p>\n","protected":false},"excerpt":{"rendered":"<p>Abteilung Frankreich, Keramik 1860 \u2013 1960, Inventarnummer F\/II\/24 Manufaktur Keller &#038; Gu\u00e9rin, Frankreich, Lun\u00e9ville, um 1889, Teller mit maritimen Motiv im runden, maschinell hergestellten, gepressten Kupferrahmen mit Historismus Motiven, K\u00fcnstler unbekannt, Werks.-Nr. ohne, Exemplar Nr. ohne, gemarkt Firmenmarke bekr\u00f6ntes Wappen &hellip; <a href=\"https:\/\/museumek.eu\/?page_id=49059\">Weiterlesen <span class=\"meta-nav\">&rarr;<\/span><\/a><\/p>\n","protected":false},"author":1,"featured_media":0,"parent":18503,"menu_order":24,"comment_status":"closed","ping_status":"open","template":"","meta":[],"_links":{"self":[{"href":"https:\/\/museumek.eu\/index.php?rest_route=\/wp\/v2\/pages\/49059"}],"collection":[{"href":"https:\/\/museumek.eu\/index.php?rest_route=\/wp\/v2\/pages"}],"about":[{"href":"https:\/\/museumek.eu\/index.php?rest_route=\/wp\/v2\/types\/page"}],"author":[{"embeddable":true,"href":"https:\/\/museumek.eu\/index.php?rest_route=\/wp\/v2\/users\/1"}],"replies":[{"embeddable":true,"href":"https:\/\/museumek.eu\/index.php?rest_route=%2Fwp%2Fv2%2Fcomments&post=49059"}],"version-history":[{"count":2,"href":"https:\/\/museumek.eu\/index.php?rest_route=\/wp\/v2\/pages\/49059\/revisions"}],"predecessor-version":[{"id":49061,"href":"https:\/\/museumek.eu\/index.php?rest_route=\/wp\/v2\/pages\/49059\/revisions\/49061"}],"up":[{"embeddable":true,"href":"https:\/\/museumek.eu\/index.php?rest_route=\/wp\/v2\/pages\/18503"}],"wp:attachment":[{"href":"https:\/\/museumek.eu\/index.php?rest_route=%2Fwp%2Fv2%2Fmedia&parent=49059"}],"curies":[{"name":"wp","href":"https:\/\/api.w.org\/{rel}","templated":true}]}}