{"id":49686,"date":"2020-09-20T19:09:39","date_gmt":"2020-09-20T17:09:39","guid":{"rendered":"http:\/\/museumek.eu\/?page_id=49686"},"modified":"2020-09-20T19:09:39","modified_gmt":"2020-09-20T17:09:39","slug":"dlxxxii79","status":"publish","type":"page","link":"https:\/\/museumek.eu\/?page_id=49686","title":{"rendered":"D\/LXXXII\/79"},"content":{"rendered":"<p><strong>Abteilung Deutschland, Keramik 1860 \u2013 1960, Inventarnummer D\/LXXXII\/79<\/strong><\/p>\n<p>Westerw\u00e4lder Steinzeug ohne Fabrikzuordnung, Deutschland, Westerwald, um 1900, Krug, K\u00fcnstler unbekannt, Werks.-Nr. ohne, Exemplar Nr. ohne, gemarkt keine Fabrikmarke aber 0,5 L. \u00fcber Eichstrich, nicht signiert,<br \/>\nH\u00f6he 15 cm, Breite 12 cm  (nur die Keramik)<\/p>\n<p><a href=\"http:\/\/museumek.eu\/?attachment_id=49644\" rel=\"attachment wp-att-49644\"><img loading=\"lazy\" src=\"http:\/\/museumek.eu\/wp-content\/uploads\/2013\/05\/Westerwald-ohne-Zuordnung-Krug-Sepp-und-sein-Dirndel-1-133x300.jpg\" alt=\"\" title=\"Westerwald ohne Zuordnung Krug Sepp und sein Dirndel 1\" width=\"133\" height=\"300\" class=\"alignnone size-medium wp-image-49644\" srcset=\"https:\/\/museumek.eu\/wp-content\/uploads\/2013\/05\/Westerwald-ohne-Zuordnung-Krug-Sepp-und-sein-Dirndel-1-133x300.jpg 133w, https:\/\/museumek.eu\/wp-content\/uploads\/2013\/05\/Westerwald-ohne-Zuordnung-Krug-Sepp-und-sein-Dirndel-1-66x150.jpg 66w, https:\/\/museumek.eu\/wp-content\/uploads\/2013\/05\/Westerwald-ohne-Zuordnung-Krug-Sepp-und-sein-Dirndel-1.jpg 285w\" sizes=\"(max-width: 133px) 100vw, 133px\" \/><\/a><\/p>\n<p><a href=\"http:\/\/museumek.eu\/?attachment_id=49645\" rel=\"attachment wp-att-49645\"><img loading=\"lazy\" src=\"http:\/\/museumek.eu\/wp-content\/uploads\/2013\/05\/Westerwald-ohne-Zuordnung-Krug-Sepp-und-sein-Dirndel-2-179x300.jpg\" alt=\"\" title=\"Westerwald ohne Zuordnung Krug Sepp und sein Dirndel 2\" width=\"179\" height=\"300\" class=\"alignnone size-medium wp-image-49645\" srcset=\"https:\/\/museumek.eu\/wp-content\/uploads\/2013\/05\/Westerwald-ohne-Zuordnung-Krug-Sepp-und-sein-Dirndel-2-179x300.jpg 179w, https:\/\/museumek.eu\/wp-content\/uploads\/2013\/05\/Westerwald-ohne-Zuordnung-Krug-Sepp-und-sein-Dirndel-2-89x150.jpg 89w, https:\/\/museumek.eu\/wp-content\/uploads\/2013\/05\/Westerwald-ohne-Zuordnung-Krug-Sepp-und-sein-Dirndel-2.jpg 382w\" sizes=\"(max-width: 179px) 100vw, 179px\" \/><\/a><\/p>\n<p><a href=\"http:\/\/museumek.eu\/?attachment_id=49648\" rel=\"attachment wp-att-49648\"><img loading=\"lazy\" src=\"http:\/\/museumek.eu\/wp-content\/uploads\/2013\/05\/Westerwald-ohne-Zuordnung-Krug-Sepp-und-sein-Dirndel-3-175x300.jpg\" alt=\"\" title=\"Westerwald ohne Zuordnung Krug Sepp und sein Dirndel 3\" width=\"175\" height=\"300\" class=\"alignnone size-medium wp-image-49648\" srcset=\"https:\/\/museumek.eu\/wp-content\/uploads\/2013\/05\/Westerwald-ohne-Zuordnung-Krug-Sepp-und-sein-Dirndel-3-175x300.jpg 175w, https:\/\/museumek.eu\/wp-content\/uploads\/2013\/05\/Westerwald-ohne-Zuordnung-Krug-Sepp-und-sein-Dirndel-3-87x150.jpg 87w, https:\/\/museumek.eu\/wp-content\/uploads\/2013\/05\/Westerwald-ohne-Zuordnung-Krug-Sepp-und-sein-Dirndel-3.jpg 374w\" sizes=\"(max-width: 175px) 100vw, 175px\" \/><\/a><\/p>\n<p><a href=\"http:\/\/museumek.eu\/?attachment_id=49649\" rel=\"attachment wp-att-49649\"><img loading=\"lazy\" src=\"http:\/\/museumek.eu\/wp-content\/uploads\/2013\/05\/Westerwald-ohne-Zuordnung-Krug-Sepp-und-sein-Dirndel-4-136x300.jpg\" alt=\"\" title=\"Westerwald ohne Zuordnung Krug Sepp und sein Dirndel 4\" width=\"136\" height=\"300\" class=\"alignnone size-medium wp-image-49649\" srcset=\"https:\/\/museumek.eu\/wp-content\/uploads\/2013\/05\/Westerwald-ohne-Zuordnung-Krug-Sepp-und-sein-Dirndel-4-136x300.jpg 136w, https:\/\/museumek.eu\/wp-content\/uploads\/2013\/05\/Westerwald-ohne-Zuordnung-Krug-Sepp-und-sein-Dirndel-4-68x150.jpg 68w, https:\/\/museumek.eu\/wp-content\/uploads\/2013\/05\/Westerwald-ohne-Zuordnung-Krug-Sepp-und-sein-Dirndel-4.jpg 291w\" sizes=\"(max-width: 136px) 100vw, 136px\" \/><\/a><\/p>\n<p><a href=\"http:\/\/museumek.eu\/?attachment_id=49650\" rel=\"attachment wp-att-49650\"><img loading=\"lazy\" src=\"http:\/\/museumek.eu\/wp-content\/uploads\/2013\/05\/Westerwald-ohne-Zuordnung-Krug-Sepp-und-sein-Dirndel-5-167x300.jpg\" alt=\"\" title=\"Westerwald ohne Zuordnung Krug Sepp und sein Dirndel 5\" width=\"167\" height=\"300\" class=\"alignnone size-medium wp-image-49650\" srcset=\"https:\/\/museumek.eu\/wp-content\/uploads\/2013\/05\/Westerwald-ohne-Zuordnung-Krug-Sepp-und-sein-Dirndel-5-167x300.jpg 167w, https:\/\/museumek.eu\/wp-content\/uploads\/2013\/05\/Westerwald-ohne-Zuordnung-Krug-Sepp-und-sein-Dirndel-5-83x150.jpg 83w, https:\/\/museumek.eu\/wp-content\/uploads\/2013\/05\/Westerwald-ohne-Zuordnung-Krug-Sepp-und-sein-Dirndel-5.jpg 358w\" sizes=\"(max-width: 167px) 100vw, 167px\" \/><\/a><\/p>\n<p><a href=\"http:\/\/museumek.eu\/?attachment_id=49653\" rel=\"attachment wp-att-49653\"><img loading=\"lazy\" src=\"http:\/\/museumek.eu\/wp-content\/uploads\/2013\/05\/Westerwald-ohne-Zuordnung-Krug-Sepp-und-sein-Dirndel-6-214x300.jpg\" alt=\"\" title=\"Westerwald ohne Zuordnung Krug Sepp und sein Dirndel 6\" width=\"214\" height=\"300\" class=\"alignnone size-medium wp-image-49653\" srcset=\"https:\/\/museumek.eu\/wp-content\/uploads\/2013\/05\/Westerwald-ohne-Zuordnung-Krug-Sepp-und-sein-Dirndel-6-214x300.jpg 214w, https:\/\/museumek.eu\/wp-content\/uploads\/2013\/05\/Westerwald-ohne-Zuordnung-Krug-Sepp-und-sein-Dirndel-6-107x150.jpg 107w, https:\/\/museumek.eu\/wp-content\/uploads\/2013\/05\/Westerwald-ohne-Zuordnung-Krug-Sepp-und-sein-Dirndel-6.jpg 457w\" sizes=\"(max-width: 214px) 100vw, 214px\" \/><\/a><\/p>\n<p><a href=\"http:\/\/museumek.eu\/?attachment_id=49654\" rel=\"attachment wp-att-49654\"><img loading=\"lazy\" src=\"http:\/\/museumek.eu\/wp-content\/uploads\/2013\/05\/Westerwald-ohne-Zuordnung-Krug-Sepp-und-sein-Dirndel-7-300x227.jpg\" alt=\"\" title=\"Westerwald ohne Zuordnung Krug Sepp und sein Dirndel 7\" width=\"300\" height=\"227\" class=\"alignnone size-medium wp-image-49654\" srcset=\"https:\/\/museumek.eu\/wp-content\/uploads\/2013\/05\/Westerwald-ohne-Zuordnung-Krug-Sepp-und-sein-Dirndel-7-300x227.jpg 300w, https:\/\/museumek.eu\/wp-content\/uploads\/2013\/05\/Westerwald-ohne-Zuordnung-Krug-Sepp-und-sein-Dirndel-7-150x113.jpg 150w, https:\/\/museumek.eu\/wp-content\/uploads\/2013\/05\/Westerwald-ohne-Zuordnung-Krug-Sepp-und-sein-Dirndel-7-396x300.jpg 396w, https:\/\/museumek.eu\/wp-content\/uploads\/2013\/05\/Westerwald-ohne-Zuordnung-Krug-Sepp-und-sein-Dirndel-7.jpg 634w\" sizes=\"(max-width: 300px) 100vw, 300px\" \/><\/a><\/p>\n","protected":false},"excerpt":{"rendered":"<p>Abteilung Deutschland, Keramik 1860 \u2013 1960, Inventarnummer D\/LXXXII\/79 Westerw\u00e4lder Steinzeug ohne Fabrikzuordnung, Deutschland, Westerwald, um 1900, Krug, K\u00fcnstler unbekannt, Werks.-Nr. ohne, Exemplar Nr. ohne, gemarkt keine Fabrikmarke aber 0,5 L. \u00fcber Eichstrich, nicht signiert, H\u00f6he 15 cm, Breite 12 cm &hellip; <a href=\"https:\/\/museumek.eu\/?page_id=49686\">Weiterlesen <span class=\"meta-nav\">&rarr;<\/span><\/a><\/p>\n","protected":false},"author":1,"featured_media":0,"parent":48950,"menu_order":79,"comment_status":"closed","ping_status":"open","template":"","meta":[],"_links":{"self":[{"href":"https:\/\/museumek.eu\/index.php?rest_route=\/wp\/v2\/pages\/49686"}],"collection":[{"href":"https:\/\/museumek.eu\/index.php?rest_route=\/wp\/v2\/pages"}],"about":[{"href":"https:\/\/museumek.eu\/index.php?rest_route=\/wp\/v2\/types\/page"}],"author":[{"embeddable":true,"href":"https:\/\/museumek.eu\/index.php?rest_route=\/wp\/v2\/users\/1"}],"replies":[{"embeddable":true,"href":"https:\/\/museumek.eu\/index.php?rest_route=%2Fwp%2Fv2%2Fcomments&post=49686"}],"version-history":[{"count":2,"href":"https:\/\/museumek.eu\/index.php?rest_route=\/wp\/v2\/pages\/49686\/revisions"}],"predecessor-version":[{"id":49688,"href":"https:\/\/museumek.eu\/index.php?rest_route=\/wp\/v2\/pages\/49686\/revisions\/49688"}],"up":[{"embeddable":true,"href":"https:\/\/museumek.eu\/index.php?rest_route=\/wp\/v2\/pages\/48950"}],"wp:attachment":[{"href":"https:\/\/museumek.eu\/index.php?rest_route=%2Fwp%2Fv2%2Fmedia&parent=49686"}],"curies":[{"name":"wp","href":"https:\/\/api.w.org\/{rel}","templated":true}]}}